{"id":1644,"date":"2020-01-02T20:21:44","date_gmt":"2020-01-02T20:21:44","guid":{"rendered":"https:\/\/magoezequias.com.ar\/tienda\/?post_type=product&#038;p=1644"},"modified":"2021-04-08T05:22:38","modified_gmt":"2021-04-08T05:22:38","slug":"soga-amarilla-por-10-metros","status":"publish","type":"product","link":"https:\/\/magoezequias.com.ar\/tienda\/producto\/soga-amarilla-por-10-metros","title":{"rendered":"Soga Amarilla por 10 metros"},"content":{"rendered":"<p style=\"text-align: justify;\"><a href=\"https:\/\/magoezequias.com.ar\/tienda\/wp-content\/uploads\/2020\/01\/soga-amarillo-4.png\"><img fetchpriority=\"high\" decoding=\"async\" class=\"aligncenter wp-image-1645\" src=\"https:\/\/magoezequias.com.ar\/tienda\/wp-content\/uploads\/2020\/01\/soga-amarillo-4.png\" alt=\"\" width=\"504\" height=\"344\" srcset=\"https:\/\/magoezequias.com.ar\/tienda\/wp-content\/uploads\/2020\/01\/soga-amarillo-4.png 1578w, https:\/\/magoezequias.com.ar\/tienda\/wp-content\/uploads\/2020\/01\/soga-amarillo-4-300x205.png 300w, https:\/\/magoezequias.com.ar\/tienda\/wp-content\/uploads\/2020\/01\/soga-amarillo-4-1024x698.png 1024w, https:\/\/magoezequias.com.ar\/tienda\/wp-content\/uploads\/2020\/01\/soga-amarillo-4-768x524.png 768w, https:\/\/magoezequias.com.ar\/tienda\/wp-content\/uploads\/2020\/01\/soga-amarillo-4-1536x1047.png 1536w\" sizes=\"(max-width: 504px) 100vw, 504px\" \/><\/a><\/p>\n<p style=\"text-align: justify;\">Una soga profesional para magos, es de 8 mm de di\u00e1metro, realizada en puro algod\u00f3n, con los standares de las sogas europeas.<\/p>\n<p style=\"text-align: justify;\">Esta soga tiene una excelente estructura, lo que permite una ca\u00edda ideal para tus efectos.<\/p>\n<p style=\"text-align: justify;\">No tiene alma por lo que es muy f\u00e1cil de cortar. El color permanece inalterable con el uso. Es la mejor opci\u00f3n en el mercado para utilizar en magia de sal\u00f3n o escenario.<\/p>\n<p style=\"text-align: justify;\">Ideal para todo tipo de rutinas y juegos incluyendo los efectos de cortes y restauraci\u00f3n, los efectos de soga estirada, efectos con nudos, penetraciones o escapismo. Un accesorio muy \u00fatil.<\/p>\n<p style=\"text-align: justify;\">Usted recibe un paquete de 10 metros de soga amarilla de primera calidad.<\/p>\n<p>&nbsp;<\/p>\n<p><a href=\"https:\/\/magoezequias.com.ar\/tienda\/wp-content\/uploads\/2020\/01\/soga-amarilla-2.jpg\"><img decoding=\"async\" class=\"aligncenter wp-image-1647\" src=\"https:\/\/magoezequias.com.ar\/tienda\/wp-content\/uploads\/2020\/01\/soga-amarilla-2.jpg\" alt=\"\" width=\"495\" height=\"495\" srcset=\"https:\/\/magoezequias.com.ar\/tienda\/wp-content\/uploads\/2020\/01\/soga-amarilla-2.jpg 780w, https:\/\/magoezequias.com.ar\/tienda\/wp-content\/uploads\/2020\/01\/soga-amarilla-2-300x300.jpg 300w, https:\/\/magoezequias.com.ar\/tienda\/wp-content\/uploads\/2020\/01\/soga-amarilla-2-768x768.jpg 768w, https:\/\/magoezequias.com.ar\/tienda\/wp-content\/uploads\/2020\/01\/soga-amarilla-2-150x150.jpg 150w, https:\/\/magoezequias.com.ar\/tienda\/wp-content\/uploads\/2020\/01\/soga-amarilla-2-100x100.jpg 100w\" sizes=\"(max-width: 495px) 100vw, 495px\" \/><\/a><\/p>\n<p style=\"text-align: justify;\">Esta soga de algod\u00f3n es de uso profesional<\/p>\n","protected":false},"excerpt":{"rendered":"<p>Esta soga de algod\u00f3n es de uso profesional<\/p>\n","protected":false},"featured_media":1646,"comment_status":"open","ping_status":"closed","template":"","meta":[],"product_brand":[],"product_cat":[7,9],"product_tag":[569,96],"class_list":{"0":"post-1644","1":"product","2":"type-product","3":"status-publish","4":"has-post-thumbnail","6":"product_cat-accesorios","7":"product_cat-salon","8":"product_tag-amarilla","9":"product_tag-soga","11":"first","12":"instock","13":"shipping-taxable","14":"purchasable","15":"product-type-simple"},"aioseo_notices":[],"_links":{"self":[{"href":"https:\/\/magoezequias.com.ar\/tienda\/wp-json\/wp\/v2\/product\/1644","targetHints":{"allow":["GET"]}}],"collection":[{"href":"https:\/\/magoezequias.com.ar\/tienda\/wp-json\/wp\/v2\/product"}],"about":[{"href":"https:\/\/magoezequias.com.ar\/tienda\/wp-json\/wp\/v2\/types\/product"}],"replies":[{"embeddable":true,"href":"https:\/\/magoezequias.com.ar\/tienda\/wp-json\/wp\/v2\/comments?post=1644"}],"version-history":[{"count":0,"href":"https:\/\/magoezequias.com.ar\/tienda\/wp-json\/wp\/v2\/product\/1644\/revisions"}],"wp:featuredmedia":[{"embeddable":true,"href":"https:\/\/magoezequias.com.ar\/tienda\/wp-json\/wp\/v2\/media\/1646"}],"wp:attachment":[{"href":"https:\/\/magoezequias.com.ar\/tienda\/wp-json\/wp\/v2\/media?parent=1644"}],"wp:term":[{"taxonomy":"product_brand","embeddable":true,"href":"https:\/\/magoezequias.com.ar\/tienda\/wp-json\/wp\/v2\/product_brand?post=1644"},{"taxonomy":"product_cat","embeddable":true,"href":"https:\/\/magoezequias.com.ar\/tienda\/wp-json\/wp\/v2\/product_cat?post=1644"},{"taxonomy":"product_tag","embeddable":true,"href":"https:\/\/magoezequias.com.ar\/tienda\/wp-json\/wp\/v2\/product_tag?post=1644"}],"curies":[{"name":"wp","href":"https:\/\/api.w.org\/{rel}","templated":true}]}}