{"id":1656,"date":"2020-01-08T01:23:03","date_gmt":"2020-01-08T01:23:03","guid":{"rendered":"https:\/\/magoezequias.com.ar\/tienda\/?post_type=product&#038;p=1656"},"modified":"2024-10-09T10:02:36","modified_gmt":"2024-10-09T10:02:36","slug":"el-payaso-mago-cartas","status":"publish","type":"product","link":"https:\/\/magoezequias.com.ar\/tienda\/producto\/el-payaso-mago-cartas","title":{"rendered":"El payaso mago &#8211; Cartas"},"content":{"rendered":"<p><a href=\"https:\/\/magoezequias.com.ar\/tienda\/wp-content\/uploads\/2020\/01\/pa\u00f1uelos-payasos-coloridos-2.jpg\"><img fetchpriority=\"high\" decoding=\"async\" class=\"aligncenter wp-image-1652\" src=\"https:\/\/magoezequias.com.ar\/tienda\/wp-content\/uploads\/2020\/01\/pa\u00f1uelos-payasos-coloridos-2.jpg\" alt=\"\" width=\"463\" height=\"550\" srcset=\"https:\/\/magoezequias.com.ar\/tienda\/wp-content\/uploads\/2020\/01\/pa\u00f1uelos-payasos-coloridos-2.jpg 1000w, https:\/\/magoezequias.com.ar\/tienda\/wp-content\/uploads\/2020\/01\/pa\u00f1uelos-payasos-coloridos-2-252x300.jpg 252w, https:\/\/magoezequias.com.ar\/tienda\/wp-content\/uploads\/2020\/01\/pa\u00f1uelos-payasos-coloridos-2-861x1024.jpg 861w, https:\/\/magoezequias.com.ar\/tienda\/wp-content\/uploads\/2020\/01\/pa\u00f1uelos-payasos-coloridos-2-768x913.jpg 768w, https:\/\/magoezequias.com.ar\/tienda\/wp-content\/uploads\/2020\/01\/pa\u00f1uelos-payasos-coloridos-2-300x357.jpg 300w\" sizes=\"(max-width: 463px) 100vw, 463px\" \/><\/a><\/p>\n<p style=\"text-align: justify;\">El mago muestra un pa\u00f1uelo con un dibujo de un payaso en blanco y negro, el cual tiene una carta en su sombrero y es un comod\u00edn. Se guarda el pa\u00f1uelo en una bolsa o se lo dobla dej\u00e1ndolo en las manos de un espectador o a la vista de todos.<\/p>\n<p style=\"text-align: justify;\">Luego el mago muestra cartas jumbo con el rostro del payaso con un color diferente de sombrero, otro del pelo y otro del mo\u00f1o. Las combinaciones son m\u00faltiples.<\/p>\n<p style=\"text-align: justify;\">Ahora el mago dice que los espectadores que van a seleccionar un payaso con un color determinado de sombrero, pelo y mo\u00f1o. Adem\u00e1s luego de un mazo de cartas de p\u00f3ker le pide a un espectador que tome una, supongamos que es el tres de tr\u00e9bol.<\/p>\n<p style=\"text-align: justify;\">En ese momento el mago o el espectador saca el pa\u00f1uelo que estuvo siempre a la vista, y hay un payaso combinado con los colores exactamente como el seleccionado y adem\u00e1s la carta ya es la elegida!!!!<\/p>\n<p>&nbsp;<\/p>\n<p style=\"text-align: justify;\">Muy f\u00e1cil de ejecutar, no se requiere ninguna preparaci\u00f3n.\u00a0Los pa\u00f1uelos est\u00e1n impresos con colores muy vivos, son de muy buena calidad, de 45 x 45 cent\u00edmetros, se pueden lavar y planchar.<\/p>\n<p style=\"text-align: justify;\">Deber\u00e1 utilizar su bolsa de cambio o cualquier m\u00e9todo para cambiar un pa\u00f1uelo por otro y su mazo de cartas.<\/p>\n<p>&nbsp;<\/p>\n<p style=\"text-align: justify;\">Usted recibe:<\/p>\n<p style=\"text-align: justify;\">Pa\u00f1uelo con payaso en blanco y negro.<\/p>\n<p style=\"text-align: justify;\">Pa\u00f1uelo con payaso pintado<\/p>\n<p style=\"text-align: justify;\">Cartas Jumbo, laminadas, con im\u00e1genes muy coloridas de los payasos.<\/p>\n<p>Si desea el block que ve en la imagen debe adquirir la opci\u00f3n con el set completo<\/p>\n","protected":false},"excerpt":{"rendered":"<p>Muy f\u00e1cil de ejecutar, no se requiere ninguna preparaci\u00f3n, muy visual y m\u00e1gico.<\/p>\n<p>&nbsp;<\/p>\n","protected":false},"featured_media":1654,"comment_status":"open","ping_status":"closed","template":"","meta":[],"product_brand":[],"product_cat":[10,60,8,319],"product_tag":[79,17,78,31],"class_list":{"0":"post-1656","1":"product","2":"type-product","3":"status-publish","4":"has-post-thumbnail","6":"product_cat-escena","7":"product_cat-ezequias-2","8":"product_cat-infantil","9":"product_cat-principiantes","10":"product_tag-cartas","11":"product_tag-ezequias","12":"product_tag-naipes","13":"product_tag-payaso","15":"first","16":"outofstock","17":"shipping-taxable","18":"purchasable","19":"product-type-simple"},"aioseo_notices":[],"_links":{"self":[{"href":"https:\/\/magoezequias.com.ar\/tienda\/wp-json\/wp\/v2\/product\/1656","targetHints":{"allow":["GET"]}}],"collection":[{"href":"https:\/\/magoezequias.com.ar\/tienda\/wp-json\/wp\/v2\/product"}],"about":[{"href":"https:\/\/magoezequias.com.ar\/tienda\/wp-json\/wp\/v2\/types\/product"}],"replies":[{"embeddable":true,"href":"https:\/\/magoezequias.com.ar\/tienda\/wp-json\/wp\/v2\/comments?post=1656"}],"version-history":[{"count":0,"href":"https:\/\/magoezequias.com.ar\/tienda\/wp-json\/wp\/v2\/product\/1656\/revisions"}],"wp:featuredmedia":[{"embeddable":true,"href":"https:\/\/magoezequias.com.ar\/tienda\/wp-json\/wp\/v2\/media\/1654"}],"wp:attachment":[{"href":"https:\/\/magoezequias.com.ar\/tienda\/wp-json\/wp\/v2\/media?parent=1656"}],"wp:term":[{"taxonomy":"product_brand","embeddable":true,"href":"https:\/\/magoezequias.com.ar\/tienda\/wp-json\/wp\/v2\/product_brand?post=1656"},{"taxonomy":"product_cat","embeddable":true,"href":"https:\/\/magoezequias.com.ar\/tienda\/wp-json\/wp\/v2\/product_cat?post=1656"},{"taxonomy":"product_tag","embeddable":true,"href":"https:\/\/magoezequias.com.ar\/tienda\/wp-json\/wp\/v2\/product_tag?post=1656"}],"curies":[{"name":"wp","href":"https:\/\/api.w.org\/{rel}","templated":true}]}}