{"id":1659,"date":"2020-01-09T22:54:05","date_gmt":"2020-01-09T22:54:05","guid":{"rendered":"https:\/\/magoezequias.com.ar\/tienda\/?post_type=product&#038;p=1659"},"modified":"2022-12-25T14:52:27","modified_gmt":"2022-12-25T14:52:27","slug":"baraja-jumbo-animales","status":"publish","type":"product","link":"https:\/\/magoezequias.com.ar\/tienda\/producto\/baraja-jumbo-animales","title":{"rendered":"Baraja Jumbo &#8211; Animales"},"content":{"rendered":"<p><a href=\"https:\/\/magoezequias.com.ar\/tienda\/wp-content\/uploads\/2020\/01\/baraja-infantil.jpg\"><img fetchpriority=\"high\" decoding=\"async\" class=\"aligncenter size-full wp-image-1660\" src=\"https:\/\/magoezequias.com.ar\/tienda\/wp-content\/uploads\/2020\/01\/baraja-infantil.jpg\" alt=\"\" width=\"358\" height=\"377\" srcset=\"https:\/\/magoezequias.com.ar\/tienda\/wp-content\/uploads\/2020\/01\/baraja-infantil.jpg 358w, https:\/\/magoezequias.com.ar\/tienda\/wp-content\/uploads\/2020\/01\/baraja-infantil-285x300.jpg 285w, https:\/\/magoezequias.com.ar\/tienda\/wp-content\/uploads\/2020\/01\/baraja-infantil-300x316.jpg 300w\" sizes=\"(max-width: 358px) 100vw, 358px\" \/><\/a><\/p>\n<p>&nbsp;<\/p>\n<p style=\"text-align: justify;\">Un baraja \u00fanica, dise\u00f1ada especialmente para magia infantil, con las caracter\u00edsticas que todo mago necesita.<\/p>\n<p style=\"text-align: justify;\">Un elemento con el que podr\u00e1 realizar m\u00faltiples rutinas, compuesto por animales que son muy f\u00e1ciles de identificar por los chicos. Con bellos dise\u00f1os que atraer\u00e1n la mirada de todos los ni\u00f1os.<\/p>\n<p>Podr\u00e1 realizar carta pescada, predicciones, viajes, forzar para una producci\u00f3n posterior de un animal, etc<\/p>\n<p style=\"text-align: justify;\">Adem\u00e1s se incluyen cartas especiales para poder crear diversas rutinas y cuatro dise\u00f1os de cartas repetidos para forzajes, predicciones, transposiciones, etc.<\/p>\n<p style=\"text-align: justify;\">La baraja es Jumbo de 14 x 9 cm, de cart\u00f3n de calidad del alto gramaje, laminada, con impresi\u00f3n a todo color<\/p>\n<p style=\"text-align: justify;\"><strong>Incluye:<\/strong><\/p>\n<p style=\"text-align: justify;\">1 Dinosarurio Naranja, 1 Pollito Amarillo, 1 Mosca, 1 Gallo de Colores,1 Gallina, 1 Gato Naranja, 1 Ara\u00f1a, 1 Rana, 1 Pulpo Morado, 1 Vaquita de San Antonio, 1 Pinguino, 1 Mosquito, 1 Pato, 1 Vaca, 1 Camello, 1 Cerdito, 1 Cocodrilo, 1 Elefante, 1 Jirafa,\u00a0 1 Oruga, 1 Mono, 1 Hipopotamo Morado, 1 Rat\u00f3n, 1 Mariposa, 1 Tigre, 1 Zebra, 1 Unicornio, 1 Oso Panda, 1 Le\u00f3n, 1 Tortuga, 1 Pez Naranja, 2 Palomas, 2 Perros, 2 Conejos, 2 Serpientes una color cafe y otra color verde, 1 Huevo, 1 Doble Dorso, 1 Cara Blanca dorso regular, 1 Gag para animal de 4 patas.<\/p>\n<p>&nbsp;<\/p>\n<p><iframe src=\"https:\/\/www.youtube.com\/embed\/3iuUni-7-OI\" width=\"560\" height=\"315\" frameborder=\"0\" allowfullscreen=\"allowfullscreen\"><\/iframe><\/p>\n","protected":false},"excerpt":{"rendered":"<p>Un elemento indispensable para magia infantil!!!<\/p>\n","protected":false},"featured_media":1660,"comment_status":"open","ping_status":"closed","template":"","meta":[],"product_brand":[],"product_cat":[60,8,9],"product_tag":[525,65,17,56],"class_list":{"0":"post-1659","1":"product","2":"type-product","3":"status-publish","4":"has-post-thumbnail","6":"product_cat-ezequias-2","7":"product_cat-infantil","8":"product_cat-salon","9":"product_tag-animales","10":"product_tag-baraja","11":"product_tag-ezequias","12":"product_tag-naipe","14":"first","15":"outofstock","16":"shipping-taxable","17":"purchasable","18":"product-type-simple"},"aioseo_notices":[],"_links":{"self":[{"href":"https:\/\/magoezequias.com.ar\/tienda\/wp-json\/wp\/v2\/product\/1659","targetHints":{"allow":["GET"]}}],"collection":[{"href":"https:\/\/magoezequias.com.ar\/tienda\/wp-json\/wp\/v2\/product"}],"about":[{"href":"https:\/\/magoezequias.com.ar\/tienda\/wp-json\/wp\/v2\/types\/product"}],"replies":[{"embeddable":true,"href":"https:\/\/magoezequias.com.ar\/tienda\/wp-json\/wp\/v2\/comments?post=1659"}],"version-history":[{"count":0,"href":"https:\/\/magoezequias.com.ar\/tienda\/wp-json\/wp\/v2\/product\/1659\/revisions"}],"wp:featuredmedia":[{"embeddable":true,"href":"https:\/\/magoezequias.com.ar\/tienda\/wp-json\/wp\/v2\/media\/1660"}],"wp:attachment":[{"href":"https:\/\/magoezequias.com.ar\/tienda\/wp-json\/wp\/v2\/media?parent=1659"}],"wp:term":[{"taxonomy":"product_brand","embeddable":true,"href":"https:\/\/magoezequias.com.ar\/tienda\/wp-json\/wp\/v2\/product_brand?post=1659"},{"taxonomy":"product_cat","embeddable":true,"href":"https:\/\/magoezequias.com.ar\/tienda\/wp-json\/wp\/v2\/product_cat?post=1659"},{"taxonomy":"product_tag","embeddable":true,"href":"https:\/\/magoezequias.com.ar\/tienda\/wp-json\/wp\/v2\/product_tag?post=1659"}],"curies":[{"name":"wp","href":"https:\/\/api.w.org\/{rel}","templated":true}]}}