{"id":1663,"date":"2020-01-09T23:11:26","date_gmt":"2020-01-09T23:11:26","guid":{"rendered":"https:\/\/magoezequias.com.ar\/tienda\/?post_type=product&#038;p=1663"},"modified":"2024-07-29T19:36:56","modified_gmt":"2024-07-29T19:36:56","slug":"mosqueta-quesos-y-ratones-libros","status":"publish","type":"product","link":"https:\/\/magoezequias.com.ar\/tienda\/producto\/mosqueta-quesos-y-ratones-libros","title":{"rendered":"Mosqueta Quesos y Ratones &#8211; Libros"},"content":{"rendered":"<p><a href=\"https:\/\/magoezequias.com.ar\/tienda\/wp-content\/uploads\/2020\/01\/mosqueta-queso-raton-2.jpg\"><img fetchpriority=\"high\" decoding=\"async\" class=\"aligncenter size-full wp-image-1666\" src=\"https:\/\/magoezequias.com.ar\/tienda\/wp-content\/uploads\/2020\/01\/mosqueta-queso-raton-2.jpg\" alt=\"\" width=\"480\" height=\"360\" srcset=\"https:\/\/magoezequias.com.ar\/tienda\/wp-content\/uploads\/2020\/01\/mosqueta-queso-raton-2.jpg 480w, https:\/\/magoezequias.com.ar\/tienda\/wp-content\/uploads\/2020\/01\/mosqueta-queso-raton-2-300x225.jpg 300w\" sizes=\"(max-width: 480px) 100vw, 480px\" \/><\/a><\/p>\n<p style=\"text-align: justify;\">Un divertido rutina de trilero o mosqueta donde los ni\u00f1os deben seguir a un rat\u00f3n glot\u00f3n que va tras unos quesos, y los ni\u00f1os tienen que ayudar al mago a encontrarlo. El rat\u00f3n es muy escurridizo y termina en el lugar menos esperado.<\/p>\n<p style=\"text-align: justify;\">Se presentan dos libros con la imagen de quesos en todas sus p\u00e1ginas y otro con im\u00e1genes de un rat\u00f3n. Se selecciona a un ni\u00f1o y este deber\u00e1 adivinar en que libro est\u00e1 el rat\u00f3n, luego de que el mago los mezcla.<\/p>\n<p style=\"text-align: justify;\">Esto se repite tres veces y el ni\u00f1o o adulto seleccionado nunca acierta&#8230;. terminando mostrando los tres libros con im\u00e1genes del queso.<\/p>\n<p style=\"text-align: justify;\">El mago dice que el rat\u00f3n desapareci\u00f3&#8230; pero escucha ruidos cerca de los libros. Al mostrarlos en los tres aparece el queso totalmente mordido por el glot\u00f3n ratoncito.<\/p>\n<p style=\"text-align: justify;\">Como final puede hacer aparecer la imagen del rat\u00f3n muy gordo en el lugar que usted desee, como detr\u00e1s de su espalda&#8230;<\/p>\n<p><a href=\"https:\/\/magoezequias.com.ar\/tienda\/wp-content\/uploads\/2020\/01\/mosqueta-queso-raton.jpg\"><img decoding=\"async\" class=\"aligncenter size-full wp-image-1664\" src=\"https:\/\/magoezequias.com.ar\/tienda\/wp-content\/uploads\/2020\/01\/mosqueta-queso-raton.jpg\" alt=\"\" width=\"324\" height=\"320\" srcset=\"https:\/\/magoezequias.com.ar\/tienda\/wp-content\/uploads\/2020\/01\/mosqueta-queso-raton.jpg 324w, https:\/\/magoezequias.com.ar\/tienda\/wp-content\/uploads\/2020\/01\/mosqueta-queso-raton-300x296.jpg 300w, https:\/\/magoezequias.com.ar\/tienda\/wp-content\/uploads\/2020\/01\/mosqueta-queso-raton-100x100.jpg 100w\" sizes=\"(max-width: 324px) 100vw, 324px\" \/><\/a><\/p>\n<p style=\"text-align: justify;\">Ideal para tu show infantil, donde har\u00e1s gritar y re\u00edr a tu audiencia como nunca antes.<\/p>\n<p style=\"text-align: justify;\">No ocupa lugar y rinde mucho en escena al ser s\u00faper visual&#8230;<\/p>\n<p style=\"text-align: justify;\">Usted recibe tres libros trucados y una tarjeta jumbo laminada con la imagen del rat\u00f3n bien gordo para que realice el final de rutina que crea ideal.<\/p>\n<p><iframe src=\"https:\/\/www.youtube.com\/embed\/6d-cuj7PN9Y\" width=\"560\" height=\"315\" frameborder=\"0\" allowfullscreen=\"allowfullscreen\"><\/iframe><\/p>\n","protected":false},"excerpt":{"rendered":"<p>No ocupa lugar y rinde mucho en escena al ser s\u00faper visual&#8230;<\/p>\n","protected":false},"featured_media":1666,"comment_status":"open","ping_status":"closed","template":"","meta":[],"product_brand":[],"product_cat":[60,8],"product_tag":[17,161,550,570],"class_list":{"0":"post-1663","1":"product","2":"type-product","3":"status-publish","4":"has-post-thumbnail","6":"product_cat-ezequias-2","7":"product_cat-infantil","8":"product_tag-ezequias","9":"product_tag-mosqueta","10":"product_tag-queso","11":"product_tag-raton","13":"first","14":"instock","15":"shipping-taxable","16":"purchasable","17":"product-type-simple"},"aioseo_notices":[],"_links":{"self":[{"href":"https:\/\/magoezequias.com.ar\/tienda\/wp-json\/wp\/v2\/product\/1663","targetHints":{"allow":["GET"]}}],"collection":[{"href":"https:\/\/magoezequias.com.ar\/tienda\/wp-json\/wp\/v2\/product"}],"about":[{"href":"https:\/\/magoezequias.com.ar\/tienda\/wp-json\/wp\/v2\/types\/product"}],"replies":[{"embeddable":true,"href":"https:\/\/magoezequias.com.ar\/tienda\/wp-json\/wp\/v2\/comments?post=1663"}],"version-history":[{"count":0,"href":"https:\/\/magoezequias.com.ar\/tienda\/wp-json\/wp\/v2\/product\/1663\/revisions"}],"wp:featuredmedia":[{"embeddable":true,"href":"https:\/\/magoezequias.com.ar\/tienda\/wp-json\/wp\/v2\/media\/1666"}],"wp:attachment":[{"href":"https:\/\/magoezequias.com.ar\/tienda\/wp-json\/wp\/v2\/media?parent=1663"}],"wp:term":[{"taxonomy":"product_brand","embeddable":true,"href":"https:\/\/magoezequias.com.ar\/tienda\/wp-json\/wp\/v2\/product_brand?post=1663"},{"taxonomy":"product_cat","embeddable":true,"href":"https:\/\/magoezequias.com.ar\/tienda\/wp-json\/wp\/v2\/product_cat?post=1663"},{"taxonomy":"product_tag","embeddable":true,"href":"https:\/\/magoezequias.com.ar\/tienda\/wp-json\/wp\/v2\/product_tag?post=1663"}],"curies":[{"name":"wp","href":"https:\/\/api.w.org\/{rel}","templated":true}]}}