{"id":1692,"date":"2020-03-08T18:28:06","date_gmt":"2020-03-08T18:28:06","guid":{"rendered":"https:\/\/magoezequias.com.ar\/tienda\/?post_type=product&#038;p=1692"},"modified":"2023-01-01T10:03:02","modified_gmt":"2023-01-01T10:03:02","slug":"el-pajaro-loco","status":"publish","type":"product","link":"https:\/\/magoezequias.com.ar\/tienda\/producto\/el-pajaro-loco","title":{"rendered":"El P\u00e1jaro Loco"},"content":{"rendered":"<p><a href=\"https:\/\/magoezequias.com.ar\/tienda\/wp-content\/uploads\/2020\/03\/pajaro-loco-arbol.jpg\"><img fetchpriority=\"high\" decoding=\"async\" class=\"aligncenter size-full wp-image-1693\" src=\"https:\/\/magoezequias.com.ar\/tienda\/wp-content\/uploads\/2020\/03\/pajaro-loco-arbol.jpg\" alt=\"\" width=\"1000\" height=\"815\" srcset=\"https:\/\/magoezequias.com.ar\/tienda\/wp-content\/uploads\/2020\/03\/pajaro-loco-arbol.jpg 1000w, https:\/\/magoezequias.com.ar\/tienda\/wp-content\/uploads\/2020\/03\/pajaro-loco-arbol-300x245.jpg 300w, https:\/\/magoezequias.com.ar\/tienda\/wp-content\/uploads\/2020\/03\/pajaro-loco-arbol-768x626.jpg 768w\" sizes=\"(max-width: 1000px) 100vw, 1000px\" \/><\/a><\/p>\n<p style=\"text-align: justify;\">El mago coloca al P\u00e1jaro Loco dentro del \u00e1rbol y dice que lo va a hacer desaparecer\u2026 aqu\u00ed ocurren distintas situaciones de comedia. Hasta que el P\u00e1jaro Loco contin\u00faa apareciendo por todos lados; por arriba, la derecha, la izquierda, etc.<\/p>\n<p>&nbsp;<\/p>\n<p style=\"text-align: justify;\">Todo esto genera grandes risas en su p\u00fablico. Hasta que finalmente el mago abre el \u00e1rbol y muestra que desapareci\u00f3. Al girarse para guardarlo los ni\u00f1os observan que se encuentra pegado detr\u00e1s del mago, \u00a1generando nuevamente mucha risa y comedia entre los presentes!<\/p>\n<p>&nbsp;<\/p>\n<p style=\"text-align: justify;\">Una nueva versi\u00f3n de un cl\u00e1sico de la magia infantil. El P\u00e1jaro Loco es un truco de magia pr\u00e1ctico que ocupa muy poco lugar para transportar y es de gran impacto en el p\u00fablico. En las reacciones ser\u00eda algo similar al corre conejo corre (Run, Rabbit, Run), pero en este caso es un material de poco peso, f\u00e1cil de transportar y usar.<\/p>\n<p>&nbsp;<\/p>\n<p style=\"text-align: justify;\">Un mecanismo muy sencillo y probando para que solamente se dedique a la presentaci\u00f3n del efecto.<\/p>\n<p>&nbsp;<\/p>\n<p style=\"text-align: justify;\">El material es un \u00e1rbol plano construido en alto impacto (PAI) de 20 x 30 cm. Su espesor no supera 1 cm y adem\u00e1s viene con p\u00e1jaros de 30 cm de altura.<\/p>\n<p><iframe src=\"https:\/\/www.youtube.com\/embed\/L03ksx9YF2M\" width=\"560\" height=\"315\" frameborder=\"0\" allowfullscreen=\"allowfullscreen\"><\/iframe><\/p>\n<p>&nbsp;<\/p>\n","protected":false},"excerpt":{"rendered":"<p>Una rutina muy divertida con un elemento liviano y f\u00e1cil de transportar<\/p>\n","protected":false},"featured_media":1693,"comment_status":"open","ping_status":"closed","template":"","meta":[],"product_brand":[],"product_cat":[60,8],"product_tag":[186,30,17,15,579,14,578,219,218],"class_list":{"0":"post-1692","1":"product","2":"type-product","3":"status-publish","4":"has-post-thumbnail","6":"product_cat-ezequias-2","7":"product_cat-infantil","8":"product_tag-conejo","9":"product_tag-corre","10":"product_tag-ezequias","11":"product_tag-infantil-2","12":"product_tag-loco","13":"product_tag-magia","14":"product_tag-pajaro","15":"product_tag-rabbit","16":"product_tag-run","18":"first","19":"outofstock","20":"shipping-taxable","21":"purchasable","22":"product-type-simple"},"aioseo_notices":[],"_links":{"self":[{"href":"https:\/\/magoezequias.com.ar\/tienda\/wp-json\/wp\/v2\/product\/1692","targetHints":{"allow":["GET"]}}],"collection":[{"href":"https:\/\/magoezequias.com.ar\/tienda\/wp-json\/wp\/v2\/product"}],"about":[{"href":"https:\/\/magoezequias.com.ar\/tienda\/wp-json\/wp\/v2\/types\/product"}],"replies":[{"embeddable":true,"href":"https:\/\/magoezequias.com.ar\/tienda\/wp-json\/wp\/v2\/comments?post=1692"}],"version-history":[{"count":0,"href":"https:\/\/magoezequias.com.ar\/tienda\/wp-json\/wp\/v2\/product\/1692\/revisions"}],"wp:featuredmedia":[{"embeddable":true,"href":"https:\/\/magoezequias.com.ar\/tienda\/wp-json\/wp\/v2\/media\/1693"}],"wp:attachment":[{"href":"https:\/\/magoezequias.com.ar\/tienda\/wp-json\/wp\/v2\/media?parent=1692"}],"wp:term":[{"taxonomy":"product_brand","embeddable":true,"href":"https:\/\/magoezequias.com.ar\/tienda\/wp-json\/wp\/v2\/product_brand?post=1692"},{"taxonomy":"product_cat","embeddable":true,"href":"https:\/\/magoezequias.com.ar\/tienda\/wp-json\/wp\/v2\/product_cat?post=1692"},{"taxonomy":"product_tag","embeddable":true,"href":"https:\/\/magoezequias.com.ar\/tienda\/wp-json\/wp\/v2\/product_tag?post=1692"}],"curies":[{"name":"wp","href":"https:\/\/api.w.org\/{rel}","templated":true}]}}