{"id":1694,"date":"2020-03-14T00:14:19","date_gmt":"2020-03-14T00:14:19","guid":{"rendered":"https:\/\/magoezequias.com.ar\/tienda\/?post_type=product&#038;p=1694"},"modified":"2024-08-23T23:37:54","modified_gmt":"2024-08-23T23:37:54","slug":"paloma-de-latex","status":"publish","type":"product","link":"https:\/\/magoezequias.com.ar\/tienda\/producto\/paloma-de-latex","title":{"rendered":"Paloma de l\u00e1tex"},"content":{"rendered":"<p><a href=\"https:\/\/magoezequias.com.ar\/tienda\/wp-content\/uploads\/2020\/03\/paloma-latex-2.jpg\"><img fetchpriority=\"high\" decoding=\"async\" class=\"aligncenter size-full wp-image-1697\" src=\"https:\/\/magoezequias.com.ar\/tienda\/wp-content\/uploads\/2020\/03\/paloma-latex-2.jpg\" alt=\"\" width=\"750\" height=\"750\" srcset=\"https:\/\/magoezequias.com.ar\/tienda\/wp-content\/uploads\/2020\/03\/paloma-latex-2.jpg 750w, https:\/\/magoezequias.com.ar\/tienda\/wp-content\/uploads\/2020\/03\/paloma-latex-2-300x300.jpg 300w, https:\/\/magoezequias.com.ar\/tienda\/wp-content\/uploads\/2020\/03\/paloma-latex-2-150x150.jpg 150w, https:\/\/magoezequias.com.ar\/tienda\/wp-content\/uploads\/2020\/03\/paloma-latex-2-100x100.jpg 100w\" sizes=\"(max-width: 750px) 100vw, 750px\" \/><\/a><\/p>\n<p style=\"text-align: justify;\">Un elemento de gran utilidad para los magos de escena y sal\u00f3n, tambi\u00e9n para maestros de ceremonia y payasos!<\/p>\n<p>Se pueden lograr m\u00faltiples efectos, como hacer que una paloma se desaparezca en las manos, dentro de un pa\u00f1uelo o en una bolsa de papel, haciendo un viaje de Paloma real de un lado a otro, \u00a1la aparici\u00f3n dentro de una jaula para p\u00e1jaros y muchos m\u00e1s!<\/p>\n<p>Un accesorio cl\u00e1sico de la magia llevado a un gran nivel de realismo.<\/p>\n<p>&nbsp;<\/p>\n","protected":false},"excerpt":{"rendered":"<p>Un accesorio cl\u00e1sico de la magia, construido en l\u00e1tex, muy real.<\/p>\n","protected":false},"featured_media":1697,"comment_status":"open","ping_status":"closed","template":"","meta":[],"product_brand":[],"product_cat":[7,10,9],"product_tag":[269,323],"class_list":{"0":"post-1694","1":"product","2":"type-product","3":"status-publish","4":"has-post-thumbnail","6":"product_cat-accesorios","7":"product_cat-escena","8":"product_cat-salon","9":"product_tag-latex","10":"product_tag-paloma","12":"first","13":"outofstock","14":"shipping-taxable","15":"purchasable","16":"product-type-simple"},"aioseo_notices":[],"_links":{"self":[{"href":"https:\/\/magoezequias.com.ar\/tienda\/wp-json\/wp\/v2\/product\/1694","targetHints":{"allow":["GET"]}}],"collection":[{"href":"https:\/\/magoezequias.com.ar\/tienda\/wp-json\/wp\/v2\/product"}],"about":[{"href":"https:\/\/magoezequias.com.ar\/tienda\/wp-json\/wp\/v2\/types\/product"}],"replies":[{"embeddable":true,"href":"https:\/\/magoezequias.com.ar\/tienda\/wp-json\/wp\/v2\/comments?post=1694"}],"version-history":[{"count":0,"href":"https:\/\/magoezequias.com.ar\/tienda\/wp-json\/wp\/v2\/product\/1694\/revisions"}],"wp:featuredmedia":[{"embeddable":true,"href":"https:\/\/magoezequias.com.ar\/tienda\/wp-json\/wp\/v2\/media\/1697"}],"wp:attachment":[{"href":"https:\/\/magoezequias.com.ar\/tienda\/wp-json\/wp\/v2\/media?parent=1694"}],"wp:term":[{"taxonomy":"product_brand","embeddable":true,"href":"https:\/\/magoezequias.com.ar\/tienda\/wp-json\/wp\/v2\/product_brand?post=1694"},{"taxonomy":"product_cat","embeddable":true,"href":"https:\/\/magoezequias.com.ar\/tienda\/wp-json\/wp\/v2\/product_cat?post=1694"},{"taxonomy":"product_tag","embeddable":true,"href":"https:\/\/magoezequias.com.ar\/tienda\/wp-json\/wp\/v2\/product_tag?post=1694"}],"curies":[{"name":"wp","href":"https:\/\/api.w.org\/{rel}","templated":true}]}}