{"id":170,"date":"2014-11-11T14:40:12","date_gmt":"2014-11-11T14:40:12","guid":{"rendered":"https:\/\/magoezequias.com.ar\/tienda\/?post_type=product&#038;p=170"},"modified":"2021-02-07T02:08:56","modified_gmt":"2021-02-07T02:08:56","slug":"maletin-con-tripode","status":"publish","type":"product","link":"https:\/\/magoezequias.com.ar\/tienda\/producto\/maletin-con-tripode","title":{"rendered":"Malet\u00edn con Tripode"},"content":{"rendered":"<p><a href=\"https:\/\/magoezequias.com.ar\/tienda\/wp-content\/uploads\/2014\/11\/maletin_tripode.jpg\"><img fetchpriority=\"high\" decoding=\"async\" class=\"alignnone size-full wp-image-171\" src=\"https:\/\/magoezequias.com.ar\/tienda\/wp-content\/uploads\/2014\/11\/maletin_tripode.jpg\" alt=\"maletin_tripode\" width=\"336\" height=\"336\" srcset=\"https:\/\/magoezequias.com.ar\/tienda\/wp-content\/uploads\/2014\/11\/maletin_tripode.jpg 336w, https:\/\/magoezequias.com.ar\/tienda\/wp-content\/uploads\/2014\/11\/maletin_tripode-300x300.jpg 300w, https:\/\/magoezequias.com.ar\/tienda\/wp-content\/uploads\/2014\/11\/maletin_tripode-90x90.jpg 90w, https:\/\/magoezequias.com.ar\/tienda\/wp-content\/uploads\/2014\/11\/maletin_tripode-150x150.jpg 150w\" sizes=\"(max-width: 336px) 100vw, 336px\" \/><\/a><\/p>\n<p>Llegue con su valija y en instantes monte una elegante valija con tr\u00edpode con una altura ideal como para usar de mesa.<\/p>\n<p>El tr\u00edpode tiene ruedas para poder moverlo f\u00e1cilmente durante el show. Una herramienta de uso profesional. Las medidas del malet\u00edn son: 43x29x12 cm el tr\u00edpode mide 90 cm de altura.<\/p>\n","protected":false},"excerpt":{"rendered":"<p>Un elemento indispensable para todo artista.Totalmente desarmable.<\/p>\n<p>&nbsp;<\/p>\n","protected":false},"featured_media":171,"comment_status":"open","ping_status":"closed","template":"","meta":[],"product_brand":[],"product_cat":[7],"product_tag":[88,90,89],"class_list":{"0":"post-170","1":"product","2":"type-product","3":"status-publish","4":"has-post-thumbnail","6":"product_cat-accesorios","7":"product_tag-mesa","8":"product_tag-tripode","9":"product_tag-valija","11":"first","12":"outofstock","13":"shipping-taxable","14":"purchasable","15":"product-type-simple"},"aioseo_notices":[],"_links":{"self":[{"href":"https:\/\/magoezequias.com.ar\/tienda\/wp-json\/wp\/v2\/product\/170","targetHints":{"allow":["GET"]}}],"collection":[{"href":"https:\/\/magoezequias.com.ar\/tienda\/wp-json\/wp\/v2\/product"}],"about":[{"href":"https:\/\/magoezequias.com.ar\/tienda\/wp-json\/wp\/v2\/types\/product"}],"replies":[{"embeddable":true,"href":"https:\/\/magoezequias.com.ar\/tienda\/wp-json\/wp\/v2\/comments?post=170"}],"version-history":[{"count":0,"href":"https:\/\/magoezequias.com.ar\/tienda\/wp-json\/wp\/v2\/product\/170\/revisions"}],"wp:featuredmedia":[{"embeddable":true,"href":"https:\/\/magoezequias.com.ar\/tienda\/wp-json\/wp\/v2\/media\/171"}],"wp:attachment":[{"href":"https:\/\/magoezequias.com.ar\/tienda\/wp-json\/wp\/v2\/media?parent=170"}],"wp:term":[{"taxonomy":"product_brand","embeddable":true,"href":"https:\/\/magoezequias.com.ar\/tienda\/wp-json\/wp\/v2\/product_brand?post=170"},{"taxonomy":"product_cat","embeddable":true,"href":"https:\/\/magoezequias.com.ar\/tienda\/wp-json\/wp\/v2\/product_cat?post=170"},{"taxonomy":"product_tag","embeddable":true,"href":"https:\/\/magoezequias.com.ar\/tienda\/wp-json\/wp\/v2\/product_tag?post=170"}],"curies":[{"name":"wp","href":"https:\/\/api.w.org\/{rel}","templated":true}]}}