{"id":1714,"date":"2020-04-22T03:12:18","date_gmt":"2020-04-22T03:12:18","guid":{"rendered":"https:\/\/magoezequias.com.ar\/tienda\/?post_type=product&#038;p=1714"},"modified":"2024-07-16T20:04:15","modified_gmt":"2024-07-16T20:04:15","slug":"la-metamorfosis-de-la-mariposa","status":"publish","type":"product","link":"https:\/\/magoezequias.com.ar\/tienda\/producto\/la-metamorfosis-de-la-mariposa","title":{"rendered":"La metamorfosis de la Mariposa"},"content":{"rendered":"<p><a href=\"https:\/\/magoezequias.com.ar\/tienda\/wp-content\/uploads\/2020\/04\/mariposa-4.jpg\"><img fetchpriority=\"high\" decoding=\"async\" class=\"aligncenter wp-image-1716\" src=\"https:\/\/magoezequias.com.ar\/tienda\/wp-content\/uploads\/2020\/04\/mariposa-4.jpg\" alt=\"\" width=\"469\" height=\"379\" srcset=\"https:\/\/magoezequias.com.ar\/tienda\/wp-content\/uploads\/2020\/04\/mariposa-4.jpg 885w, https:\/\/magoezequias.com.ar\/tienda\/wp-content\/uploads\/2020\/04\/mariposa-4-300x243.jpg 300w, https:\/\/magoezequias.com.ar\/tienda\/wp-content\/uploads\/2020\/04\/mariposa-4-768x621.jpg 768w\" sizes=\"(max-width: 469px) 100vw, 469px\" \/><\/a><\/p>\n<p style=\"text-align: justify;\">Simplemente cuatro hermosos pa\u00f1uelos impresos con im\u00e1genes a todo color, lo que los hace ideales para audiencias de cualquier tama\u00f1o ya que son muy visibles desde lejos.<\/p>\n<p style=\"text-align: justify;\">Usted puede crear m\u00faltiples presentaciones con la idea de las distintas etapas de la vida de una mariposa, lo que le permite desarrollar muchas rutinas diferentes con el mismo conjunto.<\/p>\n<p style=\"text-align: justify;\">Ideas de presentaci\u00f3n:<\/p>\n<ul style=\"text-align: justify;\">\n<li>\u00a1Contar un cuento! La historia de la oruga que deseaba ser mariposa<\/li>\n<li>\u00a1La adivinaci\u00f3n de un animal! Mostrando las distintas etapas de crecimiento<\/li>\n<\/ul>\n<p>&nbsp;<\/p>\n<p style=\"text-align: justify;\">El set de pa\u00f1uelos tambi\u00e9n viene con 8 cartas de animales y una de la mariposa para realizar una rutina integrando las mismas.<\/p>\n<p style=\"text-align: justify;\">Una rutina muy m\u00e1gica, divertida y s\u00faper visual a gran distancia por el tama\u00f1o de los elementos, ideal para presentar en escena.<\/p>\n<p style=\"text-align: justify;\">Los pa\u00f1uelos est\u00e1n impresos con colores muy vivos, son de muy buena calidad, de 45 x 45 cent\u00edmetros, se pueden lavar y planchar.<\/p>\n<p><a href=\"https:\/\/magoezequias.com.ar\/tienda\/wp-content\/uploads\/2020\/04\/mariposa-2.jpg\"><img decoding=\"async\" class=\"wp-image-1718 alignleft\" src=\"https:\/\/magoezequias.com.ar\/tienda\/wp-content\/uploads\/2020\/04\/mariposa-2.jpg\" alt=\"\" width=\"267\" height=\"237\" srcset=\"https:\/\/magoezequias.com.ar\/tienda\/wp-content\/uploads\/2020\/04\/mariposa-2.jpg 807w, https:\/\/magoezequias.com.ar\/tienda\/wp-content\/uploads\/2020\/04\/mariposa-2-300x267.jpg 300w, https:\/\/magoezequias.com.ar\/tienda\/wp-content\/uploads\/2020\/04\/mariposa-2-768x682.jpg 768w\" sizes=\"(max-width: 267px) 100vw, 267px\" \/><\/a><a href=\"https:\/\/magoezequias.com.ar\/tienda\/wp-content\/uploads\/2020\/04\/mariposa-3.jpg\"><img decoding=\"async\" class=\"wp-image-1719 alignnone\" src=\"https:\/\/magoezequias.com.ar\/tienda\/wp-content\/uploads\/2020\/04\/mariposa-3.jpg\" alt=\"\" width=\"304\" height=\"233\" srcset=\"https:\/\/magoezequias.com.ar\/tienda\/wp-content\/uploads\/2020\/04\/mariposa-3.jpg 930w, https:\/\/magoezequias.com.ar\/tienda\/wp-content\/uploads\/2020\/04\/mariposa-3-300x231.jpg 300w, https:\/\/magoezequias.com.ar\/tienda\/wp-content\/uploads\/2020\/04\/mariposa-3-768x592.jpg 768w\" sizes=\"(max-width: 304px) 100vw, 304px\" \/><\/a><\/p>\n<p>&nbsp;<\/p>\n<p style=\"text-align: justify;\">Usted recibe:<\/p>\n<p style=\"text-align: justify;\">Pa\u00f1uelo con una hoja y los huevos de mariposas<\/p>\n<p style=\"text-align: justify;\">Pa\u00f1uelo con una oruga o gusano<\/p>\n<p style=\"text-align: justify;\">Pa\u00f1uelo con la pupa<\/p>\n<p>Pa\u00f1uelo con la Mariposa<\/p>\n<p style=\"text-align: justify;\">Cartas semijumbo, laminadas, con im\u00e1genes muy coloridas.<\/p>\n<p style=\"text-align: justify;\">Bolsa de Cambio no incluida; usted debe usar la suya u otro elemento o mecanismo para cambiar los pa\u00f1uelos.<\/p>\n<p>&nbsp;<\/p>\n<p><iframe src=\"https:\/\/www.youtube.com\/embed\/_b8zRzMebGY\" width=\"560\" height=\"315\" frameborder=\"0\" allowfullscreen=\"allowfullscreen\"><\/iframe><\/p>\n","protected":false},"excerpt":{"rendered":"<p>Una rutina muy visual y divertida. Ideal para escena y sal\u00f3n!!!<\/p>\n","protected":false},"featured_media":1716,"comment_status":"open","ping_status":"closed","template":"","meta":[],"product_brand":[],"product_cat":[10,60,8,9],"product_tag":[17,583,323,376],"class_list":{"0":"post-1714","1":"product","2":"type-product","3":"status-publish","4":"has-post-thumbnail","6":"product_cat-escena","7":"product_cat-ezequias-2","8":"product_cat-infantil","9":"product_cat-salon","10":"product_tag-ezequias","11":"product_tag-metamorfosisi","12":"product_tag-paloma","13":"product_tag-panuelos","15":"first","16":"instock","17":"shipping-taxable","18":"purchasable","19":"product-type-simple"},"aioseo_notices":[],"_links":{"self":[{"href":"https:\/\/magoezequias.com.ar\/tienda\/wp-json\/wp\/v2\/product\/1714","targetHints":{"allow":["GET"]}}],"collection":[{"href":"https:\/\/magoezequias.com.ar\/tienda\/wp-json\/wp\/v2\/product"}],"about":[{"href":"https:\/\/magoezequias.com.ar\/tienda\/wp-json\/wp\/v2\/types\/product"}],"replies":[{"embeddable":true,"href":"https:\/\/magoezequias.com.ar\/tienda\/wp-json\/wp\/v2\/comments?post=1714"}],"version-history":[{"count":0,"href":"https:\/\/magoezequias.com.ar\/tienda\/wp-json\/wp\/v2\/product\/1714\/revisions"}],"wp:featuredmedia":[{"embeddable":true,"href":"https:\/\/magoezequias.com.ar\/tienda\/wp-json\/wp\/v2\/media\/1716"}],"wp:attachment":[{"href":"https:\/\/magoezequias.com.ar\/tienda\/wp-json\/wp\/v2\/media?parent=1714"}],"wp:term":[{"taxonomy":"product_brand","embeddable":true,"href":"https:\/\/magoezequias.com.ar\/tienda\/wp-json\/wp\/v2\/product_brand?post=1714"},{"taxonomy":"product_cat","embeddable":true,"href":"https:\/\/magoezequias.com.ar\/tienda\/wp-json\/wp\/v2\/product_cat?post=1714"},{"taxonomy":"product_tag","embeddable":true,"href":"https:\/\/magoezequias.com.ar\/tienda\/wp-json\/wp\/v2\/product_tag?post=1714"}],"curies":[{"name":"wp","href":"https:\/\/api.w.org\/{rel}","templated":true}]}}