{"id":172,"date":"2014-11-11T22:01:09","date_gmt":"2014-11-11T22:01:09","guid":{"rendered":"https:\/\/magoezequias.com.ar\/tienda\/?post_type=product&#038;p=172"},"modified":"2025-03-21T20:19:10","modified_gmt":"2025-03-21T23:19:10","slug":"bandeja-que-rompe-la-copa-a-control-remoto","status":"publish","type":"product","link":"https:\/\/magoezequias.com.ar\/tienda\/producto\/bandeja-que-rompe-la-copa-a-control-remoto","title":{"rendered":"Bandeja que Rompe la Copa a Control Remoto"},"content":{"rendered":"<p><a href=\"https:\/\/magoezequias.com.ar\/tienda\/wp-content\/uploads\/2014\/11\/bandeja_rompe_copa.jpg\"><img fetchpriority=\"high\" decoding=\"async\" class=\"alignnone size-full wp-image-173\" src=\"https:\/\/magoezequias.com.ar\/tienda\/wp-content\/uploads\/2014\/11\/bandeja_rompe_copa.jpg\" alt=\"bandeja_rompe_copa\" width=\"448\" height=\"299\" srcset=\"https:\/\/magoezequias.com.ar\/tienda\/wp-content\/uploads\/2014\/11\/bandeja_rompe_copa.jpg 448w, https:\/\/magoezequias.com.ar\/tienda\/wp-content\/uploads\/2014\/11\/bandeja_rompe_copa-300x200.jpg 300w\" sizes=\"(max-width: 448px) 100vw, 448px\" \/><\/a><\/p>\n<p>Los efectos de roturas de cristales tienen un fuerte impacto en todo tipo de audiencia.<br \/>\nLa bandeja que \u201cRompe la Copa\u201d, es un verdadero acto de mentalismo en s\u00ed mismo.<br \/>\nEl efecto causado en el p\u00fablico ser\u00e1 recordado por siempre.<br \/>\nEl mago coloca una copa de cristal o una l\u00e1mpara sobre la bandeja, se separa de ella unos metros, se concentra y en el momento que lo desee la copa o la l\u00e1mpara estallar\u00e1n.<\/p>\n<p>\u2022 Medida de la bandeja 32 x 22cm.<\/p>\n<p>\u2022 Excelente terminaci\u00f3n.<\/p>\n<p>\u2022 Funcionamiento a control remoto.<\/p>\n<p>&nbsp;<\/p>\n<p>&nbsp;<\/p>\n<p><iframe src=\"\/\/www.youtube.com\/embed\/6eGQJLsFtBM?list=UUIWNVN2W-wFnEy1tZDwHJuA\" width=\"560\" height=\"315\" frameborder=\"0\" allowfullscreen=\"allowfullscreen\"><\/iframe><\/p>\n","protected":false},"excerpt":{"rendered":"<p>COSTO 280 D\u00d3LARES<\/p>\n<p>La bandeja que \u201cRompe la Copa\u201d, es un verdadero acto de mentalismo en s\u00ed mismo.<\/p>\n","protected":false},"featured_media":173,"comment_status":"open","ping_status":"closed","template":"","meta":[],"product_brand":[],"product_cat":[13],"product_tag":[91,93,92],"class_list":{"0":"post-172","1":"product","2":"type-product","3":"status-publish","4":"has-post-thumbnail","6":"product_cat-mentalismo","7":"product_tag-bandeja","8":"product_tag-copa","9":"product_tag-rompe","11":"first","12":"instock","13":"shipping-taxable","14":"product-type-simple"},"aioseo_notices":[],"_links":{"self":[{"href":"https:\/\/magoezequias.com.ar\/tienda\/wp-json\/wp\/v2\/product\/172","targetHints":{"allow":["GET"]}}],"collection":[{"href":"https:\/\/magoezequias.com.ar\/tienda\/wp-json\/wp\/v2\/product"}],"about":[{"href":"https:\/\/magoezequias.com.ar\/tienda\/wp-json\/wp\/v2\/types\/product"}],"replies":[{"embeddable":true,"href":"https:\/\/magoezequias.com.ar\/tienda\/wp-json\/wp\/v2\/comments?post=172"}],"version-history":[{"count":1,"href":"https:\/\/magoezequias.com.ar\/tienda\/wp-json\/wp\/v2\/product\/172\/revisions"}],"predecessor-version":[{"id":18205,"href":"https:\/\/magoezequias.com.ar\/tienda\/wp-json\/wp\/v2\/product\/172\/revisions\/18205"}],"wp:featuredmedia":[{"embeddable":true,"href":"https:\/\/magoezequias.com.ar\/tienda\/wp-json\/wp\/v2\/media\/173"}],"wp:attachment":[{"href":"https:\/\/magoezequias.com.ar\/tienda\/wp-json\/wp\/v2\/media?parent=172"}],"wp:term":[{"taxonomy":"product_brand","embeddable":true,"href":"https:\/\/magoezequias.com.ar\/tienda\/wp-json\/wp\/v2\/product_brand?post=172"},{"taxonomy":"product_cat","embeddable":true,"href":"https:\/\/magoezequias.com.ar\/tienda\/wp-json\/wp\/v2\/product_cat?post=172"},{"taxonomy":"product_tag","embeddable":true,"href":"https:\/\/magoezequias.com.ar\/tienda\/wp-json\/wp\/v2\/product_tag?post=172"}],"curies":[{"name":"wp","href":"https:\/\/api.w.org\/{rel}","templated":true}]}}