{"id":1725,"date":"2020-05-07T00:10:46","date_gmt":"2020-05-07T00:10:46","guid":{"rendered":"https:\/\/magoezequias.com.ar\/tienda\/?post_type=product&#038;p=1725"},"modified":"2020-05-07T00:24:26","modified_gmt":"2020-05-07T00:24:26","slug":"palabras-magicas-panuelos","status":"publish","type":"product","link":"https:\/\/magoezequias.com.ar\/tienda\/producto\/palabras-magicas-panuelos","title":{"rendered":"Palabras M\u00e1gicas &#8211; Pa\u00f1uelos"},"content":{"rendered":"<p><a href=\"https:\/\/magoezequias.com.ar\/tienda\/wp-content\/uploads\/2020\/05\/pa\u00f1uelo-palabra-magica.jpg\"><img fetchpriority=\"high\" decoding=\"async\" class=\"aligncenter size-full wp-image-1726\" src=\"https:\/\/magoezequias.com.ar\/tienda\/wp-content\/uploads\/2020\/05\/pa\u00f1uelo-palabra-magica.jpg\" alt=\"\" width=\"1280\" height=\"720\" srcset=\"https:\/\/magoezequias.com.ar\/tienda\/wp-content\/uploads\/2020\/05\/pa\u00f1uelo-palabra-magica.jpg 1280w, https:\/\/magoezequias.com.ar\/tienda\/wp-content\/uploads\/2020\/05\/pa\u00f1uelo-palabra-magica-300x169.jpg 300w, https:\/\/magoezequias.com.ar\/tienda\/wp-content\/uploads\/2020\/05\/pa\u00f1uelo-palabra-magica-1024x576.jpg 1024w, https:\/\/magoezequias.com.ar\/tienda\/wp-content\/uploads\/2020\/05\/pa\u00f1uelo-palabra-magica-768x432.jpg 768w\" sizes=\"(max-width: 1280px) 100vw, 1280px\" \/><\/a><\/p>\n<p style=\"text-align: justify;\">Simplemente tres hermosos pa\u00f1uelos impresos con letras muy coloridas , lo que los hace ideales para audiencias de cualquier tama\u00f1o ya que son muy visibles desde lejos.<\/p>\n<p style=\"text-align: justify;\">\n<p style=\"text-align: justify;\">Usted puede crear m\u00faltiples presentaciones con la idea de transformar letras sueltas en distintas palabras, lo que le permite desarrollar muchas rutinas diferentes con el mismo conjunto.<\/p>\n<p style=\"text-align: justify;\">\n<p style=\"text-align: justify;\">Ideas de presentaci\u00f3n:<\/p>\n<ul style=\"text-align: justify;\">\n<li>Contar que tiene letras del abecedario y al mezclarlas las transformar\u00e1 en la palabra m\u00e1gica que usar\u00e1 en su show<\/li>\n<li>Los ni\u00f1os pueden ayudar al mago a transformas las letras en palabras \u00a8magicas\u00a8que debemos usar todos los d\u00edas&#8230;<\/li>\n<li>Tambien puede cambiar ABRACADABRA por las palabras diarias o viceversa, a las letras del abecedario.<\/li>\n<\/ul>\n<p style=\"text-align: justify;\">\n<p style=\"text-align: justify;\">Un set que le permite una rutina muy m\u00e1gica, divertida y s\u00faper visual a gran distancia por el tama\u00f1o de los elementos, ideal para presentar en escena.<\/p>\n<p style=\"text-align: justify;\">\n<p style=\"text-align: justify;\">Ideal para magia educativa, en colegios, iglesias, para pastores, presentadores, etc<\/p>\n<p style=\"text-align: justify;\">\n<p style=\"text-align: justify;\">Los pa\u00f1uelos est\u00e1n impresos con colores muy vivos, son de muy buena calidad, de 45 x 45 cent\u00edmetros, se pueden lavar y planchar.<\/p>\n<p style=\"text-align: justify;\">Usted recibe:<\/p>\n<p style=\"text-align: justify;\">Pa\u00f1uelo con letras<\/p>\n<p style=\"text-align: justify;\">Pa\u00f1uelo con la palabra ABRACADABRA<\/p>\n<p style=\"text-align: justify;\">Pa\u00f1uelo con las palabras: Por Favor \/ Perd\u00f3n \/ Gracias<\/p>\n<p style=\"text-align: justify;\">\n<p style=\"text-align: justify;\">Bolsa de Cambio no incluida; usted debe usar la suya u otro elemento o mecanismo para cambiar los pa\u00f1uelos.<\/p>\n<p style=\"text-align: justify;\">\n<p><iframe src=\"https:\/\/www.youtube.com\/embed\/oDTad14X1R4\" width=\"560\" height=\"315\" frameborder=\"0\" allowfullscreen=\"allowfullscreen\"><\/iframe><\/p>\n","protected":false},"excerpt":{"rendered":"<p>Una rutina muy visual, did\u00e1ctica, educativa, que le permitir\u00e1 dejar un mensaje a sus espectadores!!!<\/p>\n","protected":false},"featured_media":1726,"comment_status":"open","ping_status":"closed","template":"","meta":[],"product_brand":[],"product_cat":[60,10,8,9],"product_tag":[17,27,584,52],"class_list":{"0":"post-1725","1":"product","2":"type-product","3":"status-publish","4":"has-post-thumbnail","6":"product_cat-ezequias-2","7":"product_cat-escena","8":"product_cat-infantil","9":"product_cat-salon","10":"product_tag-ezequias","11":"product_tag-magica","12":"product_tag-palabra","13":"product_tag-panuelo","15":"first","16":"instock","17":"shipping-taxable","18":"purchasable","19":"product-type-simple"},"aioseo_notices":[],"_links":{"self":[{"href":"https:\/\/magoezequias.com.ar\/tienda\/wp-json\/wp\/v2\/product\/1725","targetHints":{"allow":["GET"]}}],"collection":[{"href":"https:\/\/magoezequias.com.ar\/tienda\/wp-json\/wp\/v2\/product"}],"about":[{"href":"https:\/\/magoezequias.com.ar\/tienda\/wp-json\/wp\/v2\/types\/product"}],"replies":[{"embeddable":true,"href":"https:\/\/magoezequias.com.ar\/tienda\/wp-json\/wp\/v2\/comments?post=1725"}],"version-history":[{"count":0,"href":"https:\/\/magoezequias.com.ar\/tienda\/wp-json\/wp\/v2\/product\/1725\/revisions"}],"wp:featuredmedia":[{"embeddable":true,"href":"https:\/\/magoezequias.com.ar\/tienda\/wp-json\/wp\/v2\/media\/1726"}],"wp:attachment":[{"href":"https:\/\/magoezequias.com.ar\/tienda\/wp-json\/wp\/v2\/media?parent=1725"}],"wp:term":[{"taxonomy":"product_brand","embeddable":true,"href":"https:\/\/magoezequias.com.ar\/tienda\/wp-json\/wp\/v2\/product_brand?post=1725"},{"taxonomy":"product_cat","embeddable":true,"href":"https:\/\/magoezequias.com.ar\/tienda\/wp-json\/wp\/v2\/product_cat?post=1725"},{"taxonomy":"product_tag","embeddable":true,"href":"https:\/\/magoezequias.com.ar\/tienda\/wp-json\/wp\/v2\/product_tag?post=1725"}],"curies":[{"name":"wp","href":"https:\/\/api.w.org\/{rel}","templated":true}]}}