{"id":1730,"date":"2020-05-19T19:15:50","date_gmt":"2020-05-19T19:15:50","guid":{"rendered":"https:\/\/magoezequias.com.ar\/tienda\/?post_type=product&#038;p=1730"},"modified":"2025-12-17T12:05:27","modified_gmt":"2025-12-17T15:05:27","slug":"conejos-pasa-pasa-liviano","status":"publish","type":"product","link":"https:\/\/magoezequias.com.ar\/tienda\/producto\/conejos-pasa-pasa-liviano","title":{"rendered":"Conejos Pasa Pasa liviano"},"content":{"rendered":"<p style=\"text-align: justify;\"><a href=\"https:\/\/magoezequias.com.ar\/tienda\/wp-content\/uploads\/2020\/05\/52580880-f671-4150-9be9-120003646599.jpg\"><img fetchpriority=\"high\" decoding=\"async\" class=\"aligncenter wp-image-1733\" src=\"https:\/\/magoezequias.com.ar\/tienda\/wp-content\/uploads\/2020\/05\/52580880-f671-4150-9be9-120003646599.jpg\" alt=\"\" width=\"506\" height=\"437\" srcset=\"https:\/\/magoezequias.com.ar\/tienda\/wp-content\/uploads\/2020\/05\/52580880-f671-4150-9be9-120003646599.jpg 979w, https:\/\/magoezequias.com.ar\/tienda\/wp-content\/uploads\/2020\/05\/52580880-f671-4150-9be9-120003646599-300x260.jpg 300w, https:\/\/magoezequias.com.ar\/tienda\/wp-content\/uploads\/2020\/05\/52580880-f671-4150-9be9-120003646599-768x664.jpg 768w\" sizes=\"(max-width: 506px) 100vw, 506px\" \/><\/a><\/p>\n<p style=\"text-align: justify;\">Finalmente logramos una versi\u00f3n compacta, liviana y colorida de un cl\u00e1sico de la magia infantil. Olv\u00eddese de llevar los viejos grandotes y pesados pasa pasa, que ocupaban media valija!!!<\/p>\n<p>&nbsp;<\/p>\n<p style=\"text-align: justify;\">El mago muestra la imagen de un conejo de color blanco, lo pone a la derecha del escenario sobre una mesa y dice que le encanta hacer travesuras. Coloca el mago de forma separada otro conejo de color negro.<\/p>\n<p>&nbsp;<\/p>\n<p style=\"text-align: justify;\">Cubre cada conejo con un sobre que lleva en su frente im\u00e1genes con los colores de los conejos que tapa.<\/p>\n<p>&nbsp;<\/p>\n<p style=\"text-align: justify;\">Luego los conejos de forma muy divertida y m\u00e1gica han intercambiado sus lugares, repitiendo el efecto varias veces, hasta que el p\u00fablico comienza a sospechar que el secreto est\u00e1 en que el mago est\u00e1 haciendo trampa y que solamente los da vuelta.<\/p>\n<p>&nbsp;<\/p>\n<p style=\"text-align: justify;\">Luego de un buen rato de comedia el mago acepta dar vuelta los conejos y all\u00ed aparecen conejos de color rojo y amarillo; y no como cre\u00eda la gente blanco y negro.<\/p>\n<p>&nbsp;<\/p>\n<p style=\"text-align: justify;\">La diferencia de est\u00e1 versi\u00f3n es que\u00a0 las torres que cubren no son de madera, sino es un sobre de tela semirrigida. Esto permite que no ocupe lugar para transportar, son s\u00faper livianos y la tela se puede lavar. Adem\u00e1s es mucho m\u00e1s sencillo de manejar y manipular.<\/p>\n<p>&nbsp;<\/p>\n<p>Los conejos son los mismos que vienen en la versi\u00f3n con torres de madera <a href=\"https:\/\/magoezequias.com.ar\/tienda\/producto\/conejos-pasa-pasa\">(ver)<\/a><\/p>\n<p>&nbsp;<\/p>\n<p style=\"text-align: justify;\">Un juego ideal para shows de magia infantil, con un tama\u00f1o muy visual tanto para sal\u00f3n como escena, 26 cm. de alto El mecanismo de los flaps es magn\u00e9tico, muy f\u00e1cil de robar para trabajar con absoluta comodidad y seguridad.<\/p>\n<p>&nbsp;<\/p>\n<p><iframe src=\"https:\/\/www.youtube.com\/embed\/iuh3DQGXxtE\" width=\"560\" height=\"315\" frameborder=\"0\" allowfullscreen=\"allowfullscreen\"><\/iframe><\/p>\n<p>&nbsp;<\/p>\n","protected":false},"excerpt":{"rendered":"<p>El cl\u00e1sico juego de magia infantil con dos simp\u00e1ticos conejos, en un tama\u00f1o muy visual tanto para sal\u00f3n como escena, 26 cm. Un mecanismo para trabajar con absoluta comodidad y seguridad. S\u00faper livianos y compactos.<\/p>\n","protected":false},"featured_media":1733,"comment_status":"open","ping_status":"closed","template":"","meta":[],"product_brand":[],"product_cat":[60,8],"product_tag":[186,17,585,185,38,219],"class_list":{"0":"post-1730","1":"product","2":"type-product","3":"status-publish","4":"has-post-thumbnail","6":"product_cat-ezequias-2","7":"product_cat-infantil","8":"product_tag-conejo","9":"product_tag-ezequias","10":"product_tag-liviano","11":"product_tag-magic","12":"product_tag-pasa","13":"product_tag-rabbit","15":"first","16":"instock","17":"shipping-taxable","18":"purchasable","19":"product-type-simple"},"aioseo_notices":[],"_links":{"self":[{"href":"https:\/\/magoezequias.com.ar\/tienda\/wp-json\/wp\/v2\/product\/1730","targetHints":{"allow":["GET"]}}],"collection":[{"href":"https:\/\/magoezequias.com.ar\/tienda\/wp-json\/wp\/v2\/product"}],"about":[{"href":"https:\/\/magoezequias.com.ar\/tienda\/wp-json\/wp\/v2\/types\/product"}],"replies":[{"embeddable":true,"href":"https:\/\/magoezequias.com.ar\/tienda\/wp-json\/wp\/v2\/comments?post=1730"}],"version-history":[{"count":1,"href":"https:\/\/magoezequias.com.ar\/tienda\/wp-json\/wp\/v2\/product\/1730\/revisions"}],"predecessor-version":[{"id":18388,"href":"https:\/\/magoezequias.com.ar\/tienda\/wp-json\/wp\/v2\/product\/1730\/revisions\/18388"}],"wp:featuredmedia":[{"embeddable":true,"href":"https:\/\/magoezequias.com.ar\/tienda\/wp-json\/wp\/v2\/media\/1733"}],"wp:attachment":[{"href":"https:\/\/magoezequias.com.ar\/tienda\/wp-json\/wp\/v2\/media?parent=1730"}],"wp:term":[{"taxonomy":"product_brand","embeddable":true,"href":"https:\/\/magoezequias.com.ar\/tienda\/wp-json\/wp\/v2\/product_brand?post=1730"},{"taxonomy":"product_cat","embeddable":true,"href":"https:\/\/magoezequias.com.ar\/tienda\/wp-json\/wp\/v2\/product_cat?post=1730"},{"taxonomy":"product_tag","embeddable":true,"href":"https:\/\/magoezequias.com.ar\/tienda\/wp-json\/wp\/v2\/product_tag?post=1730"}],"curies":[{"name":"wp","href":"https:\/\/api.w.org\/{rel}","templated":true}]}}