{"id":174,"date":"2014-11-11T22:54:19","date_gmt":"2014-11-11T22:54:19","guid":{"rendered":"https:\/\/magoezequias.com.ar\/tienda\/?post_type=product&#038;p=174"},"modified":"2019-11-20T02:56:15","modified_gmt":"2019-11-20T02:56:15","slug":"aros-chinos-con-soga","status":"publish","type":"product","link":"https:\/\/magoezequias.com.ar\/tienda\/producto\/aros-chinos-con-soga","title":{"rendered":"Aros Chinos con Soga"},"content":{"rendered":"<p><a href=\"https:\/\/magoezequias.com.ar\/tienda\/wp-content\/uploads\/2014\/11\/aros_chinos_soga.jpg\"><img fetchpriority=\"high\" decoding=\"async\" class=\"alignnone size-full wp-image-175\" src=\"https:\/\/magoezequias.com.ar\/tienda\/wp-content\/uploads\/2014\/11\/aros_chinos_soga.jpg\" alt=\"aros_chinos_soga\" width=\"412\" height=\"336\" srcset=\"https:\/\/magoezequias.com.ar\/tienda\/wp-content\/uploads\/2014\/11\/aros_chinos_soga.jpg 412w, https:\/\/magoezequias.com.ar\/tienda\/wp-content\/uploads\/2014\/11\/aros_chinos_soga-300x244.jpg 300w\" sizes=\"(max-width: 412px) 100vw, 412px\" \/><\/a><\/p>\n<p>El mago toma tres sogas de color blanco y las anuda, formando tres aros. Luego comienza a enlazarlas entre s\u00ed, sin necesidad de desatar los nudos.\u00a0Similar a una rutina de aros chinos de metal pero con cuerdas.<\/p>\n<p>F\u00e1cil de realizar. Ideal para magia de sal\u00f3n o escena. Con rutina y explicaci\u00f3n en castellano.<\/p>\n","protected":false},"excerpt":{"rendered":"<p>Un juego similar a una rutina de aros chinos de metal pero con cuerdas de excelente calidad. Muy f\u00e1cil de realizar.<\/p>\n","protected":false},"featured_media":175,"comment_status":"open","ping_status":"closed","template":"","meta":[],"product_brand":[],"product_cat":[10,8],"product_tag":[94,95,96],"class_list":{"0":"post-174","1":"product","2":"type-product","3":"status-publish","4":"has-post-thumbnail","6":"product_cat-escena","7":"product_cat-infantil","8":"product_tag-aros","9":"product_tag-chinos","10":"product_tag-soga","12":"first","13":"outofstock","14":"shipping-taxable","15":"purchasable","16":"product-type-simple"},"aioseo_notices":[],"_links":{"self":[{"href":"https:\/\/magoezequias.com.ar\/tienda\/wp-json\/wp\/v2\/product\/174","targetHints":{"allow":["GET"]}}],"collection":[{"href":"https:\/\/magoezequias.com.ar\/tienda\/wp-json\/wp\/v2\/product"}],"about":[{"href":"https:\/\/magoezequias.com.ar\/tienda\/wp-json\/wp\/v2\/types\/product"}],"replies":[{"embeddable":true,"href":"https:\/\/magoezequias.com.ar\/tienda\/wp-json\/wp\/v2\/comments?post=174"}],"version-history":[{"count":0,"href":"https:\/\/magoezequias.com.ar\/tienda\/wp-json\/wp\/v2\/product\/174\/revisions"}],"wp:featuredmedia":[{"embeddable":true,"href":"https:\/\/magoezequias.com.ar\/tienda\/wp-json\/wp\/v2\/media\/175"}],"wp:attachment":[{"href":"https:\/\/magoezequias.com.ar\/tienda\/wp-json\/wp\/v2\/media?parent=174"}],"wp:term":[{"taxonomy":"product_brand","embeddable":true,"href":"https:\/\/magoezequias.com.ar\/tienda\/wp-json\/wp\/v2\/product_brand?post=174"},{"taxonomy":"product_cat","embeddable":true,"href":"https:\/\/magoezequias.com.ar\/tienda\/wp-json\/wp\/v2\/product_cat?post=174"},{"taxonomy":"product_tag","embeddable":true,"href":"https:\/\/magoezequias.com.ar\/tienda\/wp-json\/wp\/v2\/product_tag?post=174"}],"curies":[{"name":"wp","href":"https:\/\/api.w.org\/{rel}","templated":true}]}}