{"id":176,"date":"2014-11-11T23:19:00","date_gmt":"2014-11-11T23:19:00","guid":{"rendered":"https:\/\/magoezequias.com.ar\/tienda\/?post_type=product&#038;p=176"},"modified":"2023-02-17T19:33:21","modified_gmt":"2023-02-17T19:33:21","slug":"flipper-25-ctvs","status":"publish","type":"product","link":"https:\/\/magoezequias.com.ar\/tienda\/producto\/flipper-25-ctvs","title":{"rendered":"Flipper 25 Ctvs."},"content":{"rendered":"<p><a href=\"https:\/\/magoezequias.com.ar\/tienda\/wp-content\/uploads\/2014\/11\/moneda_flipper_25c.jpg\"><img fetchpriority=\"high\" decoding=\"async\" class=\"alignnone size-full wp-image-178\" src=\"https:\/\/magoezequias.com.ar\/tienda\/wp-content\/uploads\/2014\/11\/moneda_flipper_25c.jpg\" alt=\"moneda_flipper_25c\" width=\"319\" height=\"448\" srcset=\"https:\/\/magoezequias.com.ar\/tienda\/wp-content\/uploads\/2014\/11\/moneda_flipper_25c.jpg 319w, https:\/\/magoezequias.com.ar\/tienda\/wp-content\/uploads\/2014\/11\/moneda_flipper_25c-213x300.jpg 213w, https:\/\/magoezequias.com.ar\/tienda\/wp-content\/uploads\/2014\/11\/moneda_flipper_25c-300x421.jpg 300w\" sizes=\"(max-width: 319px) 100vw, 319px\" \/><\/a><\/p>\n<p>&nbsp;<\/p>\n<p>El mago ense\u00f1a dos monedas de 25 centavos, las coloca en la palma de su mano, cierra la misma e incre\u00edblemente al abrirla una de ellas ha desaparecido.<\/p>\n<p>Tambi\u00e9n usted puede solo pasar la mano sobre las monedas y una de ellas desaparece a la vista del p\u00fablico, pudiendo mostrar ambas manos.<\/p>\n<p>Un elemento que podr\u00e1 utilizar en m\u00faltiples rutinas, por ejemplo se puede utilizar para viajes de una mano a la otra, realizar la penetraci\u00f3n de una moneda a trav\u00e9s de un vaso de vidrio, etc.<\/p>\n","protected":false},"excerpt":{"rendered":"<p>Un elemento que le permitir\u00e1 realizar m\u00faltiples rutinas.<\/p>\n","protected":false},"featured_media":178,"comment_status":"open","ping_status":"closed","template":"","meta":[],"product_brand":[],"product_cat":[7,11],"product_tag":[98,97],"class_list":{"0":"post-176","1":"product","2":"type-product","3":"status-publish","4":"has-post-thumbnail","6":"product_cat-accesorios","7":"product_cat-close-up","8":"product_tag-flipper","9":"product_tag-moneda","11":"first","12":"outofstock","13":"shipping-taxable","14":"purchasable","15":"product-type-simple"},"aioseo_notices":[],"_links":{"self":[{"href":"https:\/\/magoezequias.com.ar\/tienda\/wp-json\/wp\/v2\/product\/176","targetHints":{"allow":["GET"]}}],"collection":[{"href":"https:\/\/magoezequias.com.ar\/tienda\/wp-json\/wp\/v2\/product"}],"about":[{"href":"https:\/\/magoezequias.com.ar\/tienda\/wp-json\/wp\/v2\/types\/product"}],"replies":[{"embeddable":true,"href":"https:\/\/magoezequias.com.ar\/tienda\/wp-json\/wp\/v2\/comments?post=176"}],"version-history":[{"count":0,"href":"https:\/\/magoezequias.com.ar\/tienda\/wp-json\/wp\/v2\/product\/176\/revisions"}],"wp:featuredmedia":[{"embeddable":true,"href":"https:\/\/magoezequias.com.ar\/tienda\/wp-json\/wp\/v2\/media\/178"}],"wp:attachment":[{"href":"https:\/\/magoezequias.com.ar\/tienda\/wp-json\/wp\/v2\/media?parent=176"}],"wp:term":[{"taxonomy":"product_brand","embeddable":true,"href":"https:\/\/magoezequias.com.ar\/tienda\/wp-json\/wp\/v2\/product_brand?post=176"},{"taxonomy":"product_cat","embeddable":true,"href":"https:\/\/magoezequias.com.ar\/tienda\/wp-json\/wp\/v2\/product_cat?post=176"},{"taxonomy":"product_tag","embeddable":true,"href":"https:\/\/magoezequias.com.ar\/tienda\/wp-json\/wp\/v2\/product_tag?post=176"}],"curies":[{"name":"wp","href":"https:\/\/api.w.org\/{rel}","templated":true}]}}