{"id":1777,"date":"2020-06-04T00:20:02","date_gmt":"2020-06-04T00:20:02","guid":{"rendered":"https:\/\/magoezequias.com.ar\/tienda\/?post_type=product&#038;p=1777"},"modified":"2020-06-04T00:21:22","modified_gmt":"2020-06-04T00:21:22","slug":"carta-panuelo-perro","status":"publish","type":"product","link":"https:\/\/magoezequias.com.ar\/tienda\/producto\/carta-panuelo-perro","title":{"rendered":"Carta Pa\u00f1uelo &#8211; Perro"},"content":{"rendered":"<p style=\"text-align: justify;\"><a href=\"https:\/\/magoezequias.com.ar\/tienda\/wp-content\/uploads\/2020\/06\/perro-3.png\"><img fetchpriority=\"high\" decoding=\"async\" class=\"wp-image-1781 aligncenter\" src=\"https:\/\/magoezequias.com.ar\/tienda\/wp-content\/uploads\/2020\/06\/perro-3.png\" alt=\"\" width=\"517\" height=\"394\" srcset=\"https:\/\/magoezequias.com.ar\/tienda\/wp-content\/uploads\/2020\/06\/perro-3.png 945w, https:\/\/magoezequias.com.ar\/tienda\/wp-content\/uploads\/2020\/06\/perro-3-300x229.png 300w, https:\/\/magoezequias.com.ar\/tienda\/wp-content\/uploads\/2020\/06\/perro-3-768x585.png 768w\" sizes=\"(max-width: 517px) 100vw, 517px\" \/><\/a><\/p>\n<p style=\"text-align: justify;\">Todos conocemos el cl\u00e1sico juego de Carta al pa\u00f1uelo, esta es una presentaci\u00f3n ideal para shows familiares o infantiles<\/p>\n<p>&nbsp;<\/p>\n<p style=\"text-align: justify;\">El mago muestra un pa\u00f1uelo que simula ser un lugar donde ocurrir\u00e1 el show, se muestra un escenario vac\u00edo y dos farolas de iluminaci\u00f3n. Luego lo guarda en una bolsa o lo pliega, lo envuelve con unas bandas el\u00e1sticas y se lo da a sostener a un ayudante<\/p>\n<p>&nbsp;<\/p>\n<p style=\"text-align: justify;\">Posteriormente se muestran varias cartas jumbo donde se observan distintos animales y un espectador elije uno, supongamos un perro.<\/p>\n<p>&nbsp;<\/p>\n<p style=\"text-align: justify;\">El mago dice que m\u00e1gicamente el animal elegido aparecer\u00e1 en el escenario. Al sacar el pa\u00f1uelo y abrirlo se observa que el perro esta sonriente en el pa\u00f1uelo.<\/p>\n<p><a href=\"https:\/\/magoezequias.com.ar\/tienda\/wp-content\/uploads\/2020\/06\/carta-pa\u00f1uelo-perro.png\"><img decoding=\"async\" class=\"aligncenter wp-image-1779\" src=\"https:\/\/magoezequias.com.ar\/tienda\/wp-content\/uploads\/2020\/06\/carta-pa\u00f1uelo-perro.png\" alt=\"\" width=\"551\" height=\"426\" srcset=\"https:\/\/magoezequias.com.ar\/tienda\/wp-content\/uploads\/2020\/06\/carta-pa\u00f1uelo-perro.png 930w, https:\/\/magoezequias.com.ar\/tienda\/wp-content\/uploads\/2020\/06\/carta-pa\u00f1uelo-perro-300x232.png 300w, https:\/\/magoezequias.com.ar\/tienda\/wp-content\/uploads\/2020\/06\/carta-pa\u00f1uelo-perro-768x595.png 768w\" sizes=\"(max-width: 551px) 100vw, 551px\" \/><\/a><\/p>\n<p style=\"text-align: justify;\">Usted recibe:<\/p>\n<p style=\"text-align: justify;\">Pa\u00f1uelo con el escenario, la iluminaci\u00f3n y el centro totalmente en blanco<\/p>\n<p style=\"text-align: justify;\">Pa\u00f1uelo con el dibujo de un perro para que puedas realizar la rutina del estilo carta al pa\u00f1uelo<\/p>\n<p style=\"text-align: justify;\">Cartas semi jumbo de animales para poder forzar la imagen del perro<\/p>\n<p style=\"text-align: justify;\">Los pa\u00f1uelos est\u00e1n impresos con colores muy vivos, son de muy buena calidad, de 45 x 45 cent\u00edmetros, se pueden lavar y planchar.<\/p>\n<p style=\"text-align: justify;\">La Bolsa de Cambio no est\u00e1 incluida; usted debe usar la suya u otro elemento o t\u00e9cnica para cambiar los pa\u00f1uelos.<\/p>\n<p>&nbsp;<\/p>\n<p><iframe src=\"https:\/\/www.youtube.com\/embed\/L6X6bkdfc04\" width=\"560\" height=\"315\" frameborder=\"0\" allowfullscreen=\"allowfullscreen\"><\/iframe><\/p>\n","protected":false},"excerpt":{"rendered":"<p>Una rutina muy visual y que no ocupa lugar para transportar!!!!<\/p>\n","protected":false},"featured_media":1781,"comment_status":"open","ping_status":"closed","template":"","meta":[],"product_brand":[],"product_cat":[60,8,9],"product_tag":[137,100,17,185,52,581],"class_list":{"0":"post-1777","1":"product","2":"type-product","3":"status-publish","4":"has-post-thumbnail","6":"product_cat-ezequias-2","7":"product_cat-infantil","8":"product_cat-salon","9":"product_tag-card","10":"product_tag-carta","11":"product_tag-ezequias","12":"product_tag-magic","13":"product_tag-panuelo","14":"product_tag-perro","16":"first","17":"instock","18":"shipping-taxable","19":"purchasable","20":"product-type-simple"},"aioseo_notices":[],"_links":{"self":[{"href":"https:\/\/magoezequias.com.ar\/tienda\/wp-json\/wp\/v2\/product\/1777","targetHints":{"allow":["GET"]}}],"collection":[{"href":"https:\/\/magoezequias.com.ar\/tienda\/wp-json\/wp\/v2\/product"}],"about":[{"href":"https:\/\/magoezequias.com.ar\/tienda\/wp-json\/wp\/v2\/types\/product"}],"replies":[{"embeddable":true,"href":"https:\/\/magoezequias.com.ar\/tienda\/wp-json\/wp\/v2\/comments?post=1777"}],"version-history":[{"count":0,"href":"https:\/\/magoezequias.com.ar\/tienda\/wp-json\/wp\/v2\/product\/1777\/revisions"}],"wp:featuredmedia":[{"embeddable":true,"href":"https:\/\/magoezequias.com.ar\/tienda\/wp-json\/wp\/v2\/media\/1781"}],"wp:attachment":[{"href":"https:\/\/magoezequias.com.ar\/tienda\/wp-json\/wp\/v2\/media?parent=1777"}],"wp:term":[{"taxonomy":"product_brand","embeddable":true,"href":"https:\/\/magoezequias.com.ar\/tienda\/wp-json\/wp\/v2\/product_brand?post=1777"},{"taxonomy":"product_cat","embeddable":true,"href":"https:\/\/magoezequias.com.ar\/tienda\/wp-json\/wp\/v2\/product_cat?post=1777"},{"taxonomy":"product_tag","embeddable":true,"href":"https:\/\/magoezequias.com.ar\/tienda\/wp-json\/wp\/v2\/product_tag?post=1777"}],"curies":[{"name":"wp","href":"https:\/\/api.w.org\/{rel}","templated":true}]}}