{"id":1786,"date":"2020-07-02T17:53:55","date_gmt":"2020-07-02T17:53:55","guid":{"rendered":"https:\/\/magoezequias.com.ar\/tienda\/?post_type=product&#038;p=1786"},"modified":"2024-03-12T08:15:13","modified_gmt":"2024-03-12T08:15:13","slug":"cual-es-la-mas-grande","status":"publish","type":"product","link":"https:\/\/magoezequias.com.ar\/tienda\/producto\/cual-es-la-mas-grande","title":{"rendered":"Cual es la m\u00e1s grande"},"content":{"rendered":"<p style=\"text-align: justify;\"><a href=\"https:\/\/magoezequias.com.ar\/tienda\/wp-content\/uploads\/2020\/07\/12345-card-2.jpg\"><img fetchpriority=\"high\" decoding=\"async\" class=\"aligncenter wp-image-1787\" src=\"https:\/\/magoezequias.com.ar\/tienda\/wp-content\/uploads\/2020\/07\/12345-card-2.jpg\" alt=\"\" width=\"477\" height=\"366\" srcset=\"https:\/\/magoezequias.com.ar\/tienda\/wp-content\/uploads\/2020\/07\/12345-card-2.jpg 1200w, https:\/\/magoezequias.com.ar\/tienda\/wp-content\/uploads\/2020\/07\/12345-card-2-300x230.jpg 300w, https:\/\/magoezequias.com.ar\/tienda\/wp-content\/uploads\/2020\/07\/12345-card-2-1024x785.jpg 1024w, https:\/\/magoezequias.com.ar\/tienda\/wp-content\/uploads\/2020\/07\/12345-card-2-768x589.jpg 768w\" sizes=\"(max-width: 477px) 100vw, 477px\" \/><\/a><\/p>\n<p style=\"text-align: justify;\">El mago muestra 5 cartas entre sus manos, se ve el As, 2, 3, 4 y 5. Se le pregunta al espectador para \u00e9l cual es la carta m\u00e1s grande. No importa la respuesta ya que habr\u00e1 un resultado inesperado. \u00a1Este es un gran juego de apertura, r\u00e1pido y efectivo!<\/p>\n<p style=\"text-align: justify;\">Las 5 cartas son primero mostradas una al lado de la otra, se pregunta a la audiencia, si el As o el 5 es la m\u00e1s grande.<\/p>\n<p style=\"text-align: justify;\"><a href=\"https:\/\/magoezequias.com.ar\/tienda\/wp-content\/uploads\/2020\/07\/12345-card.jpg\"><img decoding=\"async\" class=\"aligncenter wp-image-1788\" src=\"https:\/\/magoezequias.com.ar\/tienda\/wp-content\/uploads\/2020\/07\/12345-card.jpg\" alt=\"\" width=\"502\" height=\"378\" srcset=\"https:\/\/magoezequias.com.ar\/tienda\/wp-content\/uploads\/2020\/07\/12345-card.jpg 1200w, https:\/\/magoezequias.com.ar\/tienda\/wp-content\/uploads\/2020\/07\/12345-card-300x226.jpg 300w, https:\/\/magoezequias.com.ar\/tienda\/wp-content\/uploads\/2020\/07\/12345-card-1024x771.jpg 1024w, https:\/\/magoezequias.com.ar\/tienda\/wp-content\/uploads\/2020\/07\/12345-card-768x578.jpg 768w\" sizes=\"(max-width: 502px) 100vw, 502px\" \/><\/a><\/p>\n<p style=\"text-align: justify;\">La respuesta de la audiencia es As (si la respuesta de la audiencia es 5, entonces usted dice, por supuesto que no, \u00a1el As es m\u00e1s grande!), entonces en este momento el As realmente se convirti\u00f3 en una carta m\u00e1s grande, \u00a1Pero las otras cartas se hicieron cada vez m\u00e1s peque\u00f1as!<\/p>\n<p>&nbsp;<\/p>\n<p style=\"text-align: justify;\">Es muy f\u00e1cil de realizar y autom\u00e1tico.<\/p>\n","protected":false},"excerpt":{"rendered":"<p>En juego muy f\u00e1cil de realizar y autom\u00e1tico.<\/p>\n","protected":false},"featured_media":1788,"comment_status":"open","ping_status":"closed","template":"","meta":[],"product_brand":[],"product_cat":[12,11,319],"product_tag":[100,592,56],"class_list":{"0":"post-1786","1":"product","2":"type-product","3":"status-publish","4":"has-post-thumbnail","6":"product_cat-cartomagia","7":"product_cat-close-up","8":"product_cat-principiantes","9":"product_tag-carta","10":"product_tag-grande","11":"product_tag-naipe","13":"first","14":"instock","15":"shipping-taxable","16":"purchasable","17":"product-type-simple"},"aioseo_notices":[],"_links":{"self":[{"href":"https:\/\/magoezequias.com.ar\/tienda\/wp-json\/wp\/v2\/product\/1786","targetHints":{"allow":["GET"]}}],"collection":[{"href":"https:\/\/magoezequias.com.ar\/tienda\/wp-json\/wp\/v2\/product"}],"about":[{"href":"https:\/\/magoezequias.com.ar\/tienda\/wp-json\/wp\/v2\/types\/product"}],"replies":[{"embeddable":true,"href":"https:\/\/magoezequias.com.ar\/tienda\/wp-json\/wp\/v2\/comments?post=1786"}],"version-history":[{"count":0,"href":"https:\/\/magoezequias.com.ar\/tienda\/wp-json\/wp\/v2\/product\/1786\/revisions"}],"wp:featuredmedia":[{"embeddable":true,"href":"https:\/\/magoezequias.com.ar\/tienda\/wp-json\/wp\/v2\/media\/1788"}],"wp:attachment":[{"href":"https:\/\/magoezequias.com.ar\/tienda\/wp-json\/wp\/v2\/media?parent=1786"}],"wp:term":[{"taxonomy":"product_brand","embeddable":true,"href":"https:\/\/magoezequias.com.ar\/tienda\/wp-json\/wp\/v2\/product_brand?post=1786"},{"taxonomy":"product_cat","embeddable":true,"href":"https:\/\/magoezequias.com.ar\/tienda\/wp-json\/wp\/v2\/product_cat?post=1786"},{"taxonomy":"product_tag","embeddable":true,"href":"https:\/\/magoezequias.com.ar\/tienda\/wp-json\/wp\/v2\/product_tag?post=1786"}],"curies":[{"name":"wp","href":"https:\/\/api.w.org\/{rel}","templated":true}]}}