{"id":179,"date":"2014-11-11T23:26:34","date_gmt":"2014-11-11T23:26:34","guid":{"rendered":"https:\/\/magoezequias.com.ar\/tienda\/?post_type=product&#038;p=179"},"modified":"2019-11-20T02:55:51","modified_gmt":"2019-11-20T02:55:51","slug":"moneda-jumbo-25-ctvs","status":"publish","type":"product","link":"https:\/\/magoezequias.com.ar\/tienda\/producto\/moneda-jumbo-25-ctvs","title":{"rendered":"Moneda Jumbo 25 Ctvs."},"content":{"rendered":"<p><a href=\"https:\/\/magoezequias.com.ar\/tienda\/wp-content\/uploads\/2014\/11\/moneda_jumbo_25.jpg\"><img fetchpriority=\"high\" decoding=\"async\" class=\"alignnone size-full wp-image-180\" src=\"https:\/\/magoezequias.com.ar\/tienda\/wp-content\/uploads\/2014\/11\/moneda_jumbo_25.jpg\" alt=\"moneda_jumbo_25\" width=\"336\" height=\"358\" srcset=\"https:\/\/magoezequias.com.ar\/tienda\/wp-content\/uploads\/2014\/11\/moneda_jumbo_25.jpg 336w, https:\/\/magoezequias.com.ar\/tienda\/wp-content\/uploads\/2014\/11\/moneda_jumbo_25-281x300.jpg 281w, https:\/\/magoezequias.com.ar\/tienda\/wp-content\/uploads\/2014\/11\/moneda_jumbo_25-300x319.jpg 300w\" sizes=\"(max-width: 336px) 100vw, 336px\" \/><\/a><\/p>\n<p>Moneda met\u00e1lica tama\u00f1o jumbo. Tiene 75 mm. de di\u00e1metro, 4 mm de espesor y pesa solo 80 gramos.<\/p>\n<p>Imagine pedir prestada una moneda de 25 centavos y transformarla en una moneda jumbo.<\/p>\n<p>Esta nueva moneda a diferencia de la cl\u00e1sica moneda jumbo, esta completamente cromada dando un mejor aspecto.<\/p>\n<p>&nbsp;<\/p>\n","protected":false},"excerpt":{"rendered":"<p>Un elemento ideal para finalizar cualquier rutina de monedas.<\/p>\n","protected":false},"featured_media":180,"comment_status":"open","ping_status":"closed","template":"","meta":[],"product_brand":[],"product_cat":[7,11],"product_tag":[99,97],"class_list":{"0":"post-179","1":"product","2":"type-product","3":"status-publish","4":"has-post-thumbnail","6":"product_cat-accesorios","7":"product_cat-close-up","8":"product_tag-jumbo","9":"product_tag-moneda","11":"first","12":"outofstock","13":"shipping-taxable","14":"purchasable","15":"product-type-simple"},"aioseo_notices":[],"_links":{"self":[{"href":"https:\/\/magoezequias.com.ar\/tienda\/wp-json\/wp\/v2\/product\/179","targetHints":{"allow":["GET"]}}],"collection":[{"href":"https:\/\/magoezequias.com.ar\/tienda\/wp-json\/wp\/v2\/product"}],"about":[{"href":"https:\/\/magoezequias.com.ar\/tienda\/wp-json\/wp\/v2\/types\/product"}],"replies":[{"embeddable":true,"href":"https:\/\/magoezequias.com.ar\/tienda\/wp-json\/wp\/v2\/comments?post=179"}],"version-history":[{"count":0,"href":"https:\/\/magoezequias.com.ar\/tienda\/wp-json\/wp\/v2\/product\/179\/revisions"}],"wp:featuredmedia":[{"embeddable":true,"href":"https:\/\/magoezequias.com.ar\/tienda\/wp-json\/wp\/v2\/media\/180"}],"wp:attachment":[{"href":"https:\/\/magoezequias.com.ar\/tienda\/wp-json\/wp\/v2\/media?parent=179"}],"wp:term":[{"taxonomy":"product_brand","embeddable":true,"href":"https:\/\/magoezequias.com.ar\/tienda\/wp-json\/wp\/v2\/product_brand?post=179"},{"taxonomy":"product_cat","embeddable":true,"href":"https:\/\/magoezequias.com.ar\/tienda\/wp-json\/wp\/v2\/product_cat?post=179"},{"taxonomy":"product_tag","embeddable":true,"href":"https:\/\/magoezequias.com.ar\/tienda\/wp-json\/wp\/v2\/product_tag?post=179"}],"curies":[{"name":"wp","href":"https:\/\/api.w.org\/{rel}","templated":true}]}}