{"id":1804,"date":"2020-07-08T21:53:22","date_gmt":"2020-07-08T21:53:22","guid":{"rendered":"https:\/\/magoezequias.com.ar\/tienda\/?post_type=product&#038;p=1804"},"modified":"2024-10-10T04:48:31","modified_gmt":"2024-10-10T04:48:31","slug":"flip-flop-spots-4-fin-jumbo","status":"publish","type":"product","link":"https:\/\/magoezequias.com.ar\/tienda\/producto\/flip-flop-spots-4-fin-jumbo","title":{"rendered":"Flip Flop Spots 4 \u2013 Fin &#8211; Jumbo"},"content":{"rendered":"<p><a href=\"https:\/\/magoezequias.com.ar\/tienda\/wp-content\/uploads\/2020\/07\/flip-flop-flap-42-jumbo-1.jpg\"><img fetchpriority=\"high\" decoding=\"async\" class=\"aligncenter wp-image-1801\" src=\"https:\/\/magoezequias.com.ar\/tienda\/wp-content\/uploads\/2020\/07\/flip-flop-flap-42-jumbo-1.jpg\" alt=\"\" width=\"519\" height=\"307\" srcset=\"https:\/\/magoezequias.com.ar\/tienda\/wp-content\/uploads\/2020\/07\/flip-flop-flap-42-jumbo-1.jpg 1200w, https:\/\/magoezequias.com.ar\/tienda\/wp-content\/uploads\/2020\/07\/flip-flop-flap-42-jumbo-1-300x178.jpg 300w, https:\/\/magoezequias.com.ar\/tienda\/wp-content\/uploads\/2020\/07\/flip-flop-flap-42-jumbo-1-1024x606.jpg 1024w, https:\/\/magoezequias.com.ar\/tienda\/wp-content\/uploads\/2020\/07\/flip-flop-flap-42-jumbo-1-768x454.jpg 768w\" sizes=\"(max-width: 519px) 100vw, 519px\" \/><\/a><\/p>\n<p style=\"text-align: justify;\">El mago muestra cuatro piezas de cart\u00f3n pegadas con un c\u00edrculo verde en la parte superior y manchas rojas en las tres inferiores.\u00a0Paso a paso, el artista muestra como el c\u00edrculo verde viaja hacia abajo a medida que las aletas se cierran y abren, a pesar de que las aletas est\u00e1n firmemente unidas entre s\u00ed.<\/p>\n<p>&nbsp;<\/p>\n<p style=\"text-align: justify;\">Los espectadores comienzan a advertir como es el mecanismo del juego, hasta que el mago muestra ambos lados y explica la situaci\u00f3n.<\/p>\n<div class=\"google-auto-placed ap_container\" style=\"text-align: justify;\"><\/div>\n<p style=\"text-align: justify;\">Pero eso no es todo\u2026.\u00a0Al abrir los cartones nuevamente todas las manchas cambian de color.\u00a0Y hay m\u00e1s!!!!<\/p>\n<p>&nbsp;<\/p>\n<p style=\"text-align: justify;\">Para el gran final, cuando las solapas est\u00e1n al rev\u00e9s, el mago dice esto se est\u00e1 llenando de manchas y hay un circulo multicolor en la parte posterior, entonces expresa mejor terminemos y aparece la palabra FIN.<\/p>\n<p style=\"text-align: justify;\"><a href=\"https:\/\/magoezequias.com.ar\/tienda\/wp-content\/uploads\/2020\/07\/flip-flop-flap-41-jumbo.jpg\"><img decoding=\"async\" class=\"aligncenter wp-image-1798\" src=\"https:\/\/magoezequias.com.ar\/tienda\/wp-content\/uploads\/2020\/07\/flip-flop-flap-41-jumbo.jpg\" alt=\"\" width=\"496\" height=\"289\" srcset=\"https:\/\/magoezequias.com.ar\/tienda\/wp-content\/uploads\/2020\/07\/flip-flop-flap-41-jumbo.jpg 1200w, https:\/\/magoezequias.com.ar\/tienda\/wp-content\/uploads\/2020\/07\/flip-flop-flap-41-jumbo-300x175.jpg 300w, https:\/\/magoezequias.com.ar\/tienda\/wp-content\/uploads\/2020\/07\/flip-flop-flap-41-jumbo-1024x596.jpg 1024w, https:\/\/magoezequias.com.ar\/tienda\/wp-content\/uploads\/2020\/07\/flip-flop-flap-41-jumbo-768x447.jpg 768w\" sizes=\"(max-width: 496px) 100vw, 496px\" \/><\/a><\/p>\n<p style=\"text-align: justify;\">Una rutina muy divertida que usted puede adaptar a su estilo. No ocupa lugar para transportar y rinde mucho en escena.<\/p>\n<p style=\"text-align: justify;\">Construido en una versi\u00f3n Jumbo de cart\u00f3n de calidad y bisagras de tela para mayor durabilidad. Excelente soporte Fold Flat, adecuado para una gran audiencia, listo para usar, con instrucciones en video online.<\/p>\n<p><iframe src=\"https:\/\/www.youtube.com\/embed\/cZk77tUWulc\" width=\"560\" height=\"315\" frameborder=\"0\" allowfullscreen=\"allowfullscreen\"><\/iframe><\/p>\n<p>&nbsp;<\/p>\n","protected":false},"excerpt":{"rendered":"<p>Excelente soporte Fold Flat, adecuado para una gran audiencia!!!<\/p>\n","protected":false},"featured_media":1798,"comment_status":"open","ping_status":"closed","template":"","meta":[],"product_brand":[],"product_cat":[10,8,9],"product_tag":[598,599,596,593,595],"class_list":{"0":"post-1804","1":"product","2":"type-product","3":"status-publish","4":"has-post-thumbnail","6":"product_cat-escena","7":"product_cat-infantil","8":"product_cat-salon","9":"product_tag-circulo","10":"product_tag-fin","11":"product_tag-flap","12":"product_tag-flip","13":"product_tag-spots","15":"first","16":"outofstock","17":"shipping-taxable","18":"purchasable","19":"product-type-simple"},"aioseo_notices":[],"_links":{"self":[{"href":"https:\/\/magoezequias.com.ar\/tienda\/wp-json\/wp\/v2\/product\/1804","targetHints":{"allow":["GET"]}}],"collection":[{"href":"https:\/\/magoezequias.com.ar\/tienda\/wp-json\/wp\/v2\/product"}],"about":[{"href":"https:\/\/magoezequias.com.ar\/tienda\/wp-json\/wp\/v2\/types\/product"}],"replies":[{"embeddable":true,"href":"https:\/\/magoezequias.com.ar\/tienda\/wp-json\/wp\/v2\/comments?post=1804"}],"version-history":[{"count":0,"href":"https:\/\/magoezequias.com.ar\/tienda\/wp-json\/wp\/v2\/product\/1804\/revisions"}],"wp:featuredmedia":[{"embeddable":true,"href":"https:\/\/magoezequias.com.ar\/tienda\/wp-json\/wp\/v2\/media\/1798"}],"wp:attachment":[{"href":"https:\/\/magoezequias.com.ar\/tienda\/wp-json\/wp\/v2\/media?parent=1804"}],"wp:term":[{"taxonomy":"product_brand","embeddable":true,"href":"https:\/\/magoezequias.com.ar\/tienda\/wp-json\/wp\/v2\/product_brand?post=1804"},{"taxonomy":"product_cat","embeddable":true,"href":"https:\/\/magoezequias.com.ar\/tienda\/wp-json\/wp\/v2\/product_cat?post=1804"},{"taxonomy":"product_tag","embeddable":true,"href":"https:\/\/magoezequias.com.ar\/tienda\/wp-json\/wp\/v2\/product_tag?post=1804"}],"curies":[{"name":"wp","href":"https:\/\/api.w.org\/{rel}","templated":true}]}}