{"id":1805,"date":"2020-07-08T21:59:18","date_gmt":"2020-07-08T21:59:18","guid":{"rendered":"https:\/\/magoezequias.com.ar\/tienda\/?post_type=product&#038;p=1805"},"modified":"2024-08-23T23:36:54","modified_gmt":"2024-08-23T23:36:54","slug":"flip-flop-spots-6-es-magia","status":"publish","type":"product","link":"https:\/\/magoezequias.com.ar\/tienda\/producto\/flip-flop-spots-6-es-magia","title":{"rendered":"Flip Flop Spots 6 \u2013 Es Magia"},"content":{"rendered":"<p><a href=\"https:\/\/magoezequias.com.ar\/tienda\/wp-content\/uploads\/2020\/07\/flip-flop-flap-6-scaled.jpg\"><img fetchpriority=\"high\" decoding=\"async\" class=\"aligncenter wp-image-1796\" src=\"https:\/\/magoezequias.com.ar\/tienda\/wp-content\/uploads\/2020\/07\/flip-flop-flap-6-scaled.jpg\" alt=\"\" width=\"584\" height=\"349\" srcset=\"https:\/\/magoezequias.com.ar\/tienda\/wp-content\/uploads\/2020\/07\/flip-flop-flap-6-scaled.jpg 2560w, https:\/\/magoezequias.com.ar\/tienda\/wp-content\/uploads\/2020\/07\/flip-flop-flap-6-300x179.jpg 300w, https:\/\/magoezequias.com.ar\/tienda\/wp-content\/uploads\/2020\/07\/flip-flop-flap-6-1024x613.jpg 1024w, https:\/\/magoezequias.com.ar\/tienda\/wp-content\/uploads\/2020\/07\/flip-flop-flap-6-768x459.jpg 768w, https:\/\/magoezequias.com.ar\/tienda\/wp-content\/uploads\/2020\/07\/flip-flop-flap-6-1536x919.jpg 1536w, https:\/\/magoezequias.com.ar\/tienda\/wp-content\/uploads\/2020\/07\/flip-flop-flap-6-2048x1225.jpg 2048w\" sizes=\"(max-width: 584px) 100vw, 584px\" \/><\/a><\/p>\n<p style=\"text-align: justify;\">El mago muestra una tira doblada de acorde\u00f3n de seis paneles, que tienen tres puntos rojos en la parte superior y tres puntos verdes en la parte inferior.<\/p>\n<p>&nbsp;<\/p>\n<p style=\"text-align: justify;\">Lo cierra y al abrir la tira de nuevo muestra que los puntos rojos est\u00e1n en la parte inferior y los puntos verdes en la parte superior.\u00a0Esto lo repite esto un par de veces, pero la audiencia no est\u00e1 impresionada.<\/p>\n<p>&nbsp;<\/p>\n<p style=\"text-align: justify;\">El mago decide cambiar su magia y cuando la tira se abre de nuevo, los puntos rojo y verde ahora aparecen alternados.<\/p>\n<p>&nbsp;<\/p>\n<p style=\"text-align: justify;\">A medida que el p\u00fablico registra esto, comienzan a notar cual es el secreto. Finalmente, el mago decide mostrar los dos lados de la tira y explicar el mecanismo que usaba.<\/p>\n<p>&nbsp;<\/p>\n<p style=\"text-align: justify;\">Cuando creen que todo termin\u00f3 el mago expresa hasta aqu\u00ed creen que fue trampa, pero dobla y abre la tira por \u00faltima vez, y todos los puntos en exhibici\u00f3n han cambiado a distintos colores!!!<\/p>\n<p>&nbsp;<\/p>\n<p style=\"text-align: justify;\">Para el cl\u00edmax, final el mago expresa, vieron les dije que esto No es Trampa, saben cu\u00e1l es el motivo que esto ocurra, all\u00ed da vuelta la tira, y cuando muestra el otro lado, se lee \u00abES MAGIA\u00bb.<\/p>\n<p>&nbsp;<\/p>\n<p><a href=\"https:\/\/magoezequias.com.ar\/tienda\/wp-content\/uploads\/2020\/07\/flip-flop-flap-62-scaled.jpg\"><img decoding=\"async\" class=\"aligncenter wp-image-1802\" src=\"https:\/\/magoezequias.com.ar\/tienda\/wp-content\/uploads\/2020\/07\/flip-flop-flap-62-scaled.jpg\" alt=\"\" width=\"562\" height=\"320\" srcset=\"https:\/\/magoezequias.com.ar\/tienda\/wp-content\/uploads\/2020\/07\/flip-flop-flap-62-scaled.jpg 2560w, https:\/\/magoezequias.com.ar\/tienda\/wp-content\/uploads\/2020\/07\/flip-flop-flap-62-300x170.jpg 300w, https:\/\/magoezequias.com.ar\/tienda\/wp-content\/uploads\/2020\/07\/flip-flop-flap-62-1024x582.jpg 1024w, https:\/\/magoezequias.com.ar\/tienda\/wp-content\/uploads\/2020\/07\/flip-flop-flap-62-768x436.jpg 768w, https:\/\/magoezequias.com.ar\/tienda\/wp-content\/uploads\/2020\/07\/flip-flop-flap-62-1536x873.jpg 1536w, https:\/\/magoezequias.com.ar\/tienda\/wp-content\/uploads\/2020\/07\/flip-flop-flap-62-2048x1164.jpg 2048w\" sizes=\"(max-width: 562px) 100vw, 562px\" \/><\/a><\/p>\n<p style=\"text-align: justify;\">Una rutina muy divertida que usted puede adaptar a su estilo. No ocupa lugar para transportar y rinde mucho en escena.<\/p>\n<p style=\"text-align: justify;\">Construido en cart\u00f3n de calidad y bisagras de tela para mayor durabilidad.\u00a0Excelente soporte Fold Flat, adecuado para una gran audiencia, listo para usar, con instrucciones en video online.<\/p>\n<p><iframe src=\"https:\/\/www.youtube.com\/embed\/-heUcgi9BTo\" width=\"560\" height=\"315\" frameborder=\"0\" allowfullscreen=\"allowfullscreen\"><\/iframe><\/p>\n<div class=\"woocommerce-product-gallery woocommerce-product-gallery--with-images woocommerce-product-gallery--columns-2 images\" data-columns=\"2\">\n<p>&nbsp;<\/p>\n<\/div>\n","protected":false},"excerpt":{"rendered":"<p>Excelente soporte Fold Flat, adecuado para una gran audiencia!!!<\/p>\n","protected":false},"featured_media":1796,"comment_status":"open","ping_status":"closed","template":"","meta":[],"product_brand":[],"product_cat":[10,8,9],"product_tag":[],"class_list":{"0":"post-1805","1":"product","2":"type-product","3":"status-publish","4":"has-post-thumbnail","6":"product_cat-escena","7":"product_cat-infantil","8":"product_cat-salon","10":"first","11":"outofstock","12":"shipping-taxable","13":"purchasable","14":"product-type-simple"},"aioseo_notices":[],"_links":{"self":[{"href":"https:\/\/magoezequias.com.ar\/tienda\/wp-json\/wp\/v2\/product\/1805","targetHints":{"allow":["GET"]}}],"collection":[{"href":"https:\/\/magoezequias.com.ar\/tienda\/wp-json\/wp\/v2\/product"}],"about":[{"href":"https:\/\/magoezequias.com.ar\/tienda\/wp-json\/wp\/v2\/types\/product"}],"replies":[{"embeddable":true,"href":"https:\/\/magoezequias.com.ar\/tienda\/wp-json\/wp\/v2\/comments?post=1805"}],"version-history":[{"count":0,"href":"https:\/\/magoezequias.com.ar\/tienda\/wp-json\/wp\/v2\/product\/1805\/revisions"}],"wp:featuredmedia":[{"embeddable":true,"href":"https:\/\/magoezequias.com.ar\/tienda\/wp-json\/wp\/v2\/media\/1796"}],"wp:attachment":[{"href":"https:\/\/magoezequias.com.ar\/tienda\/wp-json\/wp\/v2\/media?parent=1805"}],"wp:term":[{"taxonomy":"product_brand","embeddable":true,"href":"https:\/\/magoezequias.com.ar\/tienda\/wp-json\/wp\/v2\/product_brand?post=1805"},{"taxonomy":"product_cat","embeddable":true,"href":"https:\/\/magoezequias.com.ar\/tienda\/wp-json\/wp\/v2\/product_cat?post=1805"},{"taxonomy":"product_tag","embeddable":true,"href":"https:\/\/magoezequias.com.ar\/tienda\/wp-json\/wp\/v2\/product_tag?post=1805"}],"curies":[{"name":"wp","href":"https:\/\/api.w.org\/{rel}","templated":true}]}}