{"id":1806,"date":"2020-07-08T22:03:08","date_gmt":"2020-07-08T22:03:08","guid":{"rendered":"https:\/\/magoezequias.com.ar\/tienda\/?post_type=product&#038;p=1806"},"modified":"2024-06-12T15:14:37","modified_gmt":"2024-06-12T15:14:37","slug":"flip-flop-spots-8-feliz-cumple","status":"publish","type":"product","link":"https:\/\/magoezequias.com.ar\/tienda\/producto\/flip-flop-spots-8-feliz-cumple","title":{"rendered":"Flip Flop Spots 8 \u2013 Feliz Cumple!!!"},"content":{"rendered":"<p><a href=\"https:\/\/magoezequias.com.ar\/tienda\/wp-content\/uploads\/2020\/07\/flip-flop-flap-82.jpg\"><img fetchpriority=\"high\" decoding=\"async\" class=\"aligncenter wp-image-1803\" src=\"https:\/\/magoezequias.com.ar\/tienda\/wp-content\/uploads\/2020\/07\/flip-flop-flap-82.jpg\" alt=\"\" width=\"556\" height=\"339\" srcset=\"https:\/\/magoezequias.com.ar\/tienda\/wp-content\/uploads\/2020\/07\/flip-flop-flap-82.jpg 1200w, https:\/\/magoezequias.com.ar\/tienda\/wp-content\/uploads\/2020\/07\/flip-flop-flap-82-300x183.jpg 300w, https:\/\/magoezequias.com.ar\/tienda\/wp-content\/uploads\/2020\/07\/flip-flop-flap-82-1024x624.jpg 1024w, https:\/\/magoezequias.com.ar\/tienda\/wp-content\/uploads\/2020\/07\/flip-flop-flap-82-768x468.jpg 768w\" sizes=\"(max-width: 556px) 100vw, 556px\" \/><\/a><\/p>\n<p style=\"text-align: justify;\">El mago muestra una tira doblada de acorde\u00f3n de ocho paneles, que tienen cuatro puntos rojos en la parte superior y cuatro puntos verdes en la parte inferior.<\/p>\n<p style=\"text-align: justify;\">Lo cierra y al abrir la tira de nuevo muestra que los puntos rojos est\u00e1n en la parte inferior y los puntos verdes en la parte superior.\u00a0Esto lo repite esto un par de veces, pero la audiencia no est\u00e1 impresionada.<\/p>\n<p style=\"text-align: justify;\">El mago decide cambiar su magia y cuando la tira se abre de nuevo, los puntos rojo y verde ahora aparecen alternados.<\/p>\n<p style=\"text-align: justify;\">A medida que el p\u00fablico registra esto, comienzan a notar cual es el secreto. Finalmente, el mago decide mostrar los dos lados de la tira y explicar el mecanismo que usaba.<\/p>\n<p style=\"text-align: justify;\">Cuando creen que todo termin\u00f3 el mago expresa hasta aqu\u00ed creen que fue trampa, pero ahora viene la magia con un regalo para el agasajado!!!<\/p>\n<p style=\"text-align: justify;\">Dobla y abre la tira por \u00faltima vez, y todos los puntos en exhibici\u00f3n han cambiado!!! En un lado aparece la palabra FELIZ y para el cl\u00edmax, final el mago da vuelta la tira, y cuando muestra el otro lado, se lee \u00abCUMPLE\u00bb.<\/p>\n<p style=\"text-align: justify;\"><a href=\"https:\/\/magoezequias.com.ar\/tienda\/wp-content\/uploads\/2020\/07\/flip-flop-flap-8.jpg\"><img decoding=\"async\" class=\"aligncenter wp-image-1797\" src=\"https:\/\/magoezequias.com.ar\/tienda\/wp-content\/uploads\/2020\/07\/flip-flop-flap-8.jpg\" alt=\"\" width=\"567\" height=\"340\" srcset=\"https:\/\/magoezequias.com.ar\/tienda\/wp-content\/uploads\/2020\/07\/flip-flop-flap-8.jpg 1200w, https:\/\/magoezequias.com.ar\/tienda\/wp-content\/uploads\/2020\/07\/flip-flop-flap-8-300x180.jpg 300w, https:\/\/magoezequias.com.ar\/tienda\/wp-content\/uploads\/2020\/07\/flip-flop-flap-8-1024x613.jpg 1024w, https:\/\/magoezequias.com.ar\/tienda\/wp-content\/uploads\/2020\/07\/flip-flop-flap-8-768x460.jpg 768w\" sizes=\"(max-width: 567px) 100vw, 567px\" \/><\/a><\/p>\n<p style=\"text-align: justify;\">Una rutina muy divertida que usted puede adaptar a su estilo. No ocupa lugar para transportar y rinde mucho en escena.<\/p>\n<p>&nbsp;<\/p>\n<p style=\"text-align: justify;\">Construido en cart\u00f3n de calidad y bisagras de tela para mayor durabilidad.\u00a0Excelente soporte Fold Flat, adecuado para una gran audiencia, listo para usar, con instrucciones en video online.<\/p>\n<p>&nbsp;<\/p>\n<p><iframe src=\"https:\/\/www.youtube.com\/embed\/yZyKEWAr8XY\" width=\"560\" height=\"315\" frameborder=\"0\" allowfullscreen=\"allowfullscreen\"><\/iframe><\/p>\n","protected":false},"excerpt":{"rendered":"<p>Excelente soporte Fold Flat, adecuado para una gran audiencia!!!<\/p>\n","protected":false},"featured_media":1803,"comment_status":"open","ping_status":"closed","template":"","meta":[],"product_brand":[],"product_cat":[10,8,9],"product_tag":[598,602,601,593,600,595],"class_list":{"0":"post-1806","1":"product","2":"type-product","3":"status-publish","4":"has-post-thumbnail","6":"product_cat-escena","7":"product_cat-infantil","8":"product_cat-salon","9":"product_tag-circulo","10":"product_tag-cumple","11":"product_tag-feliz","12":"product_tag-flip","13":"product_tag-fop","14":"product_tag-spots","16":"first","17":"outofstock","18":"shipping-taxable","19":"purchasable","20":"product-type-simple"},"aioseo_notices":[],"_links":{"self":[{"href":"https:\/\/magoezequias.com.ar\/tienda\/wp-json\/wp\/v2\/product\/1806","targetHints":{"allow":["GET"]}}],"collection":[{"href":"https:\/\/magoezequias.com.ar\/tienda\/wp-json\/wp\/v2\/product"}],"about":[{"href":"https:\/\/magoezequias.com.ar\/tienda\/wp-json\/wp\/v2\/types\/product"}],"replies":[{"embeddable":true,"href":"https:\/\/magoezequias.com.ar\/tienda\/wp-json\/wp\/v2\/comments?post=1806"}],"version-history":[{"count":0,"href":"https:\/\/magoezequias.com.ar\/tienda\/wp-json\/wp\/v2\/product\/1806\/revisions"}],"wp:featuredmedia":[{"embeddable":true,"href":"https:\/\/magoezequias.com.ar\/tienda\/wp-json\/wp\/v2\/media\/1803"}],"wp:attachment":[{"href":"https:\/\/magoezequias.com.ar\/tienda\/wp-json\/wp\/v2\/media?parent=1806"}],"wp:term":[{"taxonomy":"product_brand","embeddable":true,"href":"https:\/\/magoezequias.com.ar\/tienda\/wp-json\/wp\/v2\/product_brand?post=1806"},{"taxonomy":"product_cat","embeddable":true,"href":"https:\/\/magoezequias.com.ar\/tienda\/wp-json\/wp\/v2\/product_cat?post=1806"},{"taxonomy":"product_tag","embeddable":true,"href":"https:\/\/magoezequias.com.ar\/tienda\/wp-json\/wp\/v2\/product_tag?post=1806"}],"curies":[{"name":"wp","href":"https:\/\/api.w.org\/{rel}","templated":true}]}}