{"id":181,"date":"2014-11-11T23:41:19","date_gmt":"2014-11-11T23:41:19","guid":{"rendered":"https:\/\/magoezequias.com.ar\/tienda\/?post_type=product&#038;p=181"},"modified":"2019-11-20T02:55:43","modified_gmt":"2019-11-20T02:55:43","slug":"carta-pescada","status":"publish","type":"product","link":"https:\/\/magoezequias.com.ar\/tienda\/producto\/carta-pescada","title":{"rendered":"Carta Pescada"},"content":{"rendered":"<p><a href=\"https:\/\/magoezequias.com.ar\/tienda\/wp-content\/uploads\/2014\/11\/carta_pescada.jpg\"><img fetchpriority=\"high\" decoding=\"async\" class=\"alignnone size-full wp-image-182\" src=\"https:\/\/magoezequias.com.ar\/tienda\/wp-content\/uploads\/2014\/11\/carta_pescada.jpg\" alt=\"carta_pescada\" width=\"330\" height=\"448\" srcset=\"https:\/\/magoezequias.com.ar\/tienda\/wp-content\/uploads\/2014\/11\/carta_pescada.jpg 330w, https:\/\/magoezequias.com.ar\/tienda\/wp-content\/uploads\/2014\/11\/carta_pescada-220x300.jpg 220w, https:\/\/magoezequias.com.ar\/tienda\/wp-content\/uploads\/2014\/11\/carta_pescada-300x407.jpg 300w\" sizes=\"(max-width: 330px) 100vw, 330px\" \/><\/a><\/p>\n<p>Una carta elegida y perdida se devuelve al mazo, la baraja se arroja dentro de una galera o bolsa de papel. Luego se introduce la soga y al quitarla esta habr\u00e1 encontrado la carta elegida rodea a trav\u00e9s de un lazo.<\/p>\n<p>Otro de los efectos posibles es el cl\u00e1sico efecto \u201cs\u00f3lido a trav\u00e9s de un s\u00f3lido\u201d penetrando con un anillo la soga atada.<\/p>\n<p>&nbsp;<\/p>\n<p>Tambi\u00e9n podr\u00e1 presentar el efecto de la cuerda rota y recomupesta.<\/p>\n<p>&nbsp;<\/p>\n<p>Ideal para magia infantil, de sal\u00f3n o escena.<\/p>\n","protected":false},"excerpt":{"rendered":"<p>Tres s\u00faper efectos se podr\u00e1n realizar con esta misma soga.<\/p>\n","protected":false},"featured_media":182,"comment_status":"open","ping_status":"closed","template":"","meta":[],"product_brand":[],"product_cat":[12,8,9],"product_tag":[100,101,96],"class_list":{"0":"post-181","1":"product","2":"type-product","3":"status-publish","4":"has-post-thumbnail","6":"product_cat-cartomagia","7":"product_cat-infantil","8":"product_cat-salon","9":"product_tag-carta","10":"product_tag-pescada","11":"product_tag-soga","13":"first","14":"outofstock","15":"shipping-taxable","16":"purchasable","17":"product-type-simple"},"aioseo_notices":[],"_links":{"self":[{"href":"https:\/\/magoezequias.com.ar\/tienda\/wp-json\/wp\/v2\/product\/181","targetHints":{"allow":["GET"]}}],"collection":[{"href":"https:\/\/magoezequias.com.ar\/tienda\/wp-json\/wp\/v2\/product"}],"about":[{"href":"https:\/\/magoezequias.com.ar\/tienda\/wp-json\/wp\/v2\/types\/product"}],"replies":[{"embeddable":true,"href":"https:\/\/magoezequias.com.ar\/tienda\/wp-json\/wp\/v2\/comments?post=181"}],"version-history":[{"count":0,"href":"https:\/\/magoezequias.com.ar\/tienda\/wp-json\/wp\/v2\/product\/181\/revisions"}],"wp:featuredmedia":[{"embeddable":true,"href":"https:\/\/magoezequias.com.ar\/tienda\/wp-json\/wp\/v2\/media\/182"}],"wp:attachment":[{"href":"https:\/\/magoezequias.com.ar\/tienda\/wp-json\/wp\/v2\/media?parent=181"}],"wp:term":[{"taxonomy":"product_brand","embeddable":true,"href":"https:\/\/magoezequias.com.ar\/tienda\/wp-json\/wp\/v2\/product_brand?post=181"},{"taxonomy":"product_cat","embeddable":true,"href":"https:\/\/magoezequias.com.ar\/tienda\/wp-json\/wp\/v2\/product_cat?post=181"},{"taxonomy":"product_tag","embeddable":true,"href":"https:\/\/magoezequias.com.ar\/tienda\/wp-json\/wp\/v2\/product_tag?post=181"}],"curies":[{"name":"wp","href":"https:\/\/api.w.org\/{rel}","templated":true}]}}