{"id":18159,"date":"2025-03-10T15:29:56","date_gmt":"2025-03-10T18:29:56","guid":{"rendered":"https:\/\/magoezequias.com.ar\/tienda\/?post_type=product&#038;p=18159"},"modified":"2025-07-22T13:51:52","modified_gmt":"2025-07-22T16:51:52","slug":"el-cerdo-molesto-jumbo-homing-card","status":"publish","type":"product","link":"https:\/\/magoezequias.com.ar\/tienda\/producto\/el-cerdo-molesto-jumbo-homing-card","title":{"rendered":"El cerdo molesto &#8211; Jumbo &#8211; Homing Card"},"content":{"rendered":"<p style=\"text-align: justify;\"><a href=\"https:\/\/magoezequias.com.ar\/tienda\/wp-content\/uploads\/2025\/03\/cerdo-molesto-5.png\"><img fetchpriority=\"high\" decoding=\"async\" class=\"aligncenter wp-image-18164\" src=\"https:\/\/magoezequias.com.ar\/tienda\/wp-content\/uploads\/2025\/03\/cerdo-molesto-5.png\" alt=\"\" width=\"393\" height=\"319\" srcset=\"https:\/\/magoezequias.com.ar\/tienda\/wp-content\/uploads\/2025\/03\/cerdo-molesto-5.png 589w, https:\/\/magoezequias.com.ar\/tienda\/wp-content\/uploads\/2025\/03\/cerdo-molesto-5-300x243.png 300w\" sizes=\"(max-width: 393px) 100vw, 393px\" \/><\/a><\/p>\n<p style=\"text-align: justify;\">Una nueva versi\u00f3n de la rutina del cerdo molesto, ahora en tama\u00f1o jumbo y con otro m\u00e9todo.<\/p>\n<p style=\"text-align: justify;\">Un cl\u00e1sico de la magia en versi\u00f3n infantil donde el mago muestra 4 cartas semi jumbo con la imagen de conejos, pero aparece un cerdo.<\/p>\n<p style=\"text-align: justify;\">Ante esto el mago se sorprende y claramente retira el cerdo. Luego dice que realizar\u00e1 el juego con 4 conejos. Al contarlos vuelve a aparecer el cerdo.<\/p>\n<p style=\"text-align: justify;\">Otra vez el mago no entiende lo que pasa y nuevamente retira claramente al cerdo.<\/p>\n<p style=\"text-align: justify;\">Contin\u00faa y dice que realizar\u00e1 el juego con 3 conejos\u2026 ya con miedo el mago cuenta las cartas y otra vez, el cerdo regres\u00f3.<\/p>\n<p style=\"text-align: justify;\">El mago ya muy enojado guarda claramente el cerdo, y dice que realizar\u00e1 el juego con 2 conejos.<\/p>\n<p style=\"text-align: justify;\">Y la historia se repite\u2026 el mago muestra dos conejos, pero luego el travieso cerdo vuelve otra vez.<\/p>\n<p style=\"text-align: justify;\">El mago nuevamente lo retira y dice que realizar\u00e1 el juego con 1 solo conejo, sin saber que est\u00e1 pasando. Al mostrar la carta el conejo m\u00e1gicamente se transform\u00f3 otra vez en un cerdo&#8230;<\/p>\n<p style=\"text-align: justify;\"><a href=\"https:\/\/magoezequias.com.ar\/tienda\/wp-content\/uploads\/2025\/03\/cerdo-molesto-conejo-2.jpeg\"><img decoding=\"async\" class=\"aligncenter wp-image-18161\" src=\"https:\/\/magoezequias.com.ar\/tienda\/wp-content\/uploads\/2025\/03\/cerdo-molesto-conejo-2.jpeg\" alt=\"\" width=\"509\" height=\"395\" srcset=\"https:\/\/magoezequias.com.ar\/tienda\/wp-content\/uploads\/2025\/03\/cerdo-molesto-conejo-2.jpeg 1381w, https:\/\/magoezequias.com.ar\/tienda\/wp-content\/uploads\/2025\/03\/cerdo-molesto-conejo-2-300x232.jpeg 300w, https:\/\/magoezequias.com.ar\/tienda\/wp-content\/uploads\/2025\/03\/cerdo-molesto-conejo-2-1024x793.jpeg 1024w, https:\/\/magoezequias.com.ar\/tienda\/wp-content\/uploads\/2025\/03\/cerdo-molesto-conejo-2-768x595.jpeg 768w\" sizes=\"(max-width: 509px) 100vw, 509px\" \/><\/a><\/p>\n<p style=\"text-align: justify;\">Deslumbrante, divertido y entretenido, este efecto tiene una gran visibilidad, perfecto para shows infantiles o familiares, para sal\u00f3n o actuaciones en el escenario.<\/p>\n<p style=\"text-align: justify;\">En un v\u00eddeo se explica cada paso de la rutina, un juego sencillo, sin pases complicados, lo que permite realizarlo con cartas jumbo. Esta versi\u00f3n no trabaja con antiderrapante, sino que tiene otro trucaje, que hace que no se desgaste con el paso del tiempo.<\/p>\n<p><iframe title=\"YouTube video player\" src=\"https:\/\/www.youtube.com\/embed\/1rn_xjpYxQ8?si=Vn0vBpfHRlufPyff\" width=\"560\" height=\"315\" frameborder=\"0\" allowfullscreen=\"allowfullscreen\"><\/iframe><\/p>\n<p>&nbsp;<\/p>\n","protected":false},"excerpt":{"rendered":"<p>Una nueva versi\u00f3n de la rutina del cerdo molesto, ahora en tama\u00f1o jumbo y con otro m\u00e9todo. Un cl\u00e1sico de la magia en versi\u00f3n infantil donde el mago muestra 4 cartas semi jumbo con la imagen de conejos, pero aparece un cerdo. Ante esto el mago se sorprende y claramente retira el cerdo. Luego dice [&hellip;]<\/p>\n","protected":false},"featured_media":18161,"comment_status":"open","ping_status":"closed","template":"","meta":[],"product_brand":[],"product_cat":[10,60,8,9],"product_tag":[137,731,186,733,99,732],"class_list":{"0":"post-18159","1":"product","2":"type-product","3":"status-publish","4":"has-post-thumbnail","6":"product_cat-escena","7":"product_cat-ezequias-2","8":"product_cat-infantil","9":"product_cat-salon","10":"product_tag-card","11":"product_tag-cerdo","12":"product_tag-conejo","13":"product_tag-homing","14":"product_tag-jumbo","15":"product_tag-molesto","17":"first","18":"instock","19":"shipping-taxable","20":"purchasable","21":"product-type-simple"},"aioseo_notices":[],"_links":{"self":[{"href":"https:\/\/magoezequias.com.ar\/tienda\/wp-json\/wp\/v2\/product\/18159","targetHints":{"allow":["GET"]}}],"collection":[{"href":"https:\/\/magoezequias.com.ar\/tienda\/wp-json\/wp\/v2\/product"}],"about":[{"href":"https:\/\/magoezequias.com.ar\/tienda\/wp-json\/wp\/v2\/types\/product"}],"replies":[{"embeddable":true,"href":"https:\/\/magoezequias.com.ar\/tienda\/wp-json\/wp\/v2\/comments?post=18159"}],"version-history":[{"count":2,"href":"https:\/\/magoezequias.com.ar\/tienda\/wp-json\/wp\/v2\/product\/18159\/revisions"}],"predecessor-version":[{"id":18167,"href":"https:\/\/magoezequias.com.ar\/tienda\/wp-json\/wp\/v2\/product\/18159\/revisions\/18167"}],"wp:featuredmedia":[{"embeddable":true,"href":"https:\/\/magoezequias.com.ar\/tienda\/wp-json\/wp\/v2\/media\/18161"}],"wp:attachment":[{"href":"https:\/\/magoezequias.com.ar\/tienda\/wp-json\/wp\/v2\/media?parent=18159"}],"wp:term":[{"taxonomy":"product_brand","embeddable":true,"href":"https:\/\/magoezequias.com.ar\/tienda\/wp-json\/wp\/v2\/product_brand?post=18159"},{"taxonomy":"product_cat","embeddable":true,"href":"https:\/\/magoezequias.com.ar\/tienda\/wp-json\/wp\/v2\/product_cat?post=18159"},{"taxonomy":"product_tag","embeddable":true,"href":"https:\/\/magoezequias.com.ar\/tienda\/wp-json\/wp\/v2\/product_tag?post=18159"}],"curies":[{"name":"wp","href":"https:\/\/api.w.org\/{rel}","templated":true}]}}