{"id":18170,"date":"2025-03-10T20:17:22","date_gmt":"2025-03-10T23:17:22","guid":{"rendered":"https:\/\/magoezequias.com.ar\/tienda\/?post_type=product&#038;p=18170"},"modified":"2026-04-11T16:27:56","modified_gmt":"2026-04-11T19:27:56","slug":"homing-card-de-los-4-ases-jumbo","status":"publish","type":"product","link":"https:\/\/magoezequias.com.ar\/tienda\/producto\/homing-card-de-los-4-ases-jumbo","title":{"rendered":"Homing Card de los 4 Ases &#8211; Jumbo"},"content":{"rendered":"<p style=\"text-align: center;\"><a href=\"https:\/\/magoezequias.com.ar\/tienda\/wp-content\/uploads\/2025\/03\/homing-card-espanol-5.png\"><img fetchpriority=\"high\" decoding=\"async\" class=\"aligncenter wp-image-18162\" src=\"https:\/\/magoezequias.com.ar\/tienda\/wp-content\/uploads\/2025\/03\/homing-card-espanol-5.png\" alt=\"\" width=\"408\" height=\"324\" srcset=\"https:\/\/magoezequias.com.ar\/tienda\/wp-content\/uploads\/2025\/03\/homing-card-espanol-5.png 601w, https:\/\/magoezequias.com.ar\/tienda\/wp-content\/uploads\/2025\/03\/homing-card-espanol-5-300x239.png 300w\" sizes=\"(max-width: 408px) 100vw, 408px\" \/><\/a><\/p>\n<p style=\"text-align: justify;\">Una nueva versi\u00f3n de la rutina que popularizo el gran Fred Kaps, ahora con cartas espa\u00f1olas, en tama\u00f1o jumbo y con otro m\u00e9todo.<\/p>\n<p style=\"text-align: justify;\">Un cl\u00e1sico de la magia donde el mago muestra los 4 Ases de la baraja Espa\u00f1ola, pero de repente aparece un 10 de oro, la sota.<\/p>\n<p style=\"text-align: justify;\">Ante esto el mago se sorprende y claramente retira el 10. Luego dice que realizar\u00e1 el juego con 4 Ases. Al contarlos vuelve a aparecer la sota.<\/p>\n<p style=\"text-align: justify;\">Otra vez el mago no entiende lo que pasa y nuevamente retira claramente un As.<\/p>\n<p style=\"text-align: justify;\">Contin\u00faa y dice que realizar\u00e1 el juego con 3 ases\u2026 ya con miedo el mago cuenta las cartas y otra vez, el 10 de Oro regres\u00f3.<\/p>\n<p style=\"text-align: justify;\">El mago ya muy enojado guarda claramente el 10, y dice que realizar\u00e1 el juego con 2 Ases.<\/p>\n<p style=\"text-align: justify;\">Y la historia se repite\u2026 el mago muestra dos Ases, pero luego el travieso 10 vuelve otra vez.<\/p>\n<p style=\"text-align: justify;\">El mago nuevamente lo retira y dice que realizar\u00e1 el juego con 1 s\u00f3lo As, sin saber que est\u00e1 pasando. Al mostrar la carta este \u00faltimo tambi\u00e9n m\u00e1gicamente se transform\u00f3 otra vez en una sota\u2026<\/p>\n<p>&nbsp;<\/p>\n<p style=\"text-align: center;\"><a href=\"https:\/\/magoezequias.com.ar\/tienda\/wp-content\/uploads\/2025\/03\/homing-card-espanol.jpeg\"><img decoding=\"async\" class=\"aligncenter wp-image-18160\" src=\"https:\/\/magoezequias.com.ar\/tienda\/wp-content\/uploads\/2025\/03\/homing-card-espanol.jpeg\" alt=\"\" width=\"482\" height=\"345\" srcset=\"https:\/\/magoezequias.com.ar\/tienda\/wp-content\/uploads\/2025\/03\/homing-card-espanol.jpeg 1482w, https:\/\/magoezequias.com.ar\/tienda\/wp-content\/uploads\/2025\/03\/homing-card-espanol-300x215.jpeg 300w, https:\/\/magoezequias.com.ar\/tienda\/wp-content\/uploads\/2025\/03\/homing-card-espanol-1024x734.jpeg 1024w, https:\/\/magoezequias.com.ar\/tienda\/wp-content\/uploads\/2025\/03\/homing-card-espanol-768x550.jpeg 768w\" sizes=\"(max-width: 482px) 100vw, 482px\" \/><\/a><\/p>\n<p style=\"text-align: justify;\">Deslumbrante, divertido y entretenido, este efecto tiene una gran visibilidad, perfecto para shows de adultos familiares, para sal\u00f3n o actuaciones en el escenario.<\/p>\n<p style=\"text-align: justify;\">En un v\u00eddeo se explica cada paso de la rutina, un juego sencillo, sin pases complicados, lo que permite realizarlo con cartas jumbo. Esta versi\u00f3n no trabaja con antiderrapante, sino que tiene otro trucaje, que hace que no se desgaste con el paso del tiempo.<\/p>\n<p><iframe title=\"YouTube video player\" src=\"https:\/\/www.youtube.com\/embed\/RbRRB4k64Hs?si=H-Y9Sxx4Z08Gj-_M\" width=\"560\" height=\"315\" frameborder=\"0\" allowfullscreen=\"allowfullscreen\"><\/iframe><\/p>\n","protected":false},"excerpt":{"rendered":"<p>Un cl\u00e1sico en baraja Espa\u00f1ola y Jumbo!!!<\/p>\n","protected":false},"featured_media":18160,"comment_status":"open","ping_status":"closed","template":"","meta":[],"product_brand":[],"product_cat":[60,12,10,9],"product_tag":[291,65,137,100,208,733],"class_list":{"0":"post-18170","1":"product","2":"type-product","3":"status-publish","4":"has-post-thumbnail","6":"product_cat-ezequias-2","7":"product_cat-cartomagia","8":"product_cat-escena","9":"product_cat-salon","10":"product_tag-ases","11":"product_tag-baraja","12":"product_tag-card","13":"product_tag-carta","14":"product_tag-espanola","15":"product_tag-homing","17":"first","18":"instock","19":"shipping-taxable","20":"purchasable","21":"product-type-simple"},"aioseo_notices":[],"_links":{"self":[{"href":"https:\/\/magoezequias.com.ar\/tienda\/wp-json\/wp\/v2\/product\/18170","targetHints":{"allow":["GET"]}}],"collection":[{"href":"https:\/\/magoezequias.com.ar\/tienda\/wp-json\/wp\/v2\/product"}],"about":[{"href":"https:\/\/magoezequias.com.ar\/tienda\/wp-json\/wp\/v2\/types\/product"}],"replies":[{"embeddable":true,"href":"https:\/\/magoezequias.com.ar\/tienda\/wp-json\/wp\/v2\/comments?post=18170"}],"version-history":[{"count":3,"href":"https:\/\/magoezequias.com.ar\/tienda\/wp-json\/wp\/v2\/product\/18170\/revisions"}],"predecessor-version":[{"id":18173,"href":"https:\/\/magoezequias.com.ar\/tienda\/wp-json\/wp\/v2\/product\/18170\/revisions\/18173"}],"wp:featuredmedia":[{"embeddable":true,"href":"https:\/\/magoezequias.com.ar\/tienda\/wp-json\/wp\/v2\/media\/18160"}],"wp:attachment":[{"href":"https:\/\/magoezequias.com.ar\/tienda\/wp-json\/wp\/v2\/media?parent=18170"}],"wp:term":[{"taxonomy":"product_brand","embeddable":true,"href":"https:\/\/magoezequias.com.ar\/tienda\/wp-json\/wp\/v2\/product_brand?post=18170"},{"taxonomy":"product_cat","embeddable":true,"href":"https:\/\/magoezequias.com.ar\/tienda\/wp-json\/wp\/v2\/product_cat?post=18170"},{"taxonomy":"product_tag","embeddable":true,"href":"https:\/\/magoezequias.com.ar\/tienda\/wp-json\/wp\/v2\/product_tag?post=18170"}],"curies":[{"name":"wp","href":"https:\/\/api.w.org\/{rel}","templated":true}]}}