{"id":18188,"date":"2025-03-12T14:52:58","date_gmt":"2025-03-12T17:52:58","guid":{"rendered":"https:\/\/magoezequias.com.ar\/tienda\/?post_type=product&#038;p=18188"},"modified":"2025-03-12T14:52:59","modified_gmt":"2025-03-12T17:52:59","slug":"okito-nested-tubes","status":"publish","type":"product","link":"https:\/\/magoezequias.com.ar\/tienda\/producto\/okito-nested-tubes","title":{"rendered":"Okito Nested Tubes"},"content":{"rendered":"<p><a href=\"https:\/\/magoezequias.com.ar\/tienda\/wp-content\/uploads\/2025\/03\/Okito-Nested-Tubes-2.jpeg\"><img fetchpriority=\"high\" decoding=\"async\" class=\"aligncenter wp-image-18189\" src=\"https:\/\/magoezequias.com.ar\/tienda\/wp-content\/uploads\/2025\/03\/Okito-Nested-Tubes-2.jpeg\" alt=\"\" width=\"421\" height=\"458\" srcset=\"https:\/\/magoezequias.com.ar\/tienda\/wp-content\/uploads\/2025\/03\/Okito-Nested-Tubes-2.jpeg 994w, https:\/\/magoezequias.com.ar\/tienda\/wp-content\/uploads\/2025\/03\/Okito-Nested-Tubes-2-276x300.jpeg 276w, https:\/\/magoezequias.com.ar\/tienda\/wp-content\/uploads\/2025\/03\/Okito-Nested-Tubes-2-941x1024.jpeg 941w, https:\/\/magoezequias.com.ar\/tienda\/wp-content\/uploads\/2025\/03\/Okito-Nested-Tubes-2-768x836.jpeg 768w, https:\/\/magoezequias.com.ar\/tienda\/wp-content\/uploads\/2025\/03\/Okito-Nested-Tubes-2-300x327.jpeg 300w\" sizes=\"(max-width: 421px) 100vw, 421px\" \/><\/a><\/p>\n<p style=\"text-align: justify;\">Un conjunto de tubos que le permitir\u00e1n una gran producci\u00f3n. El mago muestra tres tubos, uno por uno, de forma clara, de un lado y otro, vi\u00e9ndose que no hay nada en su interior.<\/p>\n<p style=\"text-align: justify;\">Luego se colocan uno dentro de otro y se lleva a cabo una producci\u00f3n de pa\u00f1uelos, cintas, sedas, etc.<\/p>\n<p style=\"text-align: justify;\">Un conjunto muy liviano, construido en pl\u00e1stico, de 21 cent\u00edmetros de alto.<\/p>\n<p><iframe title=\"YouTube video player\" src=\"https:\/\/www.youtube.com\/embed\/_nMZFzLuPUw?si=AWQGa4QpXy791y9b\" width=\"560\" height=\"315\" frameborder=\"0\" allowfullscreen=\"allowfullscreen\"><\/iframe><\/p>\n","protected":false},"excerpt":{"rendered":"<p>Un elemento muy pr\u00e1ctico para una rutina musical!!!<\/p>\n","protected":false},"featured_media":18189,"comment_status":"open","ping_status":"closed","template":"","meta":[],"product_brand":[],"product_cat":[7,10,8],"product_tag":[739,738,52,157,740],"class_list":{"0":"post-18188","1":"product","2":"type-product","3":"status-publish","4":"has-post-thumbnail","6":"product_cat-accesorios","7":"product_cat-escena","8":"product_cat-infantil","9":"product_tag-nested","10":"product_tag-okito","11":"product_tag-panuelo","12":"product_tag-produccion","13":"product_tag-tubes","15":"first","16":"instock","17":"shipping-taxable","18":"purchasable","19":"product-type-simple"},"aioseo_notices":[],"_links":{"self":[{"href":"https:\/\/magoezequias.com.ar\/tienda\/wp-json\/wp\/v2\/product\/18188","targetHints":{"allow":["GET"]}}],"collection":[{"href":"https:\/\/magoezequias.com.ar\/tienda\/wp-json\/wp\/v2\/product"}],"about":[{"href":"https:\/\/magoezequias.com.ar\/tienda\/wp-json\/wp\/v2\/types\/product"}],"replies":[{"embeddable":true,"href":"https:\/\/magoezequias.com.ar\/tienda\/wp-json\/wp\/v2\/comments?post=18188"}],"version-history":[{"count":1,"href":"https:\/\/magoezequias.com.ar\/tienda\/wp-json\/wp\/v2\/product\/18188\/revisions"}],"predecessor-version":[{"id":18191,"href":"https:\/\/magoezequias.com.ar\/tienda\/wp-json\/wp\/v2\/product\/18188\/revisions\/18191"}],"wp:featuredmedia":[{"embeddable":true,"href":"https:\/\/magoezequias.com.ar\/tienda\/wp-json\/wp\/v2\/media\/18189"}],"wp:attachment":[{"href":"https:\/\/magoezequias.com.ar\/tienda\/wp-json\/wp\/v2\/media?parent=18188"}],"wp:term":[{"taxonomy":"product_brand","embeddable":true,"href":"https:\/\/magoezequias.com.ar\/tienda\/wp-json\/wp\/v2\/product_brand?post=18188"},{"taxonomy":"product_cat","embeddable":true,"href":"https:\/\/magoezequias.com.ar\/tienda\/wp-json\/wp\/v2\/product_cat?post=18188"},{"taxonomy":"product_tag","embeddable":true,"href":"https:\/\/magoezequias.com.ar\/tienda\/wp-json\/wp\/v2\/product_tag?post=18188"}],"curies":[{"name":"wp","href":"https:\/\/api.w.org\/{rel}","templated":true}]}}