{"id":18193,"date":"2025-03-20T19:57:20","date_gmt":"2025-03-20T22:57:20","guid":{"rendered":"https:\/\/magoezequias.com.ar\/tienda\/?post_type=product&#038;p=18193"},"modified":"2026-04-11T16:27:38","modified_gmt":"2026-04-11T19:27:38","slug":"la-serpiente-en-la-cesta","status":"publish","type":"product","link":"https:\/\/magoezequias.com.ar\/tienda\/producto\/la-serpiente-en-la-cesta","title":{"rendered":"La serpiente en la cesta"},"content":{"rendered":"<p style=\"text-align: justify;\"><a href=\"https:\/\/magoezequias.com.ar\/tienda\/wp-content\/uploads\/2025\/03\/la-serpiente-en-la-cesta-2.jpeg\"><img fetchpriority=\"high\" decoding=\"async\" class=\"aligncenter wp-image-18195\" src=\"https:\/\/magoezequias.com.ar\/tienda\/wp-content\/uploads\/2025\/03\/la-serpiente-en-la-cesta-2.jpeg\" alt=\"\" width=\"219\" height=\"352\" srcset=\"https:\/\/magoezequias.com.ar\/tienda\/wp-content\/uploads\/2025\/03\/la-serpiente-en-la-cesta-2.jpeg 651w, https:\/\/magoezequias.com.ar\/tienda\/wp-content\/uploads\/2025\/03\/la-serpiente-en-la-cesta-2-187x300.jpeg 187w, https:\/\/magoezequias.com.ar\/tienda\/wp-content\/uploads\/2025\/03\/la-serpiente-en-la-cesta-2-637x1024.jpeg 637w, https:\/\/magoezequias.com.ar\/tienda\/wp-content\/uploads\/2025\/03\/la-serpiente-en-la-cesta-2-300x482.jpeg 300w\" sizes=\"(max-width: 219px) 100vw, 219px\" \/><\/a><\/p>\n<p style=\"text-align: justify;\">El cl\u00e1sico juego de la serpiente en la cesta en una versi\u00f3n autom\u00e1tica y plana para que no ocupe lugar para transportarla!!!<\/p>\n<p style=\"text-align: justify;\">Muchas situaciones de comedia se pueden generar a lo largo de la rutina y a su vez adaptarse para shows infantiles o de adultos.<\/p>\n<p style=\"text-align: justify;\">El mago muestra una baraja de cartas, le pide al espectador que elija una, y luego que la pierda en el mazo y lo mezcle.\u00a0El mago coloca toda la baraja en la cesta y el p\u00fablico se sorprender\u00e1 y se divertir\u00e1 cuando vea que del interior de la cesta sale una serpiente a voluntad del mago, pero con una carta en su boca&#8230; Esta es la seleccionada por el espectador.<\/p>\n<p>Tambi\u00e9n puede realizar la rutina con bolas de colores, donde el espectador selecciona una y luego la serpiente la saca de la cesta&#8230; o caramelos de distintos sabores. Las posibilidades s\u00f3lo est\u00e1n limitadas a su imaginaci\u00f3n.<\/p>\n<p>Muchas situaciones de comedia al momento de que la serpiente se asoma de la cesta y el mago no la ve&#8230; mientras que los ni\u00f1os le avisan al mago!!!<\/p>\n<p>Construida en material muy liviano y duradero.<\/p>\n<ul style=\"text-align: justify;\">\n<li>La cesta tiene un di\u00e1metro de aproximadamente 32 cm de alto, 23 largo y s\u00f3lo 2 cent\u00edmetros de ancho.<\/li>\n<li>La baraja no est\u00e1 incluida, ya que es una baraja completamente normal y usted puede utilizar la suya propia.<\/li>\n<li>Incluye carta gimmick calidad bicycle y las bolas de colores.<\/li>\n<li>Un tr\u00edpode o pie desarmable de madera.<\/li>\n<\/ul>\n<p style=\"text-align: center;\"><a href=\"https:\/\/magoezequias.com.ar\/tienda\/wp-content\/uploads\/2025\/03\/la-serpiente-en-la-cesta-3.jpeg\"><img decoding=\"async\" class=\"aligncenter wp-image-18196\" src=\"https:\/\/magoezequias.com.ar\/tienda\/wp-content\/uploads\/2025\/03\/la-serpiente-en-la-cesta-3.jpeg\" alt=\"\" width=\"289\" height=\"496\" srcset=\"https:\/\/magoezequias.com.ar\/tienda\/wp-content\/uploads\/2025\/03\/la-serpiente-en-la-cesta-3.jpeg 587w, https:\/\/magoezequias.com.ar\/tienda\/wp-content\/uploads\/2025\/03\/la-serpiente-en-la-cesta-3-175x300.jpeg 175w, https:\/\/magoezequias.com.ar\/tienda\/wp-content\/uploads\/2025\/03\/la-serpiente-en-la-cesta-3-300x515.jpeg 300w\" sizes=\"(max-width: 289px) 100vw, 289px\" \/><\/a><\/p>\n<p style=\"text-align: justify;\">Al ser autom\u00e1tica, es muy f\u00e1cil de realizar. S\u00f3lo necesitas prepararte una buena rutina y dedicarte a la presentaci\u00f3n y puesta en escena del efecto.<\/p>\n<p style=\"text-align: center;\"><iframe title=\"YouTube video player\" src=\"https:\/\/www.youtube.com\/embed\/37925PX9em0?si=tD3pahNFLNOgYDOd\" width=\"560\" height=\"315\" frameborder=\"0\" allowfullscreen=\"allowfullscreen\"><\/iframe><\/p>\n","protected":false},"excerpt":{"rendered":"<p>El cl\u00e1sico juego de la serpiente en la cesta en una versi\u00f3n autom\u00e1tica y plana para que no ocupe lugar para transportarla!!! Muchas situaciones de comedia se pueden generar a lo largo de la rutina y a su vez adaptarse para shows infantiles o de adultos. El mago muestra una baraja de cartas, le pide [&hellip;]<\/p>\n","protected":false},"featured_media":18198,"comment_status":"open","ping_status":"closed","template":"","meta":[],"product_brand":[],"product_cat":[10,8,9],"product_tag":[79,741,643],"class_list":{"0":"post-18193","1":"product","2":"type-product","3":"status-publish","4":"has-post-thumbnail","6":"product_cat-escena","7":"product_cat-infantil","8":"product_cat-salon","9":"product_tag-cartas","10":"product_tag-cesta","11":"product_tag-serpiente","13":"first","14":"instock","15":"shipping-taxable","16":"purchasable","17":"product-type-simple"},"aioseo_notices":[],"_links":{"self":[{"href":"https:\/\/magoezequias.com.ar\/tienda\/wp-json\/wp\/v2\/product\/18193","targetHints":{"allow":["GET"]}}],"collection":[{"href":"https:\/\/magoezequias.com.ar\/tienda\/wp-json\/wp\/v2\/product"}],"about":[{"href":"https:\/\/magoezequias.com.ar\/tienda\/wp-json\/wp\/v2\/types\/product"}],"replies":[{"embeddable":true,"href":"https:\/\/magoezequias.com.ar\/tienda\/wp-json\/wp\/v2\/comments?post=18193"}],"version-history":[{"count":5,"href":"https:\/\/magoezequias.com.ar\/tienda\/wp-json\/wp\/v2\/product\/18193\/revisions"}],"predecessor-version":[{"id":18202,"href":"https:\/\/magoezequias.com.ar\/tienda\/wp-json\/wp\/v2\/product\/18193\/revisions\/18202"}],"wp:featuredmedia":[{"embeddable":true,"href":"https:\/\/magoezequias.com.ar\/tienda\/wp-json\/wp\/v2\/media\/18198"}],"wp:attachment":[{"href":"https:\/\/magoezequias.com.ar\/tienda\/wp-json\/wp\/v2\/media?parent=18193"}],"wp:term":[{"taxonomy":"product_brand","embeddable":true,"href":"https:\/\/magoezequias.com.ar\/tienda\/wp-json\/wp\/v2\/product_brand?post=18193"},{"taxonomy":"product_cat","embeddable":true,"href":"https:\/\/magoezequias.com.ar\/tienda\/wp-json\/wp\/v2\/product_cat?post=18193"},{"taxonomy":"product_tag","embeddable":true,"href":"https:\/\/magoezequias.com.ar\/tienda\/wp-json\/wp\/v2\/product_tag?post=18193"}],"curies":[{"name":"wp","href":"https:\/\/api.w.org\/{rel}","templated":true}]}}