{"id":1820,"date":"2020-07-25T21:42:42","date_gmt":"2020-07-25T21:42:42","guid":{"rendered":"https:\/\/magoezequias.com.ar\/tienda\/?post_type=product&#038;p=1820"},"modified":"2020-10-06T23:59:14","modified_gmt":"2020-10-06T23:59:14","slug":"siempre-6-con-billetes","status":"publish","type":"product","link":"https:\/\/magoezequias.com.ar\/tienda\/producto\/siempre-6-con-billetes","title":{"rendered":"Siempre 6 con billetes"},"content":{"rendered":"<p style=\"text-align: justify;\"><a href=\"https:\/\/magoezequias.com.ar\/tienda\/wp-content\/uploads\/2020\/07\/siempre-seis-mil.jpg\"><img fetchpriority=\"high\" decoding=\"async\" class=\"aligncenter wp-image-1821\" src=\"https:\/\/magoezequias.com.ar\/tienda\/wp-content\/uploads\/2020\/07\/siempre-seis-mil.jpg\" alt=\"\" width=\"464\" height=\"396\" srcset=\"https:\/\/magoezequias.com.ar\/tienda\/wp-content\/uploads\/2020\/07\/siempre-seis-mil.jpg 1200w, https:\/\/magoezequias.com.ar\/tienda\/wp-content\/uploads\/2020\/07\/siempre-seis-mil-300x256.jpg 300w, https:\/\/magoezequias.com.ar\/tienda\/wp-content\/uploads\/2020\/07\/siempre-seis-mil-1024x873.jpg 1024w, https:\/\/magoezequias.com.ar\/tienda\/wp-content\/uploads\/2020\/07\/siempre-seis-mil-768x655.jpg 768w\" sizes=\"(max-width: 464px) 100vw, 464px\" \/><\/a><\/p>\n<p style=\"text-align: justify;\">El mago muestra 6 billetes de mil pesos y retira claramente 3. Al volver a contar vuelve a tener 6 billetes en su mano.<\/p>\n<p style=\"text-align: justify;\">La situaci\u00f3n se repite cuenta 6 billetes, saca 3 y le vuelven a<br \/>\nquedar 6.<\/p>\n<p style=\"text-align: justify;\">Esta secuencia la puede repetir varias veces, provocando un sinf\u00edn de situaciones de humor, comedia y m\u00e1gica.<\/p>\n<p style=\"text-align: justify;\">Puede solicitar la versi\u00f3n en billetes de 500 pesos, 1000 pesos o 100 d\u00f3lares.<\/p>\n<p style=\"text-align: justify;\">Un juego donde usted solamente deber\u00e1 abocarse a la presentaci\u00f3n. Muy sencillo t\u00e9cnicamente y gran efecto m\u00e1gico.<\/p>\n<p style=\"text-align: justify;\">Usted recibe los billetes trucados y acceso a un video explicativo.<\/p>\n","protected":false},"excerpt":{"rendered":"<p>Un juego donde usted solamente deber\u00e1 abocarse a la presentaci\u00f3n. Muy sencillo t\u00e9cnicamente y gran efecto m\u00e1gico.<\/p>\n","protected":false},"featured_media":1821,"comment_status":"open","ping_status":"closed","template":"","meta":[],"product_brand":[],"product_cat":[10,9],"product_tag":[108,17,399,221,220],"class_list":{"0":"post-1820","1":"product","2":"type-product","3":"status-publish","4":"has-post-thumbnail","6":"product_cat-escena","7":"product_cat-salon","8":"product_tag-billete","9":"product_tag-ezequias","10":"product_tag-money","11":"product_tag-seis","12":"product_tag-siempre","14":"first","15":"instock","16":"shipping-taxable","17":"purchasable","18":"product-type-simple"},"aioseo_notices":[],"_links":{"self":[{"href":"https:\/\/magoezequias.com.ar\/tienda\/wp-json\/wp\/v2\/product\/1820","targetHints":{"allow":["GET"]}}],"collection":[{"href":"https:\/\/magoezequias.com.ar\/tienda\/wp-json\/wp\/v2\/product"}],"about":[{"href":"https:\/\/magoezequias.com.ar\/tienda\/wp-json\/wp\/v2\/types\/product"}],"replies":[{"embeddable":true,"href":"https:\/\/magoezequias.com.ar\/tienda\/wp-json\/wp\/v2\/comments?post=1820"}],"version-history":[{"count":0,"href":"https:\/\/magoezequias.com.ar\/tienda\/wp-json\/wp\/v2\/product\/1820\/revisions"}],"wp:featuredmedia":[{"embeddable":true,"href":"https:\/\/magoezequias.com.ar\/tienda\/wp-json\/wp\/v2\/media\/1821"}],"wp:attachment":[{"href":"https:\/\/magoezequias.com.ar\/tienda\/wp-json\/wp\/v2\/media?parent=1820"}],"wp:term":[{"taxonomy":"product_brand","embeddable":true,"href":"https:\/\/magoezequias.com.ar\/tienda\/wp-json\/wp\/v2\/product_brand?post=1820"},{"taxonomy":"product_cat","embeddable":true,"href":"https:\/\/magoezequias.com.ar\/tienda\/wp-json\/wp\/v2\/product_cat?post=1820"},{"taxonomy":"product_tag","embeddable":true,"href":"https:\/\/magoezequias.com.ar\/tienda\/wp-json\/wp\/v2\/product_tag?post=1820"}],"curies":[{"name":"wp","href":"https:\/\/api.w.org\/{rel}","templated":true}]}}