{"id":18217,"date":"2025-03-30T11:18:19","date_gmt":"2025-03-30T14:18:19","guid":{"rendered":"https:\/\/magoezequias.com.ar\/tienda\/?post_type=product&#038;p=18217"},"modified":"2026-04-11T16:30:25","modified_gmt":"2026-04-11T19:30:25","slug":"fabrica-de-varitas","status":"publish","type":"product","link":"https:\/\/magoezequias.com.ar\/tienda\/producto\/fabrica-de-varitas","title":{"rendered":"F\u00e1brica de Varitas"},"content":{"rendered":"<p style=\"text-align: center;\"><a href=\"https:\/\/magoezequias.com.ar\/tienda\/wp-content\/uploads\/2025\/03\/fabrica-varitas-3.png\"><img fetchpriority=\"high\" decoding=\"async\" class=\"aligncenter wp-image-18220\" src=\"https:\/\/magoezequias.com.ar\/tienda\/wp-content\/uploads\/2025\/03\/fabrica-varitas-3.png\" alt=\"\" width=\"313\" height=\"359\" srcset=\"https:\/\/magoezequias.com.ar\/tienda\/wp-content\/uploads\/2025\/03\/fabrica-varitas-3.png 461w, https:\/\/magoezequias.com.ar\/tienda\/wp-content\/uploads\/2025\/03\/fabrica-varitas-3-261x300.png 261w, https:\/\/magoezequias.com.ar\/tienda\/wp-content\/uploads\/2025\/03\/fabrica-varitas-3-300x344.png 300w\" sizes=\"(max-width: 313px) 100vw, 313px\" \/><\/a><\/p>\n<p style=\"text-align: justify;\">El mago presenta la \u00faltima tecnolog\u00eda\u2026 una m\u00e1quina que le permite fabricar varitas m\u00e1gicas. Les explicas a los ni\u00f1os que tu m\u00e1quina lleg\u00f3 desde China y al no entender el idioma se le hace muy dif\u00edcil conocer su funcionamiento\u2026<\/p>\n<p style=\"text-align: justify;\">All\u00ed comienzan situaciones de mucha comedia\u2026 El mago muestra que tiene una caja vac\u00eda, un palito de madera y dos tarros de pintura negra y blanca.<\/p>\n<p style=\"text-align: justify;\">El mago coloca el palito de madera y agrega pintura negra.. al encender la f\u00e1brica de varitas\u2026 sale por el otro extremo un palito todo negro\u2026 \u00a1el mago se sorprende ya que no es lo esperado\u2026 falta blanco!<\/p>\n<p style=\"text-align: justify;\">Vuelve a colocarla y se da cuenta que falt\u00f3 la pintura blanca. Repites todo el proceso, pero pones mucha pintura blanca y sale\u2026 una varita toda blanca\u2026<\/p>\n<p style=\"text-align: justify;\">Estas situaciones de comedia se repiten una y otra vez, el mago puede mostrar las veces que quiera la caja vac\u00eda y siempre salen distintos modelos de varitas. Una\u00a0varita\u00a0a rayas, blanca y negra, una\u00a0varita blanca con puntas negras, \u00a1hasta que finalmente tenemos una varita m\u00e1gica de verdad, que puedes usar en tu espect\u00e1culo!<\/p>\n<p><a href=\"https:\/\/magoezequias.com.ar\/tienda\/wp-content\/uploads\/2025\/03\/fabrica-varitas-2.png\"><img decoding=\"async\" class=\"aligncenter wp-image-18219\" src=\"https:\/\/magoezequias.com.ar\/tienda\/wp-content\/uploads\/2025\/03\/fabrica-varitas-2.png\" alt=\"\" width=\"270\" height=\"320\" srcset=\"https:\/\/magoezequias.com.ar\/tienda\/wp-content\/uploads\/2025\/03\/fabrica-varitas-2.png 480w, https:\/\/magoezequias.com.ar\/tienda\/wp-content\/uploads\/2025\/03\/fabrica-varitas-2-254x300.png 254w, https:\/\/magoezequias.com.ar\/tienda\/wp-content\/uploads\/2025\/03\/fabrica-varitas-2-300x355.png 300w\" sizes=\"(max-width: 270px) 100vw, 270px\" \/><\/a><\/p>\n<p><strong>\u00a1Mira el video y escuch\u00e1 las reacciones y participaci\u00f3n de los ni\u00f1os!<\/strong><\/p>\n<p style=\"text-align: justify;\">Las varitas siempre estar\u00e1n bajo su control y de modo autom\u00e1tico las hace salir de la caja cuando quiere o volviendo a ingresar para generar situaciones de comedia.<\/p>\n<p>&nbsp;<\/p>\n<p style=\"text-align: justify;\">La caja est\u00e1 construida en madera, es muy visual y llamativa: aproximadamente 30 cm x 15 cm x 6 cm, muy liviana.<\/p>\n<p style=\"text-align: justify;\">Viene completo con la caja, los dos tarros que simulan salir pintura, y todas las varitas.<\/p>\n<p style=\"text-align: center;\"><iframe title=\"YouTube video player\" src=\"https:\/\/www.youtube.com\/embed\/uVAY3uPnz9k?si=tEgk32vSi2S1G0-h\" width=\"560\" height=\"315\" frameborder=\"0\" allowfullscreen=\"allowfullscreen\"><\/iframe><\/p>\n<p style=\"text-align: center;\"><iframe title=\"YouTube video player\" src=\"https:\/\/www.youtube.com\/embed\/VMO5viyno9o?si=1Xf7XGjP0sZZqdl2\" width=\"560\" height=\"315\" frameborder=\"0\" allowfullscreen=\"allowfullscreen\"><\/iframe><\/p>\n","protected":false},"excerpt":{"rendered":"<p>\u00a1Una rutina ideal para el inicio del show! Magia y comedia.<\/p>\n","protected":false},"featured_media":18218,"comment_status":"open","ping_status":"closed","template":"","meta":[],"product_brand":[],"product_cat":[10,60,8,9],"product_tag":[743,17,742,744,86,367,472],"class_list":{"0":"post-18217","1":"product","2":"type-product","3":"status-publish","4":"has-post-thumbnail","6":"product_cat-escena","7":"product_cat-ezequias-2","8":"product_cat-infantil","9":"product_cat-salon","10":"product_tag-comedia","11":"product_tag-ezequias","12":"product_tag-fabrica","13":"product_tag-machine","14":"product_tag-varita","15":"product_tag-varitas","16":"product_tag-wand","18":"first","19":"instock","20":"shipping-taxable","21":"purchasable","22":"product-type-simple"},"aioseo_notices":[],"_links":{"self":[{"href":"https:\/\/magoezequias.com.ar\/tienda\/wp-json\/wp\/v2\/product\/18217","targetHints":{"allow":["GET"]}}],"collection":[{"href":"https:\/\/magoezequias.com.ar\/tienda\/wp-json\/wp\/v2\/product"}],"about":[{"href":"https:\/\/magoezequias.com.ar\/tienda\/wp-json\/wp\/v2\/types\/product"}],"replies":[{"embeddable":true,"href":"https:\/\/magoezequias.com.ar\/tienda\/wp-json\/wp\/v2\/comments?post=18217"}],"version-history":[{"count":4,"href":"https:\/\/magoezequias.com.ar\/tienda\/wp-json\/wp\/v2\/product\/18217\/revisions"}],"predecessor-version":[{"id":18240,"href":"https:\/\/magoezequias.com.ar\/tienda\/wp-json\/wp\/v2\/product\/18217\/revisions\/18240"}],"wp:featuredmedia":[{"embeddable":true,"href":"https:\/\/magoezequias.com.ar\/tienda\/wp-json\/wp\/v2\/media\/18218"}],"wp:attachment":[{"href":"https:\/\/magoezequias.com.ar\/tienda\/wp-json\/wp\/v2\/media?parent=18217"}],"wp:term":[{"taxonomy":"product_brand","embeddable":true,"href":"https:\/\/magoezequias.com.ar\/tienda\/wp-json\/wp\/v2\/product_brand?post=18217"},{"taxonomy":"product_cat","embeddable":true,"href":"https:\/\/magoezequias.com.ar\/tienda\/wp-json\/wp\/v2\/product_cat?post=18217"},{"taxonomy":"product_tag","embeddable":true,"href":"https:\/\/magoezequias.com.ar\/tienda\/wp-json\/wp\/v2\/product_tag?post=18217"}],"curies":[{"name":"wp","href":"https:\/\/api.w.org\/{rel}","templated":true}]}}