{"id":18226,"date":"2025-04-06T19:56:08","date_gmt":"2025-04-06T22:56:08","guid":{"rendered":"https:\/\/magoezequias.com.ar\/tienda\/?post_type=product&#038;p=18226"},"modified":"2025-05-12T23:12:35","modified_gmt":"2025-05-13T02:12:35","slug":"princesa-o-super-heroe-mal-hecho","status":"publish","type":"product","link":"https:\/\/magoezequias.com.ar\/tienda\/producto\/princesa-o-super-heroe-mal-hecho","title":{"rendered":"Princesa o Super H\u00e9roe mal hecho"},"content":{"rendered":"<p><a href=\"https:\/\/magoezequias.com.ar\/tienda\/wp-content\/uploads\/2025\/04\/mismade-mal-armado-hombre-arana.jpeg\"><img fetchpriority=\"high\" decoding=\"async\" class=\"aligncenter wp-image-18227\" src=\"https:\/\/magoezequias.com.ar\/tienda\/wp-content\/uploads\/2025\/04\/mismade-mal-armado-hombre-arana.jpeg\" alt=\"\" width=\"225\" height=\"315\" srcset=\"https:\/\/magoezequias.com.ar\/tienda\/wp-content\/uploads\/2025\/04\/mismade-mal-armado-hombre-arana.jpeg 860w, https:\/\/magoezequias.com.ar\/tienda\/wp-content\/uploads\/2025\/04\/mismade-mal-armado-hombre-arana-214x300.jpeg 214w, https:\/\/magoezequias.com.ar\/tienda\/wp-content\/uploads\/2025\/04\/mismade-mal-armado-hombre-arana-731x1024.jpeg 731w, https:\/\/magoezequias.com.ar\/tienda\/wp-content\/uploads\/2025\/04\/mismade-mal-armado-hombre-arana-768x1075.jpeg 768w, https:\/\/magoezequias.com.ar\/tienda\/wp-content\/uploads\/2025\/04\/mismade-mal-armado-hombre-arana-300x420.jpeg 300w\" sizes=\"(max-width: 225px) 100vw, 225px\" \/><\/a><\/p>\n<p>Este nuevo efecto es una aut\u00e9ntica belleza ya que permite dos presentaciones diferentes. Muestra tres bloques que conforman la imagen completa del Hombre ara\u00f1a o una princesa. Tambi\u00e9n muestra un tubo decorado con un edificio o un castillo y una base de madera para colocar los bloques. Todos est\u00e1n bellamente impresos en colores brillantes y visibles.<\/p>\n<p>Coloca el tubo sobre la base y luego coloca los 3 bloques en el orden correcto armando la figura. Primero las piernas, luego el centro y finalmente la cabeza. Sin embargo, al levantar el tubo, est\u00e1 desorganizado y \u00a1est\u00e1 la cabeza abajo!<\/p>\n<p>Luego lo intentas nuevamente y la cabeza aparece en el centro!!!! Puedes repetir esto tantas veces como quieras.<\/p>\n<p>Finalmente, retiras la cabeza del Hombre ara\u00f1a o la princesa para solucionar el problema. Al volver a retirar el tubo, y con un poco de magia la cabeza est\u00e1 en el lugar correcto.<\/p>\n<p style=\"text-align: center;\"><a href=\"https:\/\/magoezequias.com.ar\/tienda\/wp-content\/uploads\/2025\/04\/mismade-mal-armado-princesa.jpeg\"><img decoding=\"async\" class=\"aligncenter wp-image-18228\" src=\"https:\/\/magoezequias.com.ar\/tienda\/wp-content\/uploads\/2025\/04\/mismade-mal-armado-princesa.jpeg\" alt=\"\" width=\"252\" height=\"313\" srcset=\"https:\/\/magoezequias.com.ar\/tienda\/wp-content\/uploads\/2025\/04\/mismade-mal-armado-princesa.jpeg 839w, https:\/\/magoezequias.com.ar\/tienda\/wp-content\/uploads\/2025\/04\/mismade-mal-armado-princesa-241x300.jpeg 241w, https:\/\/magoezequias.com.ar\/tienda\/wp-content\/uploads\/2025\/04\/mismade-mal-armado-princesa-824x1024.jpeg 824w, https:\/\/magoezequias.com.ar\/tienda\/wp-content\/uploads\/2025\/04\/mismade-mal-armado-princesa-768x955.jpeg 768w, https:\/\/magoezequias.com.ar\/tienda\/wp-content\/uploads\/2025\/04\/mismade-mal-armado-princesa-300x373.jpeg 300w\" sizes=\"(max-width: 252px) 100vw, 252px\" \/><\/a><\/p>\n<p>Usted de acuerdo a la fiesta pude presentar la versi\u00f3n de la princesa con el castillo o la del Hombre ara\u00f1a con el edificio. Un efecto totalmente construido en madera, autom\u00e1tico y muy f\u00e1cil de ejecutar. Con una grafica muy visual desde lejos, el tama\u00f1o es de 38 cm de altura, 10 de ancho y 5 de profundidad.<\/p>\n<p><iframe title=\"YouTube video player\" src=\"https:\/\/www.youtube.com\/embed\/Zxgqmw9mb2A?si=wYYsYyzO6hp8N-kc\" width=\"560\" height=\"315\" frameborder=\"0\" allowfullscreen=\"allowfullscreen\"><\/iframe><\/p>\n<p>&nbsp;<\/p>\n<p><iframe width=\"560\" height=\"315\" src=\"https:\/\/www.youtube.com\/embed\/FbAeL9RtPLc?si=6AlNMc473F-xrH_O\" title=\"YouTube video player\" frameborder=\"0\" allow=\"accelerometer; autoplay; clipboard-write; encrypted-media; gyroscope; picture-in-picture; web-share\" referrerpolicy=\"strict-origin-when-cross-origin\" allowfullscreen><\/iframe>&nbsp;<\/p>\n","protected":false},"excerpt":{"rendered":"<p>Este nuevo efecto es una aut\u00e9ntica belleza ya que permite dos presentaciones diferentes. Muestra tres bloques que conforman la imagen completa del Hombre ara\u00f1a o una princesa. Tambi\u00e9n muestra un tubo decorado con un edificio o un castillo y una base de madera para colocar los bloques. Todos est\u00e1n bellamente impresos en colores brillantes y [&hellip;]<\/p>\n","protected":false},"featured_media":18229,"comment_status":"open","ping_status":"closed","template":"","meta":[],"product_brand":[],"product_cat":[60,8],"product_tag":[746,17,659,590,587,589,745,696,559],"class_list":{"0":"post-18226","1":"product","2":"type-product","3":"status-publish","4":"has-post-thumbnail","6":"product_cat-ezequias-2","7":"product_cat-infantil","8":"product_tag-armado","9":"product_tag-ezequias","10":"product_tag-heroe","11":"product_tag-made","12":"product_tag-mal","13":"product_tag-mis","14":"product_tag-mismade","15":"product_tag-princesa","16":"product_tag-super","18":"first","19":"instock","20":"shipping-taxable","21":"purchasable","22":"product-type-simple"},"aioseo_notices":[],"_links":{"self":[{"href":"https:\/\/magoezequias.com.ar\/tienda\/wp-json\/wp\/v2\/product\/18226","targetHints":{"allow":["GET"]}}],"collection":[{"href":"https:\/\/magoezequias.com.ar\/tienda\/wp-json\/wp\/v2\/product"}],"about":[{"href":"https:\/\/magoezequias.com.ar\/tienda\/wp-json\/wp\/v2\/types\/product"}],"replies":[{"embeddable":true,"href":"https:\/\/magoezequias.com.ar\/tienda\/wp-json\/wp\/v2\/comments?post=18226"}],"version-history":[{"count":2,"href":"https:\/\/magoezequias.com.ar\/tienda\/wp-json\/wp\/v2\/product\/18226\/revisions"}],"predecessor-version":[{"id":18241,"href":"https:\/\/magoezequias.com.ar\/tienda\/wp-json\/wp\/v2\/product\/18226\/revisions\/18241"}],"wp:featuredmedia":[{"embeddable":true,"href":"https:\/\/magoezequias.com.ar\/tienda\/wp-json\/wp\/v2\/media\/18229"}],"wp:attachment":[{"href":"https:\/\/magoezequias.com.ar\/tienda\/wp-json\/wp\/v2\/media?parent=18226"}],"wp:term":[{"taxonomy":"product_brand","embeddable":true,"href":"https:\/\/magoezequias.com.ar\/tienda\/wp-json\/wp\/v2\/product_brand?post=18226"},{"taxonomy":"product_cat","embeddable":true,"href":"https:\/\/magoezequias.com.ar\/tienda\/wp-json\/wp\/v2\/product_cat?post=18226"},{"taxonomy":"product_tag","embeddable":true,"href":"https:\/\/magoezequias.com.ar\/tienda\/wp-json\/wp\/v2\/product_tag?post=18226"}],"curies":[{"name":"wp","href":"https:\/\/api.w.org\/{rel}","templated":true}]}}