{"id":18232,"date":"2025-04-13T21:15:39","date_gmt":"2025-04-14T00:15:39","guid":{"rendered":"https:\/\/magoezequias.com.ar\/tienda\/?post_type=product&#038;p=18232"},"modified":"2025-04-13T21:15:40","modified_gmt":"2025-04-14T00:15:40","slug":"drawer-box-mediana","status":"publish","type":"product","link":"https:\/\/magoezequias.com.ar\/tienda\/producto\/drawer-box-mediana","title":{"rendered":"Drawer Box mediana"},"content":{"rendered":"<p><a href=\"https:\/\/magoezequias.com.ar\/tienda\/wp-content\/uploads\/2025\/04\/drawer-5.jpeg\"><img fetchpriority=\"high\" decoding=\"async\" class=\"aligncenter  wp-image-18234\" src=\"https:\/\/magoezequias.com.ar\/tienda\/wp-content\/uploads\/2025\/04\/drawer-5.jpeg\" alt=\"\" width=\"349\" height=\"361\" srcset=\"https:\/\/magoezequias.com.ar\/tienda\/wp-content\/uploads\/2025\/04\/drawer-5.jpeg 1023w, https:\/\/magoezequias.com.ar\/tienda\/wp-content\/uploads\/2025\/04\/drawer-5-290x300.jpeg 290w, https:\/\/magoezequias.com.ar\/tienda\/wp-content\/uploads\/2025\/04\/drawer-5-991x1024.jpeg 991w, https:\/\/magoezequias.com.ar\/tienda\/wp-content\/uploads\/2025\/04\/drawer-5-768x794.jpeg 768w, https:\/\/magoezequias.com.ar\/tienda\/wp-content\/uploads\/2025\/04\/drawer-5-300x310.jpeg 300w\" sizes=\"(max-width: 349px) 100vw, 349px\" \/><\/a><\/p>\n<p>El mago abre la caja, la muestra vac\u00eda. Cierra el caj\u00f3n dice las palabras m\u00e1gicas y aparece llena de caramelos o una paloma.<\/p>\n<p>&nbsp;<\/p>\n<p>Puede poner un pa\u00f1uelo y transformarlo en un objeto de gran tama\u00f1o.<\/p>\n<p>&nbsp;<\/p>\n<p>Con esta caja podr\u00e1 hacer aparecer y desaparecer distintos objetos, inclusive peque\u00f1os animales como ser una paloma, o por que no un Raccoon, peluche, mu\u00f1eco o t\u00edtere.<\/p>\n<p>&nbsp;<\/p>\n<p>Tiene infinidad de posibilidades, solo esta limitado a su imaginaci\u00f3n.\u00a0Muy f\u00e1cil de utilizar.<\/p>\n<p>&nbsp;<\/p>\n<p>Construida en madera, tama\u00f1o 25 cm de largo, por 10 cm de alto y 10 cm de ancho.<\/p>\n","protected":false},"excerpt":{"rendered":"<p>Un elemento esencial en todo arsenal de un mago.<\/p>\n","protected":false},"featured_media":18234,"comment_status":"open","ping_status":"closed","template":"","meta":[],"product_brand":[],"product_cat":[8,9],"product_tag":[318,385,17],"class_list":{"0":"post-18232","1":"product","2":"type-product","3":"status-publish","4":"has-post-thumbnail","6":"product_cat-infantil","7":"product_cat-salon","8":"product_tag-box","9":"product_tag-drawer","10":"product_tag-ezequias","12":"first","13":"instock","14":"shipping-taxable","15":"purchasable","16":"product-type-simple"},"aioseo_notices":[],"_links":{"self":[{"href":"https:\/\/magoezequias.com.ar\/tienda\/wp-json\/wp\/v2\/product\/18232","targetHints":{"allow":["GET"]}}],"collection":[{"href":"https:\/\/magoezequias.com.ar\/tienda\/wp-json\/wp\/v2\/product"}],"about":[{"href":"https:\/\/magoezequias.com.ar\/tienda\/wp-json\/wp\/v2\/types\/product"}],"replies":[{"embeddable":true,"href":"https:\/\/magoezequias.com.ar\/tienda\/wp-json\/wp\/v2\/comments?post=18232"}],"version-history":[{"count":1,"href":"https:\/\/magoezequias.com.ar\/tienda\/wp-json\/wp\/v2\/product\/18232\/revisions"}],"predecessor-version":[{"id":18235,"href":"https:\/\/magoezequias.com.ar\/tienda\/wp-json\/wp\/v2\/product\/18232\/revisions\/18235"}],"wp:featuredmedia":[{"embeddable":true,"href":"https:\/\/magoezequias.com.ar\/tienda\/wp-json\/wp\/v2\/media\/18234"}],"wp:attachment":[{"href":"https:\/\/magoezequias.com.ar\/tienda\/wp-json\/wp\/v2\/media?parent=18232"}],"wp:term":[{"taxonomy":"product_brand","embeddable":true,"href":"https:\/\/magoezequias.com.ar\/tienda\/wp-json\/wp\/v2\/product_brand?post=18232"},{"taxonomy":"product_cat","embeddable":true,"href":"https:\/\/magoezequias.com.ar\/tienda\/wp-json\/wp\/v2\/product_cat?post=18232"},{"taxonomy":"product_tag","embeddable":true,"href":"https:\/\/magoezequias.com.ar\/tienda\/wp-json\/wp\/v2\/product_tag?post=18232"}],"curies":[{"name":"wp","href":"https:\/\/api.w.org\/{rel}","templated":true}]}}