{"id":18246,"date":"2025-07-09T19:49:51","date_gmt":"2025-07-09T22:49:51","guid":{"rendered":"https:\/\/magoezequias.com.ar\/tienda\/?post_type=product&#038;p=18246"},"modified":"2026-04-11T16:27:28","modified_gmt":"2026-04-11T19:27:28","slug":"capibara-o-stitch-mal-hecho","status":"publish","type":"product","link":"https:\/\/magoezequias.com.ar\/tienda\/producto\/capibara-o-stitch-mal-hecho","title":{"rendered":"Capibara o Stitch mal hecho"},"content":{"rendered":"<p><a href=\"https:\/\/magoezequias.com.ar\/tienda\/wp-content\/uploads\/2025\/07\/capibara-scaled.jpg\"><img fetchpriority=\"high\" decoding=\"async\" class=\"aligncenter wp-image-18247\" src=\"https:\/\/magoezequias.com.ar\/tienda\/wp-content\/uploads\/2025\/07\/capibara-scaled.jpg\" alt=\"\" width=\"309\" height=\"373\" srcset=\"https:\/\/magoezequias.com.ar\/tienda\/wp-content\/uploads\/2025\/07\/capibara-scaled.jpg 2118w, https:\/\/magoezequias.com.ar\/tienda\/wp-content\/uploads\/2025\/07\/capibara-248x300.jpg 248w, https:\/\/magoezequias.com.ar\/tienda\/wp-content\/uploads\/2025\/07\/capibara-847x1024.jpg 847w, https:\/\/magoezequias.com.ar\/tienda\/wp-content\/uploads\/2025\/07\/capibara-768x928.jpg 768w, https:\/\/magoezequias.com.ar\/tienda\/wp-content\/uploads\/2025\/07\/capibara-1271x1536.jpg 1271w, https:\/\/magoezequias.com.ar\/tienda\/wp-content\/uploads\/2025\/07\/capibara-1695x2048.jpg 1695w, https:\/\/magoezequias.com.ar\/tienda\/wp-content\/uploads\/2025\/07\/capibara-300x363.jpg 300w\" sizes=\"(max-width: 309px) 100vw, 309px\" \/><\/a><\/p>\n<p style=\"text-align: justify;\">Este nuevo efecto es una aut\u00e9ntica belleza ya que permite dos presentaciones diferentes. Muestra tres bloques que conforman la imagen completa de un Capibara o Stitch. Tambi\u00e9n muestra un tubo decorado con una casa de Capibara o casa de Stitch y una base de madera para colocar los bloques. Todos est\u00e1n bellamente impresos en colores brillantes y visibles.<\/p>\n<p style=\"text-align: justify;\">Coloca el tubo sobre la base y luego coloca los 3 bloques en el orden correcto armando la figura. Primero las patas, luego el centro y finalmente la cabeza. Sin embargo, al levantar el tubo, est\u00e1 desorganizado y \u00a1est\u00e1 la cabeza abajo!<\/p>\n<p style=\"text-align: justify;\">Luego lo intentas nuevamente y la cabeza aparece en el centro!!!! Puedes repetir esto tantas veces como quieras.<\/p>\n<p style=\"text-align: justify;\">Finalmente, retiras la cabeza del Capibara o Stitch para solucionar el problema. Al volver a retirar el tubo, y con un poco de magia la cabeza est\u00e1 en el lugar correcto.<\/p>\n<p><a href=\"https:\/\/magoezequias.com.ar\/tienda\/wp-content\/uploads\/2025\/07\/stich.jpg\"><img decoding=\"async\" class=\"aligncenter wp-image-18248\" src=\"https:\/\/magoezequias.com.ar\/tienda\/wp-content\/uploads\/2025\/07\/stich.jpg\" alt=\"\" width=\"256\" height=\"309\" srcset=\"https:\/\/magoezequias.com.ar\/tienda\/wp-content\/uploads\/2025\/07\/stich.jpg 755w, https:\/\/magoezequias.com.ar\/tienda\/wp-content\/uploads\/2025\/07\/stich-249x300.jpg 249w, https:\/\/magoezequias.com.ar\/tienda\/wp-content\/uploads\/2025\/07\/stich-300x362.jpg 300w\" sizes=\"(max-width: 256px) 100vw, 256px\" \/><\/a><\/p>\n<p style=\"text-align: justify;\">Usted de acuerdo a la fiesta pude presentar la versi\u00f3n del Capibara o Stitch con sus correspondientes casas. Un efecto totalmente construido en madera, autom\u00e1tico y muy f\u00e1cil de ejecutar. Con una grafica muy visual desde lejos, el tama\u00f1o es de 38 cm de altura, 10 de ancho y 5 de profundidad.<\/p>\n<p>&nbsp;<\/p>\n<p style=\"text-align: center;\"><iframe title=\"YouTube video player\" src=\"https:\/\/www.youtube.com\/embed\/UuZ6KRhyPdc?si=e00E7gv1P4b9syZq\" width=\"560\" height=\"315\" frameborder=\"0\" allowfullscreen=\"allowfullscreen\"><\/iframe><\/p>\n<p style=\"text-align: center;\"><strong>Versi\u00f3n Hombre Ara\u00f1a &#8211; Princesa<\/strong><\/p>\n<p style=\"text-align: center;\"><iframe title=\"YouTube video player\" src=\"https:\/\/www.youtube.com\/embed\/FbAeL9RtPLc?si=5z-ccaWGb_3N52Hy\" width=\"560\" height=\"315\" frameborder=\"0\" allowfullscreen=\"allowfullscreen\"><\/iframe><\/p>\n","protected":false},"excerpt":{"rendered":"<p>Este nuevo efecto es una aut\u00e9ntica belleza ya que permite dos presentaciones diferentes. Muestra tres bloques que conforman la imagen completa de un Capibara o Stitch. Tambi\u00e9n muestra un tubo decorado con una casa de Capibara o casa de Stitch y una base de madera para colocar los bloques. Todos est\u00e1n bellamente impresos en colores [&hellip;]<\/p>\n","protected":false},"featured_media":18247,"comment_status":"open","ping_status":"closed","template":"","meta":[],"product_brand":[],"product_cat":[10,60,8,9],"product_tag":[747,17,587,745,749,748],"class_list":{"0":"post-18246","1":"product","2":"type-product","3":"status-publish","4":"has-post-thumbnail","6":"product_cat-escena","7":"product_cat-ezequias-2","8":"product_cat-infantil","9":"product_cat-salon","10":"product_tag-capibara","11":"product_tag-ezequias","12":"product_tag-mal","13":"product_tag-mismade","14":"product_tag-ordenado","15":"product_tag-stitch","17":"first","18":"instock","19":"shipping-taxable","20":"purchasable","21":"product-type-simple"},"aioseo_notices":[],"_links":{"self":[{"href":"https:\/\/magoezequias.com.ar\/tienda\/wp-json\/wp\/v2\/product\/18246","targetHints":{"allow":["GET"]}}],"collection":[{"href":"https:\/\/magoezequias.com.ar\/tienda\/wp-json\/wp\/v2\/product"}],"about":[{"href":"https:\/\/magoezequias.com.ar\/tienda\/wp-json\/wp\/v2\/types\/product"}],"replies":[{"embeddable":true,"href":"https:\/\/magoezequias.com.ar\/tienda\/wp-json\/wp\/v2\/comments?post=18246"}],"version-history":[{"count":3,"href":"https:\/\/magoezequias.com.ar\/tienda\/wp-json\/wp\/v2\/product\/18246\/revisions"}],"predecessor-version":[{"id":18251,"href":"https:\/\/magoezequias.com.ar\/tienda\/wp-json\/wp\/v2\/product\/18246\/revisions\/18251"}],"wp:featuredmedia":[{"embeddable":true,"href":"https:\/\/magoezequias.com.ar\/tienda\/wp-json\/wp\/v2\/media\/18247"}],"wp:attachment":[{"href":"https:\/\/magoezequias.com.ar\/tienda\/wp-json\/wp\/v2\/media?parent=18246"}],"wp:term":[{"taxonomy":"product_brand","embeddable":true,"href":"https:\/\/magoezequias.com.ar\/tienda\/wp-json\/wp\/v2\/product_brand?post=18246"},{"taxonomy":"product_cat","embeddable":true,"href":"https:\/\/magoezequias.com.ar\/tienda\/wp-json\/wp\/v2\/product_cat?post=18246"},{"taxonomy":"product_tag","embeddable":true,"href":"https:\/\/magoezequias.com.ar\/tienda\/wp-json\/wp\/v2\/product_tag?post=18246"}],"curies":[{"name":"wp","href":"https:\/\/api.w.org\/{rel}","templated":true}]}}