{"id":18273,"date":"2025-09-30T22:31:46","date_gmt":"2025-10-01T01:31:46","guid":{"rendered":"https:\/\/magoezequias.com.ar\/tienda\/?post_type=product&#038;p=18273"},"modified":"2025-09-30T22:46:21","modified_gmt":"2025-10-01T01:46:21","slug":"la-varita-encantada","status":"publish","type":"product","link":"https:\/\/magoezequias.com.ar\/tienda\/producto\/la-varita-encantada","title":{"rendered":"La Varita Encantada"},"content":{"rendered":"<p data-start=\"178\" data-end=\"245\"><a href=\"https:\/\/magoezequias.com.ar\/tienda\/wp-content\/uploads\/2025\/09\/varita-animada-2.png\"><img fetchpriority=\"high\" decoding=\"async\" class=\"aligncenter wp-image-18276\" src=\"https:\/\/magoezequias.com.ar\/tienda\/wp-content\/uploads\/2025\/09\/varita-animada-2.png\" alt=\"\" width=\"460\" height=\"333\" srcset=\"https:\/\/magoezequias.com.ar\/tienda\/wp-content\/uploads\/2025\/09\/varita-animada-2.png 1083w, https:\/\/magoezequias.com.ar\/tienda\/wp-content\/uploads\/2025\/09\/varita-animada-2-300x217.png 300w, https:\/\/magoezequias.com.ar\/tienda\/wp-content\/uploads\/2025\/09\/varita-animada-2-1024x741.png 1024w, https:\/\/magoezequias.com.ar\/tienda\/wp-content\/uploads\/2025\/09\/varita-animada-2-768x556.png 768w\" sizes=\"(max-width: 460px) 100vw, 460px\" \/><\/a><\/p>\n<p data-start=\"178\" data-end=\"245\">\u2728 <strong data-start=\"180\" data-end=\"241\">\u00a1Elige un pa\u00f1uelo&#8230; y mira c\u00f3mo vuela por arte de magia!<\/strong> \u2728<\/p>\n<p data-start=\"247\" data-end=\"499\">Imagina este efecto: el mago muestra una <strong data-start=\"288\" data-end=\"315\">varita m\u00e1gica de madera<\/strong>, con 4 pa\u00f1uelos de diferentes colores sujetos con broches. Un espectador elige uno al azar, todos se concentran\u2026 \u00a1y de repente el pa\u00f1uelo elegido <strong data-start=\"462\" data-end=\"496\">sale volando solo de la varita<\/strong>!<\/p>\n<p data-start=\"501\" data-end=\"668\">Lo incre\u00edble es que todo sucede <strong data-start=\"533\" data-end=\"589\">sin que el mago mueva sus manos o toque los pa\u00f1uelos<\/strong>.<br data-start=\"590\" data-end=\"593\" \/>El milagro se repite con los dem\u00e1s pa\u00f1uelos, hasta que todos desaparecen.<\/p>\n<p data-start=\"670\" data-end=\"706\">\ud83d\udd2e <strong data-start=\"673\" data-end=\"704\">Caracter\u00edsticas del efecto:<\/strong><\/p>\n<ul data-start=\"707\" data-end=\"1012\">\n<li data-start=\"707\" data-end=\"763\">\n<p data-start=\"709\" data-end=\"763\">La elecci\u00f3n de los pa\u00f1uelos es <strong data-start=\"740\" data-end=\"760\">totalmente libre<\/strong>.<\/p>\n<\/li>\n<li data-start=\"764\" data-end=\"813\">\n<p data-start=\"766\" data-end=\"813\">El montaje puede hacerse delante del p\u00fablico.<\/p>\n<\/li>\n<li data-start=\"814\" data-end=\"885\">\n<p data-start=\"816\" data-end=\"885\">Usted puede colocar pa\u00f1uelos, corbatas, tarjetas u otros elementos.<\/p>\n<\/li>\n<li data-start=\"886\" data-end=\"1012\">\n<p data-start=\"888\" data-end=\"1012\">En el video de muestra, el efecto se presenta con <strong data-start=\"938\" data-end=\"979\">corbatas de las casas de Harry Potter<\/strong>, ideal para rutinas tem\u00e1ticas.<\/p>\n<\/li>\n<\/ul>\n<p data-start=\"1014\" data-end=\"1045\">\ud83c\udfad <strong data-start=\"1017\" data-end=\"1043\">Ventajas para el mago:<\/strong><\/p>\n<ul data-start=\"1046\" data-end=\"1335\">\n<li data-start=\"1046\" data-end=\"1102\">\n<p data-start=\"1048\" data-end=\"1102\">La varita es <strong data-start=\"1061\" data-end=\"1078\">100% mec\u00e1nica<\/strong>, fabricada en madera.<\/p>\n<\/li>\n<li data-start=\"1103\" data-end=\"1182\">\n<p data-start=\"1105\" data-end=\"1182\">S\u00faper f\u00e1cil de realizar: toda la atenci\u00f3n se centra en la <strong data-start=\"1163\" data-end=\"1179\">presentaci\u00f3n<\/strong>.<\/p>\n<\/li>\n<li data-start=\"1183\" data-end=\"1254\">\n<p data-start=\"1185\" data-end=\"1254\">Se adapta a <strong data-start=\"1197\" data-end=\"1216\">ni\u00f1os y adultos<\/strong>, ya sea en shows de sal\u00f3n o escena.<\/p>\n<\/li>\n<li data-start=\"1255\" data-end=\"1335\">\n<p data-start=\"1257\" data-end=\"1335\">Muy visual, impactante, ocupa poco espacio y tiene gran rendimiento en show.<\/p>\n<\/li>\n<\/ul>\n<p><a href=\"https:\/\/magoezequias.com.ar\/tienda\/wp-content\/uploads\/2025\/09\/varita-animada.jpeg\"><img decoding=\"async\" class=\"aligncenter wp-image-18274\" src=\"https:\/\/magoezequias.com.ar\/tienda\/wp-content\/uploads\/2025\/09\/varita-animada.jpeg\" alt=\"\" width=\"369\" height=\"295\" srcset=\"https:\/\/magoezequias.com.ar\/tienda\/wp-content\/uploads\/2025\/09\/varita-animada.jpeg 668w, https:\/\/magoezequias.com.ar\/tienda\/wp-content\/uploads\/2025\/09\/varita-animada-300x240.jpeg 300w\" sizes=\"(max-width: 369px) 100vw, 369px\" \/><\/a><\/p>\n<p data-start=\"1337\" data-end=\"1359\">\ud83d\udce6 <strong data-start=\"1340\" data-end=\"1357\">Usted recibe:<\/strong><\/p>\n<ul data-start=\"1360\" data-end=\"1565\">\n<li data-start=\"1360\" data-end=\"1398\">\n<p data-start=\"1362\" data-end=\"1398\">La <strong data-start=\"1365\" data-end=\"1383\">varita trucada<\/strong> (40 x 6 cm).<\/p>\n<\/li>\n<li data-start=\"1399\" data-end=\"1471\">\n<p data-start=\"1401\" data-end=\"1471\">4 corbatas de diferentes colores para la rutina estilo Harry Potter.<\/p>\n<\/li>\n<li data-start=\"1472\" data-end=\"1565\">\n<p data-start=\"1474\" data-end=\"1565\">Un <strong data-start=\"1477\" data-end=\"1498\">video descargable<\/strong> con la performance en vivo y la explicaci\u00f3n completa del efecto.<\/p>\n<\/li>\n<\/ul>\n<p data-start=\"1567\" data-end=\"1662\"><iframe title=\"YouTube video player\" src=\"https:\/\/www.youtube.com\/embed\/xc2gi8xPaWk?si=SFgfonWUDVFWwKMK\" width=\"560\" height=\"315\" frameborder=\"0\" allowfullscreen=\"allowfullscreen\"><\/iframe><\/p>\n","protected":false},"excerpt":{"rendered":"<p>\u2728 \u00a1Elige un pa\u00f1uelo&#8230; y mira c\u00f3mo vuela por arte de magia! \u2728 Imagina este efecto: el mago muestra una varita m\u00e1gica de madera, con 4 pa\u00f1uelos de diferentes colores sujetos con broches. Un espectador elige uno al azar, todos se concentran\u2026 \u00a1y de repente el pa\u00f1uelo elegido sale volando solo de la varita! Lo [&hellip;]<\/p>\n","protected":false},"featured_media":18274,"comment_status":"open","ping_status":"closed","template":"","meta":[],"product_brand":[],"product_cat":[10,60,8,13,6,9],"product_tag":[753,750,751,752,86],"class_list":{"0":"post-18273","1":"product","2":"type-product","3":"status-publish","4":"has-post-thumbnail","6":"product_cat-escena","7":"product_cat-ezequias-2","8":"product_cat-infantil","9":"product_cat-mentalismo","10":"product_cat-novedades","11":"product_cat-salon","12":"product_tag-corbata","13":"product_tag-encantadam-panuelo","14":"product_tag-harry","15":"product_tag-potter","16":"product_tag-varita","18":"first","19":"instock","20":"shipping-taxable","21":"purchasable","22":"product-type-simple"},"aioseo_notices":[],"_links":{"self":[{"href":"https:\/\/magoezequias.com.ar\/tienda\/wp-json\/wp\/v2\/product\/18273","targetHints":{"allow":["GET"]}}],"collection":[{"href":"https:\/\/magoezequias.com.ar\/tienda\/wp-json\/wp\/v2\/product"}],"about":[{"href":"https:\/\/magoezequias.com.ar\/tienda\/wp-json\/wp\/v2\/types\/product"}],"replies":[{"embeddable":true,"href":"https:\/\/magoezequias.com.ar\/tienda\/wp-json\/wp\/v2\/comments?post=18273"}],"version-history":[{"count":2,"href":"https:\/\/magoezequias.com.ar\/tienda\/wp-json\/wp\/v2\/product\/18273\/revisions"}],"predecessor-version":[{"id":18278,"href":"https:\/\/magoezequias.com.ar\/tienda\/wp-json\/wp\/v2\/product\/18273\/revisions\/18278"}],"wp:featuredmedia":[{"embeddable":true,"href":"https:\/\/magoezequias.com.ar\/tienda\/wp-json\/wp\/v2\/media\/18274"}],"wp:attachment":[{"href":"https:\/\/magoezequias.com.ar\/tienda\/wp-json\/wp\/v2\/media?parent=18273"}],"wp:term":[{"taxonomy":"product_brand","embeddable":true,"href":"https:\/\/magoezequias.com.ar\/tienda\/wp-json\/wp\/v2\/product_brand?post=18273"},{"taxonomy":"product_cat","embeddable":true,"href":"https:\/\/magoezequias.com.ar\/tienda\/wp-json\/wp\/v2\/product_cat?post=18273"},{"taxonomy":"product_tag","embeddable":true,"href":"https:\/\/magoezequias.com.ar\/tienda\/wp-json\/wp\/v2\/product_tag?post=18273"}],"curies":[{"name":"wp","href":"https:\/\/api.w.org\/{rel}","templated":true}]}}