{"id":18279,"date":"2025-10-01T10:48:21","date_gmt":"2025-10-01T13:48:21","guid":{"rendered":"https:\/\/magoezequias.com.ar\/tienda\/?post_type=product&#038;p=18279"},"modified":"2025-12-23T10:36:37","modified_gmt":"2025-12-23T13:36:37","slug":"el-dado-obediente","status":"publish","type":"product","link":"https:\/\/magoezequias.com.ar\/tienda\/producto\/el-dado-obediente","title":{"rendered":"El dado obediente"},"content":{"rendered":"<div>\n<p data-start=\"273\" data-end=\"424\"><a href=\"https:\/\/magoezequias.com.ar\/tienda\/wp-content\/uploads\/2025\/10\/El-cubo-inteligente.jpeg\"><img fetchpriority=\"high\" decoding=\"async\" class=\"aligncenter  wp-image-18280\" src=\"https:\/\/magoezequias.com.ar\/tienda\/wp-content\/uploads\/2025\/10\/El-cubo-inteligente.jpeg\" alt=\"\" width=\"234\" height=\"328\" srcset=\"https:\/\/magoezequias.com.ar\/tienda\/wp-content\/uploads\/2025\/10\/El-cubo-inteligente.jpeg 1083w, https:\/\/magoezequias.com.ar\/tienda\/wp-content\/uploads\/2025\/10\/El-cubo-inteligente-214x300.jpeg 214w, https:\/\/magoezequias.com.ar\/tienda\/wp-content\/uploads\/2025\/10\/El-cubo-inteligente-731x1024.jpeg 731w, https:\/\/magoezequias.com.ar\/tienda\/wp-content\/uploads\/2025\/10\/El-cubo-inteligente-768x1076.jpeg 768w, https:\/\/magoezequias.com.ar\/tienda\/wp-content\/uploads\/2025\/10\/El-cubo-inteligente-300x420.jpeg 300w\" sizes=\"(max-width: 234px) 100vw, 234px\" \/> <\/a><\/p>\n<p data-start=\"273\" data-end=\"424\">Fabricado con precisi\u00f3n y muy f\u00e1cil de usar, este dado de madera con emojis en sus caras ser\u00e1 tu mejor aliado para romper el hielo en cualquier show.<\/p>\n<p data-start=\"426\" data-end=\"772\">El cubo est\u00e1 atravesado por una cuerda. Si la cuerda se mantiene vertical, el cubo se desliza libremente hacia abajo. Pero en cuanto dices <strong data-start=\"565\" data-end=\"577\">\u201c\u00a1para!\u201d<\/strong>, el cubo se detiene en el centro\u2026 \u00a1como por arte de magia!<\/p>\n<p data-start=\"426\" data-end=\"772\"><br data-start=\"636\" data-end=\"639\" \/>Lo mejor: el dado tambi\u00e9n se detiene cuando el espectador lo ordena, o incluso cuando simplemente <strong data-start=\"737\" data-end=\"747\">piensa<\/strong> en la palabra \u201cparar\u201d.<\/p>\n<p data-start=\"426\" data-end=\"772\"><a href=\"https:\/\/magoezequias.com.ar\/tienda\/wp-content\/uploads\/2025\/10\/El-cubo-inteligente-2.jpeg\"><img decoding=\"async\" class=\"aligncenter  wp-image-18281\" src=\"https:\/\/magoezequias.com.ar\/tienda\/wp-content\/uploads\/2025\/10\/El-cubo-inteligente-2.jpeg\" alt=\"\" width=\"237\" height=\"261\" srcset=\"https:\/\/magoezequias.com.ar\/tienda\/wp-content\/uploads\/2025\/10\/El-cubo-inteligente-2.jpeg 1200w, https:\/\/magoezequias.com.ar\/tienda\/wp-content\/uploads\/2025\/10\/El-cubo-inteligente-2-273x300.jpeg 273w, https:\/\/magoezequias.com.ar\/tienda\/wp-content\/uploads\/2025\/10\/El-cubo-inteligente-2-930x1024.jpeg 930w, https:\/\/magoezequias.com.ar\/tienda\/wp-content\/uploads\/2025\/10\/El-cubo-inteligente-2-768x845.jpeg 768w, https:\/\/magoezequias.com.ar\/tienda\/wp-content\/uploads\/2025\/10\/El-cubo-inteligente-2-300x330.jpeg 300w\" sizes=\"(max-width: 237px) 100vw, 237px\" \/><\/a><\/p>\n<p data-start=\"774\" data-end=\"1273\">\u2705 <strong data-start=\"776\" data-end=\"795\">Multiprop\u00f3sito:<\/strong> adem\u00e1s de la demostraci\u00f3n principal, puede usarse como detector de mentiras o para hacer cuentas simples, cada vez que el dado se mueve suma un n\u00famero m\u00e1s.<\/p>\n<p data-start=\"774\" data-end=\"1273\">\u2705 <strong data-start=\"956\" data-end=\"978\">F\u00e1cil de ejecutar:<\/strong> el secreto es tan sencillo que toda tu atenci\u00f3n se centra en la presentaci\u00f3n y el humor.<br data-start=\"1067\" data-end=\"1070\" \/><br data-start=\"1160\" data-end=\"1163\" \/>\u2705 <strong data-start=\"1165\" data-end=\"1190\">Vers\u00e1til y divertido:<\/strong> ideal para shows infantiles, animaciones, etc.<\/p>\n<p data-start=\"1275\" data-end=\"1401\">Un efecto peque\u00f1o en tama\u00f1o, pero grande en impacto. \u00a1Perfecto para llevar en el bolsillo y sorprender en cualquier momento!<\/p>\n<p data-start=\"1403\" data-end=\"1447\">\ud83d\udccf <strong data-start=\"1406\" data-end=\"1429\">Medidas del bloque:<\/strong> 4,5 x 4,5 x 4,5 cm<\/p>\n<\/div>\n","protected":false},"excerpt":{"rendered":"<p>\ud83c\udfa9 Magia garantizada en tu bolsillo<\/p>\n","protected":false},"featured_media":18281,"comment_status":"open","ping_status":"closed","template":"","meta":[],"product_brand":[],"product_cat":[8,6,319],"product_tag":[637,384,755,754],"class_list":{"0":"post-18279","1":"product","2":"type-product","3":"status-publish","4":"has-post-thumbnail","6":"product_cat-infantil","7":"product_cat-novedades","8":"product_cat-principiantes","9":"product_tag-cubo","10":"product_tag-dado","11":"product_tag-inteligente","12":"product_tag-obediente","14":"first","15":"instock","16":"shipping-taxable","17":"purchasable","18":"product-type-simple"},"aioseo_notices":[],"_links":{"self":[{"href":"https:\/\/magoezequias.com.ar\/tienda\/wp-json\/wp\/v2\/product\/18279","targetHints":{"allow":["GET"]}}],"collection":[{"href":"https:\/\/magoezequias.com.ar\/tienda\/wp-json\/wp\/v2\/product"}],"about":[{"href":"https:\/\/magoezequias.com.ar\/tienda\/wp-json\/wp\/v2\/types\/product"}],"replies":[{"embeddable":true,"href":"https:\/\/magoezequias.com.ar\/tienda\/wp-json\/wp\/v2\/comments?post=18279"}],"version-history":[{"count":1,"href":"https:\/\/magoezequias.com.ar\/tienda\/wp-json\/wp\/v2\/product\/18279\/revisions"}],"predecessor-version":[{"id":18282,"href":"https:\/\/magoezequias.com.ar\/tienda\/wp-json\/wp\/v2\/product\/18279\/revisions\/18282"}],"wp:featuredmedia":[{"embeddable":true,"href":"https:\/\/magoezequias.com.ar\/tienda\/wp-json\/wp\/v2\/media\/18281"}],"wp:attachment":[{"href":"https:\/\/magoezequias.com.ar\/tienda\/wp-json\/wp\/v2\/media?parent=18279"}],"wp:term":[{"taxonomy":"product_brand","embeddable":true,"href":"https:\/\/magoezequias.com.ar\/tienda\/wp-json\/wp\/v2\/product_brand?post=18279"},{"taxonomy":"product_cat","embeddable":true,"href":"https:\/\/magoezequias.com.ar\/tienda\/wp-json\/wp\/v2\/product_cat?post=18279"},{"taxonomy":"product_tag","embeddable":true,"href":"https:\/\/magoezequias.com.ar\/tienda\/wp-json\/wp\/v2\/product_tag?post=18279"}],"curies":[{"name":"wp","href":"https:\/\/api.w.org\/{rel}","templated":true}]}}