{"id":18283,"date":"2025-10-02T22:57:54","date_gmt":"2025-10-03T01:57:54","guid":{"rendered":"https:\/\/magoezequias.com.ar\/tienda\/?post_type=product&#038;p=18283"},"modified":"2025-10-02T22:58:47","modified_gmt":"2025-10-03T01:58:47","slug":"corre-fantasma-corre-version-halloween","status":"publish","type":"product","link":"https:\/\/magoezequias.com.ar\/tienda\/producto\/corre-fantasma-corre-version-halloween","title":{"rendered":"Corre Fantasma Corre \u2013 Versi\u00f3n Halloween"},"content":{"rendered":"<p data-start=\"189\" data-end=\"237\"><a href=\"https:\/\/magoezequias.com.ar\/tienda\/wp-content\/uploads\/2025\/10\/Corre-Fantasma-25.jpeg\"><img fetchpriority=\"high\" decoding=\"async\" class=\"aligncenter wp-image-18284\" src=\"https:\/\/magoezequias.com.ar\/tienda\/wp-content\/uploads\/2025\/10\/Corre-Fantasma-25.jpeg\" alt=\"\" width=\"312\" height=\"271\" srcset=\"https:\/\/magoezequias.com.ar\/tienda\/wp-content\/uploads\/2025\/10\/Corre-Fantasma-25.jpeg 1290w, https:\/\/magoezequias.com.ar\/tienda\/wp-content\/uploads\/2025\/10\/Corre-Fantasma-25-300x260.jpeg 300w, https:\/\/magoezequias.com.ar\/tienda\/wp-content\/uploads\/2025\/10\/Corre-Fantasma-25-1024x889.jpeg 1024w, https:\/\/magoezequias.com.ar\/tienda\/wp-content\/uploads\/2025\/10\/Corre-Fantasma-25-768x667.jpeg 768w\" sizes=\"(max-width: 312px) 100vw, 312px\" \/><\/a><\/p>\n<p data-start=\"385\" data-end=\"622\">El mago cuenta la historia de un <strong data-start=\"418\" data-end=\"439\">fantasma travieso<\/strong>, que aparec\u00eda y desaparec\u00eda en distintas casas durante la \u00e9poca de Halloween. Le encantaba jugar de casa en casa, asomarse por las ventanas, subir a los techos y burlarse de todos.<\/p>\n<p data-start=\"624\" data-end=\"1192\">\ud83d\udc49 El mago abre la puerta de una casa y no hay nadie\u2026 pero al instante, \u00a1aparece el fantasma misteriosamente!<br data-start=\"733\" data-end=\"736\" \/>\ud83d\udc49 El mago, cansado de sus travesuras, intenta hacerlo desaparecer, y lo logra\u2026 pero los ni\u00f1os descubren que en realidad el fantasma se escap\u00f3 a la casa de al lado.<br data-start=\"900\" data-end=\"903\" \/>\ud83d\udc49 All\u00ed comienza una <strong data-start=\"924\" data-end=\"960\">secuencia c\u00f3mica y participativa<\/strong>, en la que los chicos siempre ven al fantasma moverse de un lugar a otro, mientras el mago nunca logra atraparlo.<br data-start=\"1074\" data-end=\"1077\" \/>\ud83d\udc49 Finalmente, cuando parece que ya se fue para siempre\u2026 \u00a1el fantasma vuelve a aparecer con m\u00e1s fuerza que nunca!<\/p>\n<p style=\"text-align: center;\" data-start=\"624\" data-end=\"1192\"><a href=\"https:\/\/magoezequias.com.ar\/tienda\/wp-content\/uploads\/2025\/10\/Corre-Fantasma-253.jpeg\"><img decoding=\"async\" class=\"aligncenter  wp-image-18285\" src=\"https:\/\/magoezequias.com.ar\/tienda\/wp-content\/uploads\/2025\/10\/Corre-Fantasma-253.jpeg\" alt=\"\" width=\"506\" height=\"380\" srcset=\"https:\/\/magoezequias.com.ar\/tienda\/wp-content\/uploads\/2025\/10\/Corre-Fantasma-253.jpeg 1600w, https:\/\/magoezequias.com.ar\/tienda\/wp-content\/uploads\/2025\/10\/Corre-Fantasma-253-300x225.jpeg 300w, https:\/\/magoezequias.com.ar\/tienda\/wp-content\/uploads\/2025\/10\/Corre-Fantasma-253-1024x768.jpeg 1024w, https:\/\/magoezequias.com.ar\/tienda\/wp-content\/uploads\/2025\/10\/Corre-Fantasma-253-768x576.jpeg 768w, https:\/\/magoezequias.com.ar\/tienda\/wp-content\/uploads\/2025\/10\/Corre-Fantasma-253-1536x1152.jpeg 1536w\" sizes=\"(max-width: 506px) 100vw, 506px\" \/><\/a><\/p>\n<p data-start=\"624\" data-end=\"1192\">\n<h3 data-start=\"1194\" data-end=\"1228\">\ud83c\udfad Caracter\u00edsticas del juego<\/h3>\n<ul data-start=\"1229\" data-end=\"1686\">\n<li data-start=\"1229\" data-end=\"1280\">\n<p data-start=\"1231\" data-end=\"1280\">\u2705 <strong data-start=\"1233\" data-end=\"1247\">Muy visual<\/strong>: ideal para sal\u00f3n y escenario.<\/p>\n<\/li>\n<li data-start=\"1281\" data-end=\"1373\">\n<p data-start=\"1283\" data-end=\"1373\">\u2705 <strong data-start=\"1285\" data-end=\"1304\">Tama\u00f1o pr\u00e1ctico<\/strong>: mide 30 cm de largo x 16 cm de alto, con un espesor de solo 2 cm.<\/p>\n<\/li>\n<li data-start=\"1374\" data-end=\"1475\">\n<p data-start=\"1376\" data-end=\"1475\">\u2705 <strong data-start=\"1378\" data-end=\"1403\">Portable y resistente<\/strong>: s\u00faper liviano, de empaque peque\u00f1o y construido en madera de calidad.<\/p>\n<\/li>\n<li data-start=\"1476\" data-end=\"1607\">\n<p data-start=\"1478\" data-end=\"1607\">\u2705 <strong data-start=\"1480\" data-end=\"1494\">Autom\u00e1tico<\/strong>: se ejecuta en las manos, sin dificultad, para que toda la atenci\u00f3n est\u00e9 puesta en la presentaci\u00f3n y el humor.<\/p>\n<\/li>\n<li data-start=\"1608\" data-end=\"1686\">\n<p data-start=\"1610\" data-end=\"1686\">\u2705 Puede usarse tambi\u00e9n <strong data-start=\"1633\" data-end=\"1661\">sobre la mesa de trabajo<\/strong>, manteni\u00e9ndose de pie.<\/p>\n<\/li>\n<\/ul>\n<p data-start=\"1688\" data-end=\"1942\">Un efecto cl\u00e1sico renovado, perfecto para shows infantiles, rutinas de Halloween, animaciones escolares y presentaciones familiares.<br data-start=\"1820\" data-end=\"1823\" \/>\u00a1El fantasma corre de casa en casa, los chicos gritan, se divierten, y vos solo ten\u00e9s que preocuparte por hacer re\u00edr!<\/p>\n<p data-start=\"1688\" data-end=\"1942\"><iframe title=\"YouTube video player\" src=\"https:\/\/www.youtube.com\/embed\/eH97esEshhI?si=SGTY0Rd7IV63HsxZ\" width=\"560\" height=\"315\" frameborder=\"0\" allowfullscreen=\"allowfullscreen\"><\/iframe><\/p>\n","protected":false},"excerpt":{"rendered":"<p>\ud83d\udc7b\u00a0Fabricado con precisi\u00f3n, <strong data-start=\"264\" data-end=\"294\">f\u00e1cil de usar y muy visual<\/strong>, llega una nueva versi\u00f3n de un cl\u00e1sico de la magia infantil: <strong data-start=\"356\" data-end=\"380\">Corre Fantasma Corre<\/strong>.<\/p>\n","protected":false},"featured_media":18285,"comment_status":"open","ping_status":"closed","template":"","meta":[],"product_brand":[],"product_cat":[60,8,6],"product_tag":[30,17,509,612],"class_list":{"0":"post-18283","1":"product","2":"type-product","3":"status-publish","4":"has-post-thumbnail","6":"product_cat-ezequias-2","7":"product_cat-infantil","8":"product_cat-novedades","9":"product_tag-corre","10":"product_tag-ezequias","11":"product_tag-fantasma","12":"product_tag-halloween","14":"first","15":"instock","16":"shipping-taxable","17":"purchasable","18":"product-type-simple"},"aioseo_notices":[],"_links":{"self":[{"href":"https:\/\/magoezequias.com.ar\/tienda\/wp-json\/wp\/v2\/product\/18283","targetHints":{"allow":["GET"]}}],"collection":[{"href":"https:\/\/magoezequias.com.ar\/tienda\/wp-json\/wp\/v2\/product"}],"about":[{"href":"https:\/\/magoezequias.com.ar\/tienda\/wp-json\/wp\/v2\/types\/product"}],"replies":[{"embeddable":true,"href":"https:\/\/magoezequias.com.ar\/tienda\/wp-json\/wp\/v2\/comments?post=18283"}],"version-history":[{"count":2,"href":"https:\/\/magoezequias.com.ar\/tienda\/wp-json\/wp\/v2\/product\/18283\/revisions"}],"predecessor-version":[{"id":18288,"href":"https:\/\/magoezequias.com.ar\/tienda\/wp-json\/wp\/v2\/product\/18283\/revisions\/18288"}],"wp:featuredmedia":[{"embeddable":true,"href":"https:\/\/magoezequias.com.ar\/tienda\/wp-json\/wp\/v2\/media\/18285"}],"wp:attachment":[{"href":"https:\/\/magoezequias.com.ar\/tienda\/wp-json\/wp\/v2\/media?parent=18283"}],"wp:term":[{"taxonomy":"product_brand","embeddable":true,"href":"https:\/\/magoezequias.com.ar\/tienda\/wp-json\/wp\/v2\/product_brand?post=18283"},{"taxonomy":"product_cat","embeddable":true,"href":"https:\/\/magoezequias.com.ar\/tienda\/wp-json\/wp\/v2\/product_cat?post=18283"},{"taxonomy":"product_tag","embeddable":true,"href":"https:\/\/magoezequias.com.ar\/tienda\/wp-json\/wp\/v2\/product_tag?post=18283"}],"curies":[{"name":"wp","href":"https:\/\/api.w.org\/{rel}","templated":true}]}}