{"id":18289,"date":"2025-10-03T22:30:17","date_gmt":"2025-10-04T01:30:17","guid":{"rendered":"https:\/\/magoezequias.com.ar\/tienda\/?post_type=product&#038;p=18289"},"modified":"2025-10-03T22:30:17","modified_gmt":"2025-10-04T01:30:17","slug":"frankenstein-magico-halloween","status":"publish","type":"product","link":"https:\/\/magoezequias.com.ar\/tienda\/producto\/frankenstein-magico-halloween","title":{"rendered":"Frankenstein M\u00e1gico &#8211; Halloween"},"content":{"rendered":"<p data-start=\"338\" data-end=\"502\"><a href=\"https:\/\/magoezequias.com.ar\/tienda\/wp-content\/uploads\/2022\/10\/vlcsnap-2020-10-26-20h27m26s131.png\"><img fetchpriority=\"high\" decoding=\"async\" class=\"aligncenter  wp-image-2449\" src=\"https:\/\/magoezequias.com.ar\/tienda\/wp-content\/uploads\/2022\/10\/vlcsnap-2020-10-26-20h27m26s131.png\" alt=\"\" width=\"262\" height=\"250\" srcset=\"https:\/\/magoezequias.com.ar\/tienda\/wp-content\/uploads\/2022\/10\/vlcsnap-2020-10-26-20h27m26s131.png 919w, https:\/\/magoezequias.com.ar\/tienda\/wp-content\/uploads\/2022\/10\/vlcsnap-2020-10-26-20h27m26s131-300x287.png 300w, https:\/\/magoezequias.com.ar\/tienda\/wp-content\/uploads\/2022\/10\/vlcsnap-2020-10-26-20h27m26s131-768x735.png 768w\" sizes=\"(max-width: 262px) 100vw, 262px\" \/><\/a><\/p>\n<p data-start=\"338\" data-end=\"502\">En tu espect\u00e1culo presentar\u00e1s al famoso <strong data-start=\"378\" data-end=\"406\">monstruo de Frankenstein<\/strong>, un personaje de ficci\u00f3n que siempre est\u00e1 metido en travesuras\u2026 El mago lo muestra y lo hace jugar&#8230; pero tanto saltar y corretear \u00a1se le sale la cabeza&#8230; la perdi\u00f3!<\/p>\n<p data-start=\"504\" data-end=\"1127\">\ud83d\udc49 El mago relata la historia y muestra c\u00f3mo la cabeza termina en sus manos.<br data-start=\"580\" data-end=\"583\" \/>\ud83d\udc49 Luego la hace desaparecer dentro de una bolsa\u2026 pero al regresar, la cabeza no vuelve al cuerpo del pobre Frankenstein.<br data-start=\"704\" data-end=\"707\" \/>\ud83d\udc49 Desesperado, el mago cubre al monstruo con un pa\u00f1uelo y, en un momento de tensi\u00f3n y misterio, <strong data-start=\"804\" data-end=\"850\">el cuerpo comienza a levantarse lentamente<\/strong>\u2026 algo que los ni\u00f1os ven claramente, pero el mago no.<br data-start=\"903\" data-end=\"906\" \/>\ud83d\udc49 Esta situaci\u00f3n de comedia y sorpresa se repite de distintas formas, con las risas del p\u00fablico creciendo cada vez m\u00e1s al ver el pa\u00f1uelo que se levanta!!!!!.<br data-start=\"1026\" data-end=\"1029\" \/>\ud83d\udc49 Finalmente, al retirar el pa\u00f1uelo\u2026 \u00a1Frankenstein ya recuper\u00f3 su cabeza para seguir asustando!<\/p>\n<p style=\"text-align: center;\" data-start=\"504\" data-end=\"1127\"><a href=\"https:\/\/magoezequias.com.ar\/tienda\/wp-content\/uploads\/2025\/10\/Frankenstein-magico-25.jpeg\"><img decoding=\"async\" class=\"aligncenter  wp-image-18290\" src=\"https:\/\/magoezequias.com.ar\/tienda\/wp-content\/uploads\/2025\/10\/Frankenstein-magico-25.jpeg\" alt=\"\" width=\"270\" height=\"405\" srcset=\"https:\/\/magoezequias.com.ar\/tienda\/wp-content\/uploads\/2025\/10\/Frankenstein-magico-25.jpeg 1067w, https:\/\/magoezequias.com.ar\/tienda\/wp-content\/uploads\/2025\/10\/Frankenstein-magico-25-200x300.jpeg 200w, https:\/\/magoezequias.com.ar\/tienda\/wp-content\/uploads\/2025\/10\/Frankenstein-magico-25-683x1024.jpeg 683w, https:\/\/magoezequias.com.ar\/tienda\/wp-content\/uploads\/2025\/10\/Frankenstein-magico-25-768x1152.jpeg 768w, https:\/\/magoezequias.com.ar\/tienda\/wp-content\/uploads\/2025\/10\/Frankenstein-magico-25-1024x1536.jpeg 1024w, https:\/\/magoezequias.com.ar\/tienda\/wp-content\/uploads\/2025\/10\/Frankenstein-magico-25-300x450.jpeg 300w\" sizes=\"(max-width: 270px) 100vw, 270px\" \/><\/a><\/p>\n<p data-start=\"504\" data-end=\"1127\">\n<h3 data-start=\"1129\" data-end=\"1163\">\ud83c\udfad Caracter\u00edsticas del juego<\/h3>\n<ul data-start=\"1164\" data-end=\"1370\">\n<li data-start=\"1164\" data-end=\"1204\">\n<p data-start=\"1166\" data-end=\"1204\">\u2705 Rutina muy c\u00f3mica y participativa.<\/p>\n<\/li>\n<li data-start=\"1205\" data-end=\"1247\">\n<p data-start=\"1207\" data-end=\"1247\">\u2705 S\u00faper visual para sal\u00f3n y escenario.<\/p>\n<\/li>\n<li data-start=\"1248\" data-end=\"1292\">\n<p data-start=\"1250\" data-end=\"1292\">\u2705 Muy liviano y pr\u00e1ctico de transportar.<\/p>\n<\/li>\n<li data-start=\"1293\" data-end=\"1323\">\n<p data-start=\"1295\" data-end=\"1323\">\u2705 Construcci\u00f3n resistente.<\/p>\n<\/li>\n<li data-start=\"1324\" data-end=\"1370\">\n<p data-start=\"1326\" data-end=\"1370\">\u2705 Medidas: 43 cm de alto x 20 cm de ancho.<\/p>\n<\/li>\n<\/ul>\n<p data-start=\"1372\" data-end=\"1510\">Un efecto que combina <strong data-start=\"1394\" data-end=\"1437\">terror divertido, humor y participaci\u00f3n<\/strong>, perfecto para shows de Halloween, magia infantil o rutinas teatrales.<\/p>\n","protected":false},"excerpt":{"rendered":"<p>\ud83e\udddfUna rutina <strong data-start=\"170\" data-end=\"228\">llena de comedia, misterio y participaci\u00f3n del p\u00fablico<\/strong>. S\u00faper visual, liviano y f\u00e1cil de transportar, ideal para shows infantiles y presentaciones de Halloween.<\/p>\n","protected":false},"featured_media":18290,"comment_status":"open","ping_status":"closed","template":"","meta":[],"product_brand":[],"product_cat":[60,6,8],"product_tag":[17,664,612,534],"class_list":{"0":"post-18289","1":"product","2":"type-product","3":"status-publish","4":"has-post-thumbnail","6":"product_cat-ezequias-2","7":"product_cat-novedades","8":"product_cat-infantil","9":"product_tag-ezequias","10":"product_tag-frankenstein","11":"product_tag-halloween","12":"product_tag-hallowen","14":"first","15":"instock","16":"shipping-taxable","17":"purchasable","18":"product-type-simple"},"aioseo_notices":[],"_links":{"self":[{"href":"https:\/\/magoezequias.com.ar\/tienda\/wp-json\/wp\/v2\/product\/18289","targetHints":{"allow":["GET"]}}],"collection":[{"href":"https:\/\/magoezequias.com.ar\/tienda\/wp-json\/wp\/v2\/product"}],"about":[{"href":"https:\/\/magoezequias.com.ar\/tienda\/wp-json\/wp\/v2\/types\/product"}],"replies":[{"embeddable":true,"href":"https:\/\/magoezequias.com.ar\/tienda\/wp-json\/wp\/v2\/comments?post=18289"}],"version-history":[{"count":1,"href":"https:\/\/magoezequias.com.ar\/tienda\/wp-json\/wp\/v2\/product\/18289\/revisions"}],"predecessor-version":[{"id":18291,"href":"https:\/\/magoezequias.com.ar\/tienda\/wp-json\/wp\/v2\/product\/18289\/revisions\/18291"}],"wp:featuredmedia":[{"embeddable":true,"href":"https:\/\/magoezequias.com.ar\/tienda\/wp-json\/wp\/v2\/media\/18290"}],"wp:attachment":[{"href":"https:\/\/magoezequias.com.ar\/tienda\/wp-json\/wp\/v2\/media?parent=18289"}],"wp:term":[{"taxonomy":"product_brand","embeddable":true,"href":"https:\/\/magoezequias.com.ar\/tienda\/wp-json\/wp\/v2\/product_brand?post=18289"},{"taxonomy":"product_cat","embeddable":true,"href":"https:\/\/magoezequias.com.ar\/tienda\/wp-json\/wp\/v2\/product_cat?post=18289"},{"taxonomy":"product_tag","embeddable":true,"href":"https:\/\/magoezequias.com.ar\/tienda\/wp-json\/wp\/v2\/product_tag?post=18289"}],"curies":[{"name":"wp","href":"https:\/\/api.w.org\/{rel}","templated":true}]}}