{"id":18306,"date":"2025-10-07T10:29:45","date_gmt":"2025-10-07T13:29:45","guid":{"rendered":"https:\/\/magoezequias.com.ar\/tienda\/?post_type=product&#038;p=18306"},"modified":"2025-10-07T10:30:36","modified_gmt":"2025-10-07T13:30:36","slug":"attaboy-harry-potter","status":"publish","type":"product","link":"https:\/\/magoezequias.com.ar\/tienda\/producto\/attaboy-harry-potter","title":{"rendered":"Attaboy Harry Potter"},"content":{"rendered":"<p style=\"text-align: center;\" data-start=\"260\" data-end=\"308\"><a href=\"https:\/\/magoezequias.com.ar\/tienda\/wp-content\/uploads\/2025\/10\/Attaboy-Harry-Potter.jpeg\"><img fetchpriority=\"high\" decoding=\"async\" class=\"aligncenter wp-image-18308\" src=\"https:\/\/magoezequias.com.ar\/tienda\/wp-content\/uploads\/2025\/10\/Attaboy-Harry-Potter.jpeg\" alt=\"\" width=\"359\" height=\"426\" srcset=\"https:\/\/magoezequias.com.ar\/tienda\/wp-content\/uploads\/2025\/10\/Attaboy-Harry-Potter.jpeg 960w, https:\/\/magoezequias.com.ar\/tienda\/wp-content\/uploads\/2025\/10\/Attaboy-Harry-Potter-253x300.jpeg 253w, https:\/\/magoezequias.com.ar\/tienda\/wp-content\/uploads\/2025\/10\/Attaboy-Harry-Potter-865x1024.jpeg 865w, https:\/\/magoezequias.com.ar\/tienda\/wp-content\/uploads\/2025\/10\/Attaboy-Harry-Potter-768x910.jpeg 768w, https:\/\/magoezequias.com.ar\/tienda\/wp-content\/uploads\/2025\/10\/Attaboy-Harry-Potter-300x355.jpeg 300w\" sizes=\"(max-width: 359px) 100vw, 359px\" \/><\/a><\/p>\n<p data-start=\"260\" data-end=\"308\">\ud83e\uddd9\u200d\u2642\ufe0f\u00a0Una versi\u00f3n moderna y tem\u00e1tica del cl\u00e1sico <strong data-start=\"353\" data-end=\"366\">\u201cAttaboy\u201d<\/strong> de Jack Hughes, uno de los efectos mec\u00e1nicos m\u00e1s ingeniosos de la historia de la magia, ahora reinventado con la imagen del mago m\u00e1s famoso del mundo: <strong data-start=\"518\" data-end=\"534\">Harry Potter<\/strong>.<\/p>\n<p data-start=\"539\" data-end=\"674\">En esta rutina, el mago presenta una figura de <strong data-start=\"586\" data-end=\"612\">Harry Potter de madera<\/strong>, sosteniendo dos peque\u00f1as houlettes (soportes para cartas).<\/p>\n<h3 data-start=\"676\" data-end=\"700\">\u2728 Efecto principal<\/h3>\n<p data-start=\"701\" data-end=\"940\">Tres cartas o la cantidad que quiera, son seleccionadas y devueltas a la baraja, que se coloca en la houlette a los pies de Harry. El mago toma una a una las cartas de esa baraja y las pasa frente a los ojos de Harry, deposit\u00e1ndolas luego en la houlette superior.<\/p>\n<p data-start=\"942\" data-end=\"1197\">En cualquier momento, los espectadores pueden gritar <strong data-start=\"995\" data-end=\"1008\">\u201c\u00a1ahora!\u201d<\/strong>, y la carta que Harry \u201cve\u201d en ese instante siempre resulta ser <strong data-start=\"1072\" data-end=\"1100\">una de las seleccionadas<\/strong>.<\/p>\n<p data-start=\"942\" data-end=\"1197\"><br data-start=\"1101\" data-end=\"1104\" \/>El proceso se repite con las tres cartas, generando <strong data-start=\"1156\" data-end=\"1194\">sorpresa, participaci\u00f3n y misterio<\/strong>.<\/p>\n<p data-start=\"1199\" data-end=\"1328\">Solo se utiliza <strong data-start=\"1218\" data-end=\"1238\">una baraja com\u00fan<\/strong>. No hay cartas trucadas ni manipulaci\u00f3n complicada.<\/p>\n<p data-start=\"1199\" data-end=\"1328\"><a href=\"https:\/\/magoezequias.com.ar\/tienda\/wp-content\/uploads\/2025\/10\/Attaboy-Harry-Potter-2.jpeg\"><img decoding=\"async\" class=\"aligncenter wp-image-18309\" src=\"https:\/\/magoezequias.com.ar\/tienda\/wp-content\/uploads\/2025\/10\/Attaboy-Harry-Potter-2.jpeg\" alt=\"\" width=\"441\" height=\"541\" srcset=\"https:\/\/magoezequias.com.ar\/tienda\/wp-content\/uploads\/2025\/10\/Attaboy-Harry-Potter-2.jpeg 752w, https:\/\/magoezequias.com.ar\/tienda\/wp-content\/uploads\/2025\/10\/Attaboy-Harry-Potter-2-244x300.jpeg 244w, https:\/\/magoezequias.com.ar\/tienda\/wp-content\/uploads\/2025\/10\/Attaboy-Harry-Potter-2-300x368.jpeg 300w\" sizes=\"(max-width: 441px) 100vw, 441px\" \/><\/a><\/p>\n<h3 data-start=\"1330\" data-end=\"1358\">Posibilidades extra<\/h3>\n<p data-start=\"1359\" data-end=\"1555\">Adem\u00e1s del efecto cl\u00e1sico, esta versi\u00f3n permite realizar una rutina personalizada utilizando <strong data-start=\"1452\" data-end=\"1473\">cartas con letras (incluidas)<\/strong>.<br data-start=\"1474\" data-end=\"1477\" \/>Los espectadores eligen letras al azar, y al mostrarlas, forman m\u00e1gicamente:<\/p>\n<ul data-start=\"1556\" data-end=\"1668\">\n<li data-start=\"1556\" data-end=\"1590\">\n<p data-start=\"1558\" data-end=\"1590\">El <strong data-start=\"1561\" data-end=\"1587\">nombre del cumplea\u00f1ero<\/strong>,<\/p>\n<\/li>\n<li data-start=\"1591\" data-end=\"1619\">\n<p data-start=\"1593\" data-end=\"1619\">Una <strong data-start=\"1597\" data-end=\"1616\">marca comercial<\/strong>,<\/p>\n<\/li>\n<li data-start=\"1620\" data-end=\"1668\">\n<p data-start=\"1622\" data-end=\"1668\">O una <strong data-start=\"1628\" data-end=\"1665\">palabra m\u00e1gica o mensaje sorpresa<\/strong>.<\/p>\n<\/li>\n<\/ul>\n<p>&nbsp;<\/p>\n<h3 data-start=\"1670\" data-end=\"1707\">\ud83c\udfa9 Caracter\u00edsticas del producto<\/h3>\n<ul data-start=\"1708\" data-end=\"2156\">\n<li data-start=\"1708\" data-end=\"1767\">\n<p data-start=\"1710\" data-end=\"1767\">\u2705 Figura tem\u00e1tica de <strong data-start=\"1731\" data-end=\"1747\">Harry Potter<\/strong> de 40 cm de alto.<\/p>\n<\/li>\n<li data-start=\"1768\" data-end=\"1820\">\n<p data-start=\"1770\" data-end=\"1820\">\u2705 Construida en <strong data-start=\"1786\" data-end=\"1817\">madera resistente y liviana<\/strong>.<\/p>\n<\/li>\n<li data-start=\"1821\" data-end=\"1917\">\n<p data-start=\"1823\" data-end=\"1917\">\u2705 Incluye <strong data-start=\"1833\" data-end=\"1857\">soporte en la cabeza<\/strong> desmontable para mostrar las cartas al p\u00fablico con mejor visibilidad.<\/p>\n<\/li>\n<li data-start=\"1918\" data-end=\"1984\">\n<p data-start=\"1920\" data-end=\"1984\">\u2705 Incluye <strong data-start=\"1930\" data-end=\"1959\">mazo de cartas con letras<\/strong> para usar al instante.<\/p>\n<\/li>\n<li data-start=\"1985\" data-end=\"2038\">\n<p data-start=\"1987\" data-end=\"2038\">\u2705 Compatible con <strong data-start=\"2004\" data-end=\"2035\">cartas espa\u00f1olas o de p\u00f3ker<\/strong>.<\/p>\n<\/li>\n<li data-start=\"2039\" data-end=\"2083\">\n<p data-start=\"2041\" data-end=\"2083\">\u2705 <strong data-start=\"2043\" data-end=\"2057\">Muy visual<\/strong> para sal\u00f3n o escenario.<\/p>\n<\/li>\n<li data-start=\"2084\" data-end=\"2156\">\n<p data-start=\"2086\" data-end=\"2156\">\u2705 Efecto <strong data-start=\"2095\" data-end=\"2126\">autom\u00e1tico y personalizable<\/strong>, ideal para rutinas \u00fanicas.<\/p>\n<\/li>\n<li data-start=\"2084\" data-end=\"2156\"><\/li>\n<\/ul>\n<p style=\"text-align: center;\"><a href=\"https:\/\/magoezequias.com.ar\/tienda\/wp-content\/uploads\/2025\/10\/Attaboy-Harry-Potter-3.jpeg\"><img decoding=\"async\" class=\"aligncenter wp-image-18307\" src=\"https:\/\/magoezequias.com.ar\/tienda\/wp-content\/uploads\/2025\/10\/Attaboy-Harry-Potter-3.jpeg\" alt=\"\" width=\"428\" height=\"533\" srcset=\"https:\/\/magoezequias.com.ar\/tienda\/wp-content\/uploads\/2025\/10\/Attaboy-Harry-Potter-3.jpeg 742w, https:\/\/magoezequias.com.ar\/tienda\/wp-content\/uploads\/2025\/10\/Attaboy-Harry-Potter-3-241x300.jpeg 241w, https:\/\/magoezequias.com.ar\/tienda\/wp-content\/uploads\/2025\/10\/Attaboy-Harry-Potter-3-300x373.jpeg 300w\" sizes=\"(max-width: 428px) 100vw, 428px\" \/><\/a><\/p>\n","protected":false},"excerpt":{"rendered":"<p>Un cl\u00e1sico de la magia reinventado con el encanto de Harry Potter: <strong data-start=\"2225\" data-end=\"2303\">sorprendente, participativo y adaptable a cualquier p\u00fablico o presentaci\u00f3n<\/strong>.<\/p>\n","protected":false},"featured_media":18309,"comment_status":"open","ping_status":"closed","template":"","meta":[],"product_brand":[],"product_cat":[60,6,12,8,9],"product_tag":[757,79,17,751,752],"class_list":{"0":"post-18306","1":"product","2":"type-product","3":"status-publish","4":"has-post-thumbnail","6":"product_cat-ezequias-2","7":"product_cat-novedades","8":"product_cat-cartomagia","9":"product_cat-infantil","10":"product_cat-salon","11":"product_tag-attaboy","12":"product_tag-cartas","13":"product_tag-ezequias","14":"product_tag-harry","15":"product_tag-potter","17":"first","18":"instock","19":"shipping-taxable","20":"purchasable","21":"product-type-simple"},"aioseo_notices":[],"_links":{"self":[{"href":"https:\/\/magoezequias.com.ar\/tienda\/wp-json\/wp\/v2\/product\/18306","targetHints":{"allow":["GET"]}}],"collection":[{"href":"https:\/\/magoezequias.com.ar\/tienda\/wp-json\/wp\/v2\/product"}],"about":[{"href":"https:\/\/magoezequias.com.ar\/tienda\/wp-json\/wp\/v2\/types\/product"}],"replies":[{"embeddable":true,"href":"https:\/\/magoezequias.com.ar\/tienda\/wp-json\/wp\/v2\/comments?post=18306"}],"version-history":[{"count":2,"href":"https:\/\/magoezequias.com.ar\/tienda\/wp-json\/wp\/v2\/product\/18306\/revisions"}],"predecessor-version":[{"id":18311,"href":"https:\/\/magoezequias.com.ar\/tienda\/wp-json\/wp\/v2\/product\/18306\/revisions\/18311"}],"wp:featuredmedia":[{"embeddable":true,"href":"https:\/\/magoezequias.com.ar\/tienda\/wp-json\/wp\/v2\/media\/18309"}],"wp:attachment":[{"href":"https:\/\/magoezequias.com.ar\/tienda\/wp-json\/wp\/v2\/media?parent=18306"}],"wp:term":[{"taxonomy":"product_brand","embeddable":true,"href":"https:\/\/magoezequias.com.ar\/tienda\/wp-json\/wp\/v2\/product_brand?post=18306"},{"taxonomy":"product_cat","embeddable":true,"href":"https:\/\/magoezequias.com.ar\/tienda\/wp-json\/wp\/v2\/product_cat?post=18306"},{"taxonomy":"product_tag","embeddable":true,"href":"https:\/\/magoezequias.com.ar\/tienda\/wp-json\/wp\/v2\/product_tag?post=18306"}],"curies":[{"name":"wp","href":"https:\/\/api.w.org\/{rel}","templated":true}]}}