{"id":18312,"date":"2025-10-09T21:17:34","date_gmt":"2025-10-10T00:17:34","guid":{"rendered":"https:\/\/magoezequias.com.ar\/tienda\/?post_type=product&#038;p=18312"},"modified":"2026-04-11T16:25:25","modified_gmt":"2026-04-11T19:25:25","slug":"dado-viajero-dado-a-traves-de-la-cuerda","status":"publish","type":"product","link":"https:\/\/magoezequias.com.ar\/tienda\/producto\/dado-viajero-dado-a-traves-de-la-cuerda","title":{"rendered":"Dado Viajero + Dado a trav\u00e9s de la Cuerda"},"content":{"rendered":"<p style=\"text-align: center;\" data-start=\"189\" data-end=\"239\"><a href=\"https:\/\/magoezequias.com.ar\/tienda\/wp-content\/uploads\/2025\/10\/dado-a-traves-cuerda.jpg\"><img fetchpriority=\"high\" decoding=\"async\" class=\"aligncenter wp-image-18313\" src=\"https:\/\/magoezequias.com.ar\/tienda\/wp-content\/uploads\/2025\/10\/dado-a-traves-cuerda.jpg\" alt=\"\" width=\"414\" height=\"278\" srcset=\"https:\/\/magoezequias.com.ar\/tienda\/wp-content\/uploads\/2025\/10\/dado-a-traves-cuerda.jpg 1714w, https:\/\/magoezequias.com.ar\/tienda\/wp-content\/uploads\/2025\/10\/dado-a-traves-cuerda-300x202.jpg 300w, https:\/\/magoezequias.com.ar\/tienda\/wp-content\/uploads\/2025\/10\/dado-a-traves-cuerda-1024x688.jpg 1024w, https:\/\/magoezequias.com.ar\/tienda\/wp-content\/uploads\/2025\/10\/dado-a-traves-cuerda-768x516.jpg 768w, https:\/\/magoezequias.com.ar\/tienda\/wp-content\/uploads\/2025\/10\/dado-a-traves-cuerda-1536x1032.jpg 1536w\" sizes=\"(max-width: 414px) 100vw, 414px\" \/><\/a><\/p>\n<p data-start=\"241\" data-end=\"263\">\ud83d\udfe5 El Dado Viajero<\/p>\n<p data-start=\"264\" data-end=\"573\">Un cl\u00e1sico de la magia infantil\u2026 \u00a1ahora construido en resistente madera y con un impacto visual garantizado!<br data-start=\"372\" data-end=\"375\" \/>El mago muestra un <strong data-start=\"394\" data-end=\"417\">gran dado de madera<\/strong> sobre la mesa y, en el otro extremo del escenario, una <strong data-start=\"473\" data-end=\"501\">galera vac\u00eda o una bolsa<\/strong>.<br data-start=\"502\" data-end=\"505\" \/>Afirma que har\u00e1 <strong data-start=\"521\" data-end=\"551\">viajar el dado m\u00e1gicamente<\/strong> de un lugar a otro.<\/p>\n<p data-start=\"575\" data-end=\"823\">Coloca el dado debajo de una <strong data-start=\"604\" data-end=\"621\">colorida caja<\/strong>, da un pase m\u00e1gico con su varita y\u2026 \u00a1ya ha viajado!<br data-start=\"673\" data-end=\"676\" \/>El p\u00fablico exige comprobarlo: el mago levanta la caja y el dado ha desaparecido\u2026 luego, al mirar dentro de la galera, \u00a1el dado ha aparecido all\u00ed!<\/p>\n<p data-start=\"825\" data-end=\"1042\">\ud83d\udd39 Ideal para magia infantil, de sal\u00f3n o escenario<br data-start=\"875\" data-end=\"878\" \/>\ud83d\udd39 Muy visual y participativo<br data-start=\"907\" data-end=\"910\" \/>\ud83d\udd39 Fabricado completamente en madera<br data-start=\"946\" data-end=\"949\" \/>\ud83d\udd39 Tama\u00f1o del dado: 11 x 11 cm<br data-start=\"979\" data-end=\"982\" \/>\ud83d\udd39 Efecto simple, pr\u00e1ctico y con gran reacci\u00f3n del p\u00fablico<\/p>\n<hr data-start=\"1044\" data-end=\"1047\" \/>\n<h3 data-start=\"1049\" data-end=\"1086\">Dado a trav\u00e9s de la cuerda<\/h3>\n<p data-start=\"1087\" data-end=\"1404\">Una <strong data-start=\"1091\" data-end=\"1107\">joya cl\u00e1sica<\/strong> tra\u00edda de vuelta a la vida. El mago muestra un dado<strong data-start=\"1157\" data-end=\"1184\">\u00a0de madera maciza<\/strong> con orificios y una cuerda.<br data-start=\"1253\" data-end=\"1256\" \/>Sorprendentemente, el bloque <strong data-start=\"1285\" data-end=\"1306\">penetra la cuerda<\/strong> una y otra vez, incluso \u00a1en manos del espectador!<br data-start=\"1356\" data-end=\"1359\" \/>Cada fase es m\u00e1s asombrosa que la anterior.<\/p>\n<p data-start=\"1406\" data-end=\"1525\">Este efecto ha enga\u00f1ado a algunas de las mentes m\u00e1s brillantes de la magia gracias a su <strong data-start=\"1494\" data-end=\"1522\">m\u00e9todo simple pero sutil<\/strong>.<\/p>\n<p data-start=\"1406\" data-end=\"1525\">El dado se puede dar a revisar detalladamente&#8230;<\/p>\n<p data-start=\"1406\" data-end=\"1525\">\ud83d\udd38 Cuerda con terminaciones r\u00edgidas<br data-start=\"1616\" data-end=\"1619\" \/>\ud83d\udd38 Rutina de tres fases y rutinas cl\u00e1sicas<br data-start=\"1676\" data-end=\"1679\" \/>\ud83d\udd38 Fabricado a mano<br data-start=\"1729\" data-end=\"1732\" \/>\ud83d\udd38 Un efecto de penetraci\u00f3n imposible \u2014 \u00a1duradero y funcional para toda la vida!<\/p>\n<p data-start=\"1527\" data-end=\"1814\">\n<p data-start=\"1821\" data-end=\"2037\">\n<p data-start=\"1821\" data-end=\"2037\">\u2728 <strong data-start=\"1823\" data-end=\"1892\">Ambos efectos combinan perfectamente para magia de sal\u00f3n o escena<\/strong>, ofreciendo momentos de humor, asombro y participaci\u00f3n.<\/p>\n<p data-start=\"1821\" data-end=\"2037\">Usted puede hacer uno, u otro efecto o realizar los dos en su show, ya que tienen tipolog\u00edas diferentes<br data-start=\"1948\" data-end=\"1951\" \/>Una oportunidad para a\u00f1adir dos cl\u00e1sicos indispensables a tu repertorio.<\/p>\n<p data-start=\"1821\" data-end=\"2037\">Usted recibe el dado, el truco, la caja con las letras, la soga amarilla y un video explicativo.<\/p>\n","protected":false},"excerpt":{"rendered":"<p>\ud83c\udfa9 Un Dado y dos rutinas<\/p>\n","protected":false},"featured_media":18313,"comment_status":"open","ping_status":"closed","template":"","meta":[],"product_brand":[],"product_cat":[10,60,8],"product_tag":[384,17],"class_list":{"0":"post-18312","1":"product","2":"type-product","3":"status-publish","4":"has-post-thumbnail","6":"product_cat-escena","7":"product_cat-ezequias-2","8":"product_cat-infantil","9":"product_tag-dado","10":"product_tag-ezequias","12":"first","13":"instock","14":"shipping-taxable","15":"purchasable","16":"product-type-simple"},"aioseo_notices":[],"_links":{"self":[{"href":"https:\/\/magoezequias.com.ar\/tienda\/wp-json\/wp\/v2\/product\/18312","targetHints":{"allow":["GET"]}}],"collection":[{"href":"https:\/\/magoezequias.com.ar\/tienda\/wp-json\/wp\/v2\/product"}],"about":[{"href":"https:\/\/magoezequias.com.ar\/tienda\/wp-json\/wp\/v2\/types\/product"}],"replies":[{"embeddable":true,"href":"https:\/\/magoezequias.com.ar\/tienda\/wp-json\/wp\/v2\/comments?post=18312"}],"version-history":[{"count":3,"href":"https:\/\/magoezequias.com.ar\/tienda\/wp-json\/wp\/v2\/product\/18312\/revisions"}],"predecessor-version":[{"id":18316,"href":"https:\/\/magoezequias.com.ar\/tienda\/wp-json\/wp\/v2\/product\/18312\/revisions\/18316"}],"wp:featuredmedia":[{"embeddable":true,"href":"https:\/\/magoezequias.com.ar\/tienda\/wp-json\/wp\/v2\/media\/18313"}],"wp:attachment":[{"href":"https:\/\/magoezequias.com.ar\/tienda\/wp-json\/wp\/v2\/media?parent=18312"}],"wp:term":[{"taxonomy":"product_brand","embeddable":true,"href":"https:\/\/magoezequias.com.ar\/tienda\/wp-json\/wp\/v2\/product_brand?post=18312"},{"taxonomy":"product_cat","embeddable":true,"href":"https:\/\/magoezequias.com.ar\/tienda\/wp-json\/wp\/v2\/product_cat?post=18312"},{"taxonomy":"product_tag","embeddable":true,"href":"https:\/\/magoezequias.com.ar\/tienda\/wp-json\/wp\/v2\/product_tag?post=18312"}],"curies":[{"name":"wp","href":"https:\/\/api.w.org\/{rel}","templated":true}]}}