{"id":18335,"date":"2025-11-06T21:15:27","date_gmt":"2025-11-07T00:15:27","guid":{"rendered":"https:\/\/magoezequias.com.ar\/tienda\/?post_type=product&#038;p=18335"},"modified":"2025-11-06T21:16:30","modified_gmt":"2025-11-07T00:16:30","slug":"fantasmas-pasa-pasa-livianos","status":"publish","type":"product","link":"https:\/\/magoezequias.com.ar\/tienda\/producto\/fantasmas-pasa-pasa-livianos","title":{"rendered":"Fantasmas Pasa Pasa livianos &#8211; Halloween"},"content":{"rendered":"<p><a href=\"https:\/\/magoezequias.com.ar\/tienda\/wp-content\/uploads\/2025\/11\/Pasa-Pasa-Fantasma-2.jpeg\"><img fetchpriority=\"high\" decoding=\"async\" class=\"aligncenter wp-image-18330\" src=\"https:\/\/magoezequias.com.ar\/tienda\/wp-content\/uploads\/2025\/11\/Pasa-Pasa-Fantasma-2.jpeg\" alt=\"\" width=\"417\" height=\"312\" srcset=\"https:\/\/magoezequias.com.ar\/tienda\/wp-content\/uploads\/2025\/11\/Pasa-Pasa-Fantasma-2.jpeg 1232w, https:\/\/magoezequias.com.ar\/tienda\/wp-content\/uploads\/2025\/11\/Pasa-Pasa-Fantasma-2-300x225.jpeg 300w, https:\/\/magoezequias.com.ar\/tienda\/wp-content\/uploads\/2025\/11\/Pasa-Pasa-Fantasma-2-1024x767.jpeg 1024w, https:\/\/magoezequias.com.ar\/tienda\/wp-content\/uploads\/2025\/11\/Pasa-Pasa-Fantasma-2-768x575.jpeg 768w\" sizes=\"(max-width: 417px) 100vw, 417px\" \/><\/a><\/p>\n<p>Finalmente logramos una versi\u00f3n compacta, liviana y colorida de un cl\u00e1sico de la magia infantil. Olv\u00eddese de llevar los viejos grandotes y pesados pasa pasa, que ocupaban media valija!!!<\/p>\n<p>&nbsp;<\/p>\n<p>El mago muestra la imagen de un Fantasma de color blanco, lo pone a la derecha del escenario sobre una mesa y dice que le encanta hacer travesuras. Coloca el mago de forma separada otro Fantasma de color negro.<\/p>\n<p>&nbsp;<\/p>\n<p>Cubre cada Fantasma con un sobre que lleva en su frente im\u00e1genes de castillos embrujados.<\/p>\n<p><a href=\"https:\/\/magoezequias.com.ar\/tienda\/wp-content\/uploads\/2025\/11\/Pasa-Pasa-Fantasma-3.jpeg\"><img decoding=\"async\" class=\"aligncenter wp-image-18329\" src=\"https:\/\/magoezequias.com.ar\/tienda\/wp-content\/uploads\/2025\/11\/Pasa-Pasa-Fantasma-3.jpeg\" alt=\"\" width=\"452\" height=\"371\" srcset=\"https:\/\/magoezequias.com.ar\/tienda\/wp-content\/uploads\/2025\/11\/Pasa-Pasa-Fantasma-3.jpeg 1057w, https:\/\/magoezequias.com.ar\/tienda\/wp-content\/uploads\/2025\/11\/Pasa-Pasa-Fantasma-3-300x246.jpeg 300w, https:\/\/magoezequias.com.ar\/tienda\/wp-content\/uploads\/2025\/11\/Pasa-Pasa-Fantasma-3-1024x840.jpeg 1024w, https:\/\/magoezequias.com.ar\/tienda\/wp-content\/uploads\/2025\/11\/Pasa-Pasa-Fantasma-3-768x630.jpeg 768w\" sizes=\"(max-width: 452px) 100vw, 452px\" \/><\/a><\/p>\n<p>&nbsp;<\/p>\n<p>Luego los Fantasmas de forma muy divertida y m\u00e1gica han intercambiado sus lugares, repitiendo el efecto varias veces, hasta que el p\u00fablico comienza a sospechar que el secreto est\u00e1 en que el mago est\u00e1 haciendo trampa y que solamente los da vuelta.<\/p>\n<p>Luego de un buen rato de comedia el mago acepta dar vuelta los Fantasmas y por detr\u00e1s en uno aparece una brujita y en el otro Frankenstein; y no como cre\u00eda la gente los fantasmas blanco y negro.<\/p>\n<p>&nbsp;<\/p>\n<p>La diferencia de est\u00e1 versi\u00f3n es que\u00a0 las torres que cubren no son de madera, sino es un sobre de tela semirrigida. Esto permite que no ocupe lugar para transportar, son s\u00faper livianos. Adem\u00e1s es mucho m\u00e1s sencillo de manejar y manipular.<\/p>\n<p style=\"text-align: center;\"><a href=\"https:\/\/magoezequias.com.ar\/tienda\/wp-content\/uploads\/2025\/11\/Pasa-Pasa-Fantasma-4.png\"><img decoding=\"async\" class=\"aligncenter wp-image-18336\" src=\"https:\/\/magoezequias.com.ar\/tienda\/wp-content\/uploads\/2025\/11\/Pasa-Pasa-Fantasma-4.png\" alt=\"\" width=\"447\" height=\"333\" srcset=\"https:\/\/magoezequias.com.ar\/tienda\/wp-content\/uploads\/2025\/11\/Pasa-Pasa-Fantasma-4.png 645w, https:\/\/magoezequias.com.ar\/tienda\/wp-content\/uploads\/2025\/11\/Pasa-Pasa-Fantasma-4-300x223.png 300w\" sizes=\"(max-width: 447px) 100vw, 447px\" \/><\/a><\/p>\n<p>Un juego ideal para shows de magia infantil, con un tama\u00f1o muy visual tanto para sal\u00f3n como escena, 28 cm. de alto. El mecanismo de los flaps es magn\u00e9tico, muy f\u00e1cil de robar para trabajar con absoluta comodidad y seguridad.<\/p>\n<p>&nbsp;<\/p>\n<p><iframe title=\"YouTube video player\" src=\"https:\/\/www.youtube.com\/embed\/IHk403Yz6-0?si=IU0cPAr276vNKhEY\" width=\"560\" height=\"315\" frameborder=\"0\" allowfullscreen=\"allowfullscreen\"><\/iframe><\/p>\n","protected":false},"excerpt":{"rendered":"<p>El cl\u00e1sico juego de magia infantil con dos simp\u00e1ticos Fantasmas, en un tama\u00f1o muy visual tanto para sal\u00f3n como escena, 28 cm. Un mecanismo para trabajar con absoluta comodidad y seguridad. S\u00faper livianos y compactos.<\/p>\n","protected":false},"featured_media":18330,"comment_status":"open","ping_status":"closed","template":"","meta":[],"product_brand":[],"product_cat":[60,6,8],"product_tag":[682,17,664,612,38],"class_list":{"0":"post-18335","1":"product","2":"type-product","3":"status-publish","4":"has-post-thumbnail","6":"product_cat-ezequias-2","7":"product_cat-novedades","8":"product_cat-infantil","9":"product_tag-bruja","10":"product_tag-ezequias","11":"product_tag-frankenstein","12":"product_tag-halloween","13":"product_tag-pasa","15":"first","16":"instock","17":"shipping-taxable","18":"purchasable","19":"product-type-simple"},"aioseo_notices":[],"_links":{"self":[{"href":"https:\/\/magoezequias.com.ar\/tienda\/wp-json\/wp\/v2\/product\/18335","targetHints":{"allow":["GET"]}}],"collection":[{"href":"https:\/\/magoezequias.com.ar\/tienda\/wp-json\/wp\/v2\/product"}],"about":[{"href":"https:\/\/magoezequias.com.ar\/tienda\/wp-json\/wp\/v2\/types\/product"}],"replies":[{"embeddable":true,"href":"https:\/\/magoezequias.com.ar\/tienda\/wp-json\/wp\/v2\/comments?post=18335"}],"version-history":[{"count":2,"href":"https:\/\/magoezequias.com.ar\/tienda\/wp-json\/wp\/v2\/product\/18335\/revisions"}],"predecessor-version":[{"id":18338,"href":"https:\/\/magoezequias.com.ar\/tienda\/wp-json\/wp\/v2\/product\/18335\/revisions\/18338"}],"wp:featuredmedia":[{"embeddable":true,"href":"https:\/\/magoezequias.com.ar\/tienda\/wp-json\/wp\/v2\/media\/18330"}],"wp:attachment":[{"href":"https:\/\/magoezequias.com.ar\/tienda\/wp-json\/wp\/v2\/media?parent=18335"}],"wp:term":[{"taxonomy":"product_brand","embeddable":true,"href":"https:\/\/magoezequias.com.ar\/tienda\/wp-json\/wp\/v2\/product_brand?post=18335"},{"taxonomy":"product_cat","embeddable":true,"href":"https:\/\/magoezequias.com.ar\/tienda\/wp-json\/wp\/v2\/product_cat?post=18335"},{"taxonomy":"product_tag","embeddable":true,"href":"https:\/\/magoezequias.com.ar\/tienda\/wp-json\/wp\/v2\/product_tag?post=18335"}],"curies":[{"name":"wp","href":"https:\/\/api.w.org\/{rel}","templated":true}]}}