{"id":18339,"date":"2025-11-06T21:29:39","date_gmt":"2025-11-07T00:29:39","guid":{"rendered":"https:\/\/magoezequias.com.ar\/tienda\/?post_type=product&#038;p=18339"},"modified":"2025-11-06T21:29:39","modified_gmt":"2025-11-07T00:29:39","slug":"corre-conejo-corre-mini","status":"publish","type":"product","link":"https:\/\/magoezequias.com.ar\/tienda\/producto\/corre-conejo-corre-mini","title":{"rendered":"Corre conejo corre \u2013 Mini"},"content":{"rendered":"<p style=\"text-align: center;\"><a href=\"https:\/\/magoezequias.com.ar\/tienda\/wp-content\/uploads\/2025\/11\/Corre-conejo-mini-2.jpeg\"><img fetchpriority=\"high\" decoding=\"async\" class=\"aligncenter wp-image-18327\" src=\"https:\/\/magoezequias.com.ar\/tienda\/wp-content\/uploads\/2025\/11\/Corre-conejo-mini-2.jpeg\" alt=\"\" width=\"363\" height=\"274\" srcset=\"https:\/\/magoezequias.com.ar\/tienda\/wp-content\/uploads\/2025\/11\/Corre-conejo-mini-2.jpeg 1465w, https:\/\/magoezequias.com.ar\/tienda\/wp-content\/uploads\/2025\/11\/Corre-conejo-mini-2-300x226.jpeg 300w, https:\/\/magoezequias.com.ar\/tienda\/wp-content\/uploads\/2025\/11\/Corre-conejo-mini-2-1024x772.jpeg 1024w, https:\/\/magoezequias.com.ar\/tienda\/wp-content\/uploads\/2025\/11\/Corre-conejo-mini-2-768x579.jpeg 768w\" sizes=\"(max-width: 363px) 100vw, 363px\" \/><\/a><\/p>\n<p>El mago relata la historia de un conejo que era muy travieso, aparec\u00eda y desaparec\u00eda solo y\u00a0 le gustaban mucho las zanahorias.<\/p>\n<p>El mago mostrar\u00e1 en primer\u00a0 t\u00e9rmino\u00a0 la\u00a0 casa vac\u00eda,\u00a0 cerrar\u00e1\u00a0 la puerta\u00a0 y m\u00e1gicamente\u00a0 lograr\u00e1 que aparezca su compa\u00f1ero de show\u2026 un elegante conejo.<\/p>\n<p>El mago relata que el conejo es muy travieso y siempre trata de comerle todas las zanahorias y esto lo enoj\u00f3 tanto que decidi\u00f3 hacerlo desaparecer y ejecuta esa proeza. El mago muestra la casa vac\u00eda, ya sin el conejo, pero los chicos ven como en realidad el mago inclina el juego de un lado al otro&#8230;<\/p>\n<p data-start=\"624\" data-end=\"1192\"><img decoding=\"async\" class=\"emoji\" role=\"img\" draggable=\"false\" src=\"https:\/\/s.w.org\/images\/core\/emoji\/15.0.3\/svg\/1f449.svg\" alt=\"\ud83d\udc49\" \/> All\u00ed comienza una secuencia de mucho humor donde el mago nunca ver\u00e1 donde est\u00e1 el conejo (va de una casa a otra, y se asoma por un lado y otro) pero si los chicos. Cuando el mago cree que\u00a0 finalmente\u00a0 desapareci\u00f3\u00a0 y\u00a0 no est\u00e1 en ning\u00fan\u00a0 lado,\u00a0 guarda\u00a0 la\u00a0 el\u00a0 juego\u2026.<\/p>\n<p data-start=\"624\" data-end=\"1192\"><img decoding=\"async\" class=\"emoji\" role=\"img\" draggable=\"false\" src=\"https:\/\/s.w.org\/images\/core\/emoji\/15.0.3\/svg\/1f449.svg\" alt=\"\ud83d\udc49\" \/>\u00a0Finalmente, cuando parece que ya se fue para siempre\u2026 \u00a1el fantasma vuelve a aparecer con m\u00e1s fuerza que nunca!<\/p>\n<p style=\"text-align: center;\" data-start=\"624\" data-end=\"1192\"><a href=\"https:\/\/magoezequias.com.ar\/tienda\/wp-content\/uploads\/2025\/11\/Corre-conejo-mini.jpeg\"><img decoding=\"async\" class=\"aligncenter wp-image-18328\" src=\"https:\/\/magoezequias.com.ar\/tienda\/wp-content\/uploads\/2025\/11\/Corre-conejo-mini.jpeg\" alt=\"\" width=\"518\" height=\"412\" srcset=\"https:\/\/magoezequias.com.ar\/tienda\/wp-content\/uploads\/2025\/11\/Corre-conejo-mini.jpeg 1314w, https:\/\/magoezequias.com.ar\/tienda\/wp-content\/uploads\/2025\/11\/Corre-conejo-mini-300x239.jpeg 300w, https:\/\/magoezequias.com.ar\/tienda\/wp-content\/uploads\/2025\/11\/Corre-conejo-mini-1024x815.jpeg 1024w, https:\/\/magoezequias.com.ar\/tienda\/wp-content\/uploads\/2025\/11\/Corre-conejo-mini-768x611.jpeg 768w\" sizes=\"(max-width: 518px) 100vw, 518px\" \/><\/a><\/p>\n<h3 data-start=\"1194\" data-end=\"1228\"><img decoding=\"async\" class=\"emoji\" role=\"img\" draggable=\"false\" src=\"https:\/\/s.w.org\/images\/core\/emoji\/15.0.3\/svg\/1f3ad.svg\" alt=\"\ud83c\udfad\" \/>\u00a0Caracter\u00edsticas del juego<\/h3>\n<ul data-start=\"1229\" data-end=\"1686\">\n<li data-start=\"1229\" data-end=\"1280\">\n<p data-start=\"1231\" data-end=\"1280\"><img decoding=\"async\" class=\"emoji\" role=\"img\" draggable=\"false\" src=\"https:\/\/s.w.org\/images\/core\/emoji\/15.0.3\/svg\/2705.svg\" alt=\"\u2705\" \/>\u00a0<strong data-start=\"1233\" data-end=\"1247\">Muy visual<\/strong>: s\u00faper colorido<\/p>\n<\/li>\n<li data-start=\"1281\" data-end=\"1373\">\n<p data-start=\"1283\" data-end=\"1373\"><img decoding=\"async\" class=\"emoji\" role=\"img\" draggable=\"false\" src=\"https:\/\/s.w.org\/images\/core\/emoji\/15.0.3\/svg\/2705.svg\" alt=\"\u2705\" \/>\u00a0<strong data-start=\"1285\" data-end=\"1304\">Tama\u00f1o pr\u00e1ctico<\/strong>: mide 30 cm de largo x 16 cm de alto, con un espesor de solo 2 cm.<\/p>\n<\/li>\n<li data-start=\"1374\" data-end=\"1475\">\n<p data-start=\"1376\" data-end=\"1475\"><img decoding=\"async\" class=\"emoji\" role=\"img\" draggable=\"false\" src=\"https:\/\/s.w.org\/images\/core\/emoji\/15.0.3\/svg\/2705.svg\" alt=\"\u2705\" \/>\u00a0<strong data-start=\"1378\" data-end=\"1403\">Portable y resistente<\/strong>: s\u00faper liviano, de empaque peque\u00f1o y construido en madera de calidad.<\/p>\n<\/li>\n<li data-start=\"1476\" data-end=\"1607\">\n<p data-start=\"1478\" data-end=\"1607\"><img decoding=\"async\" class=\"emoji\" role=\"img\" draggable=\"false\" src=\"https:\/\/s.w.org\/images\/core\/emoji\/15.0.3\/svg\/2705.svg\" alt=\"\u2705\" \/>\u00a0<strong data-start=\"1480\" data-end=\"1494\">Autom\u00e1tico<\/strong>: se ejecuta en las manos, sin dificultad, para que toda la atenci\u00f3n est\u00e9 puesta en la presentaci\u00f3n y el humor.<\/p>\n<\/li>\n<\/ul>\n<p data-start=\"1688\" data-end=\"1942\">Un efecto cl\u00e1sico renovado, perfecto para shows infantiles, animaciones escolares y presentaciones familiares.<br data-start=\"1820\" data-end=\"1823\" \/>\u00a1El conejo corre de casa en casa, los chicos gritan, se divierten, y vos solo ten\u00e9s que preocuparte por hacer re\u00edr!<\/p>\n<p style=\"text-align: center;\" data-start=\"1688\" data-end=\"1942\"><iframe title=\"YouTube video player\" src=\"https:\/\/www.youtube.com\/embed\/AD111mQdMTY?si=4MgRohC6CV_KgjJ3\" width=\"560\" height=\"315\" frameborder=\"0\" allowfullscreen=\"allowfullscreen\"><\/iframe><\/p>\n","protected":false},"excerpt":{"rendered":"<p>Fabricado con precisi\u00f3n,\u00a0<strong data-start=\"264\" data-end=\"294\">f\u00e1cil de usar y muy visual<\/strong>, llega una nueva versi\u00f3n MINI de un cl\u00e1sico de la magia infantil.<\/p>\n","protected":false},"featured_media":18328,"comment_status":"open","ping_status":"closed","template":"","meta":[],"product_brand":[],"product_cat":[60,6,8],"product_tag":[186,30,17,375],"class_list":{"0":"post-18339","1":"product","2":"type-product","3":"status-publish","4":"has-post-thumbnail","6":"product_cat-ezequias-2","7":"product_cat-novedades","8":"product_cat-infantil","9":"product_tag-conejo","10":"product_tag-corre","11":"product_tag-ezequias","12":"product_tag-mini","14":"first","15":"instock","16":"shipping-taxable","17":"purchasable","18":"product-type-simple"},"aioseo_notices":[],"_links":{"self":[{"href":"https:\/\/magoezequias.com.ar\/tienda\/wp-json\/wp\/v2\/product\/18339","targetHints":{"allow":["GET"]}}],"collection":[{"href":"https:\/\/magoezequias.com.ar\/tienda\/wp-json\/wp\/v2\/product"}],"about":[{"href":"https:\/\/magoezequias.com.ar\/tienda\/wp-json\/wp\/v2\/types\/product"}],"replies":[{"embeddable":true,"href":"https:\/\/magoezequias.com.ar\/tienda\/wp-json\/wp\/v2\/comments?post=18339"}],"version-history":[{"count":1,"href":"https:\/\/magoezequias.com.ar\/tienda\/wp-json\/wp\/v2\/product\/18339\/revisions"}],"predecessor-version":[{"id":18340,"href":"https:\/\/magoezequias.com.ar\/tienda\/wp-json\/wp\/v2\/product\/18339\/revisions\/18340"}],"wp:featuredmedia":[{"embeddable":true,"href":"https:\/\/magoezequias.com.ar\/tienda\/wp-json\/wp\/v2\/media\/18328"}],"wp:attachment":[{"href":"https:\/\/magoezequias.com.ar\/tienda\/wp-json\/wp\/v2\/media?parent=18339"}],"wp:term":[{"taxonomy":"product_brand","embeddable":true,"href":"https:\/\/magoezequias.com.ar\/tienda\/wp-json\/wp\/v2\/product_brand?post=18339"},{"taxonomy":"product_cat","embeddable":true,"href":"https:\/\/magoezequias.com.ar\/tienda\/wp-json\/wp\/v2\/product_cat?post=18339"},{"taxonomy":"product_tag","embeddable":true,"href":"https:\/\/magoezequias.com.ar\/tienda\/wp-json\/wp\/v2\/product_tag?post=18339"}],"curies":[{"name":"wp","href":"https:\/\/api.w.org\/{rel}","templated":true}]}}