{"id":18341,"date":"2025-11-06T22:10:56","date_gmt":"2025-11-07T01:10:56","guid":{"rendered":"https:\/\/magoezequias.com.ar\/tienda\/?post_type=product&#038;p=18341"},"modified":"2025-11-06T22:10:56","modified_gmt":"2025-11-07T01:10:56","slug":"fantasma-a-frankenstein-halloween","status":"publish","type":"product","link":"https:\/\/magoezequias.com.ar\/tienda\/producto\/fantasma-a-frankenstein-halloween","title":{"rendered":"Fantasma a Frankenstein \u2013 Halloween"},"content":{"rendered":"<p style=\"text-align: center;\"><a href=\"https:\/\/magoezequias.com.ar\/tienda\/wp-content\/uploads\/2025\/11\/Fantasma-a-Frankenstein-4.png\"><img fetchpriority=\"high\" decoding=\"async\" class=\"aligncenter wp-image-18342\" src=\"https:\/\/magoezequias.com.ar\/tienda\/wp-content\/uploads\/2025\/11\/Fantasma-a-Frankenstein-4.png\" alt=\"\" width=\"266\" height=\"294\" srcset=\"https:\/\/magoezequias.com.ar\/tienda\/wp-content\/uploads\/2025\/11\/Fantasma-a-Frankenstein-4.png 435w, https:\/\/magoezequias.com.ar\/tienda\/wp-content\/uploads\/2025\/11\/Fantasma-a-Frankenstein-4-272x300.png 272w, https:\/\/magoezequias.com.ar\/tienda\/wp-content\/uploads\/2025\/11\/Fantasma-a-Frankenstein-4-300x331.png 300w\" sizes=\"(max-width: 266px) 100vw, 266px\" \/><\/a><\/p>\n<p>El mago presenta a un Fantasma de color blanco, el cual vive en una calabaza. Afirma que con la ayuda de un espectador lograr\u00e1 que se transforme en un fantasma de color Negro.<\/p>\n<p>&nbsp;<\/p>\n<p>El mago pasa el Fantasma conejo por detr\u00e1s suyo y cambia de color\u2026 repite las acciones y vuelve a cambiar de color.<\/p>\n<p>&nbsp;<\/p>\n<p>All\u00ed sus espectadores comenzar\u00e1n a decir que est\u00e1 haciendo trampa y pedir\u00e1n que no lo pase por detr\u00e1s suyo. Ante esto decide ejecutarlo sin pasarlo por atr\u00e1s\u2026 pero el p\u00edcaro mago lo cubre con un pa\u00f1uelo y vuelve a cambiar de color.<\/p>\n<p>&nbsp;<\/p>\n<p>Los ni\u00f1os ya sospechar\u00e1n del m\u00e9todo que usa el mago y estar\u00e1n a los gritos diciendo que todo es una trampa\u2026. pero el mago continua y vuelve \u00a0a cambiarlo de color.<\/p>\n<p>&nbsp;<\/p>\n<p>Ante los reclamos decide sacar el Fantasma de la galera y mostrar que es todo blanco\u2026 los ni\u00f1os pedir\u00e1n que lo de vuelta y supondr\u00e1n que del otro lado es de un color diferente\u2026 pero grande ser\u00e1 la sorpresa de todos cuando del otro lado se ver\u00e1 a un simp\u00e1tico y colorido Frankenstein.<\/p>\n<p style=\"text-align: center;\"><a href=\"https:\/\/magoezequias.com.ar\/tienda\/wp-content\/uploads\/2025\/11\/Fantasma-a-Frankenstein.jpeg\"><img decoding=\"async\" class=\"aligncenter wp-image-18326\" src=\"https:\/\/magoezequias.com.ar\/tienda\/wp-content\/uploads\/2025\/11\/Fantasma-a-Frankenstein.jpeg\" alt=\"\" width=\"344\" height=\"392\" srcset=\"https:\/\/magoezequias.com.ar\/tienda\/wp-content\/uploads\/2025\/11\/Fantasma-a-Frankenstein.jpeg 885w, https:\/\/magoezequias.com.ar\/tienda\/wp-content\/uploads\/2025\/11\/Fantasma-a-Frankenstein-263x300.jpeg 263w, https:\/\/magoezequias.com.ar\/tienda\/wp-content\/uploads\/2025\/11\/Fantasma-a-Frankenstein-768x875.jpeg 768w, https:\/\/magoezequias.com.ar\/tienda\/wp-content\/uploads\/2025\/11\/Fantasma-a-Frankenstein-300x342.jpeg 300w\" sizes=\"(max-width: 344px) 100vw, 344px\" \/><\/a><\/p>\n<p>&nbsp;<\/p>\n<p>Un cl\u00e1sico de la magia infantil, s\u00faper liviano y resistente para un uso intensivo y plano para que no nos ocupe lugar al trasportarlo. Un juego muy visual de 28 cm de alto por 19 de ancho.<\/p>\n<p>&nbsp;<\/p>\n<p style=\"text-align: center;\"><iframe title=\"YouTube video player\" src=\"https:\/\/www.youtube.com\/embed\/qnA0azKrZKQ?si=-Xyik8PfpweW_mul\" width=\"560\" height=\"315\" frameborder=\"0\" allowfullscreen=\"allowfullscreen\"><\/iframe><\/p>\n<p>&nbsp;<\/p>\n","protected":false},"excerpt":{"rendered":"<p>Un juego ideal para magia infantil\u2026 Muy sencillo de ejecutar y con mucha comedia.<\/p>\n","protected":false},"featured_media":18324,"comment_status":"open","ping_status":"closed","template":"","meta":[],"product_brand":[],"product_cat":[60,6,8],"product_tag":[533,17,664,612],"class_list":{"0":"post-18341","1":"product","2":"type-product","3":"status-publish","4":"has-post-thumbnail","6":"product_cat-ezequias-2","7":"product_cat-novedades","8":"product_cat-infantil","9":"product_tag-calabaza","10":"product_tag-ezequias","11":"product_tag-frankenstein","12":"product_tag-halloween","14":"first","15":"instock","16":"shipping-taxable","17":"purchasable","18":"product-type-simple"},"aioseo_notices":[],"_links":{"self":[{"href":"https:\/\/magoezequias.com.ar\/tienda\/wp-json\/wp\/v2\/product\/18341","targetHints":{"allow":["GET"]}}],"collection":[{"href":"https:\/\/magoezequias.com.ar\/tienda\/wp-json\/wp\/v2\/product"}],"about":[{"href":"https:\/\/magoezequias.com.ar\/tienda\/wp-json\/wp\/v2\/types\/product"}],"replies":[{"embeddable":true,"href":"https:\/\/magoezequias.com.ar\/tienda\/wp-json\/wp\/v2\/comments?post=18341"}],"version-history":[{"count":1,"href":"https:\/\/magoezequias.com.ar\/tienda\/wp-json\/wp\/v2\/product\/18341\/revisions"}],"predecessor-version":[{"id":18343,"href":"https:\/\/magoezequias.com.ar\/tienda\/wp-json\/wp\/v2\/product\/18341\/revisions\/18343"}],"wp:featuredmedia":[{"embeddable":true,"href":"https:\/\/magoezequias.com.ar\/tienda\/wp-json\/wp\/v2\/media\/18324"}],"wp:attachment":[{"href":"https:\/\/magoezequias.com.ar\/tienda\/wp-json\/wp\/v2\/media?parent=18341"}],"wp:term":[{"taxonomy":"product_brand","embeddable":true,"href":"https:\/\/magoezequias.com.ar\/tienda\/wp-json\/wp\/v2\/product_brand?post=18341"},{"taxonomy":"product_cat","embeddable":true,"href":"https:\/\/magoezequias.com.ar\/tienda\/wp-json\/wp\/v2\/product_cat?post=18341"},{"taxonomy":"product_tag","embeddable":true,"href":"https:\/\/magoezequias.com.ar\/tienda\/wp-json\/wp\/v2\/product_tag?post=18341"}],"curies":[{"name":"wp","href":"https:\/\/api.w.org\/{rel}","templated":true}]}}