{"id":18344,"date":"2025-11-10T21:13:06","date_gmt":"2025-11-11T00:13:06","guid":{"rendered":"https:\/\/magoezequias.com.ar\/tienda\/?post_type=product&#038;p=18344"},"modified":"2025-11-10T21:13:06","modified_gmt":"2025-11-11T00:13:06","slug":"messi-o-esqueleto-mal-hecho","status":"publish","type":"product","link":"https:\/\/magoezequias.com.ar\/tienda\/producto\/messi-o-esqueleto-mal-hecho","title":{"rendered":"Messi o Esqueleto mal hecho"},"content":{"rendered":"<p style=\"text-align: center;\"><a href=\"https:\/\/magoezequias.com.ar\/tienda\/wp-content\/uploads\/2025\/11\/Messi-o-el-Esqueleto-2.jpeg\"><img fetchpriority=\"high\" decoding=\"async\" class=\"aligncenter wp-image-18346\" src=\"https:\/\/magoezequias.com.ar\/tienda\/wp-content\/uploads\/2025\/11\/Messi-o-el-Esqueleto-2.jpeg\" alt=\"\" width=\"396\" height=\"432\" srcset=\"https:\/\/magoezequias.com.ar\/tienda\/wp-content\/uploads\/2025\/11\/Messi-o-el-Esqueleto-2.jpeg 1100w, https:\/\/magoezequias.com.ar\/tienda\/wp-content\/uploads\/2025\/11\/Messi-o-el-Esqueleto-2-275x300.jpeg 275w, https:\/\/magoezequias.com.ar\/tienda\/wp-content\/uploads\/2025\/11\/Messi-o-el-Esqueleto-2-939x1024.jpeg 939w, https:\/\/magoezequias.com.ar\/tienda\/wp-content\/uploads\/2025\/11\/Messi-o-el-Esqueleto-2-768x838.jpeg 768w, https:\/\/magoezequias.com.ar\/tienda\/wp-content\/uploads\/2025\/11\/Messi-o-el-Esqueleto-2-300x327.jpeg 300w\" sizes=\"(max-width: 396px) 100vw, 396px\" \/><\/a><\/p>\n<p style=\"text-align: justify;\">Este nuevo efecto es una aut\u00e9ntica belleza ya que permite dos presentaciones diferentes. Muestra tres bloques que conforman la imagen completa de Messi o un Esqueleto. Tambi\u00e9n muestra un tubo decorado con un Estadio de F\u00fatbol o una mansi\u00f3n embrujada y una base de madera para colocar los bloques. Todos est\u00e1n bellamente impresos en colores brillantes y visibles.<\/p>\n<p style=\"text-align: justify;\">Coloca el tubo sobre la base y luego coloca los 3 bloques en el orden correcto armando la figura. Primero las piernas, luego el centro y finalmente la cabeza. Sin embargo, al levantar el tubo, est\u00e1 desorganizado y \u00a1est\u00e1 la cabeza abajo!<\/p>\n<p style=\"text-align: justify;\">Luego lo intentas nuevamente y la cabeza aparece en el centro!!!! Puedes repetir esto tantas veces como quieras.<\/p>\n<p style=\"text-align: justify;\">Finalmente, retiras la cabeza de Messi o el Esqueleto para solucionar el problema. Al volver a retirar el tubo, y con un poco de magia la cabeza est\u00e1 en el lugar correcto.<\/p>\n<p style=\"text-align: center;\"><a href=\"https:\/\/magoezequias.com.ar\/tienda\/wp-content\/uploads\/2025\/11\/Messi-o-el-Esqueleto.jpeg\"><img decoding=\"async\" class=\"aligncenter wp-image-18345\" src=\"https:\/\/magoezequias.com.ar\/tienda\/wp-content\/uploads\/2025\/11\/Messi-o-el-Esqueleto.jpeg\" alt=\"\" width=\"412\" height=\"492\" srcset=\"https:\/\/magoezequias.com.ar\/tienda\/wp-content\/uploads\/2025\/11\/Messi-o-el-Esqueleto.jpeg 910w, https:\/\/magoezequias.com.ar\/tienda\/wp-content\/uploads\/2025\/11\/Messi-o-el-Esqueleto-251x300.jpeg 251w, https:\/\/magoezequias.com.ar\/tienda\/wp-content\/uploads\/2025\/11\/Messi-o-el-Esqueleto-858x1024.jpeg 858w, https:\/\/magoezequias.com.ar\/tienda\/wp-content\/uploads\/2025\/11\/Messi-o-el-Esqueleto-768x917.jpeg 768w, https:\/\/magoezequias.com.ar\/tienda\/wp-content\/uploads\/2025\/11\/Messi-o-el-Esqueleto-300x358.jpeg 300w\" sizes=\"(max-width: 412px) 100vw, 412px\" \/><\/a><\/p>\n<p style=\"text-align: justify;\">Usted de acuerdo a la fiesta pude presentar la versi\u00f3n de Messi o el Esqueleto con sus correspondiente dise\u00f1o exterior de la torre. Un efecto totalmente construido en madera, autom\u00e1tico y muy f\u00e1cil de ejecutar. Con una grafica muy visual desde lejos, el tama\u00f1o es de 38 cm de altura, 10 de ancho y 5 de profundidad.<\/p>\n<p>&nbsp;<\/p>\n<p><strong>En estos videos puede ver el manejo con otros dise\u00f1os.<\/strong><\/p>\n<p style=\"text-align: center;\"><iframe title=\"YouTube video player\" src=\"https:\/\/www.youtube.com\/embed\/UuZ6KRhyPdc?si=xH_fCIgHFv80T2WN\" width=\"560\" height=\"315\" frameborder=\"0\" allowfullscreen=\"allowfullscreen\"><\/iframe><\/p>\n<p><iframe title=\"YouTube video player\" src=\"https:\/\/www.youtube.com\/embed\/FbAeL9RtPLc?si=EwKtF73VFWYk5_Wn\" width=\"560\" height=\"315\" frameborder=\"0\" allowfullscreen=\"allowfullscreen\"><\/iframe><\/p>\n","protected":false},"excerpt":{"rendered":"<p>Una nueva versi\u00f3n con la tem\u00e1tica del f\u00fatbol y Lionel Messi o de Halloween con un esqueleto!!!<\/p>\n","protected":false},"featured_media":18346,"comment_status":"open","ping_status":"closed","template":"","meta":[],"product_brand":[],"product_cat":[60,8,6],"product_tag":[758,17,470,612,680],"class_list":{"0":"post-18344","1":"product","2":"type-product","3":"status-publish","4":"has-post-thumbnail","6":"product_cat-ezequias-2","7":"product_cat-infantil","8":"product_cat-novedades","9":"product_tag-esqueleto","10":"product_tag-ezequias","11":"product_tag-futbol","12":"product_tag-halloween","13":"product_tag-messi","15":"first","16":"instock","17":"shipping-taxable","18":"purchasable","19":"product-type-simple"},"aioseo_notices":[],"_links":{"self":[{"href":"https:\/\/magoezequias.com.ar\/tienda\/wp-json\/wp\/v2\/product\/18344","targetHints":{"allow":["GET"]}}],"collection":[{"href":"https:\/\/magoezequias.com.ar\/tienda\/wp-json\/wp\/v2\/product"}],"about":[{"href":"https:\/\/magoezequias.com.ar\/tienda\/wp-json\/wp\/v2\/types\/product"}],"replies":[{"embeddable":true,"href":"https:\/\/magoezequias.com.ar\/tienda\/wp-json\/wp\/v2\/comments?post=18344"}],"version-history":[{"count":1,"href":"https:\/\/magoezequias.com.ar\/tienda\/wp-json\/wp\/v2\/product\/18344\/revisions"}],"predecessor-version":[{"id":18347,"href":"https:\/\/magoezequias.com.ar\/tienda\/wp-json\/wp\/v2\/product\/18344\/revisions\/18347"}],"wp:featuredmedia":[{"embeddable":true,"href":"https:\/\/magoezequias.com.ar\/tienda\/wp-json\/wp\/v2\/media\/18346"}],"wp:attachment":[{"href":"https:\/\/magoezequias.com.ar\/tienda\/wp-json\/wp\/v2\/media?parent=18344"}],"wp:term":[{"taxonomy":"product_brand","embeddable":true,"href":"https:\/\/magoezequias.com.ar\/tienda\/wp-json\/wp\/v2\/product_brand?post=18344"},{"taxonomy":"product_cat","embeddable":true,"href":"https:\/\/magoezequias.com.ar\/tienda\/wp-json\/wp\/v2\/product_cat?post=18344"},{"taxonomy":"product_tag","embeddable":true,"href":"https:\/\/magoezequias.com.ar\/tienda\/wp-json\/wp\/v2\/product_tag?post=18344"}],"curies":[{"name":"wp","href":"https:\/\/api.w.org\/{rel}","templated":true}]}}