{"id":18359,"date":"2025-11-29T19:01:06","date_gmt":"2025-11-29T22:01:06","guid":{"rendered":"https:\/\/magoezequias.com.ar\/tienda\/?post_type=product&#038;p=18359"},"modified":"2026-04-11T16:26:37","modified_gmt":"2026-04-11T19:26:37","slug":"pasa-pasa-de-toy-story","status":"publish","type":"product","link":"https:\/\/magoezequias.com.ar\/tienda\/producto\/pasa-pasa-de-toy-story","title":{"rendered":"Pasa Pasa de Toy Story"},"content":{"rendered":"<p data-start=\"391\" data-end=\"637\">\n<p style=\"text-align: center;\" data-start=\"673\" data-end=\"701\"><a href=\"https:\/\/magoezequias.com.ar\/tienda\/wp-content\/uploads\/2025\/11\/Pasa-Pasa-de-Toy-Story.jpeg\"><img fetchpriority=\"high\" decoding=\"async\" class=\"aligncenter  wp-image-18362\" src=\"https:\/\/magoezequias.com.ar\/tienda\/wp-content\/uploads\/2025\/11\/Pasa-Pasa-de-Toy-Story.jpeg\" alt=\"\" width=\"425\" height=\"361\" srcset=\"https:\/\/magoezequias.com.ar\/tienda\/wp-content\/uploads\/2025\/11\/Pasa-Pasa-de-Toy-Story.jpeg 1124w, https:\/\/magoezequias.com.ar\/tienda\/wp-content\/uploads\/2025\/11\/Pasa-Pasa-de-Toy-Story-300x255.jpeg 300w, https:\/\/magoezequias.com.ar\/tienda\/wp-content\/uploads\/2025\/11\/Pasa-Pasa-de-Toy-Story-1024x869.jpeg 1024w, https:\/\/magoezequias.com.ar\/tienda\/wp-content\/uploads\/2025\/11\/Pasa-Pasa-de-Toy-Story-768x652.jpeg 768w\" sizes=\"(max-width: 425px) 100vw, 425px\" \/><\/a><\/p>\n<p style=\"text-align: justify;\" data-start=\"673\" data-end=\"701\">El mago muestra dos paneles separados uno con la im\u00e1gen de <strong data-start=\"705\" data-end=\"714\">Woody<\/strong>, el valiente sheriff y en el otro <strong>Buzz Lightyear<\/strong>, el h\u00e9roe espacial.<\/p>\n<p style=\"text-align: justify;\" data-start=\"779\" data-end=\"932\">Cuenta que estos dos amigos inseparables siempre est\u00e1n jugando carreras para ver qui\u00e9n llega \u201cal infinito y m\u00e1s all\u00e1\u201d\u2026 \u00a1pero esta vez lo har\u00e1n con magia!<\/p>\n<p style=\"text-align: justify;\" data-start=\"934\" data-end=\"1027\">El mago coloca los paneles por separado y los cubre con l\u00e1minas decoradas.<br data-start=\"1008\" data-end=\"1011\" \/>Al descubrirlos\u2026<\/p>\n<p style=\"text-align: justify;\" data-start=\"1029\" data-end=\"1107\"><strong data-start=\"1036\" data-end=\"1107\">\u00a1Woody aparece donde estaba Buzz y Buzz aparece donde estaba Woody!<\/strong><\/p>\n<p data-start=\"1029\" data-end=\"1107\"><a href=\"https:\/\/magoezequias.com.ar\/tienda\/wp-content\/uploads\/2025\/11\/Pasa-Pasa-de-Toy-Story-3.jpeg\"><img decoding=\"async\" class=\"aligncenter  wp-image-18360\" src=\"https:\/\/magoezequias.com.ar\/tienda\/wp-content\/uploads\/2025\/11\/Pasa-Pasa-de-Toy-Story-3.jpeg\" alt=\"\" width=\"395\" height=\"376\" srcset=\"https:\/\/magoezequias.com.ar\/tienda\/wp-content\/uploads\/2025\/11\/Pasa-Pasa-de-Toy-Story-3.jpeg 1139w, https:\/\/magoezequias.com.ar\/tienda\/wp-content\/uploads\/2025\/11\/Pasa-Pasa-de-Toy-Story-3-300x286.jpeg 300w, https:\/\/magoezequias.com.ar\/tienda\/wp-content\/uploads\/2025\/11\/Pasa-Pasa-de-Toy-Story-3-1024x975.jpeg 1024w, https:\/\/magoezequias.com.ar\/tienda\/wp-content\/uploads\/2025\/11\/Pasa-Pasa-de-Toy-Story-3-768x732.jpeg 768w\" sizes=\"(max-width: 395px) 100vw, 395px\" \/><\/a><\/p>\n<p style=\"text-align: justify;\" data-start=\"1109\" data-end=\"1214\">Los chicos quedan impactados.<br data-start=\"1138\" data-end=\"1141\" \/>El mago vuelve a cubrir y destapar\u2026<br data-start=\"1176\" data-end=\"1179\" \/>\u00a1y vuelven a intercambiar su lugar!<\/p>\n<p style=\"text-align: justify;\" data-start=\"1216\" data-end=\"1339\">La comedia se construye r\u00e1pido: los chicos empiezan a sospechar, gritan \u201c\u00a1Lo est\u00e1s girando!\u201d y se\u00f1alan al mago entre risas.<\/p>\n<p style=\"text-align: justify;\" data-start=\"1341\" data-end=\"1377\">Para calmar a todos, el mago acepta:<\/p>\n<p data-start=\"1379\" data-end=\"1447\">\u2014\u201cBueno, bueno\u2026 \u00a1vamos a girarlos para que vean que no hago trampa!\u201d<\/p>\n<p data-start=\"1449\" data-end=\"1480\">Pero al dar vuelta los paneles\u2026 la magia se hace realidad&#8230;<\/p>\n<p data-start=\"1482\" data-end=\"1522\">\ud83e\udd23 <strong data-start=\"1489\" data-end=\"1520\">\u00a1La sorpresa final estalla!<\/strong><\/p>\n<p data-start=\"1523\" data-end=\"1583\">En vez de Woody y Buzz, aparecen dos personajes inesperados:<\/p>\n<p data-start=\"1585\" data-end=\"1622\"><strong data-start=\"1588\" data-end=\"1603\">Bob Esponja y <\/strong><strong data-start=\"1609\" data-end=\"1622\">Un Minion<\/strong><\/p>\n<p data-start=\"1624\" data-end=\"1787\">Los chicos explotan de risa, sorpresa y aplausos.<\/p>\n<p data-start=\"1624\" data-end=\"1787\"><a href=\"https:\/\/magoezequias.com.ar\/tienda\/wp-content\/uploads\/2025\/11\/Pasa-Pasa-de-Toy-Story-2.jpeg\"><img decoding=\"async\" class=\"aligncenter  wp-image-18361\" src=\"https:\/\/magoezequias.com.ar\/tienda\/wp-content\/uploads\/2025\/11\/Pasa-Pasa-de-Toy-Story-2.jpeg\" alt=\"\" width=\"466\" height=\"351\" srcset=\"https:\/\/magoezequias.com.ar\/tienda\/wp-content\/uploads\/2025\/11\/Pasa-Pasa-de-Toy-Story-2.jpeg 1253w, https:\/\/magoezequias.com.ar\/tienda\/wp-content\/uploads\/2025\/11\/Pasa-Pasa-de-Toy-Story-2-300x226.jpeg 300w, https:\/\/magoezequias.com.ar\/tienda\/wp-content\/uploads\/2025\/11\/Pasa-Pasa-de-Toy-Story-2-1024x771.jpeg 1024w, https:\/\/magoezequias.com.ar\/tienda\/wp-content\/uploads\/2025\/11\/Pasa-Pasa-de-Toy-Story-2-768x579.jpeg 768w\" sizes=\"(max-width: 466px) 100vw, 466px\" \/><\/a><\/p>\n<p data-start=\"1624\" data-end=\"1787\"><br data-start=\"1673\" data-end=\"1676\" \/>El mago remata diciendo que, cuando nadie los mira, Woody y Buzz se escapan a jugar con otros dibujos animados.<\/p>\n<hr data-start=\"1789\" data-end=\"1792\" \/>\n<h2 data-start=\"1794\" data-end=\"1829\">\ud83d\udccc <strong data-start=\"1800\" data-end=\"1829\">Caracter\u00edsticas del juego<\/strong><\/h2>\n<ul data-start=\"1830\" data-end=\"2184\">\n<li data-start=\"1830\" data-end=\"1892\">\n<p data-start=\"1832\" data-end=\"1892\">\ud83e\uddf2 <strong data-start=\"1835\" data-end=\"1858\">Mecanismo magn\u00e9tico<\/strong> para m\u00e1xima comodidad y control<\/p>\n<\/li>\n<li data-start=\"1893\" data-end=\"1957\">\n<p data-start=\"1895\" data-end=\"1957\">\ud83d\udccf <strong data-start=\"1898\" data-end=\"1915\">23 cm x 15 cm<\/strong>: tama\u00f1o perfecto para que todos lo vean<\/p>\n<\/li>\n<li data-start=\"1958\" data-end=\"2002\">\n<p data-start=\"1960\" data-end=\"2002\">\ud83c\udfa8 Impresiones coloridas de alta calidad<\/p>\n<\/li>\n<li data-start=\"2003\" data-end=\"2090\">\n<p data-start=\"2005\" data-end=\"2090\">\ud83c\udfad Rutina lista para usar con humor, participaci\u00f3n, sospechas y gran final sorpresa<\/p>\n<\/li>\n<li data-start=\"2091\" data-end=\"2184\">\n<p data-start=\"2093\" data-end=\"2184\">\ud83d\udc76 Ideal para <strong data-start=\"2107\" data-end=\"2125\">magia infantil<\/strong>, cumplea\u00f1os, eventos familiares y espect\u00e1culos escolares<\/p>\n<\/li>\n<\/ul>\n","protected":false},"excerpt":{"rendered":"<p style=\"text-align: justify;\" data-start=\"223\" data-end=\"389\">El cl\u00e1sico juego de intercambio m\u00e1gico ahora llega en una versi\u00f3n irresistible para los chicos, protagonizada por los queridos <strong data-start=\"350\" data-end=\"367\">Sheriff Woody<\/strong> y <strong data-start=\"370\" data-end=\"388\">Buzz Lightyear<\/strong>.<\/p>\n<p style=\"text-align: justify;\" data-start=\"391\" data-end=\"637\">Este efecto est\u00e1 dise\u00f1ado en un <strong data-start=\"423\" data-end=\"446\">tama\u00f1o s\u00faper visual<\/strong>, ideal tanto para sal\u00f3n como para escenario:<br data-start=\"491\" data-end=\"494\" \/>\ud83d\udccf <strong data-start=\"497\" data-end=\"514\">23 cm x 15 cm<\/strong><br data-start=\"514\" data-end=\"517\" \/>El mecanismo es <strong data-start=\"533\" data-end=\"546\">magn\u00e9tico<\/strong>, permitiendo trabajar con <strong data-start=\"573\" data-end=\"617\">absoluta comodidad, seguridad y suavidad<\/strong> en cada movimiento.<\/p>\n","protected":false},"featured_media":18362,"comment_status":"open","ping_status":"closed","template":"","meta":[],"product_brand":[],"product_cat":[60,8],"product_tag":[763,17,38,762,761,764],"class_list":{"0":"post-18359","1":"product","2":"type-product","3":"status-publish","4":"has-post-thumbnail","6":"product_cat-ezequias-2","7":"product_cat-infantil","8":"product_tag-buzz","9":"product_tag-ezequias","10":"product_tag-pasa","11":"product_tag-story","12":"product_tag-toy","13":"product_tag-woody","15":"first","16":"instock","17":"shipping-taxable","18":"purchasable","19":"product-type-simple"},"aioseo_notices":[],"_links":{"self":[{"href":"https:\/\/magoezequias.com.ar\/tienda\/wp-json\/wp\/v2\/product\/18359","targetHints":{"allow":["GET"]}}],"collection":[{"href":"https:\/\/magoezequias.com.ar\/tienda\/wp-json\/wp\/v2\/product"}],"about":[{"href":"https:\/\/magoezequias.com.ar\/tienda\/wp-json\/wp\/v2\/types\/product"}],"replies":[{"embeddable":true,"href":"https:\/\/magoezequias.com.ar\/tienda\/wp-json\/wp\/v2\/comments?post=18359"}],"version-history":[{"count":1,"href":"https:\/\/magoezequias.com.ar\/tienda\/wp-json\/wp\/v2\/product\/18359\/revisions"}],"predecessor-version":[{"id":18363,"href":"https:\/\/magoezequias.com.ar\/tienda\/wp-json\/wp\/v2\/product\/18359\/revisions\/18363"}],"wp:featuredmedia":[{"embeddable":true,"href":"https:\/\/magoezequias.com.ar\/tienda\/wp-json\/wp\/v2\/media\/18362"}],"wp:attachment":[{"href":"https:\/\/magoezequias.com.ar\/tienda\/wp-json\/wp\/v2\/media?parent=18359"}],"wp:term":[{"taxonomy":"product_brand","embeddable":true,"href":"https:\/\/magoezequias.com.ar\/tienda\/wp-json\/wp\/v2\/product_brand?post=18359"},{"taxonomy":"product_cat","embeddable":true,"href":"https:\/\/magoezequias.com.ar\/tienda\/wp-json\/wp\/v2\/product_cat?post=18359"},{"taxonomy":"product_tag","embeddable":true,"href":"https:\/\/magoezequias.com.ar\/tienda\/wp-json\/wp\/v2\/product_tag?post=18359"}],"curies":[{"name":"wp","href":"https:\/\/api.w.org\/{rel}","templated":true}]}}