{"id":18364,"date":"2025-12-01T10:31:45","date_gmt":"2025-12-01T13:31:45","guid":{"rendered":"https:\/\/magoezequias.com.ar\/tienda\/?post_type=product&#038;p=18364"},"modified":"2026-04-11T16:26:44","modified_gmt":"2026-04-11T19:26:44","slug":"baston-de-caramelo-encantado","status":"publish","type":"product","link":"https:\/\/magoezequias.com.ar\/tienda\/producto\/baston-de-caramelo-encantado","title":{"rendered":"Bast\u00f3n de Caramelo encantado"},"content":{"rendered":"<p style=\"text-align: center;\" data-start=\"103\" data-end=\"229\"><a href=\"https:\/\/magoezequias.com.ar\/tienda\/wp-content\/uploads\/2025\/12\/Baston-de-Caramelo-encantado-2.jpeg\"><img fetchpriority=\"high\" decoding=\"async\" class=\"aligncenter  wp-image-18365\" src=\"https:\/\/magoezequias.com.ar\/tienda\/wp-content\/uploads\/2025\/12\/Baston-de-Caramelo-encantado-2.jpeg\" alt=\"\" width=\"375\" height=\"335\" srcset=\"https:\/\/magoezequias.com.ar\/tienda\/wp-content\/uploads\/2025\/12\/Baston-de-Caramelo-encantado-2.jpeg 1342w, https:\/\/magoezequias.com.ar\/tienda\/wp-content\/uploads\/2025\/12\/Baston-de-Caramelo-encantado-2-300x268.jpeg 300w, https:\/\/magoezequias.com.ar\/tienda\/wp-content\/uploads\/2025\/12\/Baston-de-Caramelo-encantado-2-1024x916.jpeg 1024w, https:\/\/magoezequias.com.ar\/tienda\/wp-content\/uploads\/2025\/12\/Baston-de-Caramelo-encantado-2-768x687.jpeg 768w\" sizes=\"(max-width: 375px) 100vw, 375px\" \/><\/a><\/p>\n<p style=\"text-align: justify;\" data-start=\"231\" data-end=\"584\">El mago muestra un gran <strong data-start=\"255\" data-end=\"286\">Bast\u00f3n de Caramelo navide\u00f1o<\/strong>, decorado con cuatro pa\u00f1uelos de colores sujetos con broches. Todo est\u00e1 a la vista. Nada escondido.<\/p>\n<p style=\"text-align: justify;\" data-start=\"231\" data-end=\"584\"><br data-start=\"395\" data-end=\"398\" \/>Un espectador elige <strong data-start=\"418\" data-end=\"439\">cualquier pa\u00f1uelo<\/strong>, absolutamente <strong data-start=\"455\" data-end=\"466\">al azar<\/strong>. Todos miran con atenci\u00f3n\u2026 el mago no toca nada\u2026 \u00a1y de repente el pa\u00f1uelo elegido <strong data-start=\"549\" data-end=\"583\">sale volando por arte de magia<\/strong>!<\/p>\n<p style=\"text-align: justify;\" data-start=\"586\" data-end=\"845\">El p\u00fablico queda sorprendido, se escuchan risas, aplausos y \u00a1la magia contin\u00faa!<\/p>\n<p style=\"text-align: justify;\" data-start=\"586\" data-end=\"845\"><br data-start=\"665\" data-end=\"668\" \/>Uno a uno, los pa\u00f1uelos y broches vuelan solos, como si duendecitos invisibles los arrancaran del bast\u00f3n. Un efecto visualmente impactante, ideal para la temporada navide\u00f1a.<\/p>\n<p data-start=\"586\" data-end=\"845\">\n<p style=\"text-align: center;\" data-start=\"586\" data-end=\"845\"><a href=\"https:\/\/magoezequias.com.ar\/tienda\/wp-content\/uploads\/2025\/12\/Baston-de-Caramelo-encantado.jpeg\"><img decoding=\"async\" class=\"aligncenter  wp-image-18366\" src=\"https:\/\/magoezequias.com.ar\/tienda\/wp-content\/uploads\/2025\/12\/Baston-de-Caramelo-encantado.jpeg\" alt=\"\" width=\"457\" height=\"371\" srcset=\"https:\/\/magoezequias.com.ar\/tienda\/wp-content\/uploads\/2025\/12\/Baston-de-Caramelo-encantado.jpeg 1477w, https:\/\/magoezequias.com.ar\/tienda\/wp-content\/uploads\/2025\/12\/Baston-de-Caramelo-encantado-300x244.jpeg 300w, https:\/\/magoezequias.com.ar\/tienda\/wp-content\/uploads\/2025\/12\/Baston-de-Caramelo-encantado-1024x832.jpeg 1024w, https:\/\/magoezequias.com.ar\/tienda\/wp-content\/uploads\/2025\/12\/Baston-de-Caramelo-encantado-768x624.jpeg 768w\" sizes=\"(max-width: 457px) 100vw, 457px\" \/><\/a><\/p>\n<hr data-start=\"847\" data-end=\"850\" \/>\n<p style=\"text-align: justify;\" data-start=\"852\" data-end=\"885\">\ud83d\udd2e <strong data-start=\"855\" data-end=\"885\">Caracter\u00edsticas del efecto<\/strong><\/p>\n<ul data-start=\"887\" data-end=\"1498\">\n<li style=\"text-align: justify;\" data-start=\"887\" data-end=\"940\">\n<p data-start=\"889\" data-end=\"940\">La elecci\u00f3n del pa\u00f1uelo es <strong data-start=\"916\" data-end=\"937\">100% libre y real<\/strong>.<\/p>\n<\/li>\n<li style=\"text-align: justify;\" data-start=\"941\" data-end=\"1011\">\n<p data-start=\"943\" data-end=\"1011\">El montaje puede hacerse <strong data-start=\"968\" data-end=\"1008\">completamente a la vista del p\u00fablico<\/strong>.<\/p>\n<\/li>\n<li style=\"text-align: justify;\" data-start=\"1012\" data-end=\"1126\">\n<p data-start=\"1014\" data-end=\"1126\">Pod\u00e9s usar <strong data-start=\"1025\" data-end=\"1097\">pa\u00f1uelos, medias navide\u00f1as, peque\u00f1os mo\u00f1os, adornos navide\u00f1os, tarjetas, mini regalitos<\/strong> u otros elementos ligeros.<\/p>\n<\/li>\n<li style=\"text-align: justify;\" data-start=\"1127\" data-end=\"1222\">\n<p data-start=\"1129\" data-end=\"1222\">El sistema es totalmente <strong data-start=\"1154\" data-end=\"1166\">mec\u00e1nico<\/strong>, fabricado en <strong data-start=\"1181\" data-end=\"1191\">madera<\/strong>, sin electr\u00f3nica ni riesgos.<\/p>\n<\/li>\n<li style=\"text-align: justify;\" data-start=\"1223\" data-end=\"1308\">\n<p data-start=\"1225\" data-end=\"1308\"><strong data-start=\"1225\" data-end=\"1246\">F\u00e1cil de realizar<\/strong>: el efecto funciona solo, vos te dedic\u00e1s a la presentaci\u00f3n.<\/p>\n<\/li>\n<li style=\"text-align: justify;\" data-start=\"1309\" data-end=\"1420\">\n<p data-start=\"1311\" data-end=\"1420\">Perfecto para <strong data-start=\"1325\" data-end=\"1344\">ni\u00f1os y adultos<\/strong>, ideal para shows de sal\u00f3n, escuelas, eventos empresariales o escenarios.<\/p>\n<\/li>\n<li data-start=\"1421\" data-end=\"1498\">\n<p style=\"text-align: justify;\" data-start=\"1423\" data-end=\"1498\">Muy <strong data-start=\"1427\" data-end=\"1437\">visual<\/strong>, llamativo, ocupa <strong data-start=\"1456\" data-end=\"1472\">poco espacio<\/strong> y genera un gran impacto.<\/p>\n<\/li>\n<\/ul>\n<hr data-start=\"1500\" data-end=\"1503\" \/>\n<p data-start=\"1505\" data-end=\"1583\">\ud83c\udf81 <strong data-start=\"1508\" data-end=\"1523\">Dimensiones<\/strong><br data-start=\"1523\" data-end=\"1526\" \/>La varita trucada (Bast\u00f3n de Caramelo): <strong data-start=\"1566\" data-end=\"1580\">40 x 17 cm<\/strong>.<\/p>\n","protected":false},"excerpt":{"rendered":"<p>\ud83c\udf84 <strong data-start=\"106\" data-end=\"157\">\u00a1El Bast\u00f3n de Caramelo que hace volar pa\u00f1uelos!<\/strong> \ud83c\udf84<\/p>\n","protected":false},"featured_media":18365,"comment_status":"open","ping_status":"closed","template":"","meta":[],"product_brand":[],"product_cat":[10,60,8],"product_tag":[439,765,17,766,402],"class_list":{"0":"post-18364","1":"product","2":"type-product","3":"status-publish","4":"has-post-thumbnail","6":"product_cat-escena","7":"product_cat-ezequias-2","8":"product_cat-infantil","9":"product_tag-baston","10":"product_tag-candy","11":"product_tag-ezequias","12":"product_tag-golosina","13":"product_tag-navidad","15":"first","16":"instock","17":"shipping-taxable","18":"purchasable","19":"product-type-simple"},"aioseo_notices":[],"_links":{"self":[{"href":"https:\/\/magoezequias.com.ar\/tienda\/wp-json\/wp\/v2\/product\/18364","targetHints":{"allow":["GET"]}}],"collection":[{"href":"https:\/\/magoezequias.com.ar\/tienda\/wp-json\/wp\/v2\/product"}],"about":[{"href":"https:\/\/magoezequias.com.ar\/tienda\/wp-json\/wp\/v2\/types\/product"}],"replies":[{"embeddable":true,"href":"https:\/\/magoezequias.com.ar\/tienda\/wp-json\/wp\/v2\/comments?post=18364"}],"version-history":[{"count":1,"href":"https:\/\/magoezequias.com.ar\/tienda\/wp-json\/wp\/v2\/product\/18364\/revisions"}],"predecessor-version":[{"id":18367,"href":"https:\/\/magoezequias.com.ar\/tienda\/wp-json\/wp\/v2\/product\/18364\/revisions\/18367"}],"wp:featuredmedia":[{"embeddable":true,"href":"https:\/\/magoezequias.com.ar\/tienda\/wp-json\/wp\/v2\/media\/18365"}],"wp:attachment":[{"href":"https:\/\/magoezequias.com.ar\/tienda\/wp-json\/wp\/v2\/media?parent=18364"}],"wp:term":[{"taxonomy":"product_brand","embeddable":true,"href":"https:\/\/magoezequias.com.ar\/tienda\/wp-json\/wp\/v2\/product_brand?post=18364"},{"taxonomy":"product_cat","embeddable":true,"href":"https:\/\/magoezequias.com.ar\/tienda\/wp-json\/wp\/v2\/product_cat?post=18364"},{"taxonomy":"product_tag","embeddable":true,"href":"https:\/\/magoezequias.com.ar\/tienda\/wp-json\/wp\/v2\/product_tag?post=18364"}],"curies":[{"name":"wp","href":"https:\/\/api.w.org\/{rel}","templated":true}]}}