{"id":18368,"date":"2025-12-01T21:46:28","date_gmt":"2025-12-02T00:46:28","guid":{"rendered":"https:\/\/magoezequias.com.ar\/tienda\/?post_type=product&#038;p=18368"},"modified":"2025-12-01T21:46:28","modified_gmt":"2025-12-02T00:46:28","slug":"rompecabezas-magico-perrito","status":"publish","type":"product","link":"https:\/\/magoezequias.com.ar\/tienda\/producto\/rompecabezas-magico-perrito","title":{"rendered":"Rompecabezas m\u00e1gico &#8211; Perrito"},"content":{"rendered":"<p style=\"text-align: center;\" data-start=\"247\" data-end=\"524\"><a href=\"https:\/\/magoezequias.com.ar\/tienda\/wp-content\/uploads\/2025\/12\/rompecabeza-pperrrito.jpeg\"><img fetchpriority=\"high\" decoding=\"async\" class=\"aligncenter size-full wp-image-18369\" src=\"https:\/\/magoezequias.com.ar\/tienda\/wp-content\/uploads\/2025\/12\/rompecabeza-pperrrito.jpeg\" alt=\"\" width=\"1128\" height=\"1160\" srcset=\"https:\/\/magoezequias.com.ar\/tienda\/wp-content\/uploads\/2025\/12\/rompecabeza-pperrrito.jpeg 1128w, https:\/\/magoezequias.com.ar\/tienda\/wp-content\/uploads\/2025\/12\/rompecabeza-pperrrito-292x300.jpeg 292w, https:\/\/magoezequias.com.ar\/tienda\/wp-content\/uploads\/2025\/12\/rompecabeza-pperrrito-996x1024.jpeg 996w, https:\/\/magoezequias.com.ar\/tienda\/wp-content\/uploads\/2025\/12\/rompecabeza-pperrrito-768x790.jpeg 768w, https:\/\/magoezequias.com.ar\/tienda\/wp-content\/uploads\/2025\/12\/rompecabeza-pperrrito-300x309.jpeg 300w\" sizes=\"(max-width: 1128px) 100vw, 1128px\" \/><\/a><\/p>\n<p data-start=\"247\" data-end=\"524\">El mago comparte con el p\u00fablico que ama armar rompecabezas y que, para demostrarlo, trajo el \u00faltimo que complet\u00f3: una imagen <strong data-start=\"392\" data-end=\"441\">muy colorida y visual de un perrito simp\u00e1tico<\/strong>. Sin embargo, al mostrarlo\u2026 \u00a1se descubre un problema!<br data-start=\"495\" data-end=\"498\" \/>\ud83d\udc49 <strong data-start=\"501\" data-end=\"524\">Le falta una pieza.<\/strong><\/p>\n<p data-start=\"526\" data-end=\"731\">El mago, preocupado, explica que esa pieza se <strong data-start=\"572\" data-end=\"652\">mezcl\u00f3 accidentalmente con las piezas de otro rompecabezas del mismo perrito<\/strong>, y ahora necesita la ayuda de un voluntario para recuperarla de manera m\u00e1gica.<\/p>\n<p data-start=\"733\" data-end=\"764\">Se muestran todas las piezas:<\/p>\n<ul data-start=\"765\" data-end=\"895\">\n<li data-start=\"765\" data-end=\"814\">\n<p data-start=\"767\" data-end=\"814\"><strong data-start=\"767\" data-end=\"812\">Piezas con im\u00e1genes claramente diferentes<\/strong><\/p>\n<\/li>\n<li data-start=\"815\" data-end=\"839\">\n<p data-start=\"817\" data-end=\"839\"><strong data-start=\"817\" data-end=\"837\">Formas distintas<\/strong><\/p>\n<\/li>\n<li data-start=\"840\" data-end=\"866\">\n<p data-start=\"842\" data-end=\"866\">Totalmente examinables<\/p>\n<\/li>\n<li data-start=\"867\" data-end=\"895\">\n<p data-start=\"869\" data-end=\"895\">Muy coloridas y llamativas<\/p>\n<\/li>\n<\/ul>\n<p data-start=\"897\" data-end=\"1137\">Todas las piezas se introducen en una bolsa. El voluntario mete la mano, sin mirar, y elige <strong data-start=\"989\" data-end=\"1010\">una pieza al azar<\/strong>\u2026<br data-start=\"1011\" data-end=\"1014\" \/>\u2728 <strong data-start=\"1016\" data-end=\"1095\">\u00a1Y resulta ser exactamente la pieza que falta en el rompecabezas enmarcado!<\/strong><br data-start=\"1095\" data-end=\"1098\" \/>Un final sorprendente, limpio y visual.<\/p>\n<hr data-start=\"1139\" data-end=\"1142\" \/>\n<h2 data-start=\"1144\" data-end=\"1180\">\ud83d\udd39 <strong data-start=\"1150\" data-end=\"1180\">Caracter\u00edsticas del efecto<\/strong><\/h2>\n<ul data-start=\"1182\" data-end=\"1552\">\n<li data-start=\"1182\" data-end=\"1226\">\n<p data-start=\"1184\" data-end=\"1226\"><strong data-start=\"1184\" data-end=\"1224\">Construido en cart\u00f3n de alta calidad<\/strong><\/p>\n<\/li>\n<li data-start=\"1227\" data-end=\"1328\">\n<p data-start=\"1229\" data-end=\"1328\">Tama\u00f1o del cuadro: <strong data-start=\"1248\" data-end=\"1262\">21 x 30 cm<\/strong>, perfecto para salones, cumplea\u00f1os, escuelas y shows familiares<\/p>\n<\/li>\n<li data-start=\"1329\" data-end=\"1411\">\n<p data-start=\"1331\" data-end=\"1411\"><strong data-start=\"1331\" data-end=\"1357\">Im\u00e1genes muy coloridas<\/strong>, ideales para captar la atenci\u00f3n de ni\u00f1os y adultos<\/p>\n<\/li>\n<li data-start=\"1412\" data-end=\"1491\">\n<p data-start=\"1414\" data-end=\"1491\">Efecto <strong data-start=\"1421\" data-end=\"1446\">totalmente autom\u00e1tico<\/strong>, sin t\u00e9cnica ni manipulaciones complicadas<\/p>\n<\/li>\n<li data-start=\"1492\" data-end=\"1552\">\n<p data-start=\"1494\" data-end=\"1552\">Ideal para magos infantiles, familiares y rutinas visuales<\/p>\n<\/li>\n<\/ul>\n<hr data-start=\"1554\" data-end=\"1557\" \/>\n<h2 data-start=\"1559\" data-end=\"1587\">\ud83d\udd39 <strong data-start=\"1565\" data-end=\"1587\">Qu\u00e9 incluye el set<\/strong><\/h2>\n<ul data-start=\"1589\" data-end=\"1939\">\n<li data-start=\"1589\" data-end=\"1651\">\n<p data-start=\"1591\" data-end=\"1651\">\ud83e\udde9 <strong data-start=\"1594\" data-end=\"1626\">Rompecabezas armado y pegado<\/strong> con una pieza faltante<\/p>\n<\/li>\n<li data-start=\"1652\" data-end=\"1718\">\n<p data-start=\"1654\" data-end=\"1718\">\ud83e\udde9 <strong data-start=\"1657\" data-end=\"1677\">Piezas repetidas<\/strong> (id\u00e9nticas entre s\u00ed, parte del m\u00e9todo)<\/p>\n<\/li>\n<li data-start=\"1719\" data-end=\"1800\">\n<p data-start=\"1721\" data-end=\"1800\">\ud83e\udde9 <strong data-start=\"1724\" data-end=\"1745\">Piezas diferentes<\/strong> de rompecabezas (para mostrar y mezclar en la bolsa)<\/p>\n<\/li>\n<li data-start=\"1851\" data-end=\"1939\">\n<p data-start=\"1853\" data-end=\"1939\">\ud83d\udcd0 <strong data-start=\"1856\" data-end=\"1881\">Pie\/atril desmontable<\/strong>, para exhibir el rompecabezas c\u00f3modamente durante el show<\/p>\n<\/li>\n<\/ul>\n<p>&nbsp;<\/p>\n<p><strong>Usted deber\u00e1 utilizar su propia bolsa de cambio o forzaje; o m\u00e9todo preferido<\/strong><\/p>\n<hr data-start=\"1941\" data-end=\"1944\" \/>\n<h2 data-start=\"1946\" data-end=\"1991\">\ud83d\udd39 <strong data-start=\"1952\" data-end=\"1991\">Por qu\u00e9 funciona tan bien en escena<\/strong><\/h2>\n<ul data-start=\"1993\" data-end=\"2313\">\n<li data-start=\"1993\" data-end=\"2027\">\n<p data-start=\"1995\" data-end=\"2027\">Muy visual incluso a distancia<\/p>\n<\/li>\n<li data-start=\"2028\" data-end=\"2062\">\n<p data-start=\"2030\" data-end=\"2062\">Alta participaci\u00f3n del p\u00fablico<\/p>\n<\/li>\n<li data-start=\"2063\" data-end=\"2120\">\n<p data-start=\"2065\" data-end=\"2120\">Rutina f\u00e1cil de entender, ideal para todas las edades<\/p>\n<\/li>\n<li data-start=\"2121\" data-end=\"2209\">\n<p data-start=\"2123\" data-end=\"2209\">Encaja perfectamente en shows de magia infantil, familiar, escolar y eventos grandes<\/p>\n<\/li>\n<li data-start=\"2210\" data-end=\"2313\">\n<p data-start=\"2212\" data-end=\"2313\">El final es fuerte: el voluntario saca la pieza <em data-start=\"2260\" data-end=\"2267\">justa<\/em>, sin ning\u00fan esfuerzo ni manipulaci\u00f3n del mago<\/p>\n<\/li>\n<\/ul>\n","protected":false},"excerpt":{"rendered":"<p>El mago comparte con el p\u00fablico que ama armar rompecabezas y que, para demostrarlo, trajo el \u00faltimo que complet\u00f3: una imagen muy colorida y visual de un perrito simp\u00e1tico. Sin embargo, al mostrarlo\u2026 \u00a1se descubre un problema!\ud83d\udc49 Le falta una pieza. El mago, preocupado, explica que esa pieza se mezcl\u00f3 accidentalmente con las piezas de [&hellip;]<\/p>\n","protected":false},"featured_media":18370,"comment_status":"open","ping_status":"closed","template":"","meta":[],"product_brand":[],"product_cat":[319,10,8],"product_tag":[610,581,767,248],"class_list":{"0":"post-18368","1":"product","2":"type-product","3":"status-publish","4":"has-post-thumbnail","6":"product_cat-principiantes","7":"product_cat-escena","8":"product_cat-infantil","9":"product_tag-perrito","10":"product_tag-perro","11":"product_tag-puzzle","12":"product_tag-rompecabeza","14":"first","15":"instock","16":"shipping-taxable","17":"purchasable","18":"product-type-simple"},"aioseo_notices":[],"_links":{"self":[{"href":"https:\/\/magoezequias.com.ar\/tienda\/wp-json\/wp\/v2\/product\/18368","targetHints":{"allow":["GET"]}}],"collection":[{"href":"https:\/\/magoezequias.com.ar\/tienda\/wp-json\/wp\/v2\/product"}],"about":[{"href":"https:\/\/magoezequias.com.ar\/tienda\/wp-json\/wp\/v2\/types\/product"}],"replies":[{"embeddable":true,"href":"https:\/\/magoezequias.com.ar\/tienda\/wp-json\/wp\/v2\/comments?post=18368"}],"version-history":[{"count":2,"href":"https:\/\/magoezequias.com.ar\/tienda\/wp-json\/wp\/v2\/product\/18368\/revisions"}],"predecessor-version":[{"id":18379,"href":"https:\/\/magoezequias.com.ar\/tienda\/wp-json\/wp\/v2\/product\/18368\/revisions\/18379"}],"wp:featuredmedia":[{"embeddable":true,"href":"https:\/\/magoezequias.com.ar\/tienda\/wp-json\/wp\/v2\/media\/18370"}],"wp:attachment":[{"href":"https:\/\/magoezequias.com.ar\/tienda\/wp-json\/wp\/v2\/media?parent=18368"}],"wp:term":[{"taxonomy":"product_brand","embeddable":true,"href":"https:\/\/magoezequias.com.ar\/tienda\/wp-json\/wp\/v2\/product_brand?post=18368"},{"taxonomy":"product_cat","embeddable":true,"href":"https:\/\/magoezequias.com.ar\/tienda\/wp-json\/wp\/v2\/product_cat?post=18368"},{"taxonomy":"product_tag","embeddable":true,"href":"https:\/\/magoezequias.com.ar\/tienda\/wp-json\/wp\/v2\/product_tag?post=18368"}],"curies":[{"name":"wp","href":"https:\/\/api.w.org\/{rel}","templated":true}]}}