{"id":18394,"date":"2025-12-26T21:11:54","date_gmt":"2025-12-27T00:11:54","guid":{"rendered":"https:\/\/magoezequias.com.ar\/tienda\/?post_type=product&#038;p=18394"},"modified":"2025-12-26T21:11:54","modified_gmt":"2025-12-27T00:11:54","slug":"attaboy-conejo","status":"publish","type":"product","link":"https:\/\/magoezequias.com.ar\/tienda\/producto\/attaboy-conejo","title":{"rendered":"Attaboy Conejo"},"content":{"rendered":"<p style=\"text-align: center;\" data-start=\"260\" data-end=\"308\"><a href=\"https:\/\/magoezequias.com.ar\/tienda\/wp-content\/uploads\/2025\/12\/Attaboy-conejo.jpg\"><img fetchpriority=\"high\" decoding=\"async\" class=\"aligncenter  wp-image-18396\" src=\"https:\/\/magoezequias.com.ar\/tienda\/wp-content\/uploads\/2025\/12\/Attaboy-conejo.jpg\" alt=\"\" width=\"296\" height=\"410\" srcset=\"https:\/\/magoezequias.com.ar\/tienda\/wp-content\/uploads\/2025\/12\/Attaboy-conejo.jpg 637w, https:\/\/magoezequias.com.ar\/tienda\/wp-content\/uploads\/2025\/12\/Attaboy-conejo-216x300.jpg 216w, https:\/\/magoezequias.com.ar\/tienda\/wp-content\/uploads\/2025\/12\/Attaboy-conejo-300x416.jpg 300w\" sizes=\"(max-width: 296px) 100vw, 296px\" \/><\/a><\/p>\n<p style=\"text-align: justify;\" data-start=\"260\" data-end=\"308\"><img decoding=\"async\" class=\"emoji\" role=\"img\" draggable=\"false\" src=\"https:\/\/s.w.org\/images\/core\/emoji\/15.0.3\/svg\/1f9d9-200d-2642-fe0f.svg\" alt=\"\ud83e\uddd9\u200d\u2642\ufe0f\" \/>\u00a0Una versi\u00f3n moderna y tem\u00e1tica del cl\u00e1sico\u00a0<strong data-start=\"353\" data-end=\"366\">\u201cAttaboy\u201d<\/strong> de Jack Hughes, uno de los efectos mec\u00e1nicos m\u00e1s ingeniosos de la historia de la magia, ahora reinventado con la imagen de un divertido Conejo Mago.<\/p>\n<p style=\"text-align: justify;\" data-start=\"539\" data-end=\"674\">En esta rutina, el mago presenta una figura de\u00a0<strong data-start=\"586\" data-end=\"612\">un Conejo Mago<\/strong>, sosteniendo dos peque\u00f1as houlettes (soportes para cartas).<\/p>\n<h3 style=\"text-align: justify;\" data-start=\"676\" data-end=\"700\"><img decoding=\"async\" class=\"emoji\" role=\"img\" draggable=\"false\" src=\"https:\/\/s.w.org\/images\/core\/emoji\/15.0.3\/svg\/2728.svg\" alt=\"\u2728\" \/>\u00a0Efecto principal<\/h3>\n<p style=\"text-align: justify;\" data-start=\"701\" data-end=\"940\">Tres cartas o la cantidad que quiera, son seleccionadas y devueltas a la baraja, que se coloca en la houlette a los pies del Conejo. El mago toma una a una las cartas de esa baraja y las pasa frente a los ojos del animalito, deposit\u00e1ndolas luego en la houlette superior.<\/p>\n<p style=\"text-align: justify;\" data-start=\"942\" data-end=\"1197\">En cualquier momento, los espectadores pueden gritar\u00a0<strong data-start=\"995\" data-end=\"1008\">\u201c\u00a1ahora!\u201d<\/strong>, y la carta que el Conejo Mago \u201cve\u201d en ese instante siempre resulta ser <strong data-start=\"1072\" data-end=\"1100\">una de las seleccionadas<\/strong>.<\/p>\n<p data-start=\"942\" data-end=\"1197\"><br data-start=\"1101\" data-end=\"1104\" \/>El proceso se repite con las tres cartas, generando\u00a0<strong data-start=\"1156\" data-end=\"1194\">sorpresa, participaci\u00f3n y misterio<\/strong>.<\/p>\n<p data-start=\"1199\" data-end=\"1328\">Solo se utiliza\u00a0<strong data-start=\"1218\" data-end=\"1238\">una baraja com\u00fan<\/strong>. No hay cartas trucadas ni manipulaci\u00f3n complicada.<\/p>\n<p data-start=\"1199\" data-end=\"1328\">\n<h3 data-start=\"1330\" data-end=\"1358\">Posibilidades extra<\/h3>\n<p data-start=\"1359\" data-end=\"1555\">Adem\u00e1s del efecto cl\u00e1sico, esta versi\u00f3n permite realizar una rutina personalizada utilizando\u00a0<strong data-start=\"1452\" data-end=\"1473\">cartas con letras (incluidas)<\/strong>.<br data-start=\"1474\" data-end=\"1477\" \/>Los espectadores eligen letras al azar, y al mostrarlas, forman m\u00e1gicamente:<\/p>\n<ul data-start=\"1556\" data-end=\"1668\">\n<li data-start=\"1556\" data-end=\"1590\">\n<p data-start=\"1558\" data-end=\"1590\">El\u00a0<strong data-start=\"1561\" data-end=\"1587\">nombre del cumplea\u00f1ero<\/strong>,<\/p>\n<\/li>\n<li data-start=\"1591\" data-end=\"1619\">\n<p data-start=\"1593\" data-end=\"1619\">Una\u00a0<strong data-start=\"1597\" data-end=\"1616\">marca comercial<\/strong>,<\/p>\n<\/li>\n<li data-start=\"1620\" data-end=\"1668\">\n<p data-start=\"1622\" data-end=\"1668\">O una\u00a0<strong data-start=\"1628\" data-end=\"1665\">palabra m\u00e1gica o mensaje sorpresa<\/strong>.<\/p>\n<\/li>\n<li data-start=\"1620\" data-end=\"1668\">Si tiene cartas con n\u00fameros puede predecir la <strong>Loter\u00eda o cualquier juego de azar<\/strong><\/li>\n<\/ul>\n<p style=\"text-align: center;\"><a href=\"https:\/\/magoezequias.com.ar\/tienda\/wp-content\/uploads\/2025\/12\/Attaboy-conejo2.jpg\"><img decoding=\"async\" class=\"aligncenter  wp-image-18395\" src=\"https:\/\/magoezequias.com.ar\/tienda\/wp-content\/uploads\/2025\/12\/Attaboy-conejo2.jpg\" alt=\"\" width=\"410\" height=\"481\" srcset=\"https:\/\/magoezequias.com.ar\/tienda\/wp-content\/uploads\/2025\/12\/Attaboy-conejo2.jpg 867w, https:\/\/magoezequias.com.ar\/tienda\/wp-content\/uploads\/2025\/12\/Attaboy-conejo2-256x300.jpg 256w, https:\/\/magoezequias.com.ar\/tienda\/wp-content\/uploads\/2025\/12\/Attaboy-conejo2-768x902.jpg 768w, https:\/\/magoezequias.com.ar\/tienda\/wp-content\/uploads\/2025\/12\/Attaboy-conejo2-300x352.jpg 300w\" sizes=\"(max-width: 410px) 100vw, 410px\" \/><\/a><\/p>\n<p>&nbsp;<\/p>\n<h3 data-start=\"1670\" data-end=\"1707\"><img decoding=\"async\" class=\"emoji\" role=\"img\" draggable=\"false\" src=\"https:\/\/s.w.org\/images\/core\/emoji\/15.0.3\/svg\/1f3a9.svg\" alt=\"\ud83c\udfa9\" \/>\u00a0Caracter\u00edsticas del producto<\/h3>\n<ul data-start=\"1708\" data-end=\"2156\">\n<li data-start=\"1708\" data-end=\"1767\">\n<p data-start=\"1710\" data-end=\"1767\"><img decoding=\"async\" class=\"emoji\" role=\"img\" draggable=\"false\" src=\"https:\/\/s.w.org\/images\/core\/emoji\/15.0.3\/svg\/2705.svg\" alt=\"\u2705\" \/>\u00a0Figura tem\u00e1tica de\u00a0<strong data-start=\"1731\" data-end=\"1747\">un Conejo Magor<\/strong>\u00a0de 40 cm de alto.<\/p>\n<\/li>\n<li data-start=\"1768\" data-end=\"1820\">\n<p data-start=\"1770\" data-end=\"1820\"><img decoding=\"async\" class=\"emoji\" role=\"img\" draggable=\"false\" src=\"https:\/\/s.w.org\/images\/core\/emoji\/15.0.3\/svg\/2705.svg\" alt=\"\u2705\" \/>\u00a0Construida en\u00a0<strong data-start=\"1786\" data-end=\"1817\">madera resistente y liviana<\/strong>.<\/p>\n<\/li>\n<li data-start=\"1821\" data-end=\"1917\">\n<p data-start=\"1823\" data-end=\"1917\"><img decoding=\"async\" class=\"emoji\" role=\"img\" draggable=\"false\" src=\"https:\/\/s.w.org\/images\/core\/emoji\/15.0.3\/svg\/2705.svg\" alt=\"\u2705\" \/>\u00a0Incluye\u00a0<strong data-start=\"1833\" data-end=\"1857\">soporte en la cabeza<\/strong>\u00a0desmontable para mostrar las cartas al p\u00fablico con mejor visibilidad.<\/p>\n<\/li>\n<li data-start=\"1918\" data-end=\"1984\">\n<p data-start=\"1920\" data-end=\"1984\"><img decoding=\"async\" class=\"emoji\" role=\"img\" draggable=\"false\" src=\"https:\/\/s.w.org\/images\/core\/emoji\/15.0.3\/svg\/2705.svg\" alt=\"\u2705\" \/>\u00a0Incluye\u00a0<strong data-start=\"1930\" data-end=\"1959\">mazo de cartas con letras<\/strong>\u00a0para usar al instante.<\/p>\n<\/li>\n<li data-start=\"1985\" data-end=\"2038\">\n<p data-start=\"1987\" data-end=\"2038\"><img decoding=\"async\" class=\"emoji\" role=\"img\" draggable=\"false\" src=\"https:\/\/s.w.org\/images\/core\/emoji\/15.0.3\/svg\/2705.svg\" alt=\"\u2705\" \/>\u00a0Compatible con\u00a0<strong data-start=\"2004\" data-end=\"2035\">cartas espa\u00f1olas o de p\u00f3ker<\/strong>.<\/p>\n<\/li>\n<li data-start=\"2039\" data-end=\"2083\">\n<p data-start=\"2041\" data-end=\"2083\"><img decoding=\"async\" class=\"emoji\" role=\"img\" draggable=\"false\" src=\"https:\/\/s.w.org\/images\/core\/emoji\/15.0.3\/svg\/2705.svg\" alt=\"\u2705\" \/>\u00a0<strong data-start=\"2043\" data-end=\"2057\">Muy visual<\/strong>\u00a0para sal\u00f3n o escenario.<\/p>\n<\/li>\n<li data-start=\"2084\" data-end=\"2156\">\n<p data-start=\"2086\" data-end=\"2156\"><img decoding=\"async\" class=\"emoji\" role=\"img\" draggable=\"false\" src=\"https:\/\/s.w.org\/images\/core\/emoji\/15.0.3\/svg\/2705.svg\" alt=\"\u2705\" \/>\u00a0Efecto\u00a0<strong data-start=\"2095\" data-end=\"2126\">autom\u00e1tico y personalizable<\/strong>, ideal para rutinas \u00fanicas.<\/p>\n<\/li>\n<\/ul>\n","protected":false},"excerpt":{"rendered":"<p>Un cl\u00e1sico de la magia reinventado con el encanto de un alegre Conejo: <strong data-start=\"2225\" data-end=\"2303\">sorprendente, participativo y adaptable a cualquier p\u00fablico o presentaci\u00f3n<\/strong><\/p>\n","protected":false},"featured_media":18396,"comment_status":"open","ping_status":"closed","template":"","meta":[],"product_brand":[],"product_cat":[12,60,8,6,9],"product_tag":[757,186,17],"class_list":{"0":"post-18394","1":"product","2":"type-product","3":"status-publish","4":"has-post-thumbnail","6":"product_cat-cartomagia","7":"product_cat-ezequias-2","8":"product_cat-infantil","9":"product_cat-novedades","10":"product_cat-salon","11":"product_tag-attaboy","12":"product_tag-conejo","13":"product_tag-ezequias","15":"first","16":"instock","17":"shipping-taxable","18":"purchasable","19":"product-type-simple"},"aioseo_notices":[],"_links":{"self":[{"href":"https:\/\/magoezequias.com.ar\/tienda\/wp-json\/wp\/v2\/product\/18394","targetHints":{"allow":["GET"]}}],"collection":[{"href":"https:\/\/magoezequias.com.ar\/tienda\/wp-json\/wp\/v2\/product"}],"about":[{"href":"https:\/\/magoezequias.com.ar\/tienda\/wp-json\/wp\/v2\/types\/product"}],"replies":[{"embeddable":true,"href":"https:\/\/magoezequias.com.ar\/tienda\/wp-json\/wp\/v2\/comments?post=18394"}],"version-history":[{"count":1,"href":"https:\/\/magoezequias.com.ar\/tienda\/wp-json\/wp\/v2\/product\/18394\/revisions"}],"predecessor-version":[{"id":18397,"href":"https:\/\/magoezequias.com.ar\/tienda\/wp-json\/wp\/v2\/product\/18394\/revisions\/18397"}],"wp:featuredmedia":[{"embeddable":true,"href":"https:\/\/magoezequias.com.ar\/tienda\/wp-json\/wp\/v2\/media\/18396"}],"wp:attachment":[{"href":"https:\/\/magoezequias.com.ar\/tienda\/wp-json\/wp\/v2\/media?parent=18394"}],"wp:term":[{"taxonomy":"product_brand","embeddable":true,"href":"https:\/\/magoezequias.com.ar\/tienda\/wp-json\/wp\/v2\/product_brand?post=18394"},{"taxonomy":"product_cat","embeddable":true,"href":"https:\/\/magoezequias.com.ar\/tienda\/wp-json\/wp\/v2\/product_cat?post=18394"},{"taxonomy":"product_tag","embeddable":true,"href":"https:\/\/magoezequias.com.ar\/tienda\/wp-json\/wp\/v2\/product_tag?post=18394"}],"curies":[{"name":"wp","href":"https:\/\/api.w.org\/{rel}","templated":true}]}}