{"id":18398,"date":"2026-01-08T16:06:45","date_gmt":"2026-01-08T19:06:45","guid":{"rendered":"https:\/\/magoezequias.com.ar\/tienda\/?post_type=product&#038;p=18398"},"modified":"2026-01-08T16:17:21","modified_gmt":"2026-01-08T19:17:21","slug":"guillotina-de-mano","status":"publish","type":"product","link":"https:\/\/magoezequias.com.ar\/tienda\/producto\/guillotina-de-mano","title":{"rendered":"Guillotina de Mano"},"content":{"rendered":"<p data-start=\"0\" data-end=\"72\"><a href=\"https:\/\/magoezequias.com.ar\/tienda\/wp-content\/uploads\/2026\/01\/guillotina-scaled.jpg\"><img fetchpriority=\"high\" decoding=\"async\" class=\"aligncenter wp-image-18400\" src=\"https:\/\/magoezequias.com.ar\/tienda\/wp-content\/uploads\/2026\/01\/guillotina-scaled.jpg\" alt=\"\" width=\"467\" height=\"355\" srcset=\"https:\/\/magoezequias.com.ar\/tienda\/wp-content\/uploads\/2026\/01\/guillotina-scaled.jpg 2560w, https:\/\/magoezequias.com.ar\/tienda\/wp-content\/uploads\/2026\/01\/guillotina-300x228.jpg 300w, https:\/\/magoezequias.com.ar\/tienda\/wp-content\/uploads\/2026\/01\/guillotina-1024x778.jpg 1024w, https:\/\/magoezequias.com.ar\/tienda\/wp-content\/uploads\/2026\/01\/guillotina-768x584.jpg 768w, https:\/\/magoezequias.com.ar\/tienda\/wp-content\/uploads\/2026\/01\/guillotina-1536x1167.jpg 1536w, https:\/\/magoezequias.com.ar\/tienda\/wp-content\/uploads\/2026\/01\/guillotina-2048x1556.jpg 2048w\" sizes=\"(max-width: 467px) 100vw, 467px\" \/><\/a><\/p>\n<p data-start=\"74\" data-end=\"349\">Una de las ilusiones m\u00e1s impactantes y recordadas del repertorio m\u00e1gico, presentada en una versi\u00f3n muy segura. Esta guillotina combina dramatismo, est\u00e9tica y seguridad, ideal tanto para shows profesionales como para principiantes.<\/p>\n<p data-start=\"351\" data-end=\"617\">Fabricada totalmente de <strong data-start=\"365\" data-end=\"411\">madera<\/strong>, se desmonta para su traslado<strong data-start=\"427\" data-end=\"455\"> y con<\/strong>\u00a0<strong data-start=\"469\" data-end=\"496\">dise\u00f1o \u00fanico<\/strong>.<\/p>\n<p data-start=\"619\" data-end=\"639\"><strong data-start=\"619\" data-end=\"639\">Rutina y efecto:<\/strong><\/p>\n<ul data-start=\"640\" data-end=\"1207\">\n<li data-start=\"640\" data-end=\"693\">\n<p data-start=\"642\" data-end=\"693\">La guillotina se muestra abiertamente al p\u00fablico y separadas sus partes.<\/p>\n<\/li>\n<li data-start=\"694\" data-end=\"842\">\n<p data-start=\"696\" data-end=\"842\">Se retiran las tapas y se exhibe claramente la <strong data-start=\"757\" data-end=\"799\">cuchilla y luego<\/strong> se rearma coloc\u00e1ndola en el centro.<\/p>\n<\/li>\n<li data-start=\"843\" data-end=\"876\">\n<p data-start=\"845\" data-end=\"876\">Se muestra el funcionamiento y como se desplaza la cuchilla.<\/p>\n<\/li>\n<li data-start=\"877\" data-end=\"1014\">Luego, para el cl\u00edmax absoluto, un espectador coloca su <strong data-start=\"1073\" data-end=\"1090\">mano<\/strong> en la apertura.<\/li>\n<li data-start=\"1115\" data-end=\"1207\">\n<p data-start=\"1117\" data-end=\"1207\">La cuchilla cae\u2026 y, para sorpresa total del p\u00fablico, <strong data-start=\"1170\" data-end=\"1206\">la mano sale completamente ilesa<\/strong>.<\/p>\n<\/li>\n<li data-start=\"1115\" data-end=\"1207\">Se saca la tapa frontal y se muestra como la cuchilla atraves\u00f3 la mano del espectador<\/li>\n<\/ul>\n<p data-start=\"1325\" data-end=\"1356\"><strong data-start=\"1325\" data-end=\"1356\">Caracter\u00edsticas destacadas:<\/strong><\/p>\n<ul data-start=\"1357\" data-end=\"1719\">\n<li data-start=\"1357\" data-end=\"1412\">\n<p data-start=\"1359\" data-end=\"1412\">Dise\u00f1o y resistencia.<\/p>\n<\/li>\n<li data-start=\"1413\" data-end=\"1479\">\n<p data-start=\"1415\" data-end=\"1479\">Hoja de la cuchilla de madera, que da la sensaci\u00f3n de acero inoxidable por la decoraci\u00f3n.<\/p>\n<\/li>\n<li data-start=\"1480\" data-end=\"1553\">\n<p data-start=\"1482\" data-end=\"1553\"><strong data-start=\"1482\" data-end=\"1500\">Base removible<\/strong>, para facilitar el transporte.<\/p>\n<\/li>\n<li data-start=\"1554\" data-end=\"1587\">Muy f\u00e1cil de usar; incluye todo lo necesario para realizar el efecto.<\/li>\n<li data-start=\"1662\" data-end=\"1719\">\n<p data-start=\"1664\" data-end=\"1719\">Ideal como pieza central de un acto de magia o ilusi\u00f3n.<\/p>\n<\/li>\n<li data-start=\"1662\" data-end=\"1719\">Un tama\u00f1o ideal para transportar y muy visual en sal\u00f3n o escena<\/li>\n<\/ul>\n<p data-start=\"1721\" data-end=\"1733\"><strong data-start=\"1721\" data-end=\"1733\">Medidas:<\/strong><\/p>\n<ul data-start=\"1734\" data-end=\"1808\">\n<li data-start=\"1734\" data-end=\"1772\">\n<p data-start=\"1736\" data-end=\"1772\">Altura: 22 cm<\/p>\n<\/li>\n<li data-start=\"1773\" data-end=\"1808\">\n<p data-start=\"1775\" data-end=\"1808\">Ancho: 77 cm<\/p>\n<\/li>\n<\/ul>\n<p data-start=\"1810\" data-end=\"1974\" data-is-last-node=\"\" data-is-only-node=\"\">Perfecta para magos que buscan un efecto fuerte, elegante y absolutamente inolvidable.<\/p>\n","protected":false},"excerpt":{"rendered":"<p>Una <strong data-start=\"1814\" data-end=\"1838\">peque\u00f1a gran ilusi\u00f3n<\/strong>, incre\u00edble, misteriosa y visualmente impactante.<\/p>\n","protected":false},"featured_media":18400,"comment_status":"open","ping_status":"closed","template":"","meta":[],"product_brand":[],"product_cat":[319,10,9],"product_tag":[531],"class_list":{"0":"post-18398","1":"product","2":"type-product","3":"status-publish","4":"has-post-thumbnail","6":"product_cat-principiantes","7":"product_cat-escena","8":"product_cat-salon","9":"product_tag-guillotina","11":"first","12":"instock","13":"shipping-taxable","14":"purchasable","15":"product-type-simple"},"aioseo_notices":[],"_links":{"self":[{"href":"https:\/\/magoezequias.com.ar\/tienda\/wp-json\/wp\/v2\/product\/18398","targetHints":{"allow":["GET"]}}],"collection":[{"href":"https:\/\/magoezequias.com.ar\/tienda\/wp-json\/wp\/v2\/product"}],"about":[{"href":"https:\/\/magoezequias.com.ar\/tienda\/wp-json\/wp\/v2\/types\/product"}],"replies":[{"embeddable":true,"href":"https:\/\/magoezequias.com.ar\/tienda\/wp-json\/wp\/v2\/comments?post=18398"}],"version-history":[{"count":2,"href":"https:\/\/magoezequias.com.ar\/tienda\/wp-json\/wp\/v2\/product\/18398\/revisions"}],"predecessor-version":[{"id":18404,"href":"https:\/\/magoezequias.com.ar\/tienda\/wp-json\/wp\/v2\/product\/18398\/revisions\/18404"}],"wp:featuredmedia":[{"embeddable":true,"href":"https:\/\/magoezequias.com.ar\/tienda\/wp-json\/wp\/v2\/media\/18400"}],"wp:attachment":[{"href":"https:\/\/magoezequias.com.ar\/tienda\/wp-json\/wp\/v2\/media?parent=18398"}],"wp:term":[{"taxonomy":"product_brand","embeddable":true,"href":"https:\/\/magoezequias.com.ar\/tienda\/wp-json\/wp\/v2\/product_brand?post=18398"},{"taxonomy":"product_cat","embeddable":true,"href":"https:\/\/magoezequias.com.ar\/tienda\/wp-json\/wp\/v2\/product_cat?post=18398"},{"taxonomy":"product_tag","embeddable":true,"href":"https:\/\/magoezequias.com.ar\/tienda\/wp-json\/wp\/v2\/product_tag?post=18398"}],"curies":[{"name":"wp","href":"https:\/\/api.w.org\/{rel}","templated":true}]}}