{"id":18407,"date":"2026-03-09T14:15:10","date_gmt":"2026-03-09T17:15:10","guid":{"rendered":"https:\/\/magoezequias.com.ar\/tienda\/?post_type=product&#038;p=18407"},"modified":"2026-03-09T14:17:51","modified_gmt":"2026-03-09T17:17:51","slug":"master-prediction-transparente-con-pie-desarmable","status":"publish","type":"product","link":"https:\/\/magoezequias.com.ar\/tienda\/producto\/master-prediction-transparente-con-pie-desarmable","title":{"rendered":"Master Prediction Transparente con Pie desarmable"},"content":{"rendered":"<p style=\"text-align: center;\"><a href=\"https:\/\/magoezequias.com.ar\/tienda\/wp-content\/uploads\/2026\/03\/master-transparente-2.jpg\"><img fetchpriority=\"high\" decoding=\"async\" class=\"aligncenter wp-image-18410\" src=\"https:\/\/magoezequias.com.ar\/tienda\/wp-content\/uploads\/2026\/03\/master-transparente-2.jpg\" alt=\"\" width=\"187\" height=\"313\" srcset=\"https:\/\/magoezequias.com.ar\/tienda\/wp-content\/uploads\/2026\/03\/master-transparente-2.jpg 734w, https:\/\/magoezequias.com.ar\/tienda\/wp-content\/uploads\/2026\/03\/master-transparente-2-179x300.jpg 179w, https:\/\/magoezequias.com.ar\/tienda\/wp-content\/uploads\/2026\/03\/master-transparente-2-612x1024.jpg 612w, https:\/\/magoezequias.com.ar\/tienda\/wp-content\/uploads\/2026\/03\/master-transparente-2-300x502.jpg 300w\" sizes=\"(max-width: 187px) 100vw, 187px\" \/><\/a><\/p>\n<p>Un peque\u00f1o cofre finamente fabricado cuelga a la vista o a un lado del escenario, donde puede verse que dentro hay un tubo transparente y dentro de \u00e9l una predicci\u00f3n escrita. En cualquier momento del acto, el mago invita a miembros de la audiencia a seleccionar libremente lo que deseen: n\u00fameros, ciudades, alimentos, nombres, etc. Todas las elecciones se hacen libremente, sin controles ni forzajes.<\/p>\n<p>El mago escribe las cosas elegidas por su p\u00fablico en una pizarra para que permanezcan a la vista.<\/p>\n<p>A continuaci\u00f3n, muestra el cofre al p\u00fablico y explica que en el interior hay una c\u00e1psula de acr\u00edlico transparente que contiene una predicci\u00f3n.<\/p>\n<p>Abre el cofre y quita la c\u00e1psula de acr\u00edlico. Se trata de un recipiente transparente que mide 24 cm de altura y 10 cm de di\u00e1metro. La tapa se desenrosca y un miembro de la audiencia quita un sobre cerrado de gran tama\u00f1o. Lo abre y lee la predicci\u00f3n. \u00a1Es 100% correcto!<\/p>\n<p style=\"text-align: center;\"><a href=\"https:\/\/magoezequias.com.ar\/tienda\/wp-content\/uploads\/2026\/03\/master-transparente.jpg\"><img decoding=\"async\" class=\"aligncenter wp-image-18411\" src=\"https:\/\/magoezequias.com.ar\/tienda\/wp-content\/uploads\/2026\/03\/master-transparente.jpg\" alt=\"\" width=\"253\" height=\"467\" srcset=\"https:\/\/magoezequias.com.ar\/tienda\/wp-content\/uploads\/2026\/03\/master-transparente.jpg 758w, https:\/\/magoezequias.com.ar\/tienda\/wp-content\/uploads\/2026\/03\/master-transparente-163x300.jpg 163w, https:\/\/magoezequias.com.ar\/tienda\/wp-content\/uploads\/2026\/03\/master-transparente-555x1024.jpg 555w, https:\/\/magoezequias.com.ar\/tienda\/wp-content\/uploads\/2026\/03\/master-transparente-300x554.jpg 300w\" sizes=\"(max-width: 253px) 100vw, 253px\" \/><\/a><\/p>\n<p>Ideal para televisi\u00f3n, shows de empresas, cruceros, etc. Una predicci\u00f3n personalizada muy potente y comercial.<\/p>\n<p>La predicci\u00f3n puede escribirse en un afiche grande y doblarlo lo necesario para que entre dentro de la c\u00e1psula.<\/p>\n<p style=\"text-align: center;\"><a href=\"https:\/\/magoezequias.com.ar\/tienda\/wp-content\/uploads\/2014\/11\/master_prediction_verde.jpg\"><img decoding=\"async\" class=\"aligncenter size-full wp-image-279\" src=\"https:\/\/magoezequias.com.ar\/tienda\/wp-content\/uploads\/2014\/11\/master_prediction_verde.jpg\" alt=\"\" width=\"448\" height=\"240\" \/><\/a><\/p>\n<p>F\u00e1cil de hacer y extremadamente port\u00e1til. Fabricado artesanalmente con materiales de primera calidad. El pie con ruedas es totalmente desarmable y se separa de la bandeja.<\/p>\n<p>Este producto se fabrica por pedido.<\/p>\n<p style=\"text-align: center;\"><a href=\"https:\/\/magoezequias.com.ar\/tienda\/wp-content\/uploads\/2026\/03\/master-transparente-4.jpg\"><img loading=\"lazy\" decoding=\"async\" class=\"aligncenter  wp-image-18408\" src=\"https:\/\/magoezequias.com.ar\/tienda\/wp-content\/uploads\/2026\/03\/master-transparente-4.jpg\" alt=\"\" width=\"431\" height=\"575\" srcset=\"https:\/\/magoezequias.com.ar\/tienda\/wp-content\/uploads\/2026\/03\/master-transparente-4.jpg 960w, https:\/\/magoezequias.com.ar\/tienda\/wp-content\/uploads\/2026\/03\/master-transparente-4-225x300.jpg 225w, https:\/\/magoezequias.com.ar\/tienda\/wp-content\/uploads\/2026\/03\/master-transparente-4-768x1024.jpg 768w, https:\/\/magoezequias.com.ar\/tienda\/wp-content\/uploads\/2026\/03\/master-transparente-4-300x400.jpg 300w\" sizes=\"(max-width: 431px) 100vw, 431px\" \/><\/a><\/p>\n","protected":false},"excerpt":{"rendered":"<p>La Master m\u00e1s desconcertante ya que desde el inicio se ve el tubo con la predicci\u00f3n escrita.<\/p>\n<p><strong>CONSULTAR COSTO<\/strong><\/p>\n","protected":false},"featured_media":18410,"comment_status":"open","ping_status":"closed","template":"","meta":[],"product_brand":[],"product_cat":[10,13,6,9],"product_tag":[207,146,144,145,564],"class_list":{"0":"post-18407","1":"product","2":"type-product","3":"status-publish","4":"has-post-thumbnail","6":"product_cat-escena","7":"product_cat-mentalismo","8":"product_cat-novedades","9":"product_cat-salon","10":"product_tag-caja","11":"product_tag-cofre","12":"product_tag-master","13":"product_tag-prediction","14":"product_tag-transparente","16":"first","17":"instock","18":"shipping-taxable","19":"product-type-simple"},"aioseo_notices":[],"_links":{"self":[{"href":"https:\/\/magoezequias.com.ar\/tienda\/wp-json\/wp\/v2\/product\/18407","targetHints":{"allow":["GET"]}}],"collection":[{"href":"https:\/\/magoezequias.com.ar\/tienda\/wp-json\/wp\/v2\/product"}],"about":[{"href":"https:\/\/magoezequias.com.ar\/tienda\/wp-json\/wp\/v2\/types\/product"}],"replies":[{"embeddable":true,"href":"https:\/\/magoezequias.com.ar\/tienda\/wp-json\/wp\/v2\/comments?post=18407"}],"version-history":[{"count":3,"href":"https:\/\/magoezequias.com.ar\/tienda\/wp-json\/wp\/v2\/product\/18407\/revisions"}],"predecessor-version":[{"id":18414,"href":"https:\/\/magoezequias.com.ar\/tienda\/wp-json\/wp\/v2\/product\/18407\/revisions\/18414"}],"wp:featuredmedia":[{"embeddable":true,"href":"https:\/\/magoezequias.com.ar\/tienda\/wp-json\/wp\/v2\/media\/18410"}],"wp:attachment":[{"href":"https:\/\/magoezequias.com.ar\/tienda\/wp-json\/wp\/v2\/media?parent=18407"}],"wp:term":[{"taxonomy":"product_brand","embeddable":true,"href":"https:\/\/magoezequias.com.ar\/tienda\/wp-json\/wp\/v2\/product_brand?post=18407"},{"taxonomy":"product_cat","embeddable":true,"href":"https:\/\/magoezequias.com.ar\/tienda\/wp-json\/wp\/v2\/product_cat?post=18407"},{"taxonomy":"product_tag","embeddable":true,"href":"https:\/\/magoezequias.com.ar\/tienda\/wp-json\/wp\/v2\/product_tag?post=18407"}],"curies":[{"name":"wp","href":"https:\/\/api.w.org\/{rel}","templated":true}]}}