{"id":18434,"date":"2026-04-11T15:45:22","date_gmt":"2026-04-11T18:45:22","guid":{"rendered":"https:\/\/magoezequias.com.ar\/tienda\/?post_type=product&#038;p=18434"},"modified":"2026-04-11T16:22:18","modified_gmt":"2026-04-11T19:22:18","slug":"18434","status":"publish","type":"product","link":"https:\/\/magoezequias.com.ar\/tienda\/producto\/18434","title":{"rendered":"La Camiseta Ganadora &#8211; Mundial F\u00fatbol"},"content":{"rendered":"<p><a href=\"https:\/\/magoezequias.com.ar\/tienda\/wp-content\/uploads\/2026\/04\/encontra-la-copa.jpg\"><img fetchpriority=\"high\" decoding=\"async\" class=\"aligncenter wp-image-18437\" src=\"https:\/\/magoezequias.com.ar\/tienda\/wp-content\/uploads\/2026\/04\/encontra-la-copa.jpg\" alt=\"\" width=\"407\" height=\"317\" srcset=\"https:\/\/magoezequias.com.ar\/tienda\/wp-content\/uploads\/2026\/04\/encontra-la-copa.jpg 1302w, https:\/\/magoezequias.com.ar\/tienda\/wp-content\/uploads\/2026\/04\/encontra-la-copa-300x233.jpg 300w, https:\/\/magoezequias.com.ar\/tienda\/wp-content\/uploads\/2026\/04\/encontra-la-copa-1024x797.jpg 1024w, https:\/\/magoezequias.com.ar\/tienda\/wp-content\/uploads\/2026\/04\/encontra-la-copa-768x598.jpg 768w\" sizes=\"(max-width: 407px) 100vw, 407px\" \/><\/a><\/p>\n<p data-start=\"0\" data-end=\"74\">\ud83c\udfa9\u26bd\u00a0Una rutina moderna, visual y altamente participativa que combina la pasi\u00f3n por el f\u00fatbol con un efecto m\u00e1gico sorprendente. Ideal para destacar en cualquier show \ud83c\udf89<\/p>\n<p data-start=\"244\" data-end=\"449\">El mago presenta <strong data-start=\"261\" data-end=\"307\">cuatro camisetas de la Selecci\u00f3n Argentina<\/strong>, cada una correspondiente a una figura del equipo:<br data-start=\"358\" data-end=\"361\" \/>\ud83c\udde6\ud83c\uddf7 Lionel Messi<br data-start=\"378\" data-end=\"381\" \/>\ud83c\udde6\ud83c\uddf7 Rodrigo De Paul<br data-start=\"401\" data-end=\"404\" \/>\ud83c\udde6\ud83c\uddf7 Lautaro Mart\u00ednez<br data-start=\"425\" data-end=\"428\" \/>\ud83c\udde6\ud83c\uddf7 Juli\u00e1n \u00c1lvarez<\/p>\n<p style=\"text-align: center;\" data-start=\"244\" data-end=\"449\"><a href=\"https:\/\/magoezequias.com.ar\/tienda\/wp-content\/uploads\/2026\/04\/encontra-la-copa-3.jpg\"><img decoding=\"async\" class=\"aligncenter wp-image-18436\" src=\"https:\/\/magoezequias.com.ar\/tienda\/wp-content\/uploads\/2026\/04\/encontra-la-copa-3.jpg\" alt=\"\" width=\"389\" height=\"276\" srcset=\"https:\/\/magoezequias.com.ar\/tienda\/wp-content\/uploads\/2026\/04\/encontra-la-copa-3.jpg 1418w, https:\/\/magoezequias.com.ar\/tienda\/wp-content\/uploads\/2026\/04\/encontra-la-copa-3-300x213.jpg 300w, https:\/\/magoezequias.com.ar\/tienda\/wp-content\/uploads\/2026\/04\/encontra-la-copa-3-1024x727.jpg 1024w, https:\/\/magoezequias.com.ar\/tienda\/wp-content\/uploads\/2026\/04\/encontra-la-copa-3-768x545.jpg 768w\" sizes=\"(max-width: 389px) 100vw, 389px\" \/><\/a><\/p>\n<p data-start=\"451\" data-end=\"579\">\ud83d\udcac La premisa es clara y atrapante:<br data-start=\"486\" data-end=\"489\" \/>\u201cDentro de una de estas camisetas est\u00e1 el premio m\u00e1s importante\u2026 \u00a1la Copa del Mundo!\u201d \ud83c\udfc6<\/p>\n<p data-start=\"581\" data-end=\"731\">\u2728 Se invita a un ni\u00f1o del p\u00fablico, quien recibe la varita m\u00e1gica y la galera del mago, obteniendo as\u00ed los \u201cpoderes\u201d para tomar la decisi\u00f3n correcta.<\/p>\n<p data-start=\"733\" data-end=\"896\">\ud83c\udfb2 El espectador elige al azar una tarjeta con el n\u00famero de una camiseta\u2026<br data-start=\"806\" data-end=\"809\" \/>\ud83d\udc55 Se muestra la camiseta seleccionada\u2026<br data-start=\"848\" data-end=\"851\" \/>\ud83c\udf89 \u00a1y al abrirla aparece la Copa del Mundo!<\/p>\n<p data-start=\"898\" data-end=\"1004\">\ud83d\udc4f Luego, el mago muestra las otras tres camisetas completamente vac\u00edas, reforzando el efecto imposible.<\/p>\n<hr data-start=\"1006\" data-end=\"1009\" \/>\n<p data-start=\"1011\" data-end=\"1052\">\ud83d\ude02 <strong data-start=\"1014\" data-end=\"1050\">Versi\u00f3n alternativa para adultos<\/strong><\/p>\n<p data-start=\"1054\" data-end=\"1159\">El juego cambia el enfoque: el espectador elige una camiseta con la promesa de ganar lo que hay dentro.<\/p>\n<p data-start=\"1161\" data-end=\"1301\">\ud83d\udc49 En la seleccionada puede aparecer la Copa\u2026 o un simple caramelo \ud83d\ude05<br data-start=\"1230\" data-end=\"1233\" \/>\ud83d\udca5 Mientras que en las otras tres camisetas\u2026 \u00a1hay muchos billetes!<\/p>\n<p data-start=\"1303\" data-end=\"1418\">Una situaci\u00f3n divertida y potente donde el azar juega a favor del show, generando risas y sorpresa en el p\u00fablico.<\/p>\n<p style=\"text-align: center;\" data-start=\"1303\" data-end=\"1418\"><a href=\"https:\/\/magoezequias.com.ar\/tienda\/wp-content\/uploads\/2026\/04\/encontra-la-copa-2.jpg\"><img decoding=\"async\" class=\"aligncenter wp-image-18435\" src=\"https:\/\/magoezequias.com.ar\/tienda\/wp-content\/uploads\/2026\/04\/encontra-la-copa-2.jpg\" alt=\"\" width=\"409\" height=\"365\" srcset=\"https:\/\/magoezequias.com.ar\/tienda\/wp-content\/uploads\/2026\/04\/encontra-la-copa-2.jpg 1180w, https:\/\/magoezequias.com.ar\/tienda\/wp-content\/uploads\/2026\/04\/encontra-la-copa-2-300x268.jpg 300w, https:\/\/magoezequias.com.ar\/tienda\/wp-content\/uploads\/2026\/04\/encontra-la-copa-2-1024x914.jpg 1024w, https:\/\/magoezequias.com.ar\/tienda\/wp-content\/uploads\/2026\/04\/encontra-la-copa-2-768x685.jpg 768w\" sizes=\"(max-width: 409px) 100vw, 409px\" \/><\/a><\/p>\n<hr data-start=\"1420\" data-end=\"1423\" \/>\n<p data-start=\"1425\" data-end=\"1462\">\ud83d\udce6 <strong data-start=\"1428\" data-end=\"1460\">Caracter\u00edsticas del producto<\/strong><\/p>\n<p data-start=\"1464\" data-end=\"1816\">\u2714 Extremadamente visual<br data-start=\"1487\" data-end=\"1490\" \/>\u2714 Medidas de cada camiseta-caja: <strong data-start=\"1523\" data-end=\"1559\">17 x 20 cm y 5 cm de profundidad<\/strong><br data-start=\"1559\" data-end=\"1562\" \/>\u2714 Permite colocar distintos objetos dentro (copa, dulces, dinero, premios, etc.)<br data-start=\"1642\" data-end=\"1645\" \/>\u2714 <strong data-start=\"1647\" data-end=\"1676\">Desarmables completamente<\/strong>: quedan planas para f\u00e1cil transporte<br data-start=\"1713\" data-end=\"1716\" \/>\u2714 Fabricadas en <strong data-start=\"1732\" data-end=\"1778\">papel fotogr\u00e1fico de alta calidad y brillo<\/strong><br data-start=\"1778\" data-end=\"1781\" \/>\u2714 Preparadas para uso profesional<\/p>\n<hr data-start=\"1818\" data-end=\"1821\" \/>\n<p data-start=\"1823\" data-end=\"1990\">\ud83d\udc68\u200d\ud83d\udc69\u200d\ud83d\udc67\u200d\ud83d\udc66 <strong data-start=\"1835\" data-end=\"1859\">Vers\u00e1til y adaptable<\/strong><br data-start=\"1859\" data-end=\"1862\" \/>Funciona perfectamente tanto para p\u00fablico infantil como adulto, permitiendo diferentes presentaciones seg\u00fan el tipo de evento.<\/p>\n<p data-start=\"1992\" data-end=\"2121\">\ud83d\udd25 Ideal para:<br data-start=\"2006\" data-end=\"2009\" \/>\u2714 Shows infantiles<br data-start=\"2027\" data-end=\"2030\" \/>\u2714 Eventos deportivos o tem\u00e1ticos<br data-start=\"2062\" data-end=\"2065\" \/>\u2714 Animaciones familiares<br data-start=\"2089\" data-end=\"2092\" \/>\u2714 Escenarios participativos<\/p>\n<p data-start=\"2271\" data-end=\"2389\" data-is-last-node=\"\" data-is-only-node=\"\">\n","protected":false},"excerpt":{"rendered":"<p>\ud83c\udfa9\u26bd Un efecto impactante, f\u00e1cil de transportar y con m\u00faltiples presentaciones para renovar tu repertorio<\/p>\n","protected":false},"featured_media":18435,"comment_status":"open","ping_status":"closed","template":"","meta":[],"product_brand":[],"product_cat":[319,60,6,8,9],"product_tag":[772,470,680,670,771],"class_list":{"0":"post-18434","1":"product","2":"type-product","3":"status-publish","4":"has-post-thumbnail","6":"product_cat-principiantes","7":"product_cat-ezequias-2","8":"product_cat-novedades","9":"product_cat-infantil","10":"product_cat-salon","11":"product_tag-argentina","12":"product_tag-futbol","13":"product_tag-messi","14":"product_tag-mundial","15":"product_tag-seleccion","17":"first","18":"instock","19":"shipping-taxable","20":"purchasable","21":"product-type-simple"},"aioseo_notices":[],"_links":{"self":[{"href":"https:\/\/magoezequias.com.ar\/tienda\/wp-json\/wp\/v2\/product\/18434","targetHints":{"allow":["GET"]}}],"collection":[{"href":"https:\/\/magoezequias.com.ar\/tienda\/wp-json\/wp\/v2\/product"}],"about":[{"href":"https:\/\/magoezequias.com.ar\/tienda\/wp-json\/wp\/v2\/types\/product"}],"replies":[{"embeddable":true,"href":"https:\/\/magoezequias.com.ar\/tienda\/wp-json\/wp\/v2\/comments?post=18434"}],"version-history":[{"count":3,"href":"https:\/\/magoezequias.com.ar\/tienda\/wp-json\/wp\/v2\/product\/18434\/revisions"}],"predecessor-version":[{"id":18439,"href":"https:\/\/magoezequias.com.ar\/tienda\/wp-json\/wp\/v2\/product\/18434\/revisions\/18439"}],"wp:featuredmedia":[{"embeddable":true,"href":"https:\/\/magoezequias.com.ar\/tienda\/wp-json\/wp\/v2\/media\/18435"}],"wp:attachment":[{"href":"https:\/\/magoezequias.com.ar\/tienda\/wp-json\/wp\/v2\/media?parent=18434"}],"wp:term":[{"taxonomy":"product_brand","embeddable":true,"href":"https:\/\/magoezequias.com.ar\/tienda\/wp-json\/wp\/v2\/product_brand?post=18434"},{"taxonomy":"product_cat","embeddable":true,"href":"https:\/\/magoezequias.com.ar\/tienda\/wp-json\/wp\/v2\/product_cat?post=18434"},{"taxonomy":"product_tag","embeddable":true,"href":"https:\/\/magoezequias.com.ar\/tienda\/wp-json\/wp\/v2\/product_tag?post=18434"}],"curies":[{"name":"wp","href":"https:\/\/api.w.org\/{rel}","templated":true}]}}