{"id":18443,"date":"2026-04-11T16:57:45","date_gmt":"2026-04-11T19:57:45","guid":{"rendered":"https:\/\/magoezequias.com.ar\/tienda\/?post_type=product&#038;p=18443"},"modified":"2026-04-12T16:05:27","modified_gmt":"2026-04-12T19:05:27","slug":"el-payaso-despistado","status":"publish","type":"product","link":"https:\/\/magoezequias.com.ar\/tienda\/producto\/el-payaso-despistado","title":{"rendered":"El Payaso Despistado"},"content":{"rendered":"<div class=\"flex flex-col text-sm pb-25\">\n<section class=\"text-token-text-primary w-full focus:outline-none [--shadow-height:45px] has-data-writing-block:pointer-events-none has-data-writing-block:-mt-(--shadow-height) has-data-writing-block:pt-(--shadow-height) [&amp;:has([data-writing-block])&gt;*]:pointer-events-auto scroll-mt-[calc(var(--header-height)+min(200px,max(70px,20svh)))]\" dir=\"auto\" data-turn-id=\"request-WEB:0f3fffe4-5003-4b20-b5ae-d89a22e01163-10\" data-testid=\"conversation-turn-18\" data-scroll-anchor=\"true\" data-turn=\"assistant\">\n<div class=\"text-base my-auto mx-auto pb-10 [--thread-content-margin:var(--thread-content-margin-xs,calc(var(--spacing)*4))] @w-sm\/main:[--thread-content-margin:var(--thread-content-margin-sm,calc(var(--spacing)*6))] @w-lg\/main:[--thread-content-margin:var(--thread-content-margin-lg,calc(var(--spacing)*16))] px-(--thread-content-margin)\">\n<div class=\"[--thread-content-max-width:40rem] @w-lg\/main:[--thread-content-max-width:48rem] mx-auto max-w-(--thread-content-max-width) flex-1 group\/turn-messages focus-visible:outline-hidden relative flex w-full min-w-0 flex-col agent-turn\">\n<div class=\"flex max-w-full flex-col gap-4 grow\">\n<div class=\"min-h-8 text-message relative flex w-full flex-col items-end gap-2 text-start break-words whitespace-normal outline-none keyboard-focused:focus-ring [.text-message+&amp;]:mt-1\" dir=\"auto\" tabindex=\"0\" data-message-author-role=\"assistant\" data-message-id=\"7860ba73-99c1-4c47-9fe1-de7c2497edd0\" data-message-model-slug=\"gpt-5-3\" data-turn-start-message=\"true\">\n<div class=\"flex w-full flex-col gap-1 empty:hidden\">\n<div class=\"markdown prose dark:prose-invert w-full wrap-break-word light markdown-new-styling\">\n<p style=\"text-align: center;\" data-start=\"0\" data-end=\"50\"><a href=\"https:\/\/magoezequias.com.ar\/tienda\/wp-content\/uploads\/2026\/04\/El-Payaso-Despistado-3.jpg\"><img fetchpriority=\"high\" decoding=\"async\" class=\"aligncenter wp-image-18446\" src=\"https:\/\/magoezequias.com.ar\/tienda\/wp-content\/uploads\/2026\/04\/El-Payaso-Despistado-3.jpg\" alt=\"\" width=\"267\" height=\"349\" srcset=\"https:\/\/magoezequias.com.ar\/tienda\/wp-content\/uploads\/2026\/04\/El-Payaso-Despistado-3.jpg 647w, https:\/\/magoezequias.com.ar\/tienda\/wp-content\/uploads\/2026\/04\/El-Payaso-Despistado-3-229x300.jpg 229w, https:\/\/magoezequias.com.ar\/tienda\/wp-content\/uploads\/2026\/04\/El-Payaso-Despistado-3-300x393.jpg 300w\" sizes=\"(max-width: 267px) 100vw, 267px\" \/><\/a><\/p>\n<p data-start=\"0\" data-end=\"50\">\ud83c\udfa9\ud83e\udd21\u00a0Una rutina visual, colorida y con mucha participaci\u00f3n, ideal para generar risas, sorpresa y conexi\u00f3n inmediata con el p\u00fablico infantil \ud83c\udf89<\/p>\n<p data-start=\"193\" data-end=\"342\">El mago presenta un simp\u00e1tico y alegre payaso, pero con un peque\u00f1o problema\u2026<br data-start=\"269\" data-end=\"272\" \/>\ud83d\udcac \u201c\u00a1Es tan despistado que perdi\u00f3 su nariz\u2026 y el centro de su flor!\u201d<\/p>\n<p data-start=\"344\" data-end=\"432\">\ud83d\udc40 El mago retira ambos elementos y muestra claramente que el payaso queda incompleto.<\/p>\n<p data-start=\"434\" data-end=\"601\">\u2728 Comienza la magia:<br data-start=\"454\" data-end=\"457\" \/>Los ni\u00f1os usan su imaginaci\u00f3n para \u201clanzar\u201d la nariz al payaso\u2026<br data-start=\"520\" data-end=\"523\" \/>\ud83d\udc49 El mago pasa la mano\u2026 \u00a1y aparece la nariz!<br data-start=\"568\" data-end=\"571\" \/>\ud83d\ude32 Pero\u2026 \u00a1es de color verde!<\/p>\n<p data-start=\"603\" data-end=\"644\">\ud83d\ude02 Momento perfecto de humor y sorpresa<\/p>\n<\/div>\n<p style=\"text-align: center;\" data-start=\"603\" data-end=\"644\"><a href=\"https:\/\/magoezequias.com.ar\/tienda\/wp-content\/uploads\/2026\/04\/El-Payaso-Despistado-2.jpg\"><img decoding=\"async\" class=\"aligncenter wp-image-18445\" src=\"https:\/\/magoezequias.com.ar\/tienda\/wp-content\/uploads\/2026\/04\/El-Payaso-Despistado-2.jpg\" alt=\"\" width=\"271\" height=\"367\" srcset=\"https:\/\/magoezequias.com.ar\/tienda\/wp-content\/uploads\/2026\/04\/El-Payaso-Despistado-2.jpg 729w, https:\/\/magoezequias.com.ar\/tienda\/wp-content\/uploads\/2026\/04\/El-Payaso-Despistado-2-222x300.jpg 222w, https:\/\/magoezequias.com.ar\/tienda\/wp-content\/uploads\/2026\/04\/El-Payaso-Despistado-2-300x406.jpg 300w\" sizes=\"(max-width: 271px) 100vw, 271px\" \/><\/a><\/p>\n<div class=\"markdown prose dark:prose-invert w-full wrap-break-word light markdown-new-styling\">\n<hr data-start=\"646\" data-end=\"649\" \/>\n<p data-start=\"651\" data-end=\"686\">\ud83c\udfaf <strong data-start=\"654\" data-end=\"684\">Interacci\u00f3n con el p\u00fablico<\/strong><\/p>\n<p data-start=\"688\" data-end=\"822\">El mago invita a un ni\u00f1o ayudante:<br data-start=\"722\" data-end=\"725\" \/>\ud83e\ude84 Le entrega la nariz roja y el centro amarillo de la flor<br data-start=\"784\" data-end=\"787\" \/>\ud83c\udfa9 Cubre al payaso con un pa\u00f1uelo<\/p>\n<p data-start=\"824\" data-end=\"930\">\u2728 El ni\u00f1o utiliza la varita m\u00e1gica\u2026<br data-start=\"859\" data-end=\"862\" \/>\ud83d\udc49 Coloca la bolas de esponja en una caja, bolsa o en las manos del mago\u2026 se usan las palabras m\u00e1gicas y al mirar&#8230; \u00a1las bolitas de esponja desaparecieron!<\/p>\n<p data-start=\"932\" data-end=\"1103\">\ud83c\udf89 Al quitar el pa\u00f1uelo del payaso\u2026<br data-start=\"956\" data-end=\"959\" \/>\ud83d\udc49 \u00a1La nariz roja y la flor amarilla han regresado m\u00e1gicamente a su lugar!<br data-start=\"1033\" data-end=\"1036\" \/>\ud83e\udd21 El payaso vuelve a estar completo, alegre y listo para el show<\/p>\n<\/div>\n<p style=\"text-align: center;\" data-start=\"932\" data-end=\"1103\"><a href=\"https:\/\/magoezequias.com.ar\/tienda\/wp-content\/uploads\/2026\/04\/El-Payaso-Despistado.jpg\"><img decoding=\"async\" class=\"aligncenter wp-image-18444\" src=\"https:\/\/magoezequias.com.ar\/tienda\/wp-content\/uploads\/2026\/04\/El-Payaso-Despistado.jpg\" alt=\"\" width=\"265\" height=\"342\" srcset=\"https:\/\/magoezequias.com.ar\/tienda\/wp-content\/uploads\/2026\/04\/El-Payaso-Despistado.jpg 658w, https:\/\/magoezequias.com.ar\/tienda\/wp-content\/uploads\/2026\/04\/El-Payaso-Despistado-233x300.jpg 233w, https:\/\/magoezequias.com.ar\/tienda\/wp-content\/uploads\/2026\/04\/El-Payaso-Despistado-300x387.jpg 300w\" sizes=\"(max-width: 265px) 100vw, 265px\" \/><\/a><\/p>\n<div class=\"markdown prose dark:prose-invert w-full wrap-break-word light markdown-new-styling\">\n<hr data-start=\"1105\" data-end=\"1108\" \/>\n<p data-start=\"1110\" data-end=\"1137\">\ud83d\udd04 <strong data-start=\"1113\" data-end=\"1135\">Versatilidad total<\/strong><\/p>\n<p data-start=\"1139\" data-end=\"1342\">\u2714 Puede usarse como rutina independiente<br data-start=\"1179\" data-end=\"1182\" \/>\u2714 Ideal para integrar con rutinas de bolas de esponja<br data-start=\"1235\" data-end=\"1238\" \/>\u2714 Perfecto como apertura, intermedio o gran final<br data-start=\"1287\" data-end=\"1290\" \/>\u2714 Permite una estructura escalable seg\u00fan tu estilo<\/p>\n<p data-start=\"1344\" data-end=\"1499\">\ud83d\udca1 Tip profesional:<br data-start=\"1363\" data-end=\"1366\" \/>Pod\u00e9s sacar las esponjas del payaso, realizar tus rutinas habituales\u2026 y luego hacer que regresen m\u00e1gicamente como cierre impactante<\/p>\n<hr data-start=\"1501\" data-end=\"1504\" \/>\n<p data-start=\"1506\" data-end=\"1543\">\ud83d\udce6 <strong data-start=\"1509\" data-end=\"1541\">Caracter\u00edsticas del producto<\/strong><\/p>\n<p data-start=\"1545\" data-end=\"1767\">\u2714 S\u00faper visual y llamativo<br data-start=\"1571\" data-end=\"1574\" \/>\u2714 Medidas: <strong data-start=\"1585\" data-end=\"1637\">40 cm de alto x 36 cm de ancho x 1 cm de espesor<\/strong><br data-start=\"1637\" data-end=\"1640\" \/>\u2714 Fabricado en <strong data-start=\"1655\" data-end=\"1676\">madera resistente<\/strong><br data-start=\"1676\" data-end=\"1679\" \/>\u2714 Colores vibrantes ideales para escenario o sal\u00f3n<\/p>\n<p data-start=\"1545\" data-end=\"1767\">\u2714Usted recibe el payaso con el sistema que permite la reaparici\u00f3n de las bolas y un pie extra\u00edble para usarlo como adorno del show, adem\u00e1s 3 bolas de esponja (roja, verde, amarilla)<br data-start=\"1729\" data-end=\"1732\" \/>\u2714 F\u00e1cil manipulaci\u00f3n y transporte<\/p>\n<hr data-start=\"1769\" data-end=\"1772\" \/>\n<p data-start=\"1774\" data-end=\"1914\">\ud83d\udc68\u200d\ud83d\udc69\u200d\ud83d\udc67\u200d\ud83d\udc66 <strong data-start=\"1786\" data-end=\"1801\">Ideal para:<\/strong><br data-start=\"1801\" data-end=\"1804\" \/>\u2714 Shows infantiles<br data-start=\"1822\" data-end=\"1825\" \/>\u2714 Animaciones<br data-start=\"1838\" data-end=\"1841\" \/>\u2714 Escenarios y salones<br data-start=\"1863\" data-end=\"1866\" \/>\u2714 Magos que trabajan con humor y participaci\u00f3n<\/p>\n<\/div>\n<\/div>\n<\/div>\n<\/div>\n<div class=\"mt-3 w-full empty:hidden\">\n<div class=\"text-center\" style=\"text-align: center;\"><iframe title=\"El Payaso Despistado - Mago Ezequ\u00edas #arte #art\" src=\"https:\/\/www.youtube.com\/embed\/SrtHa1G--eM\" width=\"315\" height=\"576\" frameborder=\"0\" allowfullscreen=\"allowfullscreen\"><\/iframe><\/div>\n<\/div>\n<\/div>\n<\/div>\n<\/section>\n<\/div>\n<div aria-hidden=\"true\" data-edge=\"true\"><\/div>\n","protected":false},"excerpt":{"rendered":"<p>\ud83c\udfa9\ud83e\udd21 Un cl\u00e1sico moderno, adaptable y altamente efectivo para potenciar tu repertorio<\/p>\n","protected":false},"featured_media":18446,"comment_status":"open","ping_status":"closed","template":"","meta":[],"product_brand":[],"product_cat":[60,6,8,9],"product_tag":[69,311,17,31],"class_list":{"0":"post-18443","1":"product","2":"type-product","3":"status-publish","4":"has-post-thumbnail","6":"product_cat-ezequias-2","7":"product_cat-novedades","8":"product_cat-infantil","9":"product_cat-salon","10":"product_tag-bola","11":"product_tag-esponja","12":"product_tag-ezequias","13":"product_tag-payaso","15":"first","16":"instock","17":"shipping-taxable","18":"purchasable","19":"product-type-simple"},"aioseo_notices":[],"_links":{"self":[{"href":"https:\/\/magoezequias.com.ar\/tienda\/wp-json\/wp\/v2\/product\/18443","targetHints":{"allow":["GET"]}}],"collection":[{"href":"https:\/\/magoezequias.com.ar\/tienda\/wp-json\/wp\/v2\/product"}],"about":[{"href":"https:\/\/magoezequias.com.ar\/tienda\/wp-json\/wp\/v2\/types\/product"}],"replies":[{"embeddable":true,"href":"https:\/\/magoezequias.com.ar\/tienda\/wp-json\/wp\/v2\/comments?post=18443"}],"version-history":[{"count":6,"href":"https:\/\/magoezequias.com.ar\/tienda\/wp-json\/wp\/v2\/product\/18443\/revisions"}],"predecessor-version":[{"id":18452,"href":"https:\/\/magoezequias.com.ar\/tienda\/wp-json\/wp\/v2\/product\/18443\/revisions\/18452"}],"wp:featuredmedia":[{"embeddable":true,"href":"https:\/\/magoezequias.com.ar\/tienda\/wp-json\/wp\/v2\/media\/18446"}],"wp:attachment":[{"href":"https:\/\/magoezequias.com.ar\/tienda\/wp-json\/wp\/v2\/media?parent=18443"}],"wp:term":[{"taxonomy":"product_brand","embeddable":true,"href":"https:\/\/magoezequias.com.ar\/tienda\/wp-json\/wp\/v2\/product_brand?post=18443"},{"taxonomy":"product_cat","embeddable":true,"href":"https:\/\/magoezequias.com.ar\/tienda\/wp-json\/wp\/v2\/product_cat?post=18443"},{"taxonomy":"product_tag","embeddable":true,"href":"https:\/\/magoezequias.com.ar\/tienda\/wp-json\/wp\/v2\/product_tag?post=18443"}],"curies":[{"name":"wp","href":"https:\/\/api.w.org\/{rel}","templated":true}]}}