{"id":1852,"date":"2020-09-13T03:33:59","date_gmt":"2020-09-13T03:33:59","guid":{"rendered":"https:\/\/magoezequias.com.ar\/tienda\/?post_type=product&#038;p=1852"},"modified":"2021-11-12T17:02:30","modified_gmt":"2021-11-12T17:02:30","slug":"el-monstruo-de-los-colores","status":"publish","type":"product","link":"https:\/\/magoezequias.com.ar\/tienda\/producto\/el-monstruo-de-los-colores","title":{"rendered":"El Monstruo de los Colores"},"content":{"rendered":"<p><a href=\"https:\/\/magoezequias.com.ar\/tienda\/wp-content\/uploads\/2020\/09\/monstruo-colores-4.png\"><img fetchpriority=\"high\" decoding=\"async\" class=\"aligncenter size-full wp-image-1855\" src=\"https:\/\/magoezequias.com.ar\/tienda\/wp-content\/uploads\/2020\/09\/monstruo-colores-4.png\" alt=\"\" width=\"346\" height=\"476\" srcset=\"https:\/\/magoezequias.com.ar\/tienda\/wp-content\/uploads\/2020\/09\/monstruo-colores-4.png 346w, https:\/\/magoezequias.com.ar\/tienda\/wp-content\/uploads\/2020\/09\/monstruo-colores-4-218x300.png 218w, https:\/\/magoezequias.com.ar\/tienda\/wp-content\/uploads\/2020\/09\/monstruo-colores-4-300x413.png 300w\" sizes=\"(max-width: 346px) 100vw, 346px\" \/><\/a><\/p>\n<p style=\"text-align: justify;\">Una rutina m\u00e1gica basada en el libro infantil \u00a8El Monstruo de los Colores\u00a8 el cual busca que los ni\u00f1os experimenten las emociones, logren diferenciarlas y expresarlas.<\/p>\n<p style=\"text-align: justify;\">Durante la presentaci\u00f3n podr\u00e1 jugar con la educaci\u00f3n emocional, ya que es ideal para acercar a los ni\u00f1os y ni\u00f1as a seis emociones b\u00e1sicas (<span class=\"Apple-style-span\">alegr\u00eda, amor, calma,\u00a0<\/span><span class=\"Apple-style-span\">miedo, rabia y tristeza) y comenzar a trabajar con ellos la identificaci\u00f3n de las mismas.<\/span><\/p>\n<p style=\"text-align: justify;\"><a href=\"https:\/\/magoezequias.com.ar\/tienda\/wp-content\/uploads\/2020\/09\/monstruo-colores-5.png\"><img decoding=\"async\" class=\"aligncenter size-full wp-image-1856\" src=\"https:\/\/magoezequias.com.ar\/tienda\/wp-content\/uploads\/2020\/09\/monstruo-colores-5.png\" alt=\"\" width=\"346\" height=\"470\" srcset=\"https:\/\/magoezequias.com.ar\/tienda\/wp-content\/uploads\/2020\/09\/monstruo-colores-5.png 346w, https:\/\/magoezequias.com.ar\/tienda\/wp-content\/uploads\/2020\/09\/monstruo-colores-5-221x300.png 221w, https:\/\/magoezequias.com.ar\/tienda\/wp-content\/uploads\/2020\/09\/monstruo-colores-5-300x408.png 300w\" sizes=\"(max-width: 346px) 100vw, 346px\" \/><\/a><\/p>\n<p style=\"text-align: justify;\">El mago comenzar\u00e1 mostrando al Monstruo que un d\u00eda se levant\u00f3 sin saber que le ocurr\u00eda y estaba multicolor!!!<\/p>\n<p style=\"text-align: justify;\">Con magia los ni\u00f1os comenzar\u00e1n a pintar de distintos colores el Monstruo, reconociendo cada una de sus emociones. Cada vez el mago mostrar\u00e1 claramente la imagen de ambos lados sac\u00e1ndola del cuadro. Esto lo repetir\u00e1 varias veces.<\/p>\n<p><a href=\"https:\/\/magoezequias.com.ar\/tienda\/wp-content\/uploads\/2020\/09\/monstruo-colores-2.png\"><img decoding=\"async\" class=\"aligncenter size-full wp-image-1853\" src=\"https:\/\/magoezequias.com.ar\/tienda\/wp-content\/uploads\/2020\/09\/monstruo-colores-2.png\" alt=\"\" width=\"346\" height=\"454\" srcset=\"https:\/\/magoezequias.com.ar\/tienda\/wp-content\/uploads\/2020\/09\/monstruo-colores-2.png 346w, https:\/\/magoezequias.com.ar\/tienda\/wp-content\/uploads\/2020\/09\/monstruo-colores-2-229x300.png 229w, https:\/\/magoezequias.com.ar\/tienda\/wp-content\/uploads\/2020\/09\/monstruo-colores-2-300x394.png 300w\" sizes=\"(max-width: 346px) 100vw, 346px\" \/><\/a><\/p>\n<p style=\"text-align: justify;\">Finalmente con magia dejar\u00e1 al Monstruo en blanco y negro, contando que este se enamor\u00f3 y hay que transformarlo de color rosa. All\u00ed el mago con la ayuda de los ni\u00f1os realizar\u00e1n la magia y visualmente, a medida que lo van sacando del cuadro ver\u00e1n como se va pintando.<\/p>\n<p>&nbsp;<\/p>\n<p>Como final el Monstruo aparece en 3 dimensiones con una galera puesta!!!!<\/p>\n<p>&nbsp;<\/p>\n<p style=\"text-align: justify;\">Muy f\u00e1cil de ejecutar, para que solamente se dedique a la presentaci\u00f3n. S\u00faper visual con un tama\u00f1o adecuado para sal\u00f3n o escena. Construido en cart\u00f3n laminado.<\/p>\n<p style=\"text-align: justify;\"><a href=\"https:\/\/magoezequias.com.ar\/tienda\/wp-content\/uploads\/2020\/09\/monstruo-colores-7.png\"><img loading=\"lazy\" decoding=\"async\" class=\"aligncenter size-full wp-image-1858\" src=\"https:\/\/magoezequias.com.ar\/tienda\/wp-content\/uploads\/2020\/09\/monstruo-colores-7.png\" alt=\"\" width=\"348\" height=\"541\" srcset=\"https:\/\/magoezequias.com.ar\/tienda\/wp-content\/uploads\/2020\/09\/monstruo-colores-7.png 348w, https:\/\/magoezequias.com.ar\/tienda\/wp-content\/uploads\/2020\/09\/monstruo-colores-7-193x300.png 193w, https:\/\/magoezequias.com.ar\/tienda\/wp-content\/uploads\/2020\/09\/monstruo-colores-7-300x466.png 300w\" sizes=\"(max-width: 348px) 100vw, 348px\" \/><\/a><\/p>\n<p style=\"text-align: justify;\">Otro producto de Ezequ\u00edas Magic con mucha Magia did\u00e1ctica y educativa<\/p>\n<p><iframe title=\"YouTube video player\" src=\"https:\/\/www.youtube.com\/embed\/0huYL2ML3mM\" width=\"560\" height=\"315\" frameborder=\"0\" allowfullscreen=\"allowfullscreen\"><\/iframe><\/p>\n","protected":false},"excerpt":{"rendered":"<p>Otro producto de Ezequ\u00edas Magic con mucha Magia did\u00e1ctica y educativa !!!<\/p>\n","protected":false},"featured_media":1856,"comment_status":"open","ping_status":"closed","template":"","meta":[],"product_brand":[],"product_cat":[60,8],"product_tag":[261,611,17,15,14,185,608],"class_list":{"0":"post-1852","1":"product","2":"type-product","3":"status-publish","4":"has-post-thumbnail","6":"product_cat-ezequias-2","7":"product_cat-infantil","8":"product_tag-colores","9":"product_tag-cuento","10":"product_tag-ezequias","11":"product_tag-infantil-2","12":"product_tag-magia","13":"product_tag-magic","14":"product_tag-monstruo","16":"first","17":"instock","18":"shipping-taxable","19":"purchasable","20":"product-type-simple"},"aioseo_notices":[],"_links":{"self":[{"href":"https:\/\/magoezequias.com.ar\/tienda\/wp-json\/wp\/v2\/product\/1852","targetHints":{"allow":["GET"]}}],"collection":[{"href":"https:\/\/magoezequias.com.ar\/tienda\/wp-json\/wp\/v2\/product"}],"about":[{"href":"https:\/\/magoezequias.com.ar\/tienda\/wp-json\/wp\/v2\/types\/product"}],"replies":[{"embeddable":true,"href":"https:\/\/magoezequias.com.ar\/tienda\/wp-json\/wp\/v2\/comments?post=1852"}],"version-history":[{"count":0,"href":"https:\/\/magoezequias.com.ar\/tienda\/wp-json\/wp\/v2\/product\/1852\/revisions"}],"wp:featuredmedia":[{"embeddable":true,"href":"https:\/\/magoezequias.com.ar\/tienda\/wp-json\/wp\/v2\/media\/1856"}],"wp:attachment":[{"href":"https:\/\/magoezequias.com.ar\/tienda\/wp-json\/wp\/v2\/media?parent=1852"}],"wp:term":[{"taxonomy":"product_brand","embeddable":true,"href":"https:\/\/magoezequias.com.ar\/tienda\/wp-json\/wp\/v2\/product_brand?post=1852"},{"taxonomy":"product_cat","embeddable":true,"href":"https:\/\/magoezequias.com.ar\/tienda\/wp-json\/wp\/v2\/product_cat?post=1852"},{"taxonomy":"product_tag","embeddable":true,"href":"https:\/\/magoezequias.com.ar\/tienda\/wp-json\/wp\/v2\/product_tag?post=1852"}],"curies":[{"name":"wp","href":"https:\/\/api.w.org\/{rel}","templated":true}]}}