{"id":1876,"date":"2020-09-27T21:13:29","date_gmt":"2020-09-27T21:13:29","guid":{"rendered":"https:\/\/magoezequias.com.ar\/tienda\/?post_type=product&#038;p=1876"},"modified":"2025-09-04T21:17:58","modified_gmt":"2025-09-05T00:17:58","slug":"un-perrito-mago","status":"publish","type":"product","link":"https:\/\/magoezequias.com.ar\/tienda\/producto\/un-perrito-mago","title":{"rendered":"Un perrito mago"},"content":{"rendered":"<p><a href=\"https:\/\/magoezequias.com.ar\/tienda\/wp-content\/uploads\/2020\/09\/perrito-mago-4.png\"><img fetchpriority=\"high\" decoding=\"async\" class=\"aligncenter wp-image-1877\" src=\"https:\/\/magoezequias.com.ar\/tienda\/wp-content\/uploads\/2020\/09\/perrito-mago-4.png\" alt=\"\" width=\"428\" height=\"354\" srcset=\"https:\/\/magoezequias.com.ar\/tienda\/wp-content\/uploads\/2020\/09\/perrito-mago-4.png 1305w, https:\/\/magoezequias.com.ar\/tienda\/wp-content\/uploads\/2020\/09\/perrito-mago-4-300x248.png 300w, https:\/\/magoezequias.com.ar\/tienda\/wp-content\/uploads\/2020\/09\/perrito-mago-4-1024x847.png 1024w, https:\/\/magoezequias.com.ar\/tienda\/wp-content\/uploads\/2020\/09\/perrito-mago-4-768x636.png 768w\" sizes=\"(max-width: 428px) 100vw, 428px\" \/><\/a><\/p>\n<div class=\"o9v6fnle cxmmr5t8 oygrvhab hcukyx3x c1et5uql ii04i59q\">\n<div dir=\"auto\" style=\"text-align: justify;\">El Mago muestra la imagen de su mascota predilecta un perrito el cual comenta que sabe hacer magia y puede viajar de su casa a la de un vecino m\u00e1gicamente.<\/div>\n<div dir=\"auto\" style=\"text-align: justify;\"><\/div>\n<div dir=\"auto\" style=\"text-align: justify;\">El mago muestra dos sobres que representan las cuchas de los perros las cuales est\u00e1n vac\u00edas.<\/div>\n<div dir=\"auto\" style=\"text-align: justify;\"><\/div>\n<div dir=\"auto\" style=\"text-align: justify;\">Coloca la carta jumbo con la imagen del perro dentro de un sobre y se lo entrega a un ayudante. Todos ven el dorso de la carta por la puerta de la casita.<\/div>\n<div dir=\"auto\" style=\"text-align: justify;\"><\/div>\n<div dir=\"auto\" style=\"text-align: justify;\">A continuaci\u00f3n, muestre el otro sobre vac\u00edo y se lo entrega a otro ayudante.<\/div>\n<div dir=\"auto\" style=\"text-align: justify;\"><\/div>\n<\/div>\n<div class=\"o9v6fnle cxmmr5t8 oygrvhab hcukyx3x c1et5uql ii04i59q\" style=\"text-align: justify;\">\n<div dir=\"auto\">Todos dicen las palabras m\u00e1gicas y el mago dice que ya viaj\u00f3&#8230; no mostrando y haciendo la broma que regres\u00f3.<\/div>\n<div dir=\"auto\"><\/div>\n<\/div>\n<div class=\"o9v6fnle cxmmr5t8 oygrvhab hcukyx3x c1et5uql ii04i59q\">\n<div dir=\"auto\" style=\"text-align: justify;\">Finalmente se repiten las palabras m\u00e1gicas y cuando se abre el primer sobre, se saca la carta y se ve que el perrito se ha ido.<\/div>\n<div dir=\"auto\"><\/div>\n<\/div>\n<div dir=\"auto\"><a href=\"https:\/\/magoezequias.com.ar\/tienda\/wp-content\/uploads\/2020\/09\/perrito-mago-2.png\"><img decoding=\"async\" class=\"aligncenter wp-image-1879\" src=\"https:\/\/magoezequias.com.ar\/tienda\/wp-content\/uploads\/2020\/09\/perrito-mago-2.png\" alt=\"\" width=\"461\" height=\"404\" srcset=\"https:\/\/magoezequias.com.ar\/tienda\/wp-content\/uploads\/2020\/09\/perrito-mago-2.png 1228w, https:\/\/magoezequias.com.ar\/tienda\/wp-content\/uploads\/2020\/09\/perrito-mago-2-300x263.png 300w, https:\/\/magoezequias.com.ar\/tienda\/wp-content\/uploads\/2020\/09\/perrito-mago-2-1024x896.png 1024w, https:\/\/magoezequias.com.ar\/tienda\/wp-content\/uploads\/2020\/09\/perrito-mago-2-768x672.png 768w\" sizes=\"(max-width: 461px) 100vw, 461px\" \/><\/a><\/div>\n<div dir=\"auto\"><\/div>\n<div dir=\"auto\"><span style=\"text-align: justify;\">Cuando se abre y muestra el segundo sobre se ve que algo lleg\u00f3&#8230; al sacarlo es un gato!!!<\/span><\/div>\n<div dir=\"auto\"><\/div>\n<div dir=\"auto\"><span style=\"text-align: justify;\">La sorpresa es de todos y el mago preocupado ya no sabe donde est\u00e1 su mascota&#8230;<\/span><\/div>\n<div dir=\"auto\"><\/div>\n<div class=\"o9v6fnle cxmmr5t8 oygrvhab hcukyx3x c1et5uql ii04i59q\">\n<div dir=\"auto\">El mago despide a sus ayudantes y al darse vuelta los ni\u00f1os gritan, el mago se muestra desconcertado y todos se r\u00eden&#8230; finalmente el mago se da cuenta que detr\u00e1s de \u00e9l, en su espalda est\u00e1 el travieso perrito.<\/div>\n<\/div>\n<div dir=\"auto\"><\/div>\n<div dir=\"auto\"><a href=\"https:\/\/magoezequias.com.ar\/tienda\/wp-content\/uploads\/2020\/09\/perrito-mago.png\"><img decoding=\"async\" class=\"aligncenter wp-image-1880\" src=\"https:\/\/magoezequias.com.ar\/tienda\/wp-content\/uploads\/2020\/09\/perrito-mago.png\" alt=\"\" width=\"425\" height=\"393\" srcset=\"https:\/\/magoezequias.com.ar\/tienda\/wp-content\/uploads\/2020\/09\/perrito-mago.png 1167w, https:\/\/magoezequias.com.ar\/tienda\/wp-content\/uploads\/2020\/09\/perrito-mago-300x278.png 300w, https:\/\/magoezequias.com.ar\/tienda\/wp-content\/uploads\/2020\/09\/perrito-mago-1024x948.png 1024w, https:\/\/magoezequias.com.ar\/tienda\/wp-content\/uploads\/2020\/09\/perrito-mago-768x711.png 768w\" sizes=\"(max-width: 425px) 100vw, 425px\" \/><\/a><\/div>\n<div class=\"o9v6fnle cxmmr5t8 oygrvhab hcukyx3x c1et5uql ii04i59q\">\n<div dir=\"auto\"><\/div>\n<\/div>\n<div dir=\"auto\"><span style=\"text-align: justify;\">Un juego que puede presentarse tambi\u00e9n\u00a0sin ayudantes, solamente el mago en escena o en shows virtuales.<\/span><\/div>\n<div dir=\"auto\"><\/div>\n<div dir=\"auto\"><span style=\"text-align: justify;\">Una rutina muy visual, colorida y f<\/span><span style=\"text-align: justify;\">\u00e1cil de realizar. Construido con materiales de calidad, laminados para una gran durabilidad.<\/span><\/div>\n<div dir=\"auto\"><\/div>\n<div dir=\"auto\"><span style=\"text-align: justify;\">No ocupa lugar para transportar y rinde mucho en escena.\u00a0<\/span><\/div>\n<div dir=\"auto\"><\/div>\n<div dir=\"auto\">Usted recibe cartas jumbos, dos sobres y el perrito para que usted lo haga aparecer detr\u00e1s de su espalda o en el lugar que desee.<\/div>\n","protected":false},"excerpt":{"rendered":"<p><span style=\"text-align: justify;\">No ocupa lugar para transportar y rinde mucho en escena.\u00a0<\/span><\/p>\n","protected":false},"featured_media":1880,"comment_status":"open","ping_status":"closed","template":"","meta":[],"product_brand":[],"product_cat":[60,8],"product_tag":[17,16,610,581,409],"class_list":{"0":"post-1876","1":"product","2":"type-product","3":"status-publish","4":"has-post-thumbnail","6":"product_cat-ezequias-2","7":"product_cat-infantil","8":"product_tag-ezequias","9":"product_tag-mago","10":"product_tag-perrito","11":"product_tag-perro","12":"product_tag-show","14":"first","15":"outofstock","16":"shipping-taxable","17":"purchasable","18":"product-type-simple"},"aioseo_notices":[],"_links":{"self":[{"href":"https:\/\/magoezequias.com.ar\/tienda\/wp-json\/wp\/v2\/product\/1876","targetHints":{"allow":["GET"]}}],"collection":[{"href":"https:\/\/magoezequias.com.ar\/tienda\/wp-json\/wp\/v2\/product"}],"about":[{"href":"https:\/\/magoezequias.com.ar\/tienda\/wp-json\/wp\/v2\/types\/product"}],"replies":[{"embeddable":true,"href":"https:\/\/magoezequias.com.ar\/tienda\/wp-json\/wp\/v2\/comments?post=1876"}],"version-history":[{"count":0,"href":"https:\/\/magoezequias.com.ar\/tienda\/wp-json\/wp\/v2\/product\/1876\/revisions"}],"wp:featuredmedia":[{"embeddable":true,"href":"https:\/\/magoezequias.com.ar\/tienda\/wp-json\/wp\/v2\/media\/1880"}],"wp:attachment":[{"href":"https:\/\/magoezequias.com.ar\/tienda\/wp-json\/wp\/v2\/media?parent=1876"}],"wp:term":[{"taxonomy":"product_brand","embeddable":true,"href":"https:\/\/magoezequias.com.ar\/tienda\/wp-json\/wp\/v2\/product_brand?post=1876"},{"taxonomy":"product_cat","embeddable":true,"href":"https:\/\/magoezequias.com.ar\/tienda\/wp-json\/wp\/v2\/product_cat?post=1876"},{"taxonomy":"product_tag","embeddable":true,"href":"https:\/\/magoezequias.com.ar\/tienda\/wp-json\/wp\/v2\/product_tag?post=1876"}],"curies":[{"name":"wp","href":"https:\/\/api.w.org\/{rel}","templated":true}]}}