{"id":1918,"date":"2020-11-05T19:51:04","date_gmt":"2020-11-05T19:51:04","guid":{"rendered":"https:\/\/magoezequias.com.ar\/tienda\/?post_type=product&#038;p=1918"},"modified":"2020-11-05T19:51:05","modified_gmt":"2020-11-05T19:51:05","slug":"coincidencia-de-vocales-cartas","status":"publish","type":"product","link":"https:\/\/magoezequias.com.ar\/tienda\/producto\/coincidencia-de-vocales-cartas","title":{"rendered":"Coincidencia de Vocales &#8211; Cartas"},"content":{"rendered":"<p><a href=\"https:\/\/magoezequias.com.ar\/tienda\/wp-content\/uploads\/2020\/11\/coincidencia-de-vocales.png\"><img fetchpriority=\"high\" decoding=\"async\" class=\"aligncenter  wp-image-1919\" src=\"https:\/\/magoezequias.com.ar\/tienda\/wp-content\/uploads\/2020\/11\/coincidencia-de-vocales.png\" alt=\"\" width=\"491\" height=\"318\" srcset=\"https:\/\/magoezequias.com.ar\/tienda\/wp-content\/uploads\/2020\/11\/coincidencia-de-vocales.png 1664w, https:\/\/magoezequias.com.ar\/tienda\/wp-content\/uploads\/2020\/11\/coincidencia-de-vocales-300x194.png 300w, https:\/\/magoezequias.com.ar\/tienda\/wp-content\/uploads\/2020\/11\/coincidencia-de-vocales-1024x663.png 1024w, https:\/\/magoezequias.com.ar\/tienda\/wp-content\/uploads\/2020\/11\/coincidencia-de-vocales-768x498.png 768w, https:\/\/magoezequias.com.ar\/tienda\/wp-content\/uploads\/2020\/11\/coincidencia-de-vocales-1536x995.png 1536w\" sizes=\"(max-width: 491px) 100vw, 491px\" \/><\/a><\/p>\n<p style=\"text-align: justify;\">El mago muestra 5 cartas semi jumbo con las vocales, las cuales coloca sobre la mesa. A su vez muestra otro paquete de 5 vocales las cuales mezcla y las coloca de dorso.<\/p>\n<p style=\"text-align: justify;\">El mago le pide a alguien del publico que seleccione una de las cartas de dorso y que trate de usar su intuici\u00f3n para ver de que vocal se trata. El espectador selecciona libremente una y el mago la coloca sobre ella de dorso.<\/p>\n<p style=\"text-align: justify;\">El procedimiento se repite, participando distintos espectadores, hasta terminar con todos las vocales.<\/p>\n<p style=\"text-align: justify;\">Luego el mago va mostrando cada par de cartas y m\u00e1gicamente hay una coincidencia total, del 100 por ciento. Cada vocal est\u00e1 con su compa\u00f1era.<\/p>\n<p><a href=\"https:\/\/magoezequias.com.ar\/tienda\/wp-content\/uploads\/2020\/11\/vocales-3.png\"><img decoding=\"async\" class=\"aligncenter  wp-image-1921\" src=\"https:\/\/magoezequias.com.ar\/tienda\/wp-content\/uploads\/2020\/11\/vocales-3.png\" alt=\"\" width=\"468\" height=\"286\" srcset=\"https:\/\/magoezequias.com.ar\/tienda\/wp-content\/uploads\/2020\/11\/vocales-3.png 1761w, https:\/\/magoezequias.com.ar\/tienda\/wp-content\/uploads\/2020\/11\/vocales-3-300x183.png 300w, https:\/\/magoezequias.com.ar\/tienda\/wp-content\/uploads\/2020\/11\/vocales-3-1024x626.png 1024w, https:\/\/magoezequias.com.ar\/tienda\/wp-content\/uploads\/2020\/11\/vocales-3-768x470.png 768w, https:\/\/magoezequias.com.ar\/tienda\/wp-content\/uploads\/2020\/11\/vocales-3-1536x939.png 1536w\" sizes=\"(max-width: 468px) 100vw, 468px\" \/><\/a><\/p>\n<p style=\"text-align: justify;\">Un juego con muy poca t\u00e9cnica, s\u00faper visual, donde usted puede jugar con la presentaci\u00f3n haciendo que los ni\u00f1os nombren palabras asociadas a cada vocal, etc.<\/p>\n<p style=\"text-align: justify;\">Usted recibe todas las cartas con las vocales semi jumbo, laminadas para una extrema durabilidad y un link con un video de instrucciones.<\/p>\n<p>&nbsp;<\/p>\n<p><iframe src=\"https:\/\/www.youtube.com\/embed\/2K9vdM0VATQ\" width=\"560\" height=\"315\" frameborder=\"0\" allowfullscreen=\"allowfullscreen\"><\/iframe><\/p>\n","protected":false},"excerpt":{"rendered":"<p style=\"text-align: justify;\">Ideal para magia virtual o sin participaci\u00f3n de ayudantes en escena.<\/p>\n<p>&nbsp;<\/p>\n","protected":false},"featured_media":1919,"comment_status":"open","ping_status":"closed","template":"","meta":[],"product_brand":[],"product_cat":[60,8,319],"product_tag":[614,17,616,615],"class_list":{"0":"post-1918","1":"product","2":"type-product","3":"status-publish","4":"has-post-thumbnail","6":"product_cat-ezequias-2","7":"product_cat-infantil","8":"product_cat-principiantes","9":"product_tag-coincidencia","10":"product_tag-ezequias","11":"product_tag-letras","12":"product_tag-vocales","14":"first","15":"instock","16":"shipping-taxable","17":"purchasable","18":"product-type-simple"},"aioseo_notices":[],"_links":{"self":[{"href":"https:\/\/magoezequias.com.ar\/tienda\/wp-json\/wp\/v2\/product\/1918","targetHints":{"allow":["GET"]}}],"collection":[{"href":"https:\/\/magoezequias.com.ar\/tienda\/wp-json\/wp\/v2\/product"}],"about":[{"href":"https:\/\/magoezequias.com.ar\/tienda\/wp-json\/wp\/v2\/types\/product"}],"replies":[{"embeddable":true,"href":"https:\/\/magoezequias.com.ar\/tienda\/wp-json\/wp\/v2\/comments?post=1918"}],"version-history":[{"count":0,"href":"https:\/\/magoezequias.com.ar\/tienda\/wp-json\/wp\/v2\/product\/1918\/revisions"}],"wp:featuredmedia":[{"embeddable":true,"href":"https:\/\/magoezequias.com.ar\/tienda\/wp-json\/wp\/v2\/media\/1919"}],"wp:attachment":[{"href":"https:\/\/magoezequias.com.ar\/tienda\/wp-json\/wp\/v2\/media?parent=1918"}],"wp:term":[{"taxonomy":"product_brand","embeddable":true,"href":"https:\/\/magoezequias.com.ar\/tienda\/wp-json\/wp\/v2\/product_brand?post=1918"},{"taxonomy":"product_cat","embeddable":true,"href":"https:\/\/magoezequias.com.ar\/tienda\/wp-json\/wp\/v2\/product_cat?post=1918"},{"taxonomy":"product_tag","embeddable":true,"href":"https:\/\/magoezequias.com.ar\/tienda\/wp-json\/wp\/v2\/product_tag?post=1918"}],"curies":[{"name":"wp","href":"https:\/\/api.w.org\/{rel}","templated":true}]}}